{"id":1359,"date":"2013-04-15T10:18:00","date_gmt":"2013-04-15T08:18:00","guid":{"rendered":"https:\/\/staging.consorziovaccherosse.blacksolutions.net\/?page_id=1359"},"modified":"2024-10-15T15:31:52","modified_gmt":"2024-10-15T13:31:52","slug":"eigenschaften","status":"publish","type":"page","link":"https:\/\/staging.consorziovaccherosse.blacksolutions.net\/de\/parmigiano-reggiano-vacche-rosse\/eigenschaften\/","title":{"rendered":"Eigenschaften"},"content":{"rendered":"\n<div class=\"wp-block-group alignfull padding-top--none-from-tablet has-grey-light-background-color has-background\"><div class=\"wp-block-group__inner-container is-layout-flow wp-block-group-is-layout-flow\"><div id=\"bs-title-block_f3ab6bcc1e5b194e998f922da1fd4241\" class=\"bs-block-title\">\n\t<div class=\"bs-block-title-wrapper\">\n        <div class=\"bs-block-title__inner\">\n                        <div class=\"bs-block-title__icon\">\n                <img decoding=\"async\" src=\"https:\/\/staging.consorziovaccherosse.blacksolutions.net\/wp-content\/uploads\/icon-vaccherosse.svg\" alt=\"\">\n            <\/div>\n                        <h2 class=\"bs-block-title__title\">\n                Aus der Milch der Reggiana-Rasse ein weltweit einzigartiges Lebensmittel            <\/h2>\n\t\t\t            <p class=\"bs-block-title__subtitle\">\n\t\t\t\t                Das macht Parmigiano Reggiano Vacche Rosse so besonders                            <\/p>\n\t\t\t        <\/div>\n\t<\/div>\n<\/div>\n\n\n\n<div class=\"wp-block-columns is-layout-flex wp-container-core-columns-is-layout-9d6595d7 wp-block-columns-is-layout-flex\">\n<div class=\"wp-block-column is-layout-flow wp-block-column-is-layout-flow\">\n<p>Parmigiano Reggiano geh\u00f6rt zu den \u00e4ltesten und besten K\u00e4sesorten \u00fcberhaupt. Im Wesentlichen wird der Parmesank\u00e4se wie vor acht Jahrhunderten hergestellt: die gleichen Zutaten, die gleiche Produktionstechnik, die gleiche Handwerkskunst. Parmesank\u00e4se ist eine komplett nat\u00fcrliche K\u00e4sesorte, die weltweit als der \u201eK\u00f6nig der K\u00e4se\u201c aufgrund ihrer speziellen herstellungsbedingten, ern\u00e4hrungstechnischen und organoleptischen Eigenschaften gilt.<a href=\"https:\/\/staging.consorziovaccherosse.blacksolutions.net\/wp-content\/uploads\/13-P-R-levata.jpg\"><\/a><\/p>\n\n\n\n<p>Die Milch der Roten K\u00fchen der Rinderrasse Reggiana verf\u00fcgt \u00fcber einige Eigenschaften, die sie vom traditionellen Parmesank\u00e4se unterscheiden. Die Rote Kuh produziert ein Drittel weniger Milch, hat aber die Eigenschaft ergiebiger in der Verk\u00e4sung zu sein. In der Milch der Roten Kuh ist eine Variante des Caseins enthalten, dessen f\u00fcr die Verk\u00e4sung grundliegendes Protein, den langen Reifeprozess und die Verdaulichkeit des K\u00e4ses entscheidend verbessert. Daher sieht das Regelwerk der K\u00e4seproduktion des Parmigiano Reggiano Vacche Rosse vor, dass unser K\u00e4se erst nach 24 Monaten Reifung, statt der \u00fcblichen 12 Monate des traditionellen Parmesank\u00e4ses verkauft wird. Das Ergebnis ist ein K\u00e4se, der trotz seiner langen Lagerung einen s\u00fc\u00dflichen, zarten und anhaltenden Geschmack beh\u00e4lt. Dar\u00fcber hinaus sind auch die organoleptischen Eigenschaften andere. Die charakteristische hellgelbe Farbe, die Elastizit\u00e4t der K\u00e4semasse, das intensives Aroma, sowie der w\u00fcrzige Geschmack auch nach 30 Monaten Reifung.<\/p>\n<\/div>\n\n\n\n<div class=\"wp-block-column is-layout-flow wp-block-column-is-layout-flow\">\n<figure class=\"wp-block-image size-quadrata\"><img decoding=\"async\" src=\"https:\/\/staging.consorziovaccherosse.blacksolutions.net\/wp-content\/uploads\/\/Le-caratteristiche-del-Parmigiano-Reggiano-Vacche-Rosse_01-800x800.jpg\" alt=\"\" class=\"wp-image-151023\"\/><\/figure>\n<\/div>\n<\/div>\n\n\n\n<figure class=\"wp-block-gallery has-nested-images columns-3 is-cropped wp-block-gallery-1 is-layout-flex wp-block-gallery-is-layout-flex\">\n<figure class=\"wp-block-image size-quadrata\"><img decoding=\"async\" data-id=\"151036\" src=\"https:\/\/staging.consorziovaccherosse.blacksolutions.net\/wp-content\/uploads\/\/Le-caratteristiche-del-Parmigiano-Reggiano-Vacche-Rosse_02-scaled-1-800x800.jpg\" alt=\"\" class=\"wp-image-151036\"\/><\/figure>\n\n\n\n<figure class=\"wp-block-image size-large\"><img decoding=\"async\" data-id=\"152003\" src=\"https:\/\/staging.consorziovaccherosse.blacksolutions.net\/wp-content\/uploads\/\/16-caseina-IMG_4523-1-1024x768.jpg\" alt=\"\" class=\"wp-image-152003\"\/><\/figure>\n\n\n\n<figure class=\"wp-block-image size-quadrata\"><img decoding=\"async\" data-id=\"151027\" src=\"https:\/\/staging.consorziovaccherosse.blacksolutions.net\/wp-content\/uploads\/\/Le-caratteristiche-del-Parmigiano-Reggiano-Vacche-Rosse-04-800x800.jpg\" alt=\"\" class=\"wp-image-151027\"\/><\/figure>\n<\/figure>\n<\/div><\/div>\n\n\n<div id=\"bs-featured-card-block_bf2df9959063b630a04cf3fd8496e129\" class=\"bs-block-featured-card margin-top--3xl-from-tablet has-grey-light-background-color alignfull\">\n\t<div class=\"bs-block-featured-card-wrapper\">\n        <div class=\"bs-block-featured-card__inner\">\n\n            <div class=\"bs-block-featured-card__content-wrapper\">\n                <h2 class=\"bs-block-featured-card__title \">\n                    Die Herstellungsvorschriften                <\/h2>\n                                <p class=\"bs-block-featured-card__description \">\n                    Das Herstellungsverfahren des Parmigiano Reggiano Vacche Rosse wird vom Regelwerk des Konsortiums f\u00fcr den Schutz des Parmigiano Reggiano vorgeschrieben, welches bei der Europ\u00e4ischen Gemeinschaft hinterlegt wurde. Der Parmesank\u00e4se wurde aufgrund seiner besonderen Eigenschaften und seiner Verbindung zur Region als ein DOP-K\u00e4se mit gesch\u00fctzter Ursprungsbezeichnung anerkannt und genie\u00dft eine gesetzliche Schutzregelung der Europ\u00e4ischen Union f\u00fcr den Hersteller und f\u00fcr den Verbraucher. Dar\u00fcber hinaus unterliegt der Parmigiano Reggiano Vacche Rosse ebenfalls den spezifischen Herstellungsvorschriften \u201eRegolamento di Produzione del Parmigiano-Reggiano delle Vacche Rosse\u201c, welche von der Nationalen Vereinigung der Rinderrasse Reggiana verfasst wurden. Die Vereinigung \u201eAssociazione Nazionale Bovina Razza Reggiana\u201c ist die einzige Organisation, die dazu bem\u00e4chtigt wurde, eine Verbindung zwischen Rinderrasse und K\u00e4se zertifizieren. Das Herstellungsverfahren sieht vor, dass nur GVO-freie Futtermittel verwendet werden und keine Mittel eingesetzt werden, welche die Milchproduktion stimulieren, um somit maximale Aufmerksamkeit f\u00fcr den Tierschutz zu gew\u00e4hren. Deshalb findet man in unseren St\u00e4llen auch problemlos K\u00fche, die 10 Jahre oder \u00e4lter sind \u2013 eine wahre Ausnahme f\u00fcr andere Z\u00fcchter. Seit unserem Herstellungsbeginn im Jahre 1991 ist es eines unserer Ziele nachhaltig, umweltfreundlich, sowie im Sinne des Tier- und Verbraucherschutzes zu handeln.                <\/p>\n                                            <\/div>\n\n            <div class=\"bs-block-featured-card__image-wrapper\">\n\t\t\t                <div class=\"bs-block-featured-card__image\">\n                    <img decoding=\"async\" src=\"https:\/\/staging.consorziovaccherosse.blacksolutions.net\/wp-content\/uploads\/Le-caratteristiche-del-Parmigiano-Reggiano-Vacche-Rosse-Il-regolamento.jpg\" alt=\"\">\n                <\/div>\n\t\t\t            <\/div>\n\n        <\/div>\n\t<\/div>\n<\/div>\n\n\n\n<div class=\"wp-block-columns margin-top--3xl-from-tablet padding-top--xl-from-tablet is-layout-flex wp-container-core-columns-is-layout-9d6595d7 wp-block-columns-is-layout-flex\">\n<div class=\"wp-block-column is-layout-flow wp-block-column-is-layout-flow\">\n<figure class=\"wp-block-image size-quadrata\"><img decoding=\"async\" src=\"https:\/\/staging.consorziovaccherosse.blacksolutions.net\/wp-content\/uploads\/\/Le-caratteristiche-del-Parmigiano-Reggiano-Vacche-Rosse-La-marchiatura-800x800.jpg\" alt=\"\" class=\"wp-image-151044\"\/><\/figure>\n<\/div>\n\n\n\n<div class=\"wp-block-column padding--l-to-tablet is-layout-flow wp-block-column-is-layout-flow\">\n<h2 class=\"wp-block-heading\" id=\"h-der-stempel\">Der Stempel<\/h2>\n\n\n\n<p>Jede K\u00e4seform des Parmigiano-Reggiano Vacche Rosse verf\u00fcgt \u00fcber den traditionellen Stempel des Parmesank\u00e4ses:<\/p>\n\n\n\n<ul class=\"wp-block-list\">\n<li>Der Stempel enth\u00e4lt die von der EU vorgeschriebene Abk\u00fcrzung f\u00fcr Ursprungsbezeichnung DOP (Denominazione di Origine Protetta), welche garantiert, dass Herkunft und Herstellung des Parmesank\u00e4ses zu einer unverwechselbaren und unwiederholbaren Umgebung geh\u00f6ren. Der Name Parmigiano Reggiano wird entlang der gesamten Rinde der frischen K\u00e4seform eingraviert und gibt sowohl Namen auch als Herkunftsmarke des K\u00e4ses wieder.<\/li>\n\n\n\n<li>Auf jeder K\u00e4seform befinden sich ebenfalls Angaben \u00fcber das Herstellungsdatum (Monat und Jahr), sowie die Erkennungsnummer der Molkerei, die \u00fcber das Verzeichnis des Consorzio di Tutela jeden einzelnen Erzeuger erkennbar macht.<\/li>\n\n\n\n<li>Nach einem Jahr Lagerung wird die K\u00e4semasse untersucht, d.h. ein Experte begutachtet mit Hilfe einer Nadel und eines Hammers jede einzelne K\u00e4seform des Consorzio del Formaggio Parmigiano Reggiano.<\/li>\n\n\n\n<li>Nur die qualitativ hochwertigen K\u00e4se, die \u00fcber keine Fehler verf\u00fcgen, erhalten den ovalen Stempel, \u201eParmigiano Reggiano Consorzio di Tutela\u201c, der die Mindestanforderung der Herstellungsstandards garantiert.<\/li>\n<\/ul>\n\n\n\n<p><a href=\"https:\/\/staging.consorziovaccherosse.blacksolutions.net\/wp-content\/uploads\/DSC_0165.jpg\"><\/a><\/p>\n<\/div>\n<\/div>\n\n\n\n<div class=\"wp-block-columns margin-top--3xl-from-tablet padding-top--xl-from-tablet is-layout-flex wp-container-core-columns-is-layout-9d6595d7 wp-block-columns-is-layout-flex\">\n<div class=\"wp-block-column is-layout-flow wp-block-column-is-layout-flow\">\n<h2 class=\"wp-block-heading\" id=\"h-aber-um-parmigiano-reggiano-vacche-rosse-zu-werden-bedarf-es-mehr\">Aber um Parmigiano Reggiano Vacche Rosse zu werden, bedarf es mehr!<\/h2>\n\n\n\n<p>In den Lagerh\u00e4usern verbringt der Parmigiano Reggiano Vacche Rosse weitere 12 Monate um zu reifen. Nach zwei Jahren Reifung werden die K\u00e4seformen von den Experten der Associazione Nazionale Bovina Razza Reggiana und mit Hilfe modernster Technik untersucht. Nur die besten K\u00e4se erhalten den Stempel der Vacche Rosse: eine unverwechselbare Pr\u00e4gung auf der K\u00e4serinde. Dar\u00fcber hinaus verf\u00fcgt jeder K\u00e4se \u00fcber eine alphanumerische Ziffernfolge, die die K\u00e4seform f\u00fcr ihr gesamtes Leben hinweg begleitet und \u00fcber welche das Herstellungsdatum, die Molkerei sowie die Z\u00fcchter der Roten K\u00fche zur\u00fcckverfolgt werden k\u00f6nnen.<\/p>\n<\/div>\n\n\n\n<div class=\"wp-block-column padding--l-to-tablet is-layout-flow wp-block-column-is-layout-flow\">\n<figure class=\"wp-block-image size-quadrata\"><img decoding=\"async\" src=\"https:\/\/staging.consorziovaccherosse.blacksolutions.net\/wp-content\/uploads\/\/Le-caratteristiche-del-Parmigiano-Reggiano-Vacche-Rosse-05-800x800.jpg\" alt=\"\" class=\"wp-image-151048\"\/><\/figure>\n<\/div>\n<\/div>\n\n\n<div id=\"bs-sibling-pages-block_f620c88cbb032afdea36ad925fa0d796\" class=\"bs-block-sibling-pages\">\n\t<div class=\"bs-block-sibling-pages-wrapper\">\n        <div class=\"bs-block-sibling-pages__inner\">\n                        <h2 class=\"bs-block-sibling-pages__title\">Entdecken Sie auch:<\/h2>\n\t\t\t            <ul class=\"bs-block-sibling-pages__list\">\n            <li class=\"bs-block-sibling-pages__item\">\n                <a class=\"bs-block-sibling-pages__link btn btn-secondary\" href=\"https:\/\/staging.consorziovaccherosse.blacksolutions.net\/de\/parmigiano-reggiano-vacche-rosse\/herstellungsprozess\/\">Herstellungsproze\u00df<\/a>\n            <\/li><li class=\"bs-block-sibling-pages__item\">\n                <a class=\"bs-block-sibling-pages__link btn btn-secondary\" href=\"https:\/\/staging.consorziovaccherosse.blacksolutions.net\/de\/parmigiano-reggiano-vacche-rosse\/ernahrungsphysiologische-eigenschaften\/\">Ern\u00e4hrungsphysiologische Eigenschaften<\/a>\n            <\/li>            <\/ul>\n        <\/div>\n\t<\/div>\n<\/div>\n","protected":false},"excerpt":{"rendered":"<p>Parmigiano Reggiano geh\u00f6rt zu den \u00e4ltesten und besten K\u00e4sesorten \u00fcberhaupt. Im Wesentlichen wird der Parmesank\u00e4se wie vor acht Jahrhunderten hergestellt: die gleichen Zutaten, die gleiche Produktionstechnik, die gleiche Handwerkskunst. Parmesank\u00e4se ist eine komplett nat\u00fcrliche K\u00e4sesorte, die weltweit als der \u201eK\u00f6nig der K\u00e4se\u201c aufgrund ihrer speziellen herstellungsbedingten, ern\u00e4hrungstechnischen und organoleptischen Eigenschaften gilt. Die Milch der Roten [&hellip;]<\/p>\n","protected":false},"author":80549,"featured_media":154146,"parent":1357,"menu_order":4,"comment_status":"open","ping_status":"closed","template":"","meta":{"_acf_changed":false,"inline_featured_image":false,"_genesis_hide_title":true,"_genesis_hide_breadcrumbs":false,"_genesis_hide_singular_image":false,"_genesis_hide_footer_widgets":false,"_genesis_custom_body_class":"","_genesis_custom_post_class":"","_genesis_layout":"","footnotes":"","_links_to":"","_links_to_target":""},"class_list":{"0":"post-1359","1":"page","2":"type-page","3":"status-publish","4":"has-post-thumbnail","6":"entry"},"acf":[],"yoast_head":"<!-- This site is optimized with the Yoast SEO Premium plugin v24.3 (Yoast SEO v27.2) - https:\/\/yoast.com\/product\/yoast-seo-premium-wordpress\/ -->\n<title>Eigenschaften von Parmigiano Reggiano Vacche Rosse<\/title>\n<meta name=\"description\" content=\"Parmigiano-Reggiano ist einer der \u00e4ltesten und reichsten bekannten K\u00e4sesorten. Es wird heute im Wesentlichen wie vor acht Jahrhunderten hergestellt.\" \/>\n<meta name=\"robots\" content=\"noindex, follow, max-snippet:-1, max-image-preview:large, max-video-preview:-1\" \/>\n<meta property=\"og:locale\" content=\"de_DE\" \/>\n<meta property=\"og:type\" content=\"article\" \/>\n<meta property=\"og:title\" content=\"Eigenschaften\" \/>\n<meta property=\"og:description\" content=\"Parmigiano-Reggiano ist einer der \u00e4ltesten und reichsten bekannten K\u00e4sesorten. Es wird heute im Wesentlichen wie vor acht Jahrhunderten hergestellt.\" \/>\n<meta property=\"og:url\" content=\"https:\/\/staging.consorziovaccherosse.blacksolutions.net\/de\/parmigiano-reggiano-vacche-rosse\/eigenschaften\/\" \/>\n<meta property=\"og:site_name\" content=\"Consorzio Vacche Rosse\" \/>\n<meta property=\"article:publisher\" content=\"https:\/\/www.facebook.com\/consorziovaccherosse\" \/>\n<meta property=\"article:modified_time\" content=\"2024-10-15T13:31:52+00:00\" \/>\n<meta property=\"og:image\" content=\"https:\/\/staging.consorziovaccherosse.blacksolutions.net\/wp-content\/uploads\/IMG_7337-scaled-1.jpg\" \/>\n\t<meta property=\"og:image:width\" content=\"2560\" \/>\n\t<meta property=\"og:image:height\" content=\"1920\" \/>\n\t<meta property=\"og:image:type\" content=\"image\/jpeg\" \/>\n<meta name=\"twitter:label1\" content=\"Gesch\u00e4tzte Lesezeit\" \/>\n\t<meta name=\"twitter:data1\" content=\"4\u00a0Minuten\" \/>\n<script type=\"application\/ld+json\" class=\"yoast-schema-graph\">{\"@context\":\"https:\/\/schema.org\",\"@graph\":[{\"@type\":\"WebPage\",\"@id\":\"https:\/\/staging.consorziovaccherosse.blacksolutions.net\/de\/parmigiano-reggiano-vacche-rosse\/eigenschaften\/\",\"url\":\"https:\/\/staging.consorziovaccherosse.blacksolutions.net\/de\/parmigiano-reggiano-vacche-rosse\/eigenschaften\/\",\"name\":\"Eigenschaften von Parmigiano Reggiano Vacche Rosse\",\"isPartOf\":{\"@id\":\"https:\/\/staging.consorziovaccherosse.blacksolutions.net\/de\/#website\"},\"primaryImageOfPage\":{\"@id\":\"https:\/\/staging.consorziovaccherosse.blacksolutions.net\/de\/parmigiano-reggiano-vacche-rosse\/eigenschaften\/#primaryimage\"},\"image\":{\"@id\":\"https:\/\/staging.consorziovaccherosse.blacksolutions.net\/de\/parmigiano-reggiano-vacche-rosse\/eigenschaften\/#primaryimage\"},\"thumbnailUrl\":\"https:\/\/staging.consorziovaccherosse.blacksolutions.net\/wp-content\/uploads\/IMG_7337-scaled-1.jpg\",\"datePublished\":\"2013-04-15T08:18:00+00:00\",\"dateModified\":\"2024-10-15T13:31:52+00:00\",\"description\":\"Parmigiano-Reggiano ist einer der \u00e4ltesten und reichsten bekannten K\u00e4sesorten. Es wird heute im Wesentlichen wie vor acht Jahrhunderten hergestellt.\",\"breadcrumb\":{\"@id\":\"https:\/\/staging.consorziovaccherosse.blacksolutions.net\/de\/parmigiano-reggiano-vacche-rosse\/eigenschaften\/#breadcrumb\"},\"inLanguage\":\"de\",\"potentialAction\":[{\"@type\":\"ReadAction\",\"target\":[\"https:\/\/staging.consorziovaccherosse.blacksolutions.net\/de\/parmigiano-reggiano-vacche-rosse\/eigenschaften\/\"]}]},{\"@type\":\"ImageObject\",\"inLanguage\":\"de\",\"@id\":\"https:\/\/staging.consorziovaccherosse.blacksolutions.net\/de\/parmigiano-reggiano-vacche-rosse\/eigenschaften\/#primaryimage\",\"url\":\"https:\/\/staging.consorziovaccherosse.blacksolutions.net\/wp-content\/uploads\/IMG_7337-scaled-1.jpg\",\"contentUrl\":\"https:\/\/staging.consorziovaccherosse.blacksolutions.net\/wp-content\/uploads\/IMG_7337-scaled-1.jpg\",\"width\":2560,\"height\":1920},{\"@type\":\"BreadcrumbList\",\"@id\":\"https:\/\/staging.consorziovaccherosse.blacksolutions.net\/de\/parmigiano-reggiano-vacche-rosse\/eigenschaften\/#breadcrumb\",\"itemListElement\":[{\"@type\":\"ListItem\",\"position\":1,\"name\":\"Home\",\"item\":\"https:\/\/staging.consorziovaccherosse.blacksolutions.net\/de\/\"},{\"@type\":\"ListItem\",\"position\":2,\"name\":\"Parmigiano Reggiano Vacche Rosse\",\"item\":\"https:\/\/staging.consorziovaccherosse.blacksolutions.net\/de\/parmigiano-reggiano-vacche-rosse\/eigenschaften\/\"},{\"@type\":\"ListItem\",\"position\":3,\"name\":\"Eigenschaften\"}]},{\"@type\":\"WebSite\",\"@id\":\"https:\/\/staging.consorziovaccherosse.blacksolutions.net\/de\/#website\",\"url\":\"https:\/\/staging.consorziovaccherosse.blacksolutions.net\/de\/\",\"name\":\"Consorzio Vacche Rosse\",\"description\":\"Parmigiano Reggiano Vacche Rosse di Razza Reggiana\",\"publisher\":{\"@id\":\"https:\/\/staging.consorziovaccherosse.blacksolutions.net\/de\/#organization\"},\"potentialAction\":[{\"@type\":\"SearchAction\",\"target\":{\"@type\":\"EntryPoint\",\"urlTemplate\":\"https:\/\/staging.consorziovaccherosse.blacksolutions.net\/de\/?s={search_term_string}\"},\"query-input\":{\"@type\":\"PropertyValueSpecification\",\"valueRequired\":true,\"valueName\":\"search_term_string\"}}],\"inLanguage\":\"de\"},{\"@type\":\"Organization\",\"@id\":\"https:\/\/staging.consorziovaccherosse.blacksolutions.net\/de\/#organization\",\"name\":\"Consorzio Vacche Rosse\",\"url\":\"https:\/\/staging.consorziovaccherosse.blacksolutions.net\/de\/\",\"logo\":{\"@type\":\"ImageObject\",\"inLanguage\":\"de\",\"@id\":\"https:\/\/staging.consorziovaccherosse.blacksolutions.net\/de\/#\/schema\/logo\/image\/\",\"url\":\"https:\/\/staging.consorziovaccherosse.blacksolutions.net\/wp-content\/uploads\/logo-consorzio-vacche-rosse-rgb.jpg\",\"contentUrl\":\"https:\/\/staging.consorziovaccherosse.blacksolutions.net\/wp-content\/uploads\/logo-consorzio-vacche-rosse-rgb.jpg\",\"width\":1920,\"height\":1920,\"caption\":\"Consorzio Vacche Rosse\"},\"image\":{\"@id\":\"https:\/\/staging.consorziovaccherosse.blacksolutions.net\/de\/#\/schema\/logo\/image\/\"},\"sameAs\":[\"https:\/\/www.facebook.com\/consorziovaccherosse\",\"https:\/\/x.com\/consvaccherosse\"]}]}<\/script>\n<!-- \/ Yoast SEO Premium plugin. -->","yoast_head_json":{"title":"Eigenschaften von Parmigiano Reggiano Vacche Rosse","description":"Parmigiano-Reggiano ist einer der \u00e4ltesten und reichsten bekannten K\u00e4sesorten. Es wird heute im Wesentlichen wie vor acht Jahrhunderten hergestellt.","robots":{"index":"noindex","follow":"follow","max-snippet":"max-snippet:-1","max-image-preview":"max-image-preview:large","max-video-preview":"max-video-preview:-1"},"og_locale":"de_DE","og_type":"article","og_title":"Eigenschaften","og_description":"Parmigiano-Reggiano ist einer der \u00e4ltesten und reichsten bekannten K\u00e4sesorten. Es wird heute im Wesentlichen wie vor acht Jahrhunderten hergestellt.","og_url":"https:\/\/staging.consorziovaccherosse.blacksolutions.net\/de\/parmigiano-reggiano-vacche-rosse\/eigenschaften\/","og_site_name":"Consorzio Vacche Rosse","article_publisher":"https:\/\/www.facebook.com\/consorziovaccherosse","article_modified_time":"2024-10-15T13:31:52+00:00","og_image":[{"width":2560,"height":1920,"url":"https:\/\/staging.consorziovaccherosse.blacksolutions.net\/wp-content\/uploads\/IMG_7337-scaled-1.jpg","type":"image\/jpeg"}],"twitter_misc":{"Gesch\u00e4tzte Lesezeit":"4\u00a0Minuten"},"schema":{"@context":"https:\/\/schema.org","@graph":[{"@type":"WebPage","@id":"https:\/\/staging.consorziovaccherosse.blacksolutions.net\/de\/parmigiano-reggiano-vacche-rosse\/eigenschaften\/","url":"https:\/\/staging.consorziovaccherosse.blacksolutions.net\/de\/parmigiano-reggiano-vacche-rosse\/eigenschaften\/","name":"Eigenschaften von Parmigiano Reggiano Vacche Rosse","isPartOf":{"@id":"https:\/\/staging.consorziovaccherosse.blacksolutions.net\/de\/#website"},"primaryImageOfPage":{"@id":"https:\/\/staging.consorziovaccherosse.blacksolutions.net\/de\/parmigiano-reggiano-vacche-rosse\/eigenschaften\/#primaryimage"},"image":{"@id":"https:\/\/staging.consorziovaccherosse.blacksolutions.net\/de\/parmigiano-reggiano-vacche-rosse\/eigenschaften\/#primaryimage"},"thumbnailUrl":"https:\/\/staging.consorziovaccherosse.blacksolutions.net\/wp-content\/uploads\/IMG_7337-scaled-1.jpg","datePublished":"2013-04-15T08:18:00+00:00","dateModified":"2024-10-15T13:31:52+00:00","description":"Parmigiano-Reggiano ist einer der \u00e4ltesten und reichsten bekannten K\u00e4sesorten. Es wird heute im Wesentlichen wie vor acht Jahrhunderten hergestellt.","breadcrumb":{"@id":"https:\/\/staging.consorziovaccherosse.blacksolutions.net\/de\/parmigiano-reggiano-vacche-rosse\/eigenschaften\/#breadcrumb"},"inLanguage":"de","potentialAction":[{"@type":"ReadAction","target":["https:\/\/staging.consorziovaccherosse.blacksolutions.net\/de\/parmigiano-reggiano-vacche-rosse\/eigenschaften\/"]}]},{"@type":"ImageObject","inLanguage":"de","@id":"https:\/\/staging.consorziovaccherosse.blacksolutions.net\/de\/parmigiano-reggiano-vacche-rosse\/eigenschaften\/#primaryimage","url":"https:\/\/staging.consorziovaccherosse.blacksolutions.net\/wp-content\/uploads\/IMG_7337-scaled-1.jpg","contentUrl":"https:\/\/staging.consorziovaccherosse.blacksolutions.net\/wp-content\/uploads\/IMG_7337-scaled-1.jpg","width":2560,"height":1920},{"@type":"BreadcrumbList","@id":"https:\/\/staging.consorziovaccherosse.blacksolutions.net\/de\/parmigiano-reggiano-vacche-rosse\/eigenschaften\/#breadcrumb","itemListElement":[{"@type":"ListItem","position":1,"name":"Home","item":"https:\/\/staging.consorziovaccherosse.blacksolutions.net\/de\/"},{"@type":"ListItem","position":2,"name":"Parmigiano Reggiano Vacche Rosse","item":"https:\/\/staging.consorziovaccherosse.blacksolutions.net\/de\/parmigiano-reggiano-vacche-rosse\/eigenschaften\/"},{"@type":"ListItem","position":3,"name":"Eigenschaften"}]},{"@type":"WebSite","@id":"https:\/\/staging.consorziovaccherosse.blacksolutions.net\/de\/#website","url":"https:\/\/staging.consorziovaccherosse.blacksolutions.net\/de\/","name":"Consorzio Vacche Rosse","description":"Parmigiano Reggiano Vacche Rosse di Razza Reggiana","publisher":{"@id":"https:\/\/staging.consorziovaccherosse.blacksolutions.net\/de\/#organization"},"potentialAction":[{"@type":"SearchAction","target":{"@type":"EntryPoint","urlTemplate":"https:\/\/staging.consorziovaccherosse.blacksolutions.net\/de\/?s={search_term_string}"},"query-input":{"@type":"PropertyValueSpecification","valueRequired":true,"valueName":"search_term_string"}}],"inLanguage":"de"},{"@type":"Organization","@id":"https:\/\/staging.consorziovaccherosse.blacksolutions.net\/de\/#organization","name":"Consorzio Vacche Rosse","url":"https:\/\/staging.consorziovaccherosse.blacksolutions.net\/de\/","logo":{"@type":"ImageObject","inLanguage":"de","@id":"https:\/\/staging.consorziovaccherosse.blacksolutions.net\/de\/#\/schema\/logo\/image\/","url":"https:\/\/staging.consorziovaccherosse.blacksolutions.net\/wp-content\/uploads\/logo-consorzio-vacche-rosse-rgb.jpg","contentUrl":"https:\/\/staging.consorziovaccherosse.blacksolutions.net\/wp-content\/uploads\/logo-consorzio-vacche-rosse-rgb.jpg","width":1920,"height":1920,"caption":"Consorzio Vacche Rosse"},"image":{"@id":"https:\/\/staging.consorziovaccherosse.blacksolutions.net\/de\/#\/schema\/logo\/image\/"},"sameAs":["https:\/\/www.facebook.com\/consorziovaccherosse","https:\/\/x.com\/consvaccherosse"]}]}},"_links":{"self":[{"href":"https:\/\/staging.consorziovaccherosse.blacksolutions.net\/de\/wp-json\/wp\/v2\/pages\/1359","targetHints":{"allow":["GET"]}}],"collection":[{"href":"https:\/\/staging.consorziovaccherosse.blacksolutions.net\/de\/wp-json\/wp\/v2\/pages"}],"about":[{"href":"https:\/\/staging.consorziovaccherosse.blacksolutions.net\/de\/wp-json\/wp\/v2\/types\/page"}],"author":[{"embeddable":true,"href":"https:\/\/staging.consorziovaccherosse.blacksolutions.net\/de\/wp-json\/wp\/v2\/users\/80549"}],"replies":[{"embeddable":true,"href":"https:\/\/staging.consorziovaccherosse.blacksolutions.net\/de\/wp-json\/wp\/v2\/comments?post=1359"}],"version-history":[{"count":12,"href":"https:\/\/staging.consorziovaccherosse.blacksolutions.net\/de\/wp-json\/wp\/v2\/pages\/1359\/revisions"}],"predecessor-version":[{"id":171788,"href":"https:\/\/staging.consorziovaccherosse.blacksolutions.net\/de\/wp-json\/wp\/v2\/pages\/1359\/revisions\/171788"}],"up":[{"embeddable":true,"href":"https:\/\/staging.consorziovaccherosse.blacksolutions.net\/de\/wp-json\/wp\/v2\/pages\/1357"}],"wp:featuredmedia":[{"embeddable":true,"href":"https:\/\/staging.consorziovaccherosse.blacksolutions.net\/de\/wp-json\/wp\/v2\/media\/154146"}],"wp:attachment":[{"href":"https:\/\/staging.consorziovaccherosse.blacksolutions.net\/de\/wp-json\/wp\/v2\/media?parent=1359"}],"curies":[{"name":"wp","href":"https:\/\/api.w.org\/{rel}","templated":true}]}}