{"id":1375,"date":"2013-04-15T11:56:05","date_gmt":"2013-04-15T09:56:05","guid":{"rendered":"https:\/\/staging.consorziovaccherosse.blacksolutions.net\/?page_id=1375"},"modified":"2022-10-12T14:29:42","modified_gmt":"2022-10-12T12:29:42","slug":"ernahrungsphysiologische-eigenschaften","status":"publish","type":"page","link":"https:\/\/staging.consorziovaccherosse.blacksolutions.net\/de\/parmigiano-reggiano-vacche-rosse\/ernahrungsphysiologische-eigenschaften\/","title":{"rendered":"Ern\u00e4hrungsphysiologische Eigenschaften"},"content":{"rendered":"\n<div class=\"wp-block-group alignfull padding-top--none-from-tablet has-grey-light-background-color has-background\"><div class=\"wp-block-group__inner-container is-layout-flow wp-block-group-is-layout-flow\"><div id=\"bs-title-block_62c6af87032f6\" class=\"bs-block-title\">\n\t<div class=\"bs-block-title-wrapper\">\n        <div class=\"bs-block-title__inner\">\n                        <div class=\"bs-block-title__icon\">\n                <img decoding=\"async\" src=\"https:\/\/staging.consorziovaccherosse.blacksolutions.net\/wp-content\/uploads\/icon-vaccherosse.svg\" alt=\"\">\n            <\/div>\n                        <h2 class=\"bs-block-title__title\">\n                Ein Lebensmittel, das f\u00fcr alle geeignet ist: Kinder, Erwachsene, \u00e4ltere Menschen und Sportler            <\/h2>\n\t\t\t            <p class=\"bs-block-title__subtitle\">\n\t\t\t\t                Parmigiano Reggiano delle Vacche Rosse ist eine gro\u00dfe Ladung Geschmack, Energie und Ern\u00e4hrungsprinzipien                            <\/p>\n\t\t\t        <\/div>\n\t<\/div>\n<\/div>\n\n\n\n<div class=\"wp-block-columns is-layout-flex wp-container-core-columns-is-layout-9d6595d7 wp-block-columns-is-layout-flex\">\n<div class=\"wp-block-column is-layout-flow wp-block-column-is-layout-flow\">\n<p>Dank seiner langen Reifung verf\u00fcgt der Parmigiano Reggiano delle Vacche Rosse nur \u00fcber die besten Eigenschaften von Parmesank\u00e4se.<\/p>\n\n\n\n<h2 class=\"wp-block-heading\">F\u00dcR KINDER<\/h2>\n\n\n\n<p>Gereifter Parmesank\u00e4se verf\u00fcgt \u00fcber einen gro\u00dfen Anteil an wichtigen tierischen Fetten und Aminos\u00e4uren. Die Eiwei\u00dfe des Parmigigano-Reggiano wurden fragmentiert und sind daher auch von S\u00e4uglingen und Kindern leicht verdaubar. Parmesank\u00e4se ist dar\u00fcber hinaus auch f\u00fcr seine hohe Vertr\u00e4glichkeit unter Allergikern bekannt. Wir weisen darauf hin, dass w\u00e4hrend des gesamten Herstellungsprozesses Verunreinigungen (Antibiotika, Pflanzenschutzmittel, etc.) vom Regelwerk des Konsortiums ausgeschlossen werden. Anders als in der Milch, ist im Parmigiano-Reggiano keine Laktose enthalten und kann daher auch von Menschen mit Laktose-Intoleranz verzehrt werden.<\/p>\n\n\n\n<h2 class=\"wp-block-heading\">F\u00dcR \u00c4LTERE UND JUGENDLICHE<\/h2>\n\n\n\n<p>Dank des hohen Anteils an Calcium ist Parmegiano-Reggiano f\u00fcr \u00e4ltere Menschen mit Osteoporose geeignet. Eine richtige Kalzifikation der Knochenmatrix ist auch in der Wachstumsphase von 12-18 Jahren wichtig: In dieser Zeit ist es n\u00fctzlich Parmesank\u00e4se zur Ern\u00e4hrung hinzuzuf\u00fcgen, um m\u00f6gliche Probleme in der Zukunft zu vermeiden.<\/p>\n\n\n\n<h2 class=\"wp-block-heading\">F\u00dcR SPORTLER<\/h2>\n\n\n\n<p>Proteine, Lipide, Mineralien, Vitamine und vieles mehr. Ein einzigartiges und leicht verdauliches Lebensmittel. 100g Parmesank\u00e4se werden in nur 45 Minuten verdaut. F\u00fcr die gleiche Menge von Fleisch sind drei bis vier Stunden n\u00f6tig. Mit einer Portion von 50-60g nimmt man ungef\u00e4hr 19g Proteine auf \u2013 so viel wie in 100g Fisch oder Fleisch, aber mit einem wesentlich geringeren Cholesterinanteil. Aus diesem Grund findet man in den Lagerr\u00e4umen der K\u00fcchen italienischer Mannschaften im Wettbewerbssport, wie Weltmeisterschaften und den Olympischen Spielen nicht wenige K\u00e4selaibe des Parmigiano Reggiano. Vom Fu\u00dfballer bis zum Boxer, vom Sportkletterer bis zum Radfahrer, vom Marathonl\u00e4ufer bis zum Kanufahrer: Egal ob Wettbewerbs- oder Amateurniveau, Ern\u00e4hrungswissenschaftler empfehlen eine gute Portion Parmesank\u00e4se.<\/p>\n<\/div>\n\n\n\n<div class=\"wp-block-column is-layout-flow wp-block-column-is-layout-flow\">\n<figure class=\"wp-block-image size-full\"><img decoding=\"async\" src=\"https:\/\/staging.consorziovaccherosse.blacksolutions.net\/wp-content\/uploads\/Passatelli-alle-fave-e-guanciale-4-FILEminimizer.jpg\" alt=\"\" class=\"wp-image-151536\"\/><\/figure>\n<\/div>\n<\/div>\n\n\n\n<figure class=\"wp-block-gallery has-nested-images columns-3 is-cropped wp-block-gallery-1 is-layout-flex wp-block-gallery-is-layout-flex\">\n<figure class=\"wp-block-image size-quadrata\"><img decoding=\"async\" data-id=\"151503\" src=\"https:\/\/staging.consorziovaccherosse.blacksolutions.net\/wp-content\/uploads\/magazzino-IMG_6605-1-scaled.jpg\" alt=\"\" class=\"wp-image-151503\"\/><\/figure>\n\n\n\n<figure class=\"wp-block-image size-quadrata\"><img decoding=\"async\" data-id=\"151507\" src=\"https:\/\/staging.consorziovaccherosse.blacksolutions.net\/wp-content\/uploads\/\/bambini-1-800x800.jpg\" alt=\"\" class=\"wp-image-151507\"\/><\/figure>\n\n\n\n<figure class=\"wp-block-image size-large\"><img decoding=\"async\" data-id=\"151531\" src=\"https:\/\/staging.consorziovaccherosse.blacksolutions.net\/wp-content\/uploads\/DSC00160-1-scaled.jpg\" alt=\"\" class=\"wp-image-151531\"\/><\/figure>\n<\/figure>\n<\/div><\/div>\n\n\n\n<div class=\"wp-block-columns margin-top--3xl-from-tablet padding-top--xl-from-tablet is-layout-flex wp-container-core-columns-is-layout-9d6595d7 wp-block-columns-is-layout-flex\">\n<div class=\"wp-block-column is-layout-flow wp-block-column-is-layout-flow\">\n<figure class=\"wp-block-image size-large\"><img decoding=\"async\" src=\"https:\/\/staging.consorziovaccherosse.blacksolutions.net\/wp-content\/uploads\/polentaDSC01530-1-scaled.jpg\" alt=\"\" class=\"wp-image-151526\"\/><\/figure>\n\n\n\n<figure class=\"wp-block-image size-quadrata\"><img decoding=\"async\" src=\"https:\/\/staging.consorziovaccherosse.blacksolutions.net\/wp-content\/uploads\/punta-nuda-DSC01089-1-scaled.jpg\" alt=\"\" class=\"wp-image-151517\"\/><\/figure>\n<\/div>\n\n\n\n<div class=\"wp-block-column padding--l-to-tablet is-layout-flow wp-block-column-is-layout-flow\">\n<h2 class=\"wp-block-heading\">Was wir in hundert Gramm Parmigiano Reggiano finden<\/h2>\n\n\n\n<figure class=\"wp-block-table\"><table><tbody><tr><td>Wasser<\/td><td>g 30,8<\/td><\/tr><tr><td>Proteine<\/td><td>g 33,0<\/td><\/tr><tr><td>Fats<\/td><td>g 28,4<\/td><\/tr><tr><td>Energiewert<\/td><td>Kcal 392<\/td><\/tr><tr><td>Kochsalz<\/td><td>g 1,39<\/td><\/tr><tr><td>Kalzium<\/td><td>mg 1160<\/td><\/tr><tr><td>Phosphor<\/td><td>mg 680<\/td><\/tr><tr><td>Natrium<\/td><td>mg 650<\/td><\/tr><tr><td>Kalium<\/td><td>mg 100<\/td><\/tr><tr><td>Magnesium<\/td><td>mg 43<\/td><\/tr><tr><td>Zink<\/td><td>mg 4<\/td><\/tr><tr><td>Vitamin A<\/td><td>mcg 270<\/td><\/tr><tr><td>Vitamin\u00a0B1<\/td><td>mcg 34<\/td><\/tr><tr><td>Vitamin\u00a0B2<\/td><td>mcg 370<\/td><\/tr><tr><td>Vitamin\u00a0B6<\/td><td>mcg 110<\/td><\/tr><tr><td>Vitamin B12<\/td><td>mcg 4,2<\/td><\/tr><tr><td>Vitamin\u00a0PP<\/td><td>mcg 55<\/td><\/tr><tr><td>Pantothens\u00e4ure<\/td><td>mcg 320<\/td><\/tr><tr><td>Cholin<\/td><td>mg 40<\/td><\/tr><tr><td>Biotin<\/td><td>mcg 23<\/td><\/tr><\/tbody><\/table><\/figure>\n<\/div>\n<\/div>\n\n\n<div id=\"bs-sibling-pages-block_62c6e40f1bbfc\" class=\"bs-block-sibling-pages\">\n\t<div class=\"bs-block-sibling-pages-wrapper\">\n        <div class=\"bs-block-sibling-pages__inner\">\n                        <h2 class=\"bs-block-sibling-pages__title\">Entdecken Sie auch:<\/h2>\n\t\t\t            <ul class=\"bs-block-sibling-pages__list\">\n            <li class=\"bs-block-sibling-pages__item\">\n                <a class=\"bs-block-sibling-pages__link btn btn-secondary\" href=\"https:\/\/staging.consorziovaccherosse.blacksolutions.net\/de\/parmigiano-reggiano-vacche-rosse\/eigenschaften\/\">Eigenschaften<\/a>\n            <\/li><li class=\"bs-block-sibling-pages__item\">\n                <a class=\"bs-block-sibling-pages__link btn btn-secondary\" href=\"https:\/\/staging.consorziovaccherosse.blacksolutions.net\/de\/parmigiano-reggiano-vacche-rosse\/herstellungsprozess\/\">Herstellungsproze\u00df<\/a>\n            <\/li>            <\/ul>\n        <\/div>\n\t<\/div>\n<\/div>\n","protected":false},"excerpt":{"rendered":"<p>Dank seiner langen Reifung verf\u00fcgt der Parmigiano Reggiano delle Vacche Rosse nur \u00fcber die besten Eigenschaften von Parmesank\u00e4se. F\u00dcR KINDER Gereifter Parmesank\u00e4se verf\u00fcgt \u00fcber einen gro\u00dfen Anteil an wichtigen tierischen Fetten und Aminos\u00e4uren. Die Eiwei\u00dfe des Parmigigano-Reggiano wurden fragmentiert und sind daher auch von S\u00e4uglingen und Kindern leicht verdaubar. Parmesank\u00e4se ist dar\u00fcber hinaus auch f\u00fcr [&hellip;]<\/p>\n","protected":false},"author":80549,"featured_media":154176,"parent":1357,"menu_order":6,"comment_status":"open","ping_status":"closed","template":"","meta":{"_acf_changed":false,"inline_featured_image":false,"_genesis_hide_title":true,"_genesis_hide_breadcrumbs":false,"_genesis_hide_singular_image":false,"_genesis_hide_footer_widgets":false,"_genesis_custom_body_class":"","_genesis_custom_post_class":"","_genesis_layout":"","footnotes":"","_links_to":"","_links_to_target":""},"class_list":{"0":"post-1375","1":"page","2":"type-page","3":"status-publish","4":"has-post-thumbnail","6":"entry"},"acf":[],"yoast_head":"<!-- This site is optimized with the Yoast SEO Premium plugin v24.3 (Yoast SEO v27.2) - https:\/\/yoast.com\/product\/yoast-seo-premium-wordpress\/ -->\n<title>N\u00e4hrwerte von Red Cow Parmigiano Reggiano<\/title>\n<meta name=\"description\" content=\"Unsere Parmigiano Reggiano Vacche Rosse ist ein einzigartiges und leicht verdauliches Produkt. Entdecken Sie seine ern\u00e4hrungsphysiologischen Eigenschaften.\" \/>\n<meta name=\"robots\" content=\"noindex, follow, max-snippet:-1, max-image-preview:large, max-video-preview:-1\" \/>\n<meta property=\"og:locale\" content=\"de_DE\" \/>\n<meta property=\"og:type\" content=\"article\" \/>\n<meta property=\"og:title\" content=\"Ern\u00e4hrungsphysiologische Eigenschaften\" \/>\n<meta property=\"og:description\" content=\"Unsere Parmigiano Reggiano Vacche Rosse ist ein einzigartiges und leicht verdauliches Produkt. Entdecken Sie seine ern\u00e4hrungsphysiologischen Eigenschaften.\" \/>\n<meta property=\"og:url\" content=\"https:\/\/staging.consorziovaccherosse.blacksolutions.net\/de\/parmigiano-reggiano-vacche-rosse\/ernahrungsphysiologische-eigenschaften\/\" \/>\n<meta property=\"og:site_name\" content=\"Consorzio Vacche Rosse\" \/>\n<meta property=\"article:publisher\" content=\"https:\/\/www.facebook.com\/consorziovaccherosse\" \/>\n<meta property=\"article:modified_time\" content=\"2022-10-12T12:29:42+00:00\" \/>\n<meta property=\"og:image\" content=\"https:\/\/staging.consorziovaccherosse.blacksolutions.net\/wp-content\/uploads\/hero-proprieta-scaled-1.jpg\" \/>\n\t<meta property=\"og:image:width\" content=\"2560\" \/>\n\t<meta property=\"og:image:height\" content=\"1707\" \/>\n\t<meta property=\"og:image:type\" content=\"image\/jpeg\" \/>\n<meta name=\"twitter:label1\" content=\"Gesch\u00e4tzte Lesezeit\" \/>\n\t<meta name=\"twitter:data1\" content=\"2\u00a0Minuten\" \/>\n<script type=\"application\/ld+json\" class=\"yoast-schema-graph\">{\"@context\":\"https:\/\/schema.org\",\"@graph\":[{\"@type\":\"WebPage\",\"@id\":\"https:\/\/staging.consorziovaccherosse.blacksolutions.net\/de\/parmigiano-reggiano-vacche-rosse\/ernahrungsphysiologische-eigenschaften\/\",\"url\":\"https:\/\/staging.consorziovaccherosse.blacksolutions.net\/de\/parmigiano-reggiano-vacche-rosse\/ernahrungsphysiologische-eigenschaften\/\",\"name\":\"N\u00e4hrwerte von Red Cow Parmigiano Reggiano\",\"isPartOf\":{\"@id\":\"https:\/\/staging.consorziovaccherosse.blacksolutions.net\/de\/#website\"},\"primaryImageOfPage\":{\"@id\":\"https:\/\/staging.consorziovaccherosse.blacksolutions.net\/de\/parmigiano-reggiano-vacche-rosse\/ernahrungsphysiologische-eigenschaften\/#primaryimage\"},\"image\":{\"@id\":\"https:\/\/staging.consorziovaccherosse.blacksolutions.net\/de\/parmigiano-reggiano-vacche-rosse\/ernahrungsphysiologische-eigenschaften\/#primaryimage\"},\"thumbnailUrl\":\"https:\/\/staging.consorziovaccherosse.blacksolutions.net\/wp-content\/uploads\/hero-proprieta-scaled-1.jpg\",\"datePublished\":\"2013-04-15T09:56:05+00:00\",\"dateModified\":\"2022-10-12T12:29:42+00:00\",\"description\":\"Unsere Parmigiano Reggiano Vacche Rosse ist ein einzigartiges und leicht verdauliches Produkt. Entdecken Sie seine ern\u00e4hrungsphysiologischen Eigenschaften.\",\"breadcrumb\":{\"@id\":\"https:\/\/staging.consorziovaccherosse.blacksolutions.net\/de\/parmigiano-reggiano-vacche-rosse\/ernahrungsphysiologische-eigenschaften\/#breadcrumb\"},\"inLanguage\":\"de\",\"potentialAction\":[{\"@type\":\"ReadAction\",\"target\":[\"https:\/\/staging.consorziovaccherosse.blacksolutions.net\/de\/parmigiano-reggiano-vacche-rosse\/ernahrungsphysiologische-eigenschaften\/\"]}]},{\"@type\":\"ImageObject\",\"inLanguage\":\"de\",\"@id\":\"https:\/\/staging.consorziovaccherosse.blacksolutions.net\/de\/parmigiano-reggiano-vacche-rosse\/ernahrungsphysiologische-eigenschaften\/#primaryimage\",\"url\":\"https:\/\/staging.consorziovaccherosse.blacksolutions.net\/wp-content\/uploads\/hero-proprieta-scaled-1.jpg\",\"contentUrl\":\"https:\/\/staging.consorziovaccherosse.blacksolutions.net\/wp-content\/uploads\/hero-proprieta-scaled-1.jpg\",\"width\":2560,\"height\":1707},{\"@type\":\"BreadcrumbList\",\"@id\":\"https:\/\/staging.consorziovaccherosse.blacksolutions.net\/de\/parmigiano-reggiano-vacche-rosse\/ernahrungsphysiologische-eigenschaften\/#breadcrumb\",\"itemListElement\":[{\"@type\":\"ListItem\",\"position\":1,\"name\":\"Home\",\"item\":\"https:\/\/staging.consorziovaccherosse.blacksolutions.net\/de\/\"},{\"@type\":\"ListItem\",\"position\":2,\"name\":\"Parmigiano Reggiano Vacche Rosse\",\"item\":\"https:\/\/staging.consorziovaccherosse.blacksolutions.net\/de\/parmigiano-reggiano-vacche-rosse\/eigenschaften\/\"},{\"@type\":\"ListItem\",\"position\":3,\"name\":\"Ern\u00e4hrungsphysiologische Eigenschaften\"}]},{\"@type\":\"WebSite\",\"@id\":\"https:\/\/staging.consorziovaccherosse.blacksolutions.net\/de\/#website\",\"url\":\"https:\/\/staging.consorziovaccherosse.blacksolutions.net\/de\/\",\"name\":\"Consorzio Vacche Rosse\",\"description\":\"Parmigiano Reggiano Vacche Rosse di Razza Reggiana\",\"publisher\":{\"@id\":\"https:\/\/staging.consorziovaccherosse.blacksolutions.net\/de\/#organization\"},\"potentialAction\":[{\"@type\":\"SearchAction\",\"target\":{\"@type\":\"EntryPoint\",\"urlTemplate\":\"https:\/\/staging.consorziovaccherosse.blacksolutions.net\/de\/?s={search_term_string}\"},\"query-input\":{\"@type\":\"PropertyValueSpecification\",\"valueRequired\":true,\"valueName\":\"search_term_string\"}}],\"inLanguage\":\"de\"},{\"@type\":\"Organization\",\"@id\":\"https:\/\/staging.consorziovaccherosse.blacksolutions.net\/de\/#organization\",\"name\":\"Consorzio Vacche Rosse\",\"url\":\"https:\/\/staging.consorziovaccherosse.blacksolutions.net\/de\/\",\"logo\":{\"@type\":\"ImageObject\",\"inLanguage\":\"de\",\"@id\":\"https:\/\/staging.consorziovaccherosse.blacksolutions.net\/de\/#\/schema\/logo\/image\/\",\"url\":\"https:\/\/staging.consorziovaccherosse.blacksolutions.net\/wp-content\/uploads\/logo-consorzio-vacche-rosse-rgb.jpg\",\"contentUrl\":\"https:\/\/staging.consorziovaccherosse.blacksolutions.net\/wp-content\/uploads\/logo-consorzio-vacche-rosse-rgb.jpg\",\"width\":1920,\"height\":1920,\"caption\":\"Consorzio Vacche Rosse\"},\"image\":{\"@id\":\"https:\/\/staging.consorziovaccherosse.blacksolutions.net\/de\/#\/schema\/logo\/image\/\"},\"sameAs\":[\"https:\/\/www.facebook.com\/consorziovaccherosse\",\"https:\/\/x.com\/consvaccherosse\"]}]}<\/script>\n<!-- \/ Yoast SEO Premium plugin. -->","yoast_head_json":{"title":"N\u00e4hrwerte von Red Cow Parmigiano Reggiano","description":"Unsere Parmigiano Reggiano Vacche Rosse ist ein einzigartiges und leicht verdauliches Produkt. Entdecken Sie seine ern\u00e4hrungsphysiologischen Eigenschaften.","robots":{"index":"noindex","follow":"follow","max-snippet":"max-snippet:-1","max-image-preview":"max-image-preview:large","max-video-preview":"max-video-preview:-1"},"og_locale":"de_DE","og_type":"article","og_title":"Ern\u00e4hrungsphysiologische Eigenschaften","og_description":"Unsere Parmigiano Reggiano Vacche Rosse ist ein einzigartiges und leicht verdauliches Produkt. Entdecken Sie seine ern\u00e4hrungsphysiologischen Eigenschaften.","og_url":"https:\/\/staging.consorziovaccherosse.blacksolutions.net\/de\/parmigiano-reggiano-vacche-rosse\/ernahrungsphysiologische-eigenschaften\/","og_site_name":"Consorzio Vacche Rosse","article_publisher":"https:\/\/www.facebook.com\/consorziovaccherosse","article_modified_time":"2022-10-12T12:29:42+00:00","og_image":[{"width":2560,"height":1707,"url":"https:\/\/staging.consorziovaccherosse.blacksolutions.net\/wp-content\/uploads\/hero-proprieta-scaled-1.jpg","type":"image\/jpeg"}],"twitter_misc":{"Gesch\u00e4tzte Lesezeit":"2\u00a0Minuten"},"schema":{"@context":"https:\/\/schema.org","@graph":[{"@type":"WebPage","@id":"https:\/\/staging.consorziovaccherosse.blacksolutions.net\/de\/parmigiano-reggiano-vacche-rosse\/ernahrungsphysiologische-eigenschaften\/","url":"https:\/\/staging.consorziovaccherosse.blacksolutions.net\/de\/parmigiano-reggiano-vacche-rosse\/ernahrungsphysiologische-eigenschaften\/","name":"N\u00e4hrwerte von Red Cow Parmigiano Reggiano","isPartOf":{"@id":"https:\/\/staging.consorziovaccherosse.blacksolutions.net\/de\/#website"},"primaryImageOfPage":{"@id":"https:\/\/staging.consorziovaccherosse.blacksolutions.net\/de\/parmigiano-reggiano-vacche-rosse\/ernahrungsphysiologische-eigenschaften\/#primaryimage"},"image":{"@id":"https:\/\/staging.consorziovaccherosse.blacksolutions.net\/de\/parmigiano-reggiano-vacche-rosse\/ernahrungsphysiologische-eigenschaften\/#primaryimage"},"thumbnailUrl":"https:\/\/staging.consorziovaccherosse.blacksolutions.net\/wp-content\/uploads\/hero-proprieta-scaled-1.jpg","datePublished":"2013-04-15T09:56:05+00:00","dateModified":"2022-10-12T12:29:42+00:00","description":"Unsere Parmigiano Reggiano Vacche Rosse ist ein einzigartiges und leicht verdauliches Produkt. Entdecken Sie seine ern\u00e4hrungsphysiologischen Eigenschaften.","breadcrumb":{"@id":"https:\/\/staging.consorziovaccherosse.blacksolutions.net\/de\/parmigiano-reggiano-vacche-rosse\/ernahrungsphysiologische-eigenschaften\/#breadcrumb"},"inLanguage":"de","potentialAction":[{"@type":"ReadAction","target":["https:\/\/staging.consorziovaccherosse.blacksolutions.net\/de\/parmigiano-reggiano-vacche-rosse\/ernahrungsphysiologische-eigenschaften\/"]}]},{"@type":"ImageObject","inLanguage":"de","@id":"https:\/\/staging.consorziovaccherosse.blacksolutions.net\/de\/parmigiano-reggiano-vacche-rosse\/ernahrungsphysiologische-eigenschaften\/#primaryimage","url":"https:\/\/staging.consorziovaccherosse.blacksolutions.net\/wp-content\/uploads\/hero-proprieta-scaled-1.jpg","contentUrl":"https:\/\/staging.consorziovaccherosse.blacksolutions.net\/wp-content\/uploads\/hero-proprieta-scaled-1.jpg","width":2560,"height":1707},{"@type":"BreadcrumbList","@id":"https:\/\/staging.consorziovaccherosse.blacksolutions.net\/de\/parmigiano-reggiano-vacche-rosse\/ernahrungsphysiologische-eigenschaften\/#breadcrumb","itemListElement":[{"@type":"ListItem","position":1,"name":"Home","item":"https:\/\/staging.consorziovaccherosse.blacksolutions.net\/de\/"},{"@type":"ListItem","position":2,"name":"Parmigiano Reggiano Vacche Rosse","item":"https:\/\/staging.consorziovaccherosse.blacksolutions.net\/de\/parmigiano-reggiano-vacche-rosse\/eigenschaften\/"},{"@type":"ListItem","position":3,"name":"Ern\u00e4hrungsphysiologische Eigenschaften"}]},{"@type":"WebSite","@id":"https:\/\/staging.consorziovaccherosse.blacksolutions.net\/de\/#website","url":"https:\/\/staging.consorziovaccherosse.blacksolutions.net\/de\/","name":"Consorzio Vacche Rosse","description":"Parmigiano Reggiano Vacche Rosse di Razza Reggiana","publisher":{"@id":"https:\/\/staging.consorziovaccherosse.blacksolutions.net\/de\/#organization"},"potentialAction":[{"@type":"SearchAction","target":{"@type":"EntryPoint","urlTemplate":"https:\/\/staging.consorziovaccherosse.blacksolutions.net\/de\/?s={search_term_string}"},"query-input":{"@type":"PropertyValueSpecification","valueRequired":true,"valueName":"search_term_string"}}],"inLanguage":"de"},{"@type":"Organization","@id":"https:\/\/staging.consorziovaccherosse.blacksolutions.net\/de\/#organization","name":"Consorzio Vacche Rosse","url":"https:\/\/staging.consorziovaccherosse.blacksolutions.net\/de\/","logo":{"@type":"ImageObject","inLanguage":"de","@id":"https:\/\/staging.consorziovaccherosse.blacksolutions.net\/de\/#\/schema\/logo\/image\/","url":"https:\/\/staging.consorziovaccherosse.blacksolutions.net\/wp-content\/uploads\/logo-consorzio-vacche-rosse-rgb.jpg","contentUrl":"https:\/\/staging.consorziovaccherosse.blacksolutions.net\/wp-content\/uploads\/logo-consorzio-vacche-rosse-rgb.jpg","width":1920,"height":1920,"caption":"Consorzio Vacche Rosse"},"image":{"@id":"https:\/\/staging.consorziovaccherosse.blacksolutions.net\/de\/#\/schema\/logo\/image\/"},"sameAs":["https:\/\/www.facebook.com\/consorziovaccherosse","https:\/\/x.com\/consvaccherosse"]}]}},"_links":{"self":[{"href":"https:\/\/staging.consorziovaccherosse.blacksolutions.net\/de\/wp-json\/wp\/v2\/pages\/1375","targetHints":{"allow":["GET"]}}],"collection":[{"href":"https:\/\/staging.consorziovaccherosse.blacksolutions.net\/de\/wp-json\/wp\/v2\/pages"}],"about":[{"href":"https:\/\/staging.consorziovaccherosse.blacksolutions.net\/de\/wp-json\/wp\/v2\/types\/page"}],"author":[{"embeddable":true,"href":"https:\/\/staging.consorziovaccherosse.blacksolutions.net\/de\/wp-json\/wp\/v2\/users\/80549"}],"replies":[{"embeddable":true,"href":"https:\/\/staging.consorziovaccherosse.blacksolutions.net\/de\/wp-json\/wp\/v2\/comments?post=1375"}],"version-history":[{"count":10,"href":"https:\/\/staging.consorziovaccherosse.blacksolutions.net\/de\/wp-json\/wp\/v2\/pages\/1375\/revisions"}],"predecessor-version":[{"id":154883,"href":"https:\/\/staging.consorziovaccherosse.blacksolutions.net\/de\/wp-json\/wp\/v2\/pages\/1375\/revisions\/154883"}],"up":[{"embeddable":true,"href":"https:\/\/staging.consorziovaccherosse.blacksolutions.net\/de\/wp-json\/wp\/v2\/pages\/1357"}],"wp:featuredmedia":[{"embeddable":true,"href":"https:\/\/staging.consorziovaccherosse.blacksolutions.net\/de\/wp-json\/wp\/v2\/media\/154176"}],"wp:attachment":[{"href":"https:\/\/staging.consorziovaccherosse.blacksolutions.net\/de\/wp-json\/wp\/v2\/media?parent=1375"}],"curies":[{"name":"wp","href":"https:\/\/api.w.org\/{rel}","templated":true}]}}