{"id":1386,"date":"2013-04-15T11:10:41","date_gmt":"2013-04-15T09:10:41","guid":{"rendered":"https:\/\/staging.consorziovaccherosse.blacksolutions.net\/?page_id=1386"},"modified":"2022-10-11T18:00:26","modified_gmt":"2022-10-11T16:00:26","slug":"geschichte-des-consorzio","status":"publish","type":"page","link":"https:\/\/staging.consorziovaccherosse.blacksolutions.net\/de\/das-consorzio\/geschichte-des-consorzio\/","title":{"rendered":"Geschichte des Consorzio"},"content":{"rendered":"\n<div class=\"wp-block-group alignfull padding-top--none-from-tablet has-grey-light-background-color has-background\"><div class=\"wp-block-group__inner-container is-layout-flow wp-block-group-is-layout-flow\"><div id=\"bs-title-block_62c6af87032f6\" class=\"bs-block-title\">\n\t<div class=\"bs-block-title-wrapper\">\n        <div class=\"bs-block-title__inner\">\n                        <div class=\"bs-block-title__icon\">\n                <img decoding=\"async\" src=\"https:\/\/staging.consorziovaccherosse.blacksolutions.net\/wp-content\/uploads\/icon-vaccherosse.svg\" alt=\"\">\n            <\/div>\n                        <h2 class=\"bs-block-title__title\">\n                Anfang der Neunziger &#8230;            <\/h2>\n\t\t\t            <p class=\"bs-block-title__subtitle\">\n\t\t\t\t                Die Idee einer kleinen Gruppe von Z\u00fcchtern                            <\/p>\n\t\t\t        <\/div>\n\t<\/div>\n<\/div>\n\n\n\n<div class=\"wp-block-columns is-layout-flex wp-container-core-columns-is-layout-9d6595d7 wp-block-columns-is-layout-flex\">\n<div class=\"wp-block-column is-layout-flow wp-block-column-is-layout-flow\">\n<p>Wie entstand das Consorzio Vacche Rosse? Am Anfang der 90\u2019er zog es eine Gruppe von Z\u00fcchtern in Betracht, Parmesank\u00e4se aus der Milch der antiken Rinderrasse Reggiana herzustellen. So wie vor langer Zeit schon einmal.<\/p>\n\n\n\n<p>Die Idee entstand aus einem Zusammentreffen von Z\u00fcchtern sowie landwirtschaftlichen und wissenschaftlichen Pers\u00f6nlichkeiten aus der Region und dem Rest Italiens. Im Jahre 1991 nahm die Idee in Form eines F\u00f6rderprograms Gestalt an, dass vom Forschungszentrum f\u00fcr Tierproduktion in Reggio Emilia und dem Landwirtschaftsministerium finanziert wurde. Durch die Konzentration der Milch von verschiedenen Z\u00fcchtern der Reggiana in einer einzigen Molkerei, in der alle anderen Milchsorten getrennt verarbeitet werden, hat man es geschafft eines der gr\u00f6\u00dften Probleme der Roten K\u00fche zu \u00fcberwinden: Die geringe Dichte von Betrieben und die niedrige Anzahl von Tieren, die es nicht erm\u00f6glichte, ausschlie\u00dflich die Milch der Roten K\u00fche zu verarbeiten.<\/p>\n<\/div>\n\n\n\n<div class=\"wp-block-column is-layout-flow wp-block-column-is-layout-flow\">\n<figure class=\"wp-block-image size-large\"><img decoding=\"async\" src=\"https:\/\/staging.consorziovaccherosse.blacksolutions.net\/wp-content\/uploads\/storia-vacca-rossa-IMG_6677-1-scaled.jpg\" alt=\"\" class=\"wp-image-151705\"\/><\/figure>\n<\/div>\n<\/div>\n\n\n\n<figure class=\"wp-block-gallery has-nested-images columns-3 is-cropped wp-block-gallery-1 is-layout-flex wp-block-gallery-is-layout-flex\">\n<figure class=\"wp-block-image size-large\"><img decoding=\"async\" data-id=\"151710\" src=\"https:\/\/staging.consorziovaccherosse.blacksolutions.net\/wp-content\/uploads\/storia-esterno-punto-vendita-1-1024x1024.jpg\" alt=\"\" class=\"wp-image-151710\"\/><\/figure>\n\n\n\n<figure class=\"wp-block-image size-full\"><img decoding=\"async\" data-id=\"151718\" src=\"https:\/\/staging.consorziovaccherosse.blacksolutions.net\/wp-content\/uploads\/vacca-rossa.jpg\" alt=\"\" class=\"wp-image-151718\"\/><\/figure>\n\n\n\n<figure class=\"wp-block-image size-large\"><img decoding=\"async\" data-id=\"151714\" src=\"https:\/\/staging.consorziovaccherosse.blacksolutions.net\/wp-content\/uploads\/storia-stalla-visite-guidate-1-1024x1024.jpg\" alt=\"\" class=\"wp-image-151714\"\/><\/figure>\n<\/figure>\n<\/div><\/div>\n\n\n<div id=\"bs-featured-card-block_62c6b46c032f7\" class=\"bs-block-featured-card margin-top--3xl-from-tablet has-grey-light-background-color alignfull\">\n\t<div class=\"bs-block-featured-card-wrapper\">\n        <div class=\"bs-block-featured-card__inner\">\n\n            <div class=\"bs-block-featured-card__content-wrapper\">\n                <h2 class=\"bs-block-featured-card__title \">\n                    Das Konsortium und die Verbesserung der Reggiana-Rasse                <\/h2>\n                                <p class=\"bs-block-featured-card__description \">\n                    Die erste Gruppe von Z\u00fcchtern gr\u00fcndete noch 1991 eine Arbeitsgemeinschaft f\u00fcr die Verbesserung der Produkte antiken Rinderrasse Reggiana (Consorzio di Valorizzazione dei Prodotti dell\u2019Antica Razza Reggiana, abgek\u00fcrzt CVPARR) f\u00fcr die Verwaltung des Programms und die effiziente Organisation der Aktivit\u00e4ten. Der Planungszeitraum des Programms betrug zwei Jahre, war aber so erfolgreich, dass das Projekt in den Folgejahren autonom unter der Leitung des CVPARR (heute vereinfacht \u201eConsorzio Vacche Rosse\u201c) weiterlief.                <\/p>\n                                            <\/div>\n\n            <div class=\"bs-block-featured-card__image-wrapper\">\n\t\t\t                <div class=\"bs-block-featured-card__image\">\n                    <img decoding=\"async\" src=\"https:\/\/staging.consorziovaccherosse.blacksolutions.net\/wp-content\/uploads\/logo-consorzio-vacche-rosse-rgb-2000x2000-1.jpg\" alt=\"\">\n                <\/div>\n\t\t\t            <\/div>\n\n        <\/div>\n\t<\/div>\n<\/div>\n\n\n\n<div class=\"wp-block-columns margin-top--3xl-from-tablet padding-top--xl-from-tablet is-layout-flex wp-container-core-columns-is-layout-9d6595d7 wp-block-columns-is-layout-flex\">\n<div class=\"wp-block-column is-layout-flow wp-block-column-is-layout-flow\">\n<figure class=\"wp-block-image size-quadrata\"><img decoding=\"async\" src=\"https:\/\/staging.consorziovaccherosse.blacksolutions.net\/wp-content\/uploads\/\/Le-caratteristiche-del-Parmigiano-Reggiano-Vacche-Rosse-05-800x800.jpg\" alt=\"\" class=\"wp-image-151048\"\/><\/figure>\n<\/div>\n\n\n\n<div class=\"wp-block-column padding--l-to-tablet is-layout-flow wp-block-column-is-layout-flow\">\n<h2 class=\"wp-block-heading\">Eine Geschichte, die dazu bestimmt ist, die Zeit zu \u00fcberdauern<\/h2>\n\n\n\n<p>Die logische Schlussfolgerung des Entwicklungsprograms war das Branding der Nationalen Vereinigung der Z\u00fcchter der Reggiana auf den flachen Seiten der K\u00e4selaibe.<\/p>\n\n\n\n<p>Heute fahren die Mitglieder des Consorzio Vacche Rosse mit der Transformation der Milch ihrer Rinde in einen exzellenten und reinen Parmesank\u00e4se fort, der nur in den besten Lebensmittelgesch\u00e4ften zu finden ist.<\/p>\n\n\n\n<p>Das Consorzio Vacche Rosse f\u00f6rdert auch die Schaffung von neuen Produktions- und Vertriebsbereichen im Flachland und den Berge, wo die Rinderrasse vorhanden ist.<\/p>\n<\/div>\n<\/div>\n\n\n<div id=\"bs-sibling-pages-block_62c6e40f1bbfc\" class=\"bs-block-sibling-pages\">\n\t<div class=\"bs-block-sibling-pages-wrapper\">\n        <div class=\"bs-block-sibling-pages__inner\">\n                        <h2 class=\"bs-block-sibling-pages__title\">Entdecken Sie auch:<\/h2>\n\t\t\t            <ul class=\"bs-block-sibling-pages__list\">\n            <li class=\"bs-block-sibling-pages__item\">\n                <a class=\"bs-block-sibling-pages__link btn btn-secondary\" href=\"https:\/\/staging.consorziovaccherosse.blacksolutions.net\/de\/das-consorzio\/die-mitgliedsunternehmen\/\">Die Mitgliedsunternehmen<\/a>\n            <\/li><li class=\"bs-block-sibling-pages__item\">\n                <a class=\"bs-block-sibling-pages__link btn btn-secondary\" href=\"https:\/\/staging.consorziovaccherosse.blacksolutions.net\/de\/das-consorzio\/ein-weltweiter-erfolg\/\">Ein weltweiter Erfolg<\/a>\n            <\/li><li class=\"bs-block-sibling-pages__item\">\n                <a class=\"bs-block-sibling-pages__link btn btn-secondary\" href=\"https:\/\/staging.consorziovaccherosse.blacksolutions.net\/de\/das-consorzio\/die-molkereien\/\">Die Molkereien<\/a>\n            <\/li>            <\/ul>\n        <\/div>\n\t<\/div>\n<\/div>\n","protected":false},"excerpt":{"rendered":"<p>Wie entstand das Consorzio Vacche Rosse? Am Anfang der 90\u2019er zog es eine Gruppe von Z\u00fcchtern in Betracht, Parmesank\u00e4se aus der Milch der antiken Rinderrasse Reggiana herzustellen. So wie vor langer Zeit schon einmal. Die Idee entstand aus einem Zusammentreffen von Z\u00fcchtern sowie landwirtschaftlichen und wissenschaftlichen Pers\u00f6nlichkeiten aus der Region und dem Rest Italiens. Im [&hellip;]<\/p>\n","protected":false},"author":80549,"featured_media":154154,"parent":1412,"menu_order":8,"comment_status":"open","ping_status":"closed","template":"","meta":{"_acf_changed":false,"inline_featured_image":false,"_genesis_hide_title":true,"_genesis_hide_breadcrumbs":false,"_genesis_hide_singular_image":false,"_genesis_hide_footer_widgets":false,"_genesis_custom_body_class":"","_genesis_custom_post_class":"","_genesis_layout":"","footnotes":"","_links_to":"","_links_to_target":""},"class_list":{"0":"post-1386","1":"page","2":"type-page","3":"status-publish","4":"has-post-thumbnail","6":"entry"},"acf":[],"yoast_head":"<!-- This site is optimized with the Yoast SEO Premium plugin v24.3 (Yoast SEO v27.2) - https:\/\/yoast.com\/product\/yoast-seo-premium-wordpress\/ -->\n<title>Geschichte des Consorzio - Consorzio Vacche Rosse<\/title>\n<meta name=\"description\" content=\"Das Red Cows Consortium wurde Anfang der neunziger Jahre gegr\u00fcndet: Einige Bauern kehren mit der Milch der alten Reggiana-Rasse zum K\u00e4se Parmigiano Reggiano zur\u00fcck.\" \/>\n<meta name=\"robots\" content=\"noindex, follow, max-snippet:-1, max-image-preview:large, max-video-preview:-1\" \/>\n<meta property=\"og:locale\" content=\"de_DE\" \/>\n<meta property=\"og:type\" content=\"article\" \/>\n<meta property=\"og:title\" content=\"Geschichte des Consorzio\" \/>\n<meta property=\"og:description\" content=\"Das Red Cows Consortium wurde Anfang der neunziger Jahre gegr\u00fcndet: Einige Bauern kehren mit der Milch der alten Reggiana-Rasse zum K\u00e4se Parmigiano Reggiano zur\u00fcck.\" \/>\n<meta property=\"og:url\" content=\"https:\/\/staging.consorziovaccherosse.blacksolutions.net\/de\/das-consorzio\/geschichte-des-consorzio\/\" \/>\n<meta property=\"og:site_name\" content=\"Consorzio Vacche Rosse\" \/>\n<meta property=\"article:publisher\" content=\"https:\/\/www.facebook.com\/consorziovaccherosse\" \/>\n<meta property=\"article:modified_time\" content=\"2022-10-11T16:00:26+00:00\" \/>\n<meta property=\"og:image\" content=\"https:\/\/staging.consorziovaccherosse.blacksolutions.net\/wp-content\/uploads\/storia-negozio-2018-07-17.jpg\" \/>\n\t<meta property=\"og:image:width\" content=\"2000\" \/>\n\t<meta property=\"og:image:height\" content=\"1500\" \/>\n\t<meta property=\"og:image:type\" content=\"image\/jpeg\" \/>\n<meta name=\"twitter:label1\" content=\"Gesch\u00e4tzte Lesezeit\" \/>\n\t<meta name=\"twitter:data1\" content=\"1\u00a0Minute\" \/>\n<script type=\"application\/ld+json\" class=\"yoast-schema-graph\">{\"@context\":\"https:\/\/schema.org\",\"@graph\":[{\"@type\":\"WebPage\",\"@id\":\"https:\/\/staging.consorziovaccherosse.blacksolutions.net\/de\/das-consorzio\/geschichte-des-consorzio\/\",\"url\":\"https:\/\/staging.consorziovaccherosse.blacksolutions.net\/de\/das-consorzio\/geschichte-des-consorzio\/\",\"name\":\"Geschichte des Consorzio - Consorzio Vacche Rosse\",\"isPartOf\":{\"@id\":\"https:\/\/staging.consorziovaccherosse.blacksolutions.net\/de\/#website\"},\"primaryImageOfPage\":{\"@id\":\"https:\/\/staging.consorziovaccherosse.blacksolutions.net\/de\/das-consorzio\/geschichte-des-consorzio\/#primaryimage\"},\"image\":{\"@id\":\"https:\/\/staging.consorziovaccherosse.blacksolutions.net\/de\/das-consorzio\/geschichte-des-consorzio\/#primaryimage\"},\"thumbnailUrl\":\"https:\/\/staging.consorziovaccherosse.blacksolutions.net\/wp-content\/uploads\/storia-negozio-2018-07-17.jpg\",\"datePublished\":\"2013-04-15T09:10:41+00:00\",\"dateModified\":\"2022-10-11T16:00:26+00:00\",\"description\":\"Das Red Cows Consortium wurde Anfang der neunziger Jahre gegr\u00fcndet: Einige Bauern kehren mit der Milch der alten Reggiana-Rasse zum K\u00e4se Parmigiano Reggiano zur\u00fcck.\",\"breadcrumb\":{\"@id\":\"https:\/\/staging.consorziovaccherosse.blacksolutions.net\/de\/das-consorzio\/geschichte-des-consorzio\/#breadcrumb\"},\"inLanguage\":\"de\",\"potentialAction\":[{\"@type\":\"ReadAction\",\"target\":[\"https:\/\/staging.consorziovaccherosse.blacksolutions.net\/de\/das-consorzio\/geschichte-des-consorzio\/\"]}]},{\"@type\":\"ImageObject\",\"inLanguage\":\"de\",\"@id\":\"https:\/\/staging.consorziovaccherosse.blacksolutions.net\/de\/das-consorzio\/geschichte-des-consorzio\/#primaryimage\",\"url\":\"https:\/\/staging.consorziovaccherosse.blacksolutions.net\/wp-content\/uploads\/storia-negozio-2018-07-17.jpg\",\"contentUrl\":\"https:\/\/staging.consorziovaccherosse.blacksolutions.net\/wp-content\/uploads\/storia-negozio-2018-07-17.jpg\",\"width\":2000,\"height\":1500},{\"@type\":\"BreadcrumbList\",\"@id\":\"https:\/\/staging.consorziovaccherosse.blacksolutions.net\/de\/das-consorzio\/geschichte-des-consorzio\/#breadcrumb\",\"itemListElement\":[{\"@type\":\"ListItem\",\"position\":1,\"name\":\"Home\",\"item\":\"https:\/\/staging.consorziovaccherosse.blacksolutions.net\/de\/\"},{\"@type\":\"ListItem\",\"position\":2,\"name\":\"Das Consorzio\",\"item\":\"https:\/\/staging.consorziovaccherosse.blacksolutions.net\/de\/das-consorzio\/geschichte-des-consorzio\/\"},{\"@type\":\"ListItem\",\"position\":3,\"name\":\"Geschichte des Consorzio\"}]},{\"@type\":\"WebSite\",\"@id\":\"https:\/\/staging.consorziovaccherosse.blacksolutions.net\/de\/#website\",\"url\":\"https:\/\/staging.consorziovaccherosse.blacksolutions.net\/de\/\",\"name\":\"Consorzio Vacche Rosse\",\"description\":\"Parmigiano Reggiano Vacche Rosse di Razza Reggiana\",\"publisher\":{\"@id\":\"https:\/\/staging.consorziovaccherosse.blacksolutions.net\/de\/#organization\"},\"potentialAction\":[{\"@type\":\"SearchAction\",\"target\":{\"@type\":\"EntryPoint\",\"urlTemplate\":\"https:\/\/staging.consorziovaccherosse.blacksolutions.net\/de\/?s={search_term_string}\"},\"query-input\":{\"@type\":\"PropertyValueSpecification\",\"valueRequired\":true,\"valueName\":\"search_term_string\"}}],\"inLanguage\":\"de\"},{\"@type\":\"Organization\",\"@id\":\"https:\/\/staging.consorziovaccherosse.blacksolutions.net\/de\/#organization\",\"name\":\"Consorzio Vacche Rosse\",\"url\":\"https:\/\/staging.consorziovaccherosse.blacksolutions.net\/de\/\",\"logo\":{\"@type\":\"ImageObject\",\"inLanguage\":\"de\",\"@id\":\"https:\/\/staging.consorziovaccherosse.blacksolutions.net\/de\/#\/schema\/logo\/image\/\",\"url\":\"https:\/\/staging.consorziovaccherosse.blacksolutions.net\/wp-content\/uploads\/logo-consorzio-vacche-rosse-rgb.jpg\",\"contentUrl\":\"https:\/\/staging.consorziovaccherosse.blacksolutions.net\/wp-content\/uploads\/logo-consorzio-vacche-rosse-rgb.jpg\",\"width\":1920,\"height\":1920,\"caption\":\"Consorzio Vacche Rosse\"},\"image\":{\"@id\":\"https:\/\/staging.consorziovaccherosse.blacksolutions.net\/de\/#\/schema\/logo\/image\/\"},\"sameAs\":[\"https:\/\/www.facebook.com\/consorziovaccherosse\",\"https:\/\/x.com\/consvaccherosse\"]}]}<\/script>\n<!-- \/ Yoast SEO Premium plugin. -->","yoast_head_json":{"title":"Geschichte des Consorzio - Consorzio Vacche Rosse","description":"Das Red Cows Consortium wurde Anfang der neunziger Jahre gegr\u00fcndet: Einige Bauern kehren mit der Milch der alten Reggiana-Rasse zum K\u00e4se Parmigiano Reggiano zur\u00fcck.","robots":{"index":"noindex","follow":"follow","max-snippet":"max-snippet:-1","max-image-preview":"max-image-preview:large","max-video-preview":"max-video-preview:-1"},"og_locale":"de_DE","og_type":"article","og_title":"Geschichte des Consorzio","og_description":"Das Red Cows Consortium wurde Anfang der neunziger Jahre gegr\u00fcndet: Einige Bauern kehren mit der Milch der alten Reggiana-Rasse zum K\u00e4se Parmigiano Reggiano zur\u00fcck.","og_url":"https:\/\/staging.consorziovaccherosse.blacksolutions.net\/de\/das-consorzio\/geschichte-des-consorzio\/","og_site_name":"Consorzio Vacche Rosse","article_publisher":"https:\/\/www.facebook.com\/consorziovaccherosse","article_modified_time":"2022-10-11T16:00:26+00:00","og_image":[{"width":2000,"height":1500,"url":"https:\/\/staging.consorziovaccherosse.blacksolutions.net\/wp-content\/uploads\/storia-negozio-2018-07-17.jpg","type":"image\/jpeg"}],"twitter_misc":{"Gesch\u00e4tzte Lesezeit":"1\u00a0Minute"},"schema":{"@context":"https:\/\/schema.org","@graph":[{"@type":"WebPage","@id":"https:\/\/staging.consorziovaccherosse.blacksolutions.net\/de\/das-consorzio\/geschichte-des-consorzio\/","url":"https:\/\/staging.consorziovaccherosse.blacksolutions.net\/de\/das-consorzio\/geschichte-des-consorzio\/","name":"Geschichte des Consorzio - Consorzio Vacche Rosse","isPartOf":{"@id":"https:\/\/staging.consorziovaccherosse.blacksolutions.net\/de\/#website"},"primaryImageOfPage":{"@id":"https:\/\/staging.consorziovaccherosse.blacksolutions.net\/de\/das-consorzio\/geschichte-des-consorzio\/#primaryimage"},"image":{"@id":"https:\/\/staging.consorziovaccherosse.blacksolutions.net\/de\/das-consorzio\/geschichte-des-consorzio\/#primaryimage"},"thumbnailUrl":"https:\/\/staging.consorziovaccherosse.blacksolutions.net\/wp-content\/uploads\/storia-negozio-2018-07-17.jpg","datePublished":"2013-04-15T09:10:41+00:00","dateModified":"2022-10-11T16:00:26+00:00","description":"Das Red Cows Consortium wurde Anfang der neunziger Jahre gegr\u00fcndet: Einige Bauern kehren mit der Milch der alten Reggiana-Rasse zum K\u00e4se Parmigiano Reggiano zur\u00fcck.","breadcrumb":{"@id":"https:\/\/staging.consorziovaccherosse.blacksolutions.net\/de\/das-consorzio\/geschichte-des-consorzio\/#breadcrumb"},"inLanguage":"de","potentialAction":[{"@type":"ReadAction","target":["https:\/\/staging.consorziovaccherosse.blacksolutions.net\/de\/das-consorzio\/geschichte-des-consorzio\/"]}]},{"@type":"ImageObject","inLanguage":"de","@id":"https:\/\/staging.consorziovaccherosse.blacksolutions.net\/de\/das-consorzio\/geschichte-des-consorzio\/#primaryimage","url":"https:\/\/staging.consorziovaccherosse.blacksolutions.net\/wp-content\/uploads\/storia-negozio-2018-07-17.jpg","contentUrl":"https:\/\/staging.consorziovaccherosse.blacksolutions.net\/wp-content\/uploads\/storia-negozio-2018-07-17.jpg","width":2000,"height":1500},{"@type":"BreadcrumbList","@id":"https:\/\/staging.consorziovaccherosse.blacksolutions.net\/de\/das-consorzio\/geschichte-des-consorzio\/#breadcrumb","itemListElement":[{"@type":"ListItem","position":1,"name":"Home","item":"https:\/\/staging.consorziovaccherosse.blacksolutions.net\/de\/"},{"@type":"ListItem","position":2,"name":"Das Consorzio","item":"https:\/\/staging.consorziovaccherosse.blacksolutions.net\/de\/das-consorzio\/geschichte-des-consorzio\/"},{"@type":"ListItem","position":3,"name":"Geschichte des Consorzio"}]},{"@type":"WebSite","@id":"https:\/\/staging.consorziovaccherosse.blacksolutions.net\/de\/#website","url":"https:\/\/staging.consorziovaccherosse.blacksolutions.net\/de\/","name":"Consorzio Vacche Rosse","description":"Parmigiano Reggiano Vacche Rosse di Razza Reggiana","publisher":{"@id":"https:\/\/staging.consorziovaccherosse.blacksolutions.net\/de\/#organization"},"potentialAction":[{"@type":"SearchAction","target":{"@type":"EntryPoint","urlTemplate":"https:\/\/staging.consorziovaccherosse.blacksolutions.net\/de\/?s={search_term_string}"},"query-input":{"@type":"PropertyValueSpecification","valueRequired":true,"valueName":"search_term_string"}}],"inLanguage":"de"},{"@type":"Organization","@id":"https:\/\/staging.consorziovaccherosse.blacksolutions.net\/de\/#organization","name":"Consorzio Vacche Rosse","url":"https:\/\/staging.consorziovaccherosse.blacksolutions.net\/de\/","logo":{"@type":"ImageObject","inLanguage":"de","@id":"https:\/\/staging.consorziovaccherosse.blacksolutions.net\/de\/#\/schema\/logo\/image\/","url":"https:\/\/staging.consorziovaccherosse.blacksolutions.net\/wp-content\/uploads\/logo-consorzio-vacche-rosse-rgb.jpg","contentUrl":"https:\/\/staging.consorziovaccherosse.blacksolutions.net\/wp-content\/uploads\/logo-consorzio-vacche-rosse-rgb.jpg","width":1920,"height":1920,"caption":"Consorzio Vacche Rosse"},"image":{"@id":"https:\/\/staging.consorziovaccherosse.blacksolutions.net\/de\/#\/schema\/logo\/image\/"},"sameAs":["https:\/\/www.facebook.com\/consorziovaccherosse","https:\/\/x.com\/consvaccherosse"]}]}},"_links":{"self":[{"href":"https:\/\/staging.consorziovaccherosse.blacksolutions.net\/de\/wp-json\/wp\/v2\/pages\/1386","targetHints":{"allow":["GET"]}}],"collection":[{"href":"https:\/\/staging.consorziovaccherosse.blacksolutions.net\/de\/wp-json\/wp\/v2\/pages"}],"about":[{"href":"https:\/\/staging.consorziovaccherosse.blacksolutions.net\/de\/wp-json\/wp\/v2\/types\/page"}],"author":[{"embeddable":true,"href":"https:\/\/staging.consorziovaccherosse.blacksolutions.net\/de\/wp-json\/wp\/v2\/users\/80549"}],"replies":[{"embeddable":true,"href":"https:\/\/staging.consorziovaccherosse.blacksolutions.net\/de\/wp-json\/wp\/v2\/comments?post=1386"}],"version-history":[{"count":6,"href":"https:\/\/staging.consorziovaccherosse.blacksolutions.net\/de\/wp-json\/wp\/v2\/pages\/1386\/revisions"}],"predecessor-version":[{"id":154358,"href":"https:\/\/staging.consorziovaccherosse.blacksolutions.net\/de\/wp-json\/wp\/v2\/pages\/1386\/revisions\/154358"}],"up":[{"embeddable":true,"href":"https:\/\/staging.consorziovaccherosse.blacksolutions.net\/de\/wp-json\/wp\/v2\/pages\/1412"}],"wp:featuredmedia":[{"embeddable":true,"href":"https:\/\/staging.consorziovaccherosse.blacksolutions.net\/de\/wp-json\/wp\/v2\/media\/154154"}],"wp:attachment":[{"href":"https:\/\/staging.consorziovaccherosse.blacksolutions.net\/de\/wp-json\/wp\/v2\/media?parent=1386"}],"curies":[{"name":"wp","href":"https:\/\/api.w.org\/{rel}","templated":true}]}}