{"id":1390,"date":"2015-04-20T10:25:32","date_gmt":"2015-04-20T08:25:32","guid":{"rendered":"https:\/\/staging.consorziovaccherosse.blacksolutions.net\/?page_id=1390"},"modified":"2024-02-11T12:27:22","modified_gmt":"2024-02-11T11:27:22","slug":"die-mitgliedsunternehmen","status":"publish","type":"page","link":"https:\/\/staging.consorziovaccherosse.blacksolutions.net\/de\/das-consorzio\/die-mitgliedsunternehmen\/","title":{"rendered":"Die Mitgliedsunternehmen"},"content":{"rendered":"\n<div class=\"wp-block-group alignfull padding-top--none-from-tablet has-grey-light-background-color has-background\"><div class=\"wp-block-group__inner-container is-layout-flow wp-block-group-is-layout-flow\"><div id=\"bs-title-block_24fdc96f682049a9a97148bddeb0ea6f\" class=\"bs-block-title\">\n\t<div class=\"bs-block-title-wrapper\">\n        <div class=\"bs-block-title__inner\">\n                        <div class=\"bs-block-title__icon\">\n                <img decoding=\"async\" src=\"https:\/\/staging.consorziovaccherosse.blacksolutions.net\/wp-content\/uploads\/icon-vaccherosse.svg\" alt=\"\">\n            <\/div>\n                        <h2 class=\"bs-block-title__title\">\n                Mit vollem Respekt f\u00fcr das Wohlbefinden der Tiere             <\/h2>\n\t\t\t            <p class=\"bs-block-title__subtitle\">\n\t\t\t\t                Durch die einhaltung der biologischen rhythmen und saisonalen zyklen                            <\/p>\n\t\t\t        <\/div>\n\t<\/div>\n<\/div>\n\n\n\n<div class=\"wp-block-columns is-layout-flex wp-container-core-columns-is-layout-9d6595d7 wp-block-columns-is-layout-flex\">\n<div class=\"wp-block-column is-layout-flow wp-block-column-is-layout-flow\">\n<p>Sie sehen, wie sie geboren werden, wie sie aufwachsen, und jedes Tier hat seinen eigenen Namen, mit dem es gerufen wird. So kennen unsere Mitglieder und Z\u00fcchter die Gewohnheiten und den Charakter von jeder ihrer Roten K\u00fche der Rasse Reggiana ganz genau. Sie widmen sich den Tieren t\u00e4glich mit viel Liebe und gr\u00f6\u00dfter Aufmerksamkeit, als authentische H\u00fcter einer tausendj\u00e4hrigen Tradition, die in den 1980er Jahren zu verschwinden drohte.<\/p>\n\n\n\n<p>Die Industrialisierung Italiens nach dem Zweiten Weltkrieg und die steigende Nachfrage nach Parmigiano Reggiano f\u00fchrten dazu, dass die Rasse Reggiana nach und nach durch Rassen wie die Frisona ersetzt wurde, die in der Lage waren, gr\u00f6\u00dfere Milchmengen zu produzieren.<\/p>\n\n\n\n<p>Doch einigen weitsichtigen Landwirten waren die reichhaltigen Eigenschaften der Milch der Roten K\u00fche und ihre Robustheit, Langlebigkeit und St\u00e4rke wohl bekannt. Sie starteten ein Projekt, um diese Rinder zu retten und die etwa 600 verbliebenen Rinder im Laufe der Zeit wieder zu vermehren.<\/p>\n<\/div>\n\n\n\n<div class=\"wp-block-column is-layout-flow wp-block-column-is-layout-flow\">\n<figure class=\"wp-block-image size-quadrata\"><img decoding=\"async\" src=\"https:\/\/staging.consorziovaccherosse.blacksolutions.net\/wp-content\/uploads\/\/aziende-vacca-primo-piano-9546low-800x800.jpg\" alt=\"\" class=\"wp-image-151731\"\/><\/figure>\n<\/div>\n<\/div>\n\n\n\n<figure class=\"wp-block-gallery has-nested-images columns-3 is-cropped wp-block-gallery-1 is-layout-flex wp-block-gallery-is-layout-flex\">\n<figure class=\"wp-block-image size-large\"><img decoding=\"async\" data-id=\"151735\" src=\"https:\/\/staging.consorziovaccherosse.blacksolutions.net\/wp-content\/uploads\/\/stalla-1-1024x1024.jpg\" alt=\"\" class=\"wp-image-151735\"\/><\/figure>\n\n\n\n<figure class=\"wp-block-image size-large\"><img decoding=\"async\" data-id=\"151739\" src=\"https:\/\/staging.consorziovaccherosse.blacksolutions.net\/wp-content\/uploads\/\/stalla-2-1024x1024.jpg\" alt=\"\" class=\"wp-image-151739\"\/><\/figure>\n\n\n\n<figure class=\"wp-block-image size-large\"><img decoding=\"async\" data-id=\"151744\" src=\"https:\/\/staging.consorziovaccherosse.blacksolutions.net\/wp-content\/uploads\/\/stalla-3-1024x1024.jpg\" alt=\"\" class=\"wp-image-151744\"\/><\/figure>\n<\/figure>\n<\/div><\/div>\n\n\n<div id=\"bs-featured-card-block_b4b69db94a8e2f205b7571c64529757b\" class=\"bs-block-featured-card margin-top--3xl-from-tablet has-grey-light-background-color alignfull\">\n\t<div class=\"bs-block-featured-card-wrapper\">\n        <div class=\"bs-block-featured-card__inner\">\n\n            <div class=\"bs-block-featured-card__content-wrapper\">\n                <h2 class=\"bs-block-featured-card__title \">\n                    Gew\u00e4hrleistung einer transparenten und unverf\u00e4lschten Lieferkette                <\/h2>\n                                <p class=\"bs-block-featured-card__description \">\n                    Auf diesem Wege ist unser Consorzio Vacche Rosse (Konsortium der roten K\u00fche) entstanden, das heute aus 24 Z\u00fcchtern besteht, die sich seit drei\u00dfig Jahren mit unendlicher Leidenschaft und Kooperationsgeist f\u00fcr den Schutz und die Aufwertung der Rasse Rossa Reggiana einsetzen. Eine Arbeit, die sowohl die nat\u00fcrlichen biologischen Zyklen als auch das Wohlergehen der Tiere respektiert, ohne die Produktion in irgendeiner Weise zu forcieren. So sieht es auch ein spezifisches und gewissenhaftes Lastenheft vor, das von der ANABoRaRe &#8211; Associazione Nazionale Allevatori Bovini di Razza Reggiana (Nationaler Verband der Rinderz\u00fcchter der Rasse Reggiana) &#8211; erstellt wurde. Angefangen beim gr\u00fcnen Gras, mit dem sie jedes ihrer Rinder f\u00fcttern, sind unsere Z\u00fcchter Garanten f\u00fcr eine transparente und unverf\u00e4lschte Lieferkette der gewonnenen Milch: vom Melken \u00fcber die saubere Verarbeitung bis auf die Tische in Italien und weltweit. Eine gro\u00dfartige Reise unter dem leuchtenden Stern der Exzellenz, angef\u00fchrt von einer Gruppe von Menschen, die wir mit Stolz zu unseren Mitgliedern z\u00e4hlen.                <\/p>\n                                            <\/div>\n\n            <div class=\"bs-block-featured-card__image-wrapper\">\n\t\t\t                <div class=\"bs-block-featured-card__image\">\n                    <img decoding=\"async\" src=\"https:\/\/staging.consorziovaccherosse.blacksolutions.net\/wp-content\/uploads\/IMG_7326-1.jpg\" alt=\"\">\n                <\/div>\n\t\t\t            <\/div>\n\n        <\/div>\n\t<\/div>\n<\/div>\n\n\n\n<h2 class=\"margin-top--xl-from-tablet padding-top--xl-from-tablet wp-block-heading\">Die Mitgliedsunternehmen<\/h2>\n\n\n\n<div class=\"wp-block-columns is-layout-flex wp-container-core-columns-is-layout-9d6595d7 wp-block-columns-is-layout-flex\">\n<div class=\"wp-block-column is-layout-flow wp-block-column-is-layout-flow\">\n<ul class=\"wp-block-list\"><li><a href=\"https:\/\/www.razzareggiana.it\/allevatore\/azienda-agricola-davoli-giorgio\/\" target=\"_blank\" rel=\"noreferrer noopener\">DAVOLI GIORGIO<\/a><\/li><li><a href=\"https:\/\/www.razzareggiana.it\/allevatore\/azienda-agricola-maditti-morena\/\" target=\"_blank\" rel=\"noreferrer noopener\">MADITTI MORENA<\/a><\/li><li><a href=\"https:\/\/www.razzareggiana.it\/allevatore\/azienda-agricola-ferrarini-franco\/\" target=\"_blank\" rel=\"noreferrer noopener\">FERRARINI FRANCO<\/a><\/li><li><a href=\"https:\/\/www.razzareggiana.it\/allevatore\/societa-agricola-prandi-f-lli-s-s\/\" target=\"_blank\" rel=\"noreferrer noopener\">FRATELLI PRANDI<\/a><\/li><li><a href=\"https:\/\/www.razzareggiana.it\/allevatore\/societa-agricola-miselli-serri-di-serri-giuliana\/\" target=\"_blank\" rel=\"noreferrer noopener\">MISELLI SERRI<\/a><\/li><li><a href=\"https:\/\/www.razzareggiana.it\/allevatore\/zerbini-giuseppe-alessandro-e-dallaglio-mara\" target=\"_blank\" rel=\"noreferrer noopener\">AZIENDA AGRICOLA ZERBINI DALL&#8217;AGLIO<\/a><\/li><li><a href=\"https:\/\/www.razzareggiana.it\/allevatore\/azienda-agricola-del-gigante\/\" target=\"_blank\" rel=\"noreferrer noopener\">AZIENDA AGRICOLA IL GIGANTE<\/a><\/li><li><a href=\"https:\/\/www.razzareggiana.it\/allevatore\/montruccoli-giuseppe-luigi-remo-s-s\/\" target=\"_blank\" rel=\"noreferrer noopener\">SOC. AGR. MONTRUCCOLI GIUSEPPE LUIGI REMO<\/a><\/li><\/ul>\n<\/div>\n\n\n\n<div class=\"wp-block-column is-layout-flow wp-block-column-is-layout-flow\">\n<ul class=\"wp-block-list\"><li><a href=\"https:\/\/www.razzareggiana.it\/allevatore\/azienda-agricola-giannelli-sebastiano\/\" target=\"_blank\" rel=\"noreferrer noopener\">AZ. AGR. GIANELLI SEBASTIANO<\/a><\/li><li><a href=\"https:\/\/www.razzareggiana.it\/allevatore\/azienda-agricola-biologica-biogold\/\" target=\"_blank\" rel=\"noreferrer noopener\">AZ. AGRICOLA BIOGOLD<\/a><\/li><li><a href=\"https:\/\/www.razzareggiana.it\/allevatore\/azienda-agricola-conti-luca\/\" target=\"_blank\" rel=\"noreferrer noopener\">CONTI LUCA<\/a><\/li><li><a href=\"https:\/\/www.razzareggiana.it\/allevatore\/societa-agricola-benassi\/\" target=\"_blank\" rel=\"noreferrer noopener\">SOCIET\u00c0  AGRICOLA BENASSI<\/a><\/li><li><a href=\"https:\/\/www.razzareggiana.it\/allevatore\/incerti-egidio\/\" target=\"_blank\" rel=\"noreferrer noopener\">INCERTI EGIDIO<\/a><\/li><li><a href=\"https:\/\/www.razzareggiana.it\/allevatore\/societa-agricola-fiandri\/\" target=\"_blank\" rel=\"noreferrer noopener\">SOCIET\u00c0  AGRICOLA FIANDRI<\/a><\/li><li><a aria-label=\"undefined (apri in una nuova scheda)\" href=\"https:\/\/www.razzareggiana.it\/allevatore\/azienda-agricola-borghi-renato\/\" target=\"_blank\" rel=\"noreferrer noopener\">ARBOR FELIX &#8211; SOCIET\u00c0 AGRICOLA BORGHI<\/a><\/li><li><a href=\"https:\/\/www.razzareggiana.it\/allevatore\/societa-agricola-quercia-rossa\/\" target=\"_blank\" rel=\"noreferrer noopener\">AZIENDA AGRICOLA QUERCIA ROSSA<\/a><\/li><\/ul>\n<\/div>\n\n\n\n<div class=\"wp-block-column is-layout-flow wp-block-column-is-layout-flow\">\n<ul class=\"wp-block-list\"><li><a href=\"https:\/\/www.razzareggiana.it\/allevatore\/azienda-agricola-maramotti-amos\/\">AZIENDA AGRICOLA MARAMOTTI AMOS<\/a><\/li><li><a href=\"https:\/\/www.razzareggiana.it\/allevatore\/il-casello\/\" target=\"_blank\" rel=\"noreferrer noopener\">SOC. AGRICOLA IL CASELLO<\/a><\/li><li>AZ. AGR. MANICARDI GIANNI<\/li><li><a href=\"https:\/\/www.razzareggiana.it\/allevatore\/ronchi-energy-farm\/\" target=\"_blank\" rel=\"noreferrer noopener\">RONCHI ENERGY FARM<\/a><\/li><li><a aria-label=\"undefined (apri in una nuova scheda)\" href=\"https:\/\/www.razzareggiana.it\/allevatore\/societa-agricola-nasi\/\" target=\"_blank\" rel=\"noreferrer noopener\">SOCIET\u00c0 AGRICOLA NASI<\/a><\/li><li><a aria-label=\"undefined (apri in una nuova scheda)\" href=\"https:\/\/www.razzareggiana.it\/allevatore\/allevamento-lepri-ro-ro\/\" target=\"_blank\" rel=\"noreferrer noopener\">ALLEVAMENTO LEPRI RO&amp;RO<\/a><\/li><li><a href=\"https:\/\/www.razzareggiana.it\/allevatore\/az-agr-giroldini-mattia\/\" target=\"_blank\" rel=\"noreferrer noopener\">AZIENDA AGRICOLA GIROLDINI MATTIA<\/a><\/li><li><a href=\"https:\/\/www.razzareggiana.it\/allevatore\/soc-agr-la-superchia-s-s\/\" target=\"_blank\" rel=\"noreferrer noopener\">SOCIET\u00c0 AGRICOLA SAN LUCIO <\/a><\/li><\/ul>\n<\/div>\n<\/div>\n\n\n\n<figure class=\"wp-block-image size-large\"><img loading=\"lazy\" decoding=\"async\" width=\"1024\" height=\"1014\" src=\"https:\/\/staging.consorziovaccherosse.blacksolutions.net\/wp-content\/uploads\/\/mappa-allevatori-CVR-1-1024x1014.jpg\" alt=\"\" class=\"wp-image-165421\" srcset=\"https:\/\/staging.consorziovaccherosse.blacksolutions.net\/wp-content\/uploads\/mappa-allevatori-CVR-1-1024x1014.jpg 1024w, https:\/\/staging.consorziovaccherosse.blacksolutions.net\/wp-content\/uploads\/mappa-allevatori-CVR-1-300x297.jpg 300w, https:\/\/staging.consorziovaccherosse.blacksolutions.net\/wp-content\/uploads\/mappa-allevatori-CVR-1-150x150.jpg 150w, https:\/\/staging.consorziovaccherosse.blacksolutions.net\/wp-content\/uploads\/mappa-allevatori-CVR-1-768x761.jpg 768w, https:\/\/staging.consorziovaccherosse.blacksolutions.net\/wp-content\/uploads\/mappa-allevatori-CVR-1-1600x1584.jpg 1600w, https:\/\/staging.consorziovaccherosse.blacksolutions.net\/wp-content\/uploads\/mappa-allevatori-CVR-1-1536x1521.jpg 1536w, https:\/\/staging.consorziovaccherosse.blacksolutions.net\/wp-content\/uploads\/mappa-allevatori-CVR-1-75x75.jpg 75w, https:\/\/staging.consorziovaccherosse.blacksolutions.net\/wp-content\/uploads\/mappa-allevatori-CVR-1-80x80.jpg 80w, https:\/\/staging.consorziovaccherosse.blacksolutions.net\/wp-content\/uploads\/mappa-allevatori-CVR-1-24x24.jpg 24w, https:\/\/staging.consorziovaccherosse.blacksolutions.net\/wp-content\/uploads\/mappa-allevatori-CVR-1-36x36.jpg 36w, https:\/\/staging.consorziovaccherosse.blacksolutions.net\/wp-content\/uploads\/mappa-allevatori-CVR-1-48x48.jpg 48w, https:\/\/staging.consorziovaccherosse.blacksolutions.net\/wp-content\/uploads\/mappa-allevatori-CVR-1-655x649.jpg 655w, https:\/\/staging.consorziovaccherosse.blacksolutions.net\/wp-content\/uploads\/mappa-allevatori-CVR-1.jpg 1947w\" sizes=\"auto, (max-width: 1024px) 100vw, 1024px\" \/><\/figure>\n\n\n<div id=\"bs-sibling-pages-block_b41e1f3903da63d96dd90b5399a5f345\" class=\"bs-block-sibling-pages\">\n\t<div class=\"bs-block-sibling-pages-wrapper\">\n        <div class=\"bs-block-sibling-pages__inner\">\n                        <h2 class=\"bs-block-sibling-pages__title\">Entdecken Sie auch:<\/h2>\n\t\t\t            <ul class=\"bs-block-sibling-pages__list\">\n            <li class=\"bs-block-sibling-pages__item\">\n                <a class=\"bs-block-sibling-pages__link btn btn-secondary\" href=\"https:\/\/staging.consorziovaccherosse.blacksolutions.net\/de\/das-consorzio\/geschichte-des-consorzio\/\">Geschichte des Consorzio<\/a>\n            <\/li><li class=\"bs-block-sibling-pages__item\">\n                <a class=\"bs-block-sibling-pages__link btn btn-secondary\" href=\"https:\/\/staging.consorziovaccherosse.blacksolutions.net\/de\/das-consorzio\/ein-weltweiter-erfolg\/\">Ein weltweiter Erfolg<\/a>\n            <\/li><li class=\"bs-block-sibling-pages__item\">\n                <a class=\"bs-block-sibling-pages__link btn btn-secondary\" href=\"https:\/\/staging.consorziovaccherosse.blacksolutions.net\/de\/das-consorzio\/die-molkereien\/\">Die Molkereien<\/a>\n            <\/li>            <\/ul>\n        <\/div>\n\t<\/div>\n<\/div>\n","protected":false},"excerpt":{"rendered":"<p>Sie sehen, wie sie geboren werden, wie sie aufwachsen, und jedes Tier hat seinen eigenen Namen, mit dem es gerufen wird. So kennen unsere Mitglieder und Z\u00fcchter die Gewohnheiten und den Charakter von jeder ihrer Roten K\u00fche der Rasse Reggiana ganz genau. Sie widmen sich den Tieren t\u00e4glich mit viel Liebe und gr\u00f6\u00dfter Aufmerksamkeit, als [&hellip;]<\/p>\n","protected":false},"author":80549,"featured_media":154183,"parent":1412,"menu_order":9,"comment_status":"open","ping_status":"closed","template":"","meta":{"_acf_changed":false,"inline_featured_image":false,"_genesis_hide_title":true,"_genesis_hide_breadcrumbs":false,"_genesis_hide_singular_image":false,"_genesis_hide_footer_widgets":false,"_genesis_custom_body_class":"","_genesis_custom_post_class":"","_genesis_layout":"","footnotes":"","_links_to":"","_links_to_target":""},"class_list":{"0":"post-1390","1":"page","2":"type-page","3":"status-publish","4":"has-post-thumbnail","6":"entry"},"acf":[],"yoast_head":"<!-- This site is optimized with the Yoast SEO Premium plugin v24.3 (Yoast SEO v27.2) - https:\/\/yoast.com\/product\/yoast-seo-premium-wordpress\/ -->\n<title>Die Mitgliedsunternehmen - Consorzio Vacche Rosse<\/title>\n<meta name=\"description\" content=\"Liste der Unternehmen, die Milch von Reggiana Red Cows an das Reggio Emilia Consortium liefern.\" \/>\n<meta name=\"robots\" content=\"noindex, follow, max-snippet:-1, max-image-preview:large, max-video-preview:-1\" \/>\n<meta property=\"og:locale\" content=\"de_DE\" \/>\n<meta property=\"og:type\" content=\"article\" \/>\n<meta property=\"og:title\" content=\"Die Mitgliedsunternehmen\" \/>\n<meta property=\"og:description\" content=\"Liste der Unternehmen, die Milch von Reggiana Red Cows an das Reggio Emilia Consortium liefern.\" \/>\n<meta property=\"og:url\" content=\"https:\/\/staging.consorziovaccherosse.blacksolutions.net\/de\/das-consorzio\/die-mitgliedsunternehmen\/\" \/>\n<meta property=\"og:site_name\" content=\"Consorzio Vacche Rosse\" \/>\n<meta property=\"article:publisher\" content=\"https:\/\/www.facebook.com\/consorziovaccherosse\" \/>\n<meta property=\"article:modified_time\" content=\"2024-02-11T11:27:22+00:00\" \/>\n<meta property=\"og:image\" content=\"https:\/\/staging.consorziovaccherosse.blacksolutions.net\/wp-content\/uploads\/aziende-associate-hero.jpg\" \/>\n\t<meta property=\"og:image:width\" content=\"2000\" \/>\n\t<meta property=\"og:image:height\" content=\"1500\" \/>\n\t<meta property=\"og:image:type\" content=\"image\/jpeg\" \/>\n<meta name=\"twitter:label1\" content=\"Gesch\u00e4tzte Lesezeit\" \/>\n\t<meta name=\"twitter:data1\" content=\"3\u00a0Minuten\" \/>\n<script type=\"application\/ld+json\" class=\"yoast-schema-graph\">{\"@context\":\"https:\/\/schema.org\",\"@graph\":[{\"@type\":\"WebPage\",\"@id\":\"https:\/\/staging.consorziovaccherosse.blacksolutions.net\/de\/das-consorzio\/die-mitgliedsunternehmen\/\",\"url\":\"https:\/\/staging.consorziovaccherosse.blacksolutions.net\/de\/das-consorzio\/die-mitgliedsunternehmen\/\",\"name\":\"Die Mitgliedsunternehmen - Consorzio Vacche Rosse\",\"isPartOf\":{\"@id\":\"https:\/\/staging.consorziovaccherosse.blacksolutions.net\/de\/#website\"},\"primaryImageOfPage\":{\"@id\":\"https:\/\/staging.consorziovaccherosse.blacksolutions.net\/de\/das-consorzio\/die-mitgliedsunternehmen\/#primaryimage\"},\"image\":{\"@id\":\"https:\/\/staging.consorziovaccherosse.blacksolutions.net\/de\/das-consorzio\/die-mitgliedsunternehmen\/#primaryimage\"},\"thumbnailUrl\":\"https:\/\/staging.consorziovaccherosse.blacksolutions.net\/wp-content\/uploads\/aziende-associate-hero.jpg\",\"datePublished\":\"2015-04-20T08:25:32+00:00\",\"dateModified\":\"2024-02-11T11:27:22+00:00\",\"description\":\"Liste der Unternehmen, die Milch von Reggiana Red Cows an das Reggio Emilia Consortium liefern.\",\"breadcrumb\":{\"@id\":\"https:\/\/staging.consorziovaccherosse.blacksolutions.net\/de\/das-consorzio\/die-mitgliedsunternehmen\/#breadcrumb\"},\"inLanguage\":\"de\",\"potentialAction\":[{\"@type\":\"ReadAction\",\"target\":[\"https:\/\/staging.consorziovaccherosse.blacksolutions.net\/de\/das-consorzio\/die-mitgliedsunternehmen\/\"]}]},{\"@type\":\"ImageObject\",\"inLanguage\":\"de\",\"@id\":\"https:\/\/staging.consorziovaccherosse.blacksolutions.net\/de\/das-consorzio\/die-mitgliedsunternehmen\/#primaryimage\",\"url\":\"https:\/\/staging.consorziovaccherosse.blacksolutions.net\/wp-content\/uploads\/aziende-associate-hero.jpg\",\"contentUrl\":\"https:\/\/staging.consorziovaccherosse.blacksolutions.net\/wp-content\/uploads\/aziende-associate-hero.jpg\",\"width\":2000,\"height\":1500},{\"@type\":\"BreadcrumbList\",\"@id\":\"https:\/\/staging.consorziovaccherosse.blacksolutions.net\/de\/das-consorzio\/die-mitgliedsunternehmen\/#breadcrumb\",\"itemListElement\":[{\"@type\":\"ListItem\",\"position\":1,\"name\":\"Home\",\"item\":\"https:\/\/staging.consorziovaccherosse.blacksolutions.net\/de\/\"},{\"@type\":\"ListItem\",\"position\":2,\"name\":\"Das Consorzio\",\"item\":\"https:\/\/staging.consorziovaccherosse.blacksolutions.net\/de\/das-consorzio\/geschichte-des-consorzio\/\"},{\"@type\":\"ListItem\",\"position\":3,\"name\":\"Die Mitgliedsunternehmen\"}]},{\"@type\":\"WebSite\",\"@id\":\"https:\/\/staging.consorziovaccherosse.blacksolutions.net\/de\/#website\",\"url\":\"https:\/\/staging.consorziovaccherosse.blacksolutions.net\/de\/\",\"name\":\"Consorzio Vacche Rosse\",\"description\":\"Parmigiano Reggiano Vacche Rosse di Razza Reggiana\",\"publisher\":{\"@id\":\"https:\/\/staging.consorziovaccherosse.blacksolutions.net\/de\/#organization\"},\"potentialAction\":[{\"@type\":\"SearchAction\",\"target\":{\"@type\":\"EntryPoint\",\"urlTemplate\":\"https:\/\/staging.consorziovaccherosse.blacksolutions.net\/de\/?s={search_term_string}\"},\"query-input\":{\"@type\":\"PropertyValueSpecification\",\"valueRequired\":true,\"valueName\":\"search_term_string\"}}],\"inLanguage\":\"de\"},{\"@type\":\"Organization\",\"@id\":\"https:\/\/staging.consorziovaccherosse.blacksolutions.net\/de\/#organization\",\"name\":\"Consorzio Vacche Rosse\",\"url\":\"https:\/\/staging.consorziovaccherosse.blacksolutions.net\/de\/\",\"logo\":{\"@type\":\"ImageObject\",\"inLanguage\":\"de\",\"@id\":\"https:\/\/staging.consorziovaccherosse.blacksolutions.net\/de\/#\/schema\/logo\/image\/\",\"url\":\"https:\/\/staging.consorziovaccherosse.blacksolutions.net\/wp-content\/uploads\/logo-consorzio-vacche-rosse-rgb.jpg\",\"contentUrl\":\"https:\/\/staging.consorziovaccherosse.blacksolutions.net\/wp-content\/uploads\/logo-consorzio-vacche-rosse-rgb.jpg\",\"width\":1920,\"height\":1920,\"caption\":\"Consorzio Vacche Rosse\"},\"image\":{\"@id\":\"https:\/\/staging.consorziovaccherosse.blacksolutions.net\/de\/#\/schema\/logo\/image\/\"},\"sameAs\":[\"https:\/\/www.facebook.com\/consorziovaccherosse\",\"https:\/\/x.com\/consvaccherosse\"]}]}<\/script>\n<!-- \/ Yoast SEO Premium plugin. -->","yoast_head_json":{"title":"Die Mitgliedsunternehmen - Consorzio Vacche Rosse","description":"Liste der Unternehmen, die Milch von Reggiana Red Cows an das Reggio Emilia Consortium liefern.","robots":{"index":"noindex","follow":"follow","max-snippet":"max-snippet:-1","max-image-preview":"max-image-preview:large","max-video-preview":"max-video-preview:-1"},"og_locale":"de_DE","og_type":"article","og_title":"Die Mitgliedsunternehmen","og_description":"Liste der Unternehmen, die Milch von Reggiana Red Cows an das Reggio Emilia Consortium liefern.","og_url":"https:\/\/staging.consorziovaccherosse.blacksolutions.net\/de\/das-consorzio\/die-mitgliedsunternehmen\/","og_site_name":"Consorzio Vacche Rosse","article_publisher":"https:\/\/www.facebook.com\/consorziovaccherosse","article_modified_time":"2024-02-11T11:27:22+00:00","og_image":[{"width":2000,"height":1500,"url":"https:\/\/staging.consorziovaccherosse.blacksolutions.net\/wp-content\/uploads\/aziende-associate-hero.jpg","type":"image\/jpeg"}],"twitter_misc":{"Gesch\u00e4tzte Lesezeit":"3\u00a0Minuten"},"schema":{"@context":"https:\/\/schema.org","@graph":[{"@type":"WebPage","@id":"https:\/\/staging.consorziovaccherosse.blacksolutions.net\/de\/das-consorzio\/die-mitgliedsunternehmen\/","url":"https:\/\/staging.consorziovaccherosse.blacksolutions.net\/de\/das-consorzio\/die-mitgliedsunternehmen\/","name":"Die Mitgliedsunternehmen - Consorzio Vacche Rosse","isPartOf":{"@id":"https:\/\/staging.consorziovaccherosse.blacksolutions.net\/de\/#website"},"primaryImageOfPage":{"@id":"https:\/\/staging.consorziovaccherosse.blacksolutions.net\/de\/das-consorzio\/die-mitgliedsunternehmen\/#primaryimage"},"image":{"@id":"https:\/\/staging.consorziovaccherosse.blacksolutions.net\/de\/das-consorzio\/die-mitgliedsunternehmen\/#primaryimage"},"thumbnailUrl":"https:\/\/staging.consorziovaccherosse.blacksolutions.net\/wp-content\/uploads\/aziende-associate-hero.jpg","datePublished":"2015-04-20T08:25:32+00:00","dateModified":"2024-02-11T11:27:22+00:00","description":"Liste der Unternehmen, die Milch von Reggiana Red Cows an das Reggio Emilia Consortium liefern.","breadcrumb":{"@id":"https:\/\/staging.consorziovaccherosse.blacksolutions.net\/de\/das-consorzio\/die-mitgliedsunternehmen\/#breadcrumb"},"inLanguage":"de","potentialAction":[{"@type":"ReadAction","target":["https:\/\/staging.consorziovaccherosse.blacksolutions.net\/de\/das-consorzio\/die-mitgliedsunternehmen\/"]}]},{"@type":"ImageObject","inLanguage":"de","@id":"https:\/\/staging.consorziovaccherosse.blacksolutions.net\/de\/das-consorzio\/die-mitgliedsunternehmen\/#primaryimage","url":"https:\/\/staging.consorziovaccherosse.blacksolutions.net\/wp-content\/uploads\/aziende-associate-hero.jpg","contentUrl":"https:\/\/staging.consorziovaccherosse.blacksolutions.net\/wp-content\/uploads\/aziende-associate-hero.jpg","width":2000,"height":1500},{"@type":"BreadcrumbList","@id":"https:\/\/staging.consorziovaccherosse.blacksolutions.net\/de\/das-consorzio\/die-mitgliedsunternehmen\/#breadcrumb","itemListElement":[{"@type":"ListItem","position":1,"name":"Home","item":"https:\/\/staging.consorziovaccherosse.blacksolutions.net\/de\/"},{"@type":"ListItem","position":2,"name":"Das Consorzio","item":"https:\/\/staging.consorziovaccherosse.blacksolutions.net\/de\/das-consorzio\/geschichte-des-consorzio\/"},{"@type":"ListItem","position":3,"name":"Die Mitgliedsunternehmen"}]},{"@type":"WebSite","@id":"https:\/\/staging.consorziovaccherosse.blacksolutions.net\/de\/#website","url":"https:\/\/staging.consorziovaccherosse.blacksolutions.net\/de\/","name":"Consorzio Vacche Rosse","description":"Parmigiano Reggiano Vacche Rosse di Razza Reggiana","publisher":{"@id":"https:\/\/staging.consorziovaccherosse.blacksolutions.net\/de\/#organization"},"potentialAction":[{"@type":"SearchAction","target":{"@type":"EntryPoint","urlTemplate":"https:\/\/staging.consorziovaccherosse.blacksolutions.net\/de\/?s={search_term_string}"},"query-input":{"@type":"PropertyValueSpecification","valueRequired":true,"valueName":"search_term_string"}}],"inLanguage":"de"},{"@type":"Organization","@id":"https:\/\/staging.consorziovaccherosse.blacksolutions.net\/de\/#organization","name":"Consorzio Vacche Rosse","url":"https:\/\/staging.consorziovaccherosse.blacksolutions.net\/de\/","logo":{"@type":"ImageObject","inLanguage":"de","@id":"https:\/\/staging.consorziovaccherosse.blacksolutions.net\/de\/#\/schema\/logo\/image\/","url":"https:\/\/staging.consorziovaccherosse.blacksolutions.net\/wp-content\/uploads\/logo-consorzio-vacche-rosse-rgb.jpg","contentUrl":"https:\/\/staging.consorziovaccherosse.blacksolutions.net\/wp-content\/uploads\/logo-consorzio-vacche-rosse-rgb.jpg","width":1920,"height":1920,"caption":"Consorzio Vacche Rosse"},"image":{"@id":"https:\/\/staging.consorziovaccherosse.blacksolutions.net\/de\/#\/schema\/logo\/image\/"},"sameAs":["https:\/\/www.facebook.com\/consorziovaccherosse","https:\/\/x.com\/consvaccherosse"]}]}},"_links":{"self":[{"href":"https:\/\/staging.consorziovaccherosse.blacksolutions.net\/de\/wp-json\/wp\/v2\/pages\/1390","targetHints":{"allow":["GET"]}}],"collection":[{"href":"https:\/\/staging.consorziovaccherosse.blacksolutions.net\/de\/wp-json\/wp\/v2\/pages"}],"about":[{"href":"https:\/\/staging.consorziovaccherosse.blacksolutions.net\/de\/wp-json\/wp\/v2\/types\/page"}],"author":[{"embeddable":true,"href":"https:\/\/staging.consorziovaccherosse.blacksolutions.net\/de\/wp-json\/wp\/v2\/users\/80549"}],"replies":[{"embeddable":true,"href":"https:\/\/staging.consorziovaccherosse.blacksolutions.net\/de\/wp-json\/wp\/v2\/comments?post=1390"}],"version-history":[{"count":10,"href":"https:\/\/staging.consorziovaccherosse.blacksolutions.net\/de\/wp-json\/wp\/v2\/pages\/1390\/revisions"}],"predecessor-version":[{"id":165429,"href":"https:\/\/staging.consorziovaccherosse.blacksolutions.net\/de\/wp-json\/wp\/v2\/pages\/1390\/revisions\/165429"}],"up":[{"embeddable":true,"href":"https:\/\/staging.consorziovaccherosse.blacksolutions.net\/de\/wp-json\/wp\/v2\/pages\/1412"}],"wp:featuredmedia":[{"embeddable":true,"href":"https:\/\/staging.consorziovaccherosse.blacksolutions.net\/de\/wp-json\/wp\/v2\/media\/154183"}],"wp:attachment":[{"href":"https:\/\/staging.consorziovaccherosse.blacksolutions.net\/de\/wp-json\/wp\/v2\/media?parent=1390"}],"curies":[{"name":"wp","href":"https:\/\/api.w.org\/{rel}","templated":true}]}}