{"id":141579,"date":"2020-12-11T17:47:41","date_gmt":"2020-12-11T16:47:41","guid":{"rendered":"https:\/\/staging.consorziovaccherosse.blacksolutions.net\/?page_id=141579"},"modified":"2025-06-04T17:56:46","modified_gmt":"2025-06-04T15:56:46","slug":"preise-und-versandkosten","status":"publish","type":"page","link":"https:\/\/staging.consorziovaccherosse.blacksolutions.net\/de\/shop\/preise-und-versandkosten\/","title":{"rendered":"Preise und Versandkosten"},"content":{"rendered":"\n<p>Die Produktpreise auf dieser Website sind in Euro angegeben und enthalten nicht die Versandkosten f\u00fcr Hauslieferungen. Diese Kosten werden basierend auf dem Warenkorbwert und dem Zielort berechnet, inklusive Mehrwertsteuer und werden in der Bestellbest\u00e4tigung zusammengefasst.<\/p>\n\n\n\n<p>Lieferungen innerhalb Italiens erfolgen mit einem gek\u00fchlten Kurier bei kontrollierter Temperatur (0 \u2013 4 \u00b0C), um die Frische und die ausgezeichneten organoleptischen Qualit\u00e4ten unserer Lebensmittel bestm\u00f6glich zu erhalten. F\u00fcr internationale Sendungen verwenden wir isolierte Kartonverpackungen mit K\u00fchlungsgel.<\/p>\n\n\n\n<p>Seit 2020 gilt ein Beitrag zu den Transportkosten, der automatisch auf Eink\u00e4ufe in unserem Online-Shop angewendet wird. Es handelt sich um eine Ma\u00dfnahme, die wir w\u00e4hrend der schwierigsten Phase der Pandemie ergriffen haben, als Form der Unterst\u00fctzung f\u00fcr die Gemeinschaft, die wir im Laufe der Zeit erneuert haben, bis sie endg\u00fcltig wurde. Dieser besondere Beitrag aktualisiert und verbessert die Versandkosten f\u00fcr Ihre Eink\u00e4ufe gem\u00e4\u00df der folgenden Tabelle.<\/p>\n\n\n\n<p><strong>VERSAND IN ITALIEN<\/strong>&nbsp;<em>mit K\u00fchlkurier<\/em>:<\/p>\n\n\n\n<figure class=\"wp-block-table\"><table><tbody><tr><td><em>Gesamte Bestellung<\/em><\/td><td class=\"has-text-align-center\" data-align=\"center\">Bis zu 100 \u20ac<\/td><td class=\"has-text-align-center\" data-align=\"center\">Von 100 \u20ac bis 200 \u20ac<\/td><td class=\"has-text-align-center\" data-align=\"center\">\u00dcber 200 \u20ac<\/td><\/tr><tr><td><strong>NORDITALIEN<\/strong><\/td><td class=\"has-text-align-center\" data-align=\"center\">33,00 \u20ac<\/td><td class=\"has-text-align-center\" data-align=\"center\">18,00 \u20ac<\/td><td class=\"has-text-align-center\" data-align=\"center\">KOSTENLOSER VERSAND<\/td><\/tr><tr><td><strong>ZENTRALITALIEN<\/strong><\/td><td class=\"has-text-align-center\" data-align=\"center\">36,00 \u20ac<\/td><td class=\"has-text-align-center\" data-align=\"center\">21,00 \u20ac<\/td><td class=\"has-text-align-center\" data-align=\"center\">KOSTENLOSER VERSAND<\/td><\/tr><tr><td><strong>S\u00dcDITALIEN<\/strong><\/td><td class=\"has-text-align-center\" data-align=\"center\">37,00 \u20ac<\/td><td class=\"has-text-align-center\" data-align=\"center\">22,00 \u20ac<\/td><td class=\"has-text-align-center\" data-align=\"center\">KOSTENLOSER VERSAND<\/td><\/tr><tr><td><strong>INSELN ITALIENS<\/strong><\/td><td class=\"has-text-align-center\" data-align=\"center\">40,00 \u20ac<\/td><td class=\"has-text-align-center\" data-align=\"center\">25,00 \u20ac<\/td><td class=\"has-text-align-center\" data-align=\"center\">KOSTENLOSER VERSAND<\/td><\/tr><\/tbody><\/table><\/figure>\n\n\n\n<p><strong>INTERNATIONALE VERSAND<\/strong>\u00a0<em>mit K\u00fchlgel<\/em>:<br>Der besondere Beitrag wird auf unserem Online-Shop wie folgt angewendet: 15 \u20ac Rabatt auf die Versandkosten f\u00fcr Bestellungen \u00fcber 100 \u20ac und 30 \u20ac Rabatt f\u00fcr Bestellungen \u00fcber 200 \u20ac. Nachfolgend finden Sie die Referenztabelle f\u00fcr internationale Lieferungen.<\/p>\n\n\n\n<p><strong>F\u00fcr internationale Sendungen:<\/strong><\/p>\n\n\n<div class=\"table-responsive\"><table  style=\"width:700px; \"  class=\"easy-table easy-table-default \" >\n<thead>\r\n<tr><th >PRICES IN \u20ac<\/th>\n<th >5 kg<\/th>\n<th >10 kg<\/th>\n<th >15 kg<\/th>\n<th >20 kg<\/th>\n<th >25 kg<\/th>\n<th >30 kg<\/th>\n<th >35 kg<\/th>\n<th >40 kg<\/th>\n<th >45 kg<\/th>\n<th >50 kg<\/th>\n<\/tr>\n<\/thead>\n<tbody>\r\n<tr><td >AREA 1<\/td>\n<td >35.00<\/td>\n<td >39.00<\/td>\n<td >54.00<\/td>\n<td >56.00<\/td>\n<td >86.00<\/td>\n<td >89.00<\/td>\n<td >108.00<\/td>\n<td >108.00<\/td>\n<td >133.00<\/td>\n<td >133.00<\/td>\n<\/tr>\n\r\n<tr><td >AREA 2<\/td>\n<td >41.00<\/td>\n<td >44.00<\/td>\n<td >62.00<\/td>\n<td >64.00<\/td>\n<td >85.00<\/td>\n<td >88.00<\/td>\n<td >113.00<\/td>\n<td >113.00<\/td>\n<td >137.00<\/td>\n<td >137.00<\/td>\n<\/tr>\n\r\n<tr><td >AREA 3<\/td>\n<td >46.00<\/td>\n<td >50.00<\/td>\n<td >68.00<\/td>\n<td >71.00<\/td>\n<td >93.00<\/td>\n<td >96.00<\/td>\n<td >125.00<\/td>\n<td >125.00<\/td>\n<td >155.00<\/td>\n<td >155.00<\/td>\n<\/tr>\n\r\n<tr><td >AREA 4<\/td>\n<td >50.00<\/td>\n<td >54.00<\/td>\n<td >79.00<\/td>\n<td >85.00<\/td>\n<td >97.00<\/td>\n<td >112.00<\/td>\n<td >128.00<\/td>\n<td >140.00<\/td>\n<td >157.00<\/td>\n<td >157.00<\/td>\n<\/tr>\n\r\n<tr><td >AREA PRINCIPATO DI MONACO*<\/td>\n<td >35.00<\/td>\n<td >39.00<\/td>\n<td >54.00<\/td>\n<td >56.00<\/td>\n<td >86.00<\/td>\n<td >89.00<\/td>\n<td >108.00<\/td>\n<td >108.00<\/td>\n<td >133.00<\/td>\n<td >133.00<\/td>\n<\/tr>\n<\/tbody><\/table><\/div>\n\n\n\n<p><em>*F\u00fcr das F\u00fcrstentum Monaco werden zu den angegebenen Preisen zum Zeitpunkt des Kaufs automatisch 15,00 \u20ac Zollgeb\u00fchren hinzugerechnet.<\/em><\/p>\n\n\n<div class=\"table-responsive\"><table  style=\"width:700px; \"  class=\"easy-table easy-table-default \" >\n<thead>\r\n<tr><th >Nation<\/th>\n<th > Pricing Area<\/th>\n<\/tr>\n<\/thead>\n<tbody>\r\n<tr><td >Austria<\/td>\n<td > 1<\/td>\n<\/tr>\n\r\n<tr><td >Belgium<\/td>\n<td > 1<\/td>\n<\/tr>\n\r\n<tr><td >Bulgaria<\/td>\n<td > 4<\/td>\n<\/tr>\n\r\n<tr><td >Croatia<\/td>\n<td > 3<\/td>\n<\/tr>\n\r\n<tr><td >Czech Republic<\/td>\n<td > 4<\/td>\n<\/tr>\n\r\n<tr><td >Denmark<\/td>\n<td > 3<\/td>\n<\/tr>\n\r\n<tr><td >Estonia<\/td>\n<td > 4<\/td>\n<\/tr>\n\r\n<tr><td >Finland<\/td>\n<td > 3<\/td>\n<\/tr>\n\r\n<tr><td >France<\/td>\n<td > 1<\/td>\n<\/tr>\n\r\n<tr><td >Germany<\/td>\n<td > 1<\/td>\n<\/tr>\n\r\n<tr><td >Greece<\/td>\n<td > 3<\/td>\n<\/tr>\n\r\n<tr><td >Hungary<\/td>\n<td > 4<\/td>\n<\/tr>\n\r\n<tr><td >Ireland<\/td>\n<td > 3<\/td>\n<\/tr>\n\r\n<tr><td >Latvia<\/td>\n<td > 4<\/td>\n<\/tr>\n\r\n<tr><td >Lithuania<\/td>\n<td > 4<\/td>\n<\/tr>\n\r\n<tr><td >Luxembourg<\/td>\n<td > 1<\/td>\n<\/tr>\n\r\n<tr><td >Netherlands<\/td>\n<td > 1<\/td>\n<\/tr>\n\r\n<tr><td >Poland<\/td>\n<td > 4<\/td>\n<\/tr>\n\r\n<tr><td >Portugal<\/td>\n<td > 3<\/td>\n<\/tr>\n\r\n<tr><td >Romania<\/td>\n<td > 4<\/td>\n<\/tr>\n\r\n<tr><td >Slovakia<\/td>\n<td > 4<\/td>\n<\/tr>\n\r\n<tr><td >Slovenia<\/td>\n<td > 4<\/td>\n<\/tr>\n\r\n<tr><td >Spain<\/td>\n<td > 3<\/td>\n<\/tr>\n\r\n<tr><td >Sweden<\/td>\n<td > 3<\/td>\n<\/tr>\n<\/tbody><\/table><\/div>\n\n\n\n<p class=\"has-text-align-center\"><strong>KANN NICHT IN DIE VEREINIGTEN STAATEN VERSANDEN<\/strong><\/p>\n","protected":false},"excerpt":{"rendered":"","protected":false},"author":8,"featured_media":0,"parent":10436,"menu_order":142,"comment_status":"open","ping_status":"closed","template":"","meta":{"_acf_changed":false,"inline_featured_image":false,"_genesis_hide_title":false,"_genesis_hide_breadcrumbs":false,"_genesis_hide_singular_image":false,"_genesis_hide_footer_widgets":false,"_genesis_custom_body_class":"","_genesis_custom_post_class":"","_genesis_layout":"","footnotes":"","_links_to":"","_links_to_target":""},"class_list":{"0":"post-141579","1":"page","2":"type-page","3":"status-publish","5":"entry"},"acf":[],"yoast_head":"<!-- This site is optimized with the Yoast SEO Premium plugin v24.3 (Yoast SEO v27.2) - https:\/\/yoast.com\/product\/yoast-seo-premium-wordpress\/ -->\n<title>Preise und Versandkosten - Consorzio Vacche Rosse<\/title>\n<meta name=\"robots\" content=\"noindex, follow\" \/>\n<meta property=\"og:locale\" content=\"de_DE\" \/>\n<meta property=\"og:type\" content=\"article\" \/>\n<meta property=\"og:title\" content=\"Preise und Versandkosten\" \/>\n<meta property=\"og:url\" content=\"https:\/\/staging.consorziovaccherosse.blacksolutions.net\/de\/shop\/preise-und-versandkosten\/\" \/>\n<meta property=\"og:site_name\" content=\"Consorzio Vacche Rosse\" \/>\n<meta property=\"article:publisher\" content=\"https:\/\/www.facebook.com\/consorziovaccherosse\" \/>\n<meta property=\"article:modified_time\" content=\"2025-06-04T15:56:46+00:00\" \/>\n<meta property=\"og:image\" content=\"https:\/\/staging.consorziovaccherosse.blacksolutions.net\/wp-content\/uploads\/Prodotti-CVR-1024x710.png\" \/>\n\t<meta property=\"og:image:width\" content=\"1024\" \/>\n\t<meta property=\"og:image:height\" content=\"710\" \/>\n\t<meta property=\"og:image:type\" content=\"image\/png\" \/>\n<meta name=\"twitter:label1\" content=\"Gesch\u00e4tzte Lesezeit\" \/>\n\t<meta name=\"twitter:data1\" content=\"2\u00a0Minuten\" \/>\n<script type=\"application\/ld+json\" class=\"yoast-schema-graph\">{\"@context\":\"https:\/\/schema.org\",\"@graph\":[{\"@type\":\"WebPage\",\"@id\":\"https:\/\/staging.consorziovaccherosse.blacksolutions.net\/de\/shop\/preise-und-versandkosten\/\",\"url\":\"https:\/\/staging.consorziovaccherosse.blacksolutions.net\/de\/shop\/preise-und-versandkosten\/\",\"name\":\"Preise und Versandkosten - Consorzio Vacche Rosse\",\"isPartOf\":{\"@id\":\"https:\/\/staging.consorziovaccherosse.blacksolutions.net\/de\/#website\"},\"datePublished\":\"2020-12-11T16:47:41+00:00\",\"dateModified\":\"2025-06-04T15:56:46+00:00\",\"breadcrumb\":{\"@id\":\"https:\/\/staging.consorziovaccherosse.blacksolutions.net\/de\/shop\/preise-und-versandkosten\/#breadcrumb\"},\"inLanguage\":\"de\",\"potentialAction\":[{\"@type\":\"ReadAction\",\"target\":[\"https:\/\/staging.consorziovaccherosse.blacksolutions.net\/de\/shop\/preise-und-versandkosten\/\"]}]},{\"@type\":\"BreadcrumbList\",\"@id\":\"https:\/\/staging.consorziovaccherosse.blacksolutions.net\/de\/shop\/preise-und-versandkosten\/#breadcrumb\",\"itemListElement\":[{\"@type\":\"ListItem\",\"position\":1,\"name\":\"Home\",\"item\":\"https:\/\/staging.consorziovaccherosse.blacksolutions.net\/de\/\"},{\"@type\":\"ListItem\",\"position\":2,\"name\":\"Shop\",\"item\":\"https:\/\/staging.consorziovaccherosse.blacksolutions.net\/de\/shop\/\"},{\"@type\":\"ListItem\",\"position\":3,\"name\":\"Preise und Versandkosten\"}]},{\"@type\":\"WebSite\",\"@id\":\"https:\/\/staging.consorziovaccherosse.blacksolutions.net\/de\/#website\",\"url\":\"https:\/\/staging.consorziovaccherosse.blacksolutions.net\/de\/\",\"name\":\"Consorzio Vacche Rosse\",\"description\":\"Parmigiano Reggiano Vacche Rosse di Razza Reggiana\",\"publisher\":{\"@id\":\"https:\/\/staging.consorziovaccherosse.blacksolutions.net\/de\/#organization\"},\"potentialAction\":[{\"@type\":\"SearchAction\",\"target\":{\"@type\":\"EntryPoint\",\"urlTemplate\":\"https:\/\/staging.consorziovaccherosse.blacksolutions.net\/de\/?s={search_term_string}\"},\"query-input\":{\"@type\":\"PropertyValueSpecification\",\"valueRequired\":true,\"valueName\":\"search_term_string\"}}],\"inLanguage\":\"de\"},{\"@type\":\"Organization\",\"@id\":\"https:\/\/staging.consorziovaccherosse.blacksolutions.net\/de\/#organization\",\"name\":\"Consorzio Vacche Rosse\",\"url\":\"https:\/\/staging.consorziovaccherosse.blacksolutions.net\/de\/\",\"logo\":{\"@type\":\"ImageObject\",\"inLanguage\":\"de\",\"@id\":\"https:\/\/staging.consorziovaccherosse.blacksolutions.net\/de\/#\/schema\/logo\/image\/\",\"url\":\"https:\/\/staging.consorziovaccherosse.blacksolutions.net\/wp-content\/uploads\/logo-consorzio-vacche-rosse-rgb.jpg\",\"contentUrl\":\"https:\/\/staging.consorziovaccherosse.blacksolutions.net\/wp-content\/uploads\/logo-consorzio-vacche-rosse-rgb.jpg\",\"width\":1920,\"height\":1920,\"caption\":\"Consorzio Vacche Rosse\"},\"image\":{\"@id\":\"https:\/\/staging.consorziovaccherosse.blacksolutions.net\/de\/#\/schema\/logo\/image\/\"},\"sameAs\":[\"https:\/\/www.facebook.com\/consorziovaccherosse\",\"https:\/\/x.com\/consvaccherosse\"]}]}<\/script>\n<!-- \/ Yoast SEO Premium plugin. -->","yoast_head_json":{"title":"Preise und Versandkosten - Consorzio Vacche Rosse","robots":{"index":"noindex","follow":"follow"},"og_locale":"de_DE","og_type":"article","og_title":"Preise und Versandkosten","og_url":"https:\/\/staging.consorziovaccherosse.blacksolutions.net\/de\/shop\/preise-und-versandkosten\/","og_site_name":"Consorzio Vacche Rosse","article_publisher":"https:\/\/www.facebook.com\/consorziovaccherosse","article_modified_time":"2025-06-04T15:56:46+00:00","og_image":[{"width":1024,"height":710,"url":"https:\/\/staging.consorziovaccherosse.blacksolutions.net\/wp-content\/uploads\/Prodotti-CVR-1024x710.png","type":"image\/png"}],"twitter_misc":{"Gesch\u00e4tzte Lesezeit":"2\u00a0Minuten"},"schema":{"@context":"https:\/\/schema.org","@graph":[{"@type":"WebPage","@id":"https:\/\/staging.consorziovaccherosse.blacksolutions.net\/de\/shop\/preise-und-versandkosten\/","url":"https:\/\/staging.consorziovaccherosse.blacksolutions.net\/de\/shop\/preise-und-versandkosten\/","name":"Preise und Versandkosten - Consorzio Vacche Rosse","isPartOf":{"@id":"https:\/\/staging.consorziovaccherosse.blacksolutions.net\/de\/#website"},"datePublished":"2020-12-11T16:47:41+00:00","dateModified":"2025-06-04T15:56:46+00:00","breadcrumb":{"@id":"https:\/\/staging.consorziovaccherosse.blacksolutions.net\/de\/shop\/preise-und-versandkosten\/#breadcrumb"},"inLanguage":"de","potentialAction":[{"@type":"ReadAction","target":["https:\/\/staging.consorziovaccherosse.blacksolutions.net\/de\/shop\/preise-und-versandkosten\/"]}]},{"@type":"BreadcrumbList","@id":"https:\/\/staging.consorziovaccherosse.blacksolutions.net\/de\/shop\/preise-und-versandkosten\/#breadcrumb","itemListElement":[{"@type":"ListItem","position":1,"name":"Home","item":"https:\/\/staging.consorziovaccherosse.blacksolutions.net\/de\/"},{"@type":"ListItem","position":2,"name":"Shop","item":"https:\/\/staging.consorziovaccherosse.blacksolutions.net\/de\/shop\/"},{"@type":"ListItem","position":3,"name":"Preise und Versandkosten"}]},{"@type":"WebSite","@id":"https:\/\/staging.consorziovaccherosse.blacksolutions.net\/de\/#website","url":"https:\/\/staging.consorziovaccherosse.blacksolutions.net\/de\/","name":"Consorzio Vacche Rosse","description":"Parmigiano Reggiano Vacche Rosse di Razza Reggiana","publisher":{"@id":"https:\/\/staging.consorziovaccherosse.blacksolutions.net\/de\/#organization"},"potentialAction":[{"@type":"SearchAction","target":{"@type":"EntryPoint","urlTemplate":"https:\/\/staging.consorziovaccherosse.blacksolutions.net\/de\/?s={search_term_string}"},"query-input":{"@type":"PropertyValueSpecification","valueRequired":true,"valueName":"search_term_string"}}],"inLanguage":"de"},{"@type":"Organization","@id":"https:\/\/staging.consorziovaccherosse.blacksolutions.net\/de\/#organization","name":"Consorzio Vacche Rosse","url":"https:\/\/staging.consorziovaccherosse.blacksolutions.net\/de\/","logo":{"@type":"ImageObject","inLanguage":"de","@id":"https:\/\/staging.consorziovaccherosse.blacksolutions.net\/de\/#\/schema\/logo\/image\/","url":"https:\/\/staging.consorziovaccherosse.blacksolutions.net\/wp-content\/uploads\/logo-consorzio-vacche-rosse-rgb.jpg","contentUrl":"https:\/\/staging.consorziovaccherosse.blacksolutions.net\/wp-content\/uploads\/logo-consorzio-vacche-rosse-rgb.jpg","width":1920,"height":1920,"caption":"Consorzio Vacche Rosse"},"image":{"@id":"https:\/\/staging.consorziovaccherosse.blacksolutions.net\/de\/#\/schema\/logo\/image\/"},"sameAs":["https:\/\/www.facebook.com\/consorziovaccherosse","https:\/\/x.com\/consvaccherosse"]}]}},"_links":{"self":[{"href":"https:\/\/staging.consorziovaccherosse.blacksolutions.net\/de\/wp-json\/wp\/v2\/pages\/141579","targetHints":{"allow":["GET"]}}],"collection":[{"href":"https:\/\/staging.consorziovaccherosse.blacksolutions.net\/de\/wp-json\/wp\/v2\/pages"}],"about":[{"href":"https:\/\/staging.consorziovaccherosse.blacksolutions.net\/de\/wp-json\/wp\/v2\/types\/page"}],"author":[{"embeddable":true,"href":"https:\/\/staging.consorziovaccherosse.blacksolutions.net\/de\/wp-json\/wp\/v2\/users\/8"}],"replies":[{"embeddable":true,"href":"https:\/\/staging.consorziovaccherosse.blacksolutions.net\/de\/wp-json\/wp\/v2\/comments?post=141579"}],"version-history":[{"count":1,"href":"https:\/\/staging.consorziovaccherosse.blacksolutions.net\/de\/wp-json\/wp\/v2\/pages\/141579\/revisions"}],"predecessor-version":[{"id":141582,"href":"https:\/\/staging.consorziovaccherosse.blacksolutions.net\/de\/wp-json\/wp\/v2\/pages\/141579\/revisions\/141582"}],"up":[{"embeddable":true,"href":"https:\/\/staging.consorziovaccherosse.blacksolutions.net\/de\/wp-json\/wp\/v2\/pages\/10436"}],"wp:attachment":[{"href":"https:\/\/staging.consorziovaccherosse.blacksolutions.net\/de\/wp-json\/wp\/v2\/media?parent=141579"}],"curies":[{"name":"wp","href":"https:\/\/api.w.org\/{rel}","templated":true}]}}