{"id":146941,"date":"2021-11-12T11:05:11","date_gmt":"2021-11-12T10:05:11","guid":{"rendered":"https:\/\/staging.consorziovaccherosse.blacksolutions.net\/?page_id=146941"},"modified":"2024-01-22T20:40:13","modified_gmt":"2024-01-22T19:40:13","slug":"nuetzliche-informationen-zur-lieferung","status":"publish","type":"page","link":"https:\/\/staging.consorziovaccherosse.blacksolutions.net\/de\/shop\/nuetzliche-informationen-zur-lieferung\/","title":{"rendered":"N\u00fctzliche Informationen zur Lieferung"},"content":{"rendered":"\n<p>Aus der Milch der Reggiana-Rasse kreieren wir t\u00e4glich geschmacks- und n\u00e4hrstoffreiche Lebensmittel, darunter unseren Parmigiano Reggiano Vacche Rosse. Wenn sie in unserem Online-Shop gekauft werden, ist es daher wichtig, dass ihre Exzellenz unversehrt an ihrem Bestimmungsort ankommt, als ob sie frisch aus der Molkerei w\u00e4ren.<br>Deshalb versenden wir sie per K\u00fchlkurier bei einer kontrollierten Temperatur von 0 &#8211; 4 \u00b0C, um die K\u00fchlkette konstant zu halten und sie somit in bester Qualit\u00e4t zu liefern.<br>Um unsere Produkte optimal zu erhalten, ist es wichtig, folgende Aspekte zu kennen:<\/p>\n\n\n\n<ul class=\"wp-block-list\"><li>Sobald Sie einen Kauf get\u00e4tigt haben, sendet Ihnen der Kurier eine E-Mail mit dem Tracking-Code, um die Sendung zu verfolgen. Au\u00dferdem erhalten Sie per E-Mail eine Benachrichtigung \u00fcber den Liefertermin. Derzeit sehen die K\u00fchlkuriere aufgrund der Besonderheit ihres Dienstes nicht die M\u00f6glichkeit vor, bestimmte Zeitfenster und telefonische Benachrichtigungen anzufordern.<\/li><li>Wir empfehlen Ihnen, eine Lieferadresse anzugeben, bei der die Anwesenheit einer Person, die die bestellten Produkte abholt, sicher ist. Um ihre Qualit\u00e4t zu sch\u00fctzen, schlie\u00dft der Versand per K\u00fchlkurier die M\u00f6glichkeit aus, sie unbeaufsichtigt zu lassen.<\/li><li>Bei Nichtzustellung aufgrund der Abwesenheit des Empf\u00e4ngers kann der Kurier zus\u00e4tzliche Versandkosten berechnen.<\/li><li>Aus besonderen Gr\u00fcnden oder Unw\u00e4gbarkeiten kann es zu einer hohen Nachfrage nach Hauszustellungen kommen, die das Logistiksystem der Kuriere vor Probleme stellt. Daher kann es zu Verz\u00f6gerungen in Bezug auf den geplanten Termin kommen, die sich unserer Kontrolle entziehen.<\/li><\/ul>\n\n\n\n<p>Sollten Sie besondere W\u00fcnsche VOR dem Kauf haben, setzen Sie sich bitte mit uns in Verbindung, um gemeinsam deren Machbarkeit zu pr\u00fcfen. Wir geben jeden Tag unser Bestes, um die Lieferung unserer Produkte einfach und bequem zu gestalten. Wir stehen jedoch f\u00fcr jede Notwendigkeit und Kl\u00e4rung zur Verf\u00fcgung.<br>Schreiben Sie uns an<strong> <a href=\"mailto:info@consorziovaccherosse.it\">info@consorziovaccherosse.it<\/a> <\/strong>oder rufen Sie uns unter <strong><a href=\"te:+390522294655\">0522 294655<\/a><\/strong> an.<\/p>\n\n\n\n<p>Und danke, dass Sie hier bei uns sind.<\/p>\n","protected":false},"excerpt":{"rendered":"<p>Aus der Milch der Reggiana-Rasse kreieren wir t\u00e4glich geschmacks- und n\u00e4hrstoffreiche Lebensmittel, darunter unseren Parmigiano Reggiano Vacche Rosse. Wenn sie in unserem Online-Shop gekauft werden, ist es daher wichtig, dass ihre Exzellenz unversehrt an ihrem Bestimmungsort ankommt, als ob sie frisch aus der Molkerei w\u00e4ren.Deshalb versenden wir sie per K\u00fchlkurier bei einer kontrollierten Temperatur von [&hellip;]<\/p>\n","protected":false},"author":8,"featured_media":0,"parent":10436,"menu_order":136,"comment_status":"open","ping_status":"closed","template":"","meta":{"_acf_changed":false,"inline_featured_image":false,"_genesis_hide_title":false,"_genesis_hide_breadcrumbs":false,"_genesis_hide_singular_image":false,"_genesis_hide_footer_widgets":false,"_genesis_custom_body_class":"","_genesis_custom_post_class":"","_genesis_layout":"","footnotes":"","_links_to":"","_links_to_target":""},"class_list":{"0":"post-146941","1":"page","2":"type-page","3":"status-publish","5":"entry"},"acf":[],"yoast_head":"<!-- This site is optimized with the Yoast SEO Premium plugin v24.3 (Yoast SEO v27.2) - https:\/\/yoast.com\/product\/yoast-seo-premium-wordpress\/ -->\n<title>N\u00fctzliche Informationen zur Lieferung - Consorzio Vacche Rosse<\/title>\n<meta name=\"robots\" content=\"noindex, follow, max-snippet:-1, max-image-preview:large, max-video-preview:-1\" \/>\n<meta property=\"og:locale\" content=\"de_DE\" \/>\n<meta property=\"og:type\" content=\"article\" \/>\n<meta property=\"og:title\" content=\"N\u00fctzliche Informationen zur Lieferung\" \/>\n<meta property=\"og:description\" content=\"Aus der Milch der Reggiana-Rasse kreieren wir t\u00e4glich geschmacks- und n\u00e4hrstoffreiche Lebensmittel, darunter unseren Parmigiano Reggiano Vacche Rosse. Wenn sie in unserem Online-Shop gekauft werden, ist es daher wichtig, dass ihre Exzellenz unversehrt an ihrem Bestimmungsort ankommt, als ob sie frisch aus der Molkerei w\u00e4ren.Deshalb versenden wir sie per K\u00fchlkurier bei einer kontrollierten Temperatur von [&hellip;]\" \/>\n<meta property=\"og:url\" content=\"https:\/\/staging.consorziovaccherosse.blacksolutions.net\/de\/shop\/nuetzliche-informationen-zur-lieferung\/\" \/>\n<meta property=\"og:site_name\" content=\"Consorzio Vacche Rosse\" \/>\n<meta property=\"article:publisher\" content=\"https:\/\/www.facebook.com\/consorziovaccherosse\" \/>\n<meta property=\"article:modified_time\" content=\"2024-01-22T19:40:13+00:00\" \/>\n<meta property=\"og:image\" content=\"https:\/\/staging.consorziovaccherosse.blacksolutions.net\/wp-content\/uploads\/Prodotti-CVR-1024x710.png\" \/>\n\t<meta property=\"og:image:width\" content=\"1024\" \/>\n\t<meta property=\"og:image:height\" content=\"710\" \/>\n\t<meta property=\"og:image:type\" content=\"image\/png\" \/>\n<meta name=\"twitter:label1\" content=\"Gesch\u00e4tzte Lesezeit\" \/>\n\t<meta name=\"twitter:data1\" content=\"2\u00a0Minuten\" \/>\n<script type=\"application\/ld+json\" class=\"yoast-schema-graph\">{\"@context\":\"https:\/\/schema.org\",\"@graph\":[{\"@type\":\"WebPage\",\"@id\":\"https:\/\/staging.consorziovaccherosse.blacksolutions.net\/de\/shop\/nuetzliche-informationen-zur-lieferung\/\",\"url\":\"https:\/\/staging.consorziovaccherosse.blacksolutions.net\/de\/shop\/nuetzliche-informationen-zur-lieferung\/\",\"name\":\"N\u00fctzliche Informationen zur Lieferung - Consorzio Vacche Rosse\",\"isPartOf\":{\"@id\":\"https:\/\/staging.consorziovaccherosse.blacksolutions.net\/de\/#website\"},\"datePublished\":\"2021-11-12T10:05:11+00:00\",\"dateModified\":\"2024-01-22T19:40:13+00:00\",\"breadcrumb\":{\"@id\":\"https:\/\/staging.consorziovaccherosse.blacksolutions.net\/de\/shop\/nuetzliche-informationen-zur-lieferung\/#breadcrumb\"},\"inLanguage\":\"de\",\"potentialAction\":[{\"@type\":\"ReadAction\",\"target\":[\"https:\/\/staging.consorziovaccherosse.blacksolutions.net\/de\/shop\/nuetzliche-informationen-zur-lieferung\/\"]}]},{\"@type\":\"BreadcrumbList\",\"@id\":\"https:\/\/staging.consorziovaccherosse.blacksolutions.net\/de\/shop\/nuetzliche-informationen-zur-lieferung\/#breadcrumb\",\"itemListElement\":[{\"@type\":\"ListItem\",\"position\":1,\"name\":\"Home\",\"item\":\"https:\/\/staging.consorziovaccherosse.blacksolutions.net\/de\/\"},{\"@type\":\"ListItem\",\"position\":2,\"name\":\"Shop\",\"item\":\"https:\/\/staging.consorziovaccherosse.blacksolutions.net\/de\/shop\/\"},{\"@type\":\"ListItem\",\"position\":3,\"name\":\"N\u00fctzliche Informationen zur Lieferung\"}]},{\"@type\":\"WebSite\",\"@id\":\"https:\/\/staging.consorziovaccherosse.blacksolutions.net\/de\/#website\",\"url\":\"https:\/\/staging.consorziovaccherosse.blacksolutions.net\/de\/\",\"name\":\"Consorzio Vacche Rosse\",\"description\":\"Parmigiano Reggiano Vacche Rosse di Razza Reggiana\",\"publisher\":{\"@id\":\"https:\/\/staging.consorziovaccherosse.blacksolutions.net\/de\/#organization\"},\"potentialAction\":[{\"@type\":\"SearchAction\",\"target\":{\"@type\":\"EntryPoint\",\"urlTemplate\":\"https:\/\/staging.consorziovaccherosse.blacksolutions.net\/de\/?s={search_term_string}\"},\"query-input\":{\"@type\":\"PropertyValueSpecification\",\"valueRequired\":true,\"valueName\":\"search_term_string\"}}],\"inLanguage\":\"de\"},{\"@type\":\"Organization\",\"@id\":\"https:\/\/staging.consorziovaccherosse.blacksolutions.net\/de\/#organization\",\"name\":\"Consorzio Vacche Rosse\",\"url\":\"https:\/\/staging.consorziovaccherosse.blacksolutions.net\/de\/\",\"logo\":{\"@type\":\"ImageObject\",\"inLanguage\":\"de\",\"@id\":\"https:\/\/staging.consorziovaccherosse.blacksolutions.net\/de\/#\/schema\/logo\/image\/\",\"url\":\"https:\/\/staging.consorziovaccherosse.blacksolutions.net\/wp-content\/uploads\/logo-consorzio-vacche-rosse-rgb.jpg\",\"contentUrl\":\"https:\/\/staging.consorziovaccherosse.blacksolutions.net\/wp-content\/uploads\/logo-consorzio-vacche-rosse-rgb.jpg\",\"width\":1920,\"height\":1920,\"caption\":\"Consorzio Vacche Rosse\"},\"image\":{\"@id\":\"https:\/\/staging.consorziovaccherosse.blacksolutions.net\/de\/#\/schema\/logo\/image\/\"},\"sameAs\":[\"https:\/\/www.facebook.com\/consorziovaccherosse\",\"https:\/\/x.com\/consvaccherosse\"]}]}<\/script>\n<!-- \/ Yoast SEO Premium plugin. -->","yoast_head_json":{"title":"N\u00fctzliche Informationen zur Lieferung - Consorzio Vacche Rosse","robots":{"index":"noindex","follow":"follow","max-snippet":"max-snippet:-1","max-image-preview":"max-image-preview:large","max-video-preview":"max-video-preview:-1"},"og_locale":"de_DE","og_type":"article","og_title":"N\u00fctzliche Informationen zur Lieferung","og_description":"Aus der Milch der Reggiana-Rasse kreieren wir t\u00e4glich geschmacks- und n\u00e4hrstoffreiche Lebensmittel, darunter unseren Parmigiano Reggiano Vacche Rosse. Wenn sie in unserem Online-Shop gekauft werden, ist es daher wichtig, dass ihre Exzellenz unversehrt an ihrem Bestimmungsort ankommt, als ob sie frisch aus der Molkerei w\u00e4ren.Deshalb versenden wir sie per K\u00fchlkurier bei einer kontrollierten Temperatur von [&hellip;]","og_url":"https:\/\/staging.consorziovaccherosse.blacksolutions.net\/de\/shop\/nuetzliche-informationen-zur-lieferung\/","og_site_name":"Consorzio Vacche Rosse","article_publisher":"https:\/\/www.facebook.com\/consorziovaccherosse","article_modified_time":"2024-01-22T19:40:13+00:00","og_image":[{"width":1024,"height":710,"url":"https:\/\/staging.consorziovaccherosse.blacksolutions.net\/wp-content\/uploads\/Prodotti-CVR-1024x710.png","type":"image\/png"}],"twitter_misc":{"Gesch\u00e4tzte Lesezeit":"2\u00a0Minuten"},"schema":{"@context":"https:\/\/schema.org","@graph":[{"@type":"WebPage","@id":"https:\/\/staging.consorziovaccherosse.blacksolutions.net\/de\/shop\/nuetzliche-informationen-zur-lieferung\/","url":"https:\/\/staging.consorziovaccherosse.blacksolutions.net\/de\/shop\/nuetzliche-informationen-zur-lieferung\/","name":"N\u00fctzliche Informationen zur Lieferung - Consorzio Vacche Rosse","isPartOf":{"@id":"https:\/\/staging.consorziovaccherosse.blacksolutions.net\/de\/#website"},"datePublished":"2021-11-12T10:05:11+00:00","dateModified":"2024-01-22T19:40:13+00:00","breadcrumb":{"@id":"https:\/\/staging.consorziovaccherosse.blacksolutions.net\/de\/shop\/nuetzliche-informationen-zur-lieferung\/#breadcrumb"},"inLanguage":"de","potentialAction":[{"@type":"ReadAction","target":["https:\/\/staging.consorziovaccherosse.blacksolutions.net\/de\/shop\/nuetzliche-informationen-zur-lieferung\/"]}]},{"@type":"BreadcrumbList","@id":"https:\/\/staging.consorziovaccherosse.blacksolutions.net\/de\/shop\/nuetzliche-informationen-zur-lieferung\/#breadcrumb","itemListElement":[{"@type":"ListItem","position":1,"name":"Home","item":"https:\/\/staging.consorziovaccherosse.blacksolutions.net\/de\/"},{"@type":"ListItem","position":2,"name":"Shop","item":"https:\/\/staging.consorziovaccherosse.blacksolutions.net\/de\/shop\/"},{"@type":"ListItem","position":3,"name":"N\u00fctzliche Informationen zur Lieferung"}]},{"@type":"WebSite","@id":"https:\/\/staging.consorziovaccherosse.blacksolutions.net\/de\/#website","url":"https:\/\/staging.consorziovaccherosse.blacksolutions.net\/de\/","name":"Consorzio Vacche Rosse","description":"Parmigiano Reggiano Vacche Rosse di Razza Reggiana","publisher":{"@id":"https:\/\/staging.consorziovaccherosse.blacksolutions.net\/de\/#organization"},"potentialAction":[{"@type":"SearchAction","target":{"@type":"EntryPoint","urlTemplate":"https:\/\/staging.consorziovaccherosse.blacksolutions.net\/de\/?s={search_term_string}"},"query-input":{"@type":"PropertyValueSpecification","valueRequired":true,"valueName":"search_term_string"}}],"inLanguage":"de"},{"@type":"Organization","@id":"https:\/\/staging.consorziovaccherosse.blacksolutions.net\/de\/#organization","name":"Consorzio Vacche Rosse","url":"https:\/\/staging.consorziovaccherosse.blacksolutions.net\/de\/","logo":{"@type":"ImageObject","inLanguage":"de","@id":"https:\/\/staging.consorziovaccherosse.blacksolutions.net\/de\/#\/schema\/logo\/image\/","url":"https:\/\/staging.consorziovaccherosse.blacksolutions.net\/wp-content\/uploads\/logo-consorzio-vacche-rosse-rgb.jpg","contentUrl":"https:\/\/staging.consorziovaccherosse.blacksolutions.net\/wp-content\/uploads\/logo-consorzio-vacche-rosse-rgb.jpg","width":1920,"height":1920,"caption":"Consorzio Vacche Rosse"},"image":{"@id":"https:\/\/staging.consorziovaccherosse.blacksolutions.net\/de\/#\/schema\/logo\/image\/"},"sameAs":["https:\/\/www.facebook.com\/consorziovaccherosse","https:\/\/x.com\/consvaccherosse"]}]}},"_links":{"self":[{"href":"https:\/\/staging.consorziovaccherosse.blacksolutions.net\/de\/wp-json\/wp\/v2\/pages\/146941","targetHints":{"allow":["GET"]}}],"collection":[{"href":"https:\/\/staging.consorziovaccherosse.blacksolutions.net\/de\/wp-json\/wp\/v2\/pages"}],"about":[{"href":"https:\/\/staging.consorziovaccherosse.blacksolutions.net\/de\/wp-json\/wp\/v2\/types\/page"}],"author":[{"embeddable":true,"href":"https:\/\/staging.consorziovaccherosse.blacksolutions.net\/de\/wp-json\/wp\/v2\/users\/8"}],"replies":[{"embeddable":true,"href":"https:\/\/staging.consorziovaccherosse.blacksolutions.net\/de\/wp-json\/wp\/v2\/comments?post=146941"}],"version-history":[{"count":2,"href":"https:\/\/staging.consorziovaccherosse.blacksolutions.net\/de\/wp-json\/wp\/v2\/pages\/146941\/revisions"}],"predecessor-version":[{"id":165011,"href":"https:\/\/staging.consorziovaccherosse.blacksolutions.net\/de\/wp-json\/wp\/v2\/pages\/146941\/revisions\/165011"}],"up":[{"embeddable":true,"href":"https:\/\/staging.consorziovaccherosse.blacksolutions.net\/de\/wp-json\/wp\/v2\/pages\/10436"}],"wp:attachment":[{"href":"https:\/\/staging.consorziovaccherosse.blacksolutions.net\/de\/wp-json\/wp\/v2\/media?parent=146941"}],"curies":[{"name":"wp","href":"https:\/\/api.w.org\/{rel}","templated":true}]}}