{"id":1495,"date":"2013-04-08T08:22:30","date_gmt":"2013-04-08T06:22:30","guid":{"rendered":"https:\/\/staging.consorziovaccherosse.blacksolutions.net\/?page_id=1495"},"modified":"2025-05-14T13:33:56","modified_gmt":"2025-05-14T11:33:56","slug":"kontakt","status":"publish","type":"page","link":"https:\/\/staging.consorziovaccherosse.blacksolutions.net\/de\/kontakt\/","title":{"rendered":"Kontakt"},"content":{"rendered":"\n<div class=\"wp-block-columns margin-top--xl-from-tablet is-layout-flex wp-container-core-columns-is-layout-9d6595d7 wp-block-columns-is-layout-flex\">\n<div class=\"wp-block-column is-layout-flow wp-block-column-is-layout-flow\">\n<h2 class=\"wp-block-heading\" id=\"h-wo-sind-wir\">Wo sind wir?<\/h2>\n\n\n\n<iframe loading=\"lazy\" src=\"https:\/\/www.google.com\/maps\/embed?pb=!1m18!1m12!1m3!1d2836.487188689459!2d10.601907315552458!3d44.68925147909948!2m3!1f0!2f0!3f0!3m2!1i1024!2i768!4f13.1!3m3!1m2!1s0x47801c8ba66bafcf%3A0x3e48f424570fe142!2sConsorzio%20Vacche%20Rosse!5e0!3m2!1sit!2sit!4v1575882589037!5m2!1sit!2sit\" width=\"100%\" height=\"450\" frameborder=\"0\" style=\"border:0;\" allowfullscreen=\"\"><\/iframe>\n<\/div>\n\n\n\n<div class=\"wp-block-column is-layout-flow wp-block-column-is-layout-flow\">\n<h2 class=\"wp-block-heading\" id=\"h-die-offnungszeiten\">Die \u00d6ffnungszeiten<\/h2>\n\n\n\n<p>Consorzio Vacche Rosse<br>Via F.lli Rosselli 41\/2 &#8211;&nbsp;<br>42123 Reggio Emilia (RE) Italia<br><strong>GPS:<\/strong> 44\u00b041&#8217;20.4&#8243;N 10\u00b036&#8217;14.7&#8243;E<\/p>\n\n\n\n<p><strong>Tel: <\/strong><a href=\"tel:+390522294655\">+39 0522 294655<\/a>&nbsp;&#8211;&nbsp;<a href=\"tel:+390522292209\">0522 292209<\/a><br><strong>Email:<\/strong> <a href=\"mailto:info@consorziovaccherosse.it\">info@consorziovaccherosse.it<\/a><\/p>\n\n\n\n<p><strong>\u00d6ffnungszeiten<\/strong><\/p>\n\n\n\n<p>Unser Shop ist von Montag bis Samstag <br>von 9:00 bis 13:00 Uhr und von 15:00 bis 19:00 Uhr ge\u00f6ffnet.<\/p>\n<\/div>\n<\/div>\n\n\n\n<h2 class=\"wp-block-heading has-text-align-center\" id=\"h-corte-enzola-laden\">Corte Enzola Laden<\/h2>\n\n\n\n<p class=\"has-text-align-center\">Ab dem 12. Oktober 2024 gibt es eine neue Verkaufsstelle f\u00fcr die Produkte des Konsortiums Vacche Rosse: den Corte Enzola Shop, der in einem alten Bauernhof seine T\u00fcren \u00f6ffnet. Sie finden ihn in Reggio Emilia, in der Via Veneto 1.<\/p>\n\n\n\n<p class=\"has-text-align-center\"><strong>Die \u00d6ffnungszeiten<\/strong><br>Der Corte Enzola Shop ist ge\u00f6ffnet<br>Montag bis Samstag: 9 &#8211; 13 \/ 15 &#8211; 19<br><br><strong>Tel:<\/strong>\u00a0<a href=\"tel:+390522515220\">0522.515220<\/a><br><strong>E-mail:<\/strong>\u00a0<a href=\"mailto:corte.enzola@consorziovaccherosse.it\" target=\"_blank\" rel=\"noreferrer noopener\">corte.enzola@consorziovaccherosse.it<\/a><\/p>\n","protected":false},"excerpt":{"rendered":"<p>Wo sind wir? Die \u00d6ffnungszeiten Consorzio Vacche RosseVia F.lli Rosselli 41\/2 &#8211;&nbsp;42123 Reggio Emilia (RE) ItaliaGPS: 44\u00b041&#8217;20.4&#8243;N 10\u00b036&#8217;14.7&#8243;E Tel: +39 0522 294655&nbsp;&#8211;&nbsp;0522 292209Email: info@consorziovaccherosse.it \u00d6ffnungszeiten Unser Shop ist von Montag bis Samstag von 9:00 bis 13:00 Uhr und von 15:00 bis 19:00 Uhr ge\u00f6ffnet. Corte Enzola Laden Ab dem 12. Oktober 2024 gibt es eine [&hellip;]<\/p>\n","protected":false},"author":80549,"featured_media":154139,"parent":0,"menu_order":117,"comment_status":"open","ping_status":"open","template":"","meta":{"_acf_changed":false,"inline_featured_image":false,"_genesis_hide_title":true,"_genesis_hide_breadcrumbs":false,"_genesis_hide_singular_image":false,"_genesis_hide_footer_widgets":false,"_genesis_custom_body_class":"","_genesis_custom_post_class":"","_genesis_layout":"","footnotes":"","_links_to":"","_links_to_target":""},"class_list":{"0":"post-1495","1":"page","2":"type-page","3":"status-publish","4":"has-post-thumbnail","6":"entry"},"acf":[],"yoast_head":"<!-- This site is optimized with the Yoast SEO Premium plugin v24.3 (Yoast SEO v27.2) - https:\/\/yoast.com\/product\/yoast-seo-premium-wordpress\/ -->\n<title>Kaufen Sie Red Cows Parmigiano Reggiano: \u00d6ffnungszeiten des Red Cows Consortium<\/title>\n<meta name=\"description\" content=\"In Reggio Emilia k\u00f6nnen Sie beim Consorzio Vacche Rosse Parmigiano Reggiano Vacche Rosse und alle Milchprodukte der Rasse Reggiana kaufen.\" \/>\n<meta name=\"robots\" content=\"noindex, follow, max-snippet:-1, max-image-preview:large, max-video-preview:-1\" \/>\n<meta property=\"og:locale\" content=\"de_DE\" \/>\n<meta property=\"og:type\" content=\"article\" \/>\n<meta property=\"og:title\" content=\"Spaccio aziendale Consorzio Vacche Rosse - Orari di apertura\" \/>\n<meta property=\"og:description\" content=\"In Reggio Emilia k\u00f6nnen Sie beim Consorzio Vacche Rosse Parmigiano Reggiano Vacche Rosse und alle Milchprodukte der Rasse Reggiana kaufen.\" \/>\n<meta property=\"og:url\" content=\"https:\/\/staging.consorziovaccherosse.blacksolutions.net\/de\/kontakt\/\" \/>\n<meta property=\"og:site_name\" content=\"Consorzio Vacche Rosse\" \/>\n<meta property=\"article:publisher\" content=\"https:\/\/www.facebook.com\/consorziovaccherosse\" \/>\n<meta property=\"article:modified_time\" content=\"2025-05-14T11:33:56+00:00\" \/>\n<meta property=\"og:image\" content=\"https:\/\/staging.consorziovaccherosse.blacksolutions.net\/wp-content\/uploads\/IMG_6633.jpg\" \/>\n<meta name=\"twitter:label1\" content=\"Gesch\u00e4tzte Lesezeit\" \/>\n\t<meta name=\"twitter:data1\" content=\"1\u00a0Minute\" \/>\n<script type=\"application\/ld+json\" class=\"yoast-schema-graph\">{\"@context\":\"https:\/\/schema.org\",\"@graph\":[{\"@type\":\"WebPage\",\"@id\":\"https:\/\/staging.consorziovaccherosse.blacksolutions.net\/de\/kontakt\/\",\"url\":\"https:\/\/staging.consorziovaccherosse.blacksolutions.net\/de\/kontakt\/\",\"name\":\"Kaufen Sie Red Cows Parmigiano Reggiano: \u00d6ffnungszeiten des Red Cows Consortium\",\"isPartOf\":{\"@id\":\"https:\/\/staging.consorziovaccherosse.blacksolutions.net\/de\/#website\"},\"primaryImageOfPage\":{\"@id\":\"https:\/\/staging.consorziovaccherosse.blacksolutions.net\/de\/kontakt\/#primaryimage\"},\"image\":{\"@id\":\"https:\/\/staging.consorziovaccherosse.blacksolutions.net\/de\/kontakt\/#primaryimage\"},\"thumbnailUrl\":\"https:\/\/staging.consorziovaccherosse.blacksolutions.net\/wp-content\/uploads\/contatti-hero-scaled-1.jpg\",\"datePublished\":\"2013-04-08T06:22:30+00:00\",\"dateModified\":\"2025-05-14T11:33:56+00:00\",\"description\":\"In Reggio Emilia k\u00f6nnen Sie beim Consorzio Vacche Rosse Parmigiano Reggiano Vacche Rosse und alle Milchprodukte der Rasse Reggiana kaufen.\",\"breadcrumb\":{\"@id\":\"https:\/\/staging.consorziovaccherosse.blacksolutions.net\/de\/kontakt\/#breadcrumb\"},\"inLanguage\":\"de\",\"potentialAction\":[{\"@type\":\"ReadAction\",\"target\":[\"https:\/\/staging.consorziovaccherosse.blacksolutions.net\/de\/kontakt\/\"]}]},{\"@type\":\"ImageObject\",\"inLanguage\":\"de\",\"@id\":\"https:\/\/staging.consorziovaccherosse.blacksolutions.net\/de\/kontakt\/#primaryimage\",\"url\":\"https:\/\/staging.consorziovaccherosse.blacksolutions.net\/wp-content\/uploads\/contatti-hero-scaled-1.jpg\",\"contentUrl\":\"https:\/\/staging.consorziovaccherosse.blacksolutions.net\/wp-content\/uploads\/contatti-hero-scaled-1.jpg\",\"width\":2560,\"height\":1920},{\"@type\":\"BreadcrumbList\",\"@id\":\"https:\/\/staging.consorziovaccherosse.blacksolutions.net\/de\/kontakt\/#breadcrumb\",\"itemListElement\":[{\"@type\":\"ListItem\",\"position\":1,\"name\":\"Home\",\"item\":\"https:\/\/staging.consorziovaccherosse.blacksolutions.net\/de\/\"},{\"@type\":\"ListItem\",\"position\":2,\"name\":\"Kontakt\"}]},{\"@type\":\"WebSite\",\"@id\":\"https:\/\/staging.consorziovaccherosse.blacksolutions.net\/de\/#website\",\"url\":\"https:\/\/staging.consorziovaccherosse.blacksolutions.net\/de\/\",\"name\":\"Consorzio Vacche Rosse\",\"description\":\"Parmigiano Reggiano Vacche Rosse di Razza Reggiana\",\"publisher\":{\"@id\":\"https:\/\/staging.consorziovaccherosse.blacksolutions.net\/de\/#organization\"},\"potentialAction\":[{\"@type\":\"SearchAction\",\"target\":{\"@type\":\"EntryPoint\",\"urlTemplate\":\"https:\/\/staging.consorziovaccherosse.blacksolutions.net\/de\/?s={search_term_string}\"},\"query-input\":{\"@type\":\"PropertyValueSpecification\",\"valueRequired\":true,\"valueName\":\"search_term_string\"}}],\"inLanguage\":\"de\"},{\"@type\":\"Organization\",\"@id\":\"https:\/\/staging.consorziovaccherosse.blacksolutions.net\/de\/#organization\",\"name\":\"Consorzio Vacche Rosse\",\"url\":\"https:\/\/staging.consorziovaccherosse.blacksolutions.net\/de\/\",\"logo\":{\"@type\":\"ImageObject\",\"inLanguage\":\"de\",\"@id\":\"https:\/\/staging.consorziovaccherosse.blacksolutions.net\/de\/#\/schema\/logo\/image\/\",\"url\":\"https:\/\/staging.consorziovaccherosse.blacksolutions.net\/wp-content\/uploads\/logo-consorzio-vacche-rosse-rgb.jpg\",\"contentUrl\":\"https:\/\/staging.consorziovaccherosse.blacksolutions.net\/wp-content\/uploads\/logo-consorzio-vacche-rosse-rgb.jpg\",\"width\":1920,\"height\":1920,\"caption\":\"Consorzio Vacche Rosse\"},\"image\":{\"@id\":\"https:\/\/staging.consorziovaccherosse.blacksolutions.net\/de\/#\/schema\/logo\/image\/\"},\"sameAs\":[\"https:\/\/www.facebook.com\/consorziovaccherosse\",\"https:\/\/x.com\/consvaccherosse\"]}]}<\/script>\n<!-- \/ Yoast SEO Premium plugin. -->","yoast_head_json":{"title":"Kaufen Sie Red Cows Parmigiano Reggiano: \u00d6ffnungszeiten des Red Cows Consortium","description":"In Reggio Emilia k\u00f6nnen Sie beim Consorzio Vacche Rosse Parmigiano Reggiano Vacche Rosse und alle Milchprodukte der Rasse Reggiana kaufen.","robots":{"index":"noindex","follow":"follow","max-snippet":"max-snippet:-1","max-image-preview":"max-image-preview:large","max-video-preview":"max-video-preview:-1"},"og_locale":"de_DE","og_type":"article","og_title":"Spaccio aziendale Consorzio Vacche Rosse - Orari di apertura","og_description":"In Reggio Emilia k\u00f6nnen Sie beim Consorzio Vacche Rosse Parmigiano Reggiano Vacche Rosse und alle Milchprodukte der Rasse Reggiana kaufen.","og_url":"https:\/\/staging.consorziovaccherosse.blacksolutions.net\/de\/kontakt\/","og_site_name":"Consorzio Vacche Rosse","article_publisher":"https:\/\/www.facebook.com\/consorziovaccherosse","article_modified_time":"2025-05-14T11:33:56+00:00","og_image":[{"url":"https:\/\/staging.consorziovaccherosse.blacksolutions.net\/wp-content\/uploads\/IMG_6633.jpg","type":"","width":"","height":""}],"twitter_misc":{"Gesch\u00e4tzte Lesezeit":"1\u00a0Minute"},"schema":{"@context":"https:\/\/schema.org","@graph":[{"@type":"WebPage","@id":"https:\/\/staging.consorziovaccherosse.blacksolutions.net\/de\/kontakt\/","url":"https:\/\/staging.consorziovaccherosse.blacksolutions.net\/de\/kontakt\/","name":"Kaufen Sie Red Cows Parmigiano Reggiano: \u00d6ffnungszeiten des Red Cows Consortium","isPartOf":{"@id":"https:\/\/staging.consorziovaccherosse.blacksolutions.net\/de\/#website"},"primaryImageOfPage":{"@id":"https:\/\/staging.consorziovaccherosse.blacksolutions.net\/de\/kontakt\/#primaryimage"},"image":{"@id":"https:\/\/staging.consorziovaccherosse.blacksolutions.net\/de\/kontakt\/#primaryimage"},"thumbnailUrl":"https:\/\/staging.consorziovaccherosse.blacksolutions.net\/wp-content\/uploads\/contatti-hero-scaled-1.jpg","datePublished":"2013-04-08T06:22:30+00:00","dateModified":"2025-05-14T11:33:56+00:00","description":"In Reggio Emilia k\u00f6nnen Sie beim Consorzio Vacche Rosse Parmigiano Reggiano Vacche Rosse und alle Milchprodukte der Rasse Reggiana kaufen.","breadcrumb":{"@id":"https:\/\/staging.consorziovaccherosse.blacksolutions.net\/de\/kontakt\/#breadcrumb"},"inLanguage":"de","potentialAction":[{"@type":"ReadAction","target":["https:\/\/staging.consorziovaccherosse.blacksolutions.net\/de\/kontakt\/"]}]},{"@type":"ImageObject","inLanguage":"de","@id":"https:\/\/staging.consorziovaccherosse.blacksolutions.net\/de\/kontakt\/#primaryimage","url":"https:\/\/staging.consorziovaccherosse.blacksolutions.net\/wp-content\/uploads\/contatti-hero-scaled-1.jpg","contentUrl":"https:\/\/staging.consorziovaccherosse.blacksolutions.net\/wp-content\/uploads\/contatti-hero-scaled-1.jpg","width":2560,"height":1920},{"@type":"BreadcrumbList","@id":"https:\/\/staging.consorziovaccherosse.blacksolutions.net\/de\/kontakt\/#breadcrumb","itemListElement":[{"@type":"ListItem","position":1,"name":"Home","item":"https:\/\/staging.consorziovaccherosse.blacksolutions.net\/de\/"},{"@type":"ListItem","position":2,"name":"Kontakt"}]},{"@type":"WebSite","@id":"https:\/\/staging.consorziovaccherosse.blacksolutions.net\/de\/#website","url":"https:\/\/staging.consorziovaccherosse.blacksolutions.net\/de\/","name":"Consorzio Vacche Rosse","description":"Parmigiano Reggiano Vacche Rosse di Razza Reggiana","publisher":{"@id":"https:\/\/staging.consorziovaccherosse.blacksolutions.net\/de\/#organization"},"potentialAction":[{"@type":"SearchAction","target":{"@type":"EntryPoint","urlTemplate":"https:\/\/staging.consorziovaccherosse.blacksolutions.net\/de\/?s={search_term_string}"},"query-input":{"@type":"PropertyValueSpecification","valueRequired":true,"valueName":"search_term_string"}}],"inLanguage":"de"},{"@type":"Organization","@id":"https:\/\/staging.consorziovaccherosse.blacksolutions.net\/de\/#organization","name":"Consorzio Vacche Rosse","url":"https:\/\/staging.consorziovaccherosse.blacksolutions.net\/de\/","logo":{"@type":"ImageObject","inLanguage":"de","@id":"https:\/\/staging.consorziovaccherosse.blacksolutions.net\/de\/#\/schema\/logo\/image\/","url":"https:\/\/staging.consorziovaccherosse.blacksolutions.net\/wp-content\/uploads\/logo-consorzio-vacche-rosse-rgb.jpg","contentUrl":"https:\/\/staging.consorziovaccherosse.blacksolutions.net\/wp-content\/uploads\/logo-consorzio-vacche-rosse-rgb.jpg","width":1920,"height":1920,"caption":"Consorzio Vacche Rosse"},"image":{"@id":"https:\/\/staging.consorziovaccherosse.blacksolutions.net\/de\/#\/schema\/logo\/image\/"},"sameAs":["https:\/\/www.facebook.com\/consorziovaccherosse","https:\/\/x.com\/consvaccherosse"]}]}},"_links":{"self":[{"href":"https:\/\/staging.consorziovaccherosse.blacksolutions.net\/de\/wp-json\/wp\/v2\/pages\/1495","targetHints":{"allow":["GET"]}}],"collection":[{"href":"https:\/\/staging.consorziovaccherosse.blacksolutions.net\/de\/wp-json\/wp\/v2\/pages"}],"about":[{"href":"https:\/\/staging.consorziovaccherosse.blacksolutions.net\/de\/wp-json\/wp\/v2\/types\/page"}],"author":[{"embeddable":true,"href":"https:\/\/staging.consorziovaccherosse.blacksolutions.net\/de\/wp-json\/wp\/v2\/users\/80549"}],"replies":[{"embeddable":true,"href":"https:\/\/staging.consorziovaccherosse.blacksolutions.net\/de\/wp-json\/wp\/v2\/comments?post=1495"}],"version-history":[{"count":15,"href":"https:\/\/staging.consorziovaccherosse.blacksolutions.net\/de\/wp-json\/wp\/v2\/pages\/1495\/revisions"}],"predecessor-version":[{"id":177630,"href":"https:\/\/staging.consorziovaccherosse.blacksolutions.net\/de\/wp-json\/wp\/v2\/pages\/1495\/revisions\/177630"}],"wp:featuredmedia":[{"embeddable":true,"href":"https:\/\/staging.consorziovaccherosse.blacksolutions.net\/de\/wp-json\/wp\/v2\/media\/154139"}],"wp:attachment":[{"href":"https:\/\/staging.consorziovaccherosse.blacksolutions.net\/de\/wp-json\/wp\/v2\/media?parent=1495"}],"curies":[{"name":"wp","href":"https:\/\/api.w.org\/{rel}","templated":true}]}}