{"id":1501,"date":"2013-07-30T10:24:31","date_gmt":"2013-07-30T08:24:31","guid":{"rendered":"https:\/\/staging.consorziovaccherosse.blacksolutions.net\/?page_id=1501"},"modified":"2025-03-13T11:36:59","modified_gmt":"2025-03-13T10:36:59","slug":"fuhrungen","status":"publish","type":"page","link":"https:\/\/staging.consorziovaccherosse.blacksolutions.net\/de\/information\/fuhrungen\/","title":{"rendered":"F\u00fchrungen"},"content":{"rendered":"\n<div class=\"wp-block-group alignfull padding-top--none-from-tablet has-grey-light-background-color has-background\"><div class=\"wp-block-group__inner-container is-layout-flow wp-block-group-is-layout-flow\"><div id=\"bs-title-block_1a2cc9772b57b9816de70412623e44a3\" class=\"bs-block-title\">\n\t<div class=\"bs-block-title-wrapper\">\n        <div class=\"bs-block-title__inner\">\n                        <div class=\"bs-block-title__icon\">\n                <img decoding=\"async\" src=\"https:\/\/staging.consorziovaccherosse.blacksolutions.net\/wp-content\/uploads\/icon-vaccherosse.svg\" alt=\"\">\n            <\/div>\n                        <h2 class=\"bs-block-title__title\">\n                Eine unvergessliche Reise, die alle Ihre Sinne einbeziehen wird            <\/h2>\n\t\t\t            <p class=\"bs-block-title__subtitle\">\n\t\t\t\t                So buchen Sie eine gef\u00fchrte Tour                            <\/p>\n\t\t\t        <\/div>\n\t<\/div>\n<\/div>\n\n\n\n<div class=\"wp-block-columns is-layout-flex wp-container-core-columns-is-layout-9d6595d7 wp-block-columns-is-layout-flex\">\n<div class=\"wp-block-column is-layout-flow wp-block-column-is-layout-flow\">\n<p>Die Molkerei des Consorzio Vacche Rosse wartet auf Sie mit einer Entdeckungstour durch die Welt der Herstellung des Parmigiano Reggiano Vacche Rosse in Via F.lli Rosseli in Reggio Emilia. W\u00e4hrend einer gef\u00fchrten Tour werden wir Ihnen die verschiedenen Phasen der Milchverarbeitung zeigen. Sie werden Zeuge der Handwerkskunst unserer K\u00e4sermeister und die antiken Handgriffe, aus denen auch heute noch unsere Produktionskultur besteht.<\/p>\n\n\n\n<p>Die F\u00fchrungen finden das gesamte Jahr \u00fcber von Montag bis Freitag nach Vereinbarung statt. Die gef\u00fchrten Touren erfolgen am Morgen gegen 9:00 Uhr und dauern etwa zwei Stunden. W\u00e4hrend dieser Zeit werden alle Herstellungsphasen des Parmigiano Reggiano Vacche Rosse erkl\u00e4rt: Von der Milch, bis zum K\u00e4sebruch \u00fcber das traditionelle Schneiden. Sie werden auch die M\u00f6glichkeit haben das Lager der Molkerei zu besuchen. Am Ende der F\u00fchrung ist es nat\u00fcrlich m\u00f6glich den Parmiggiano Reggiano Vacche Rosse in einem Gesch\u00e4ft der Molkerei zu kaufen.<\/p>\n<\/div>\n\n\n\n<div class=\"wp-block-column is-layout-flow wp-block-column-is-layout-flow\">\n<figure class=\"wp-block-image size-quadrata\"><img decoding=\"async\" src=\"https:\/\/staging.consorziovaccherosse.blacksolutions.net\/wp-content\/uploads\/\/IMG_0469-1-800x800.jpg\" alt=\"\" class=\"wp-image-152461\"\/><\/figure>\n<\/div>\n<\/div>\n\n\n\n<figure class=\"wp-block-gallery has-nested-images columns-3 is-cropped wp-block-gallery-1 is-layout-flex wp-block-gallery-is-layout-flex\">\n<figure class=\"wp-block-image size-large\"><img decoding=\"async\" data-id=\"152468\" src=\"https:\/\/staging.consorziovaccherosse.blacksolutions.net\/wp-content\/uploads\/\/IMG_0507-1-1-1024x1024.jpg\" alt=\"\" class=\"wp-image-152468\"\/><\/figure>\n\n\n\n<figure class=\"wp-block-image size-large\"><img decoding=\"async\" data-id=\"152473\" src=\"https:\/\/staging.consorziovaccherosse.blacksolutions.net\/wp-content\/uploads\/\/IMG_8185-1-1024x1024.jpg\" alt=\"\" class=\"wp-image-152473\"\/><\/figure>\n\n\n\n<figure class=\"wp-block-image size-large\"><img decoding=\"async\" data-id=\"152477\" src=\"https:\/\/staging.consorziovaccherosse.blacksolutions.net\/wp-content\/uploads\/\/IMG_0490-2-1-1024x1024.jpg\" alt=\"\" class=\"wp-image-152477\"\/><\/figure>\n<\/figure>\n<\/div><\/div>\n\n\n<div id=\"bs-featured-card-block_5a16214bb59791f66c6311bd8abc52f6\" class=\"bs-block-featured-card margin-top--3xl-from-tablet has-grey-light-background-color alignfull\">\n\t<div class=\"bs-block-featured-card-wrapper\">\n        <div class=\"bs-block-featured-card__inner\">\n\n            <div class=\"bs-block-featured-card__content-wrapper\">\n                <h2 class=\"bs-block-featured-card__title \">\n                    Arten der gef\u00fchrten Tour                <\/h2>\n                                <p class=\"bs-block-featured-card__description \">\n                    Die F\u00fchrungen erfolgen nur nach Vereinbarung und sind kostenlos f\u00fcr Sch\u00fcler aller Klassen und Schulen. F\u00fcr Privatgruppen betr\u00e4gt der Preis 10\u20ac pro Person.rnrnUm eine F\u00fchrung zu buchen, kontaktieren Sie uns bitte mit 15 Tagen Vorlauf und rufen Sie bitte auf der <a href=\"tel:+390522294655\">+390522 294655<\/a> an oder schreiben Sie uns eine E-Mail an <a href=\"mailto:visit@consorziovaccherosse.it\">visit@consorziovaccherosse.it<\/a>.                <\/p>\n                                                <div class=\"bs-block-featured-card__cta\">\n                    <a class=\"bs-block-featured-card__cta-link btn \" href=\"mailto: visit@consorziovaccherosse.it\">Buchen Sie jetzt Ihre gef\u00fchrte Tour<\/a>\n                <\/div>\n                            <\/div>\n\n            <div class=\"bs-block-featured-card__image-wrapper\">\n\t\t\t                <div class=\"bs-block-featured-card__image\">\n                    <img decoding=\"async\" src=\"https:\/\/staging.consorziovaccherosse.blacksolutions.net\/wp-content\/uploads\/visita-guidata-caseificio.jpg\" alt=\"\">\n                <\/div>\n\t\t\t            <\/div>\n\n        <\/div>\n\t<\/div>\n<\/div>\n\n\n<div id=\"bs-sibling-pages-block_cabb42c7df0aec96433ac5e53b4f71cc\" class=\"bs-block-sibling-pages\">\n\t<div class=\"bs-block-sibling-pages-wrapper\">\n        <div class=\"bs-block-sibling-pages__inner\">\n                        <h2 class=\"bs-block-sibling-pages__title\">Entdecken Sie auch:<\/h2>\n\t\t\t            <ul class=\"bs-block-sibling-pages__list\">\n            <li class=\"bs-block-sibling-pages__item\">\n                <a class=\"bs-block-sibling-pages__link btn btn-secondary\" href=\"https:\/\/staging.consorziovaccherosse.blacksolutions.net\/de\/information\/einzelhandler\/\">Einzelh\u00e4ndler<\/a>\n            <\/li>            <\/ul>\n        <\/div>\n\t<\/div>\n<\/div>\n","protected":false},"excerpt":{"rendered":"<p>Die Molkerei des Consorzio Vacche Rosse wartet auf Sie mit einer Entdeckungstour durch die Welt der Herstellung des Parmigiano Reggiano Vacche Rosse in Via F.lli Rosseli in Reggio Emilia. W\u00e4hrend einer gef\u00fchrten Tour werden wir Ihnen die verschiedenen Phasen der Milchverarbeitung zeigen. Sie werden Zeuge der Handwerkskunst unserer K\u00e4sermeister und die antiken Handgriffe, aus denen [&hellip;]<\/p>\n","protected":false},"author":80549,"featured_media":154209,"parent":1493,"menu_order":110,"comment_status":"open","ping_status":"closed","template":"","meta":{"_acf_changed":false,"inline_featured_image":false,"_genesis_hide_title":true,"_genesis_hide_breadcrumbs":false,"_genesis_hide_singular_image":false,"_genesis_hide_footer_widgets":false,"_genesis_custom_body_class":"","_genesis_custom_post_class":"","_genesis_layout":"","footnotes":"","_links_to":"","_links_to_target":""},"class_list":{"0":"post-1501","1":"page","2":"type-page","3":"status-publish","4":"has-post-thumbnail","6":"entry"},"acf":[],"yoast_head":"<!-- This site is optimized with the Yoast SEO Premium plugin v24.3 (Yoast SEO v27.2) - https:\/\/yoast.com\/product\/yoast-seo-premium-wordpress\/ -->\n<title>Wie Parmigiano Reggiano entsteht - Consorzio Vacche Rosse<\/title>\n<meta name=\"description\" content=\"Das Red Cows Consortium organisiert F\u00fchrungen durch die Molkerei und die St\u00e4lle der Red Cows. Schauen Sie den K\u00e4sern bei der Arbeit zu, buchen Sie Ihren Besuch\" \/>\n<meta name=\"robots\" content=\"noindex, follow, max-snippet:-1, max-image-preview:large, max-video-preview:-1\" \/>\n<meta property=\"og:locale\" content=\"de_DE\" \/>\n<meta property=\"og:type\" content=\"article\" \/>\n<meta property=\"og:title\" content=\"F\u00fchrungen\" \/>\n<meta property=\"og:description\" content=\"Das Red Cows Consortium organisiert F\u00fchrungen durch die Molkerei und die St\u00e4lle der Red Cows. Schauen Sie den K\u00e4sern bei der Arbeit zu, buchen Sie Ihren Besuch\" \/>\n<meta property=\"og:url\" content=\"https:\/\/staging.consorziovaccherosse.blacksolutions.net\/de\/information\/fuhrungen\/\" \/>\n<meta property=\"og:site_name\" content=\"Consorzio Vacche Rosse\" \/>\n<meta property=\"article:publisher\" content=\"https:\/\/www.facebook.com\/consorziovaccherosse\" \/>\n<meta property=\"article:modified_time\" content=\"2025-03-13T10:36:59+00:00\" \/>\n<meta property=\"og:image\" content=\"https:\/\/staging.consorziovaccherosse.blacksolutions.net\/wp-content\/uploads\/visitaguidata-caseificio-cvr.jpg\" \/>\n\t<meta property=\"og:image:width\" content=\"2324\" \/>\n\t<meta property=\"og:image:height\" content=\"1743\" \/>\n\t<meta property=\"og:image:type\" content=\"image\/jpeg\" \/>\n<meta name=\"twitter:label1\" content=\"Gesch\u00e4tzte Lesezeit\" \/>\n\t<meta name=\"twitter:data1\" content=\"2\u00a0Minuten\" \/>\n<script type=\"application\/ld+json\" class=\"yoast-schema-graph\">{\"@context\":\"https:\/\/schema.org\",\"@graph\":[{\"@type\":\"WebPage\",\"@id\":\"https:\/\/staging.consorziovaccherosse.blacksolutions.net\/de\/information\/fuhrungen\/\",\"url\":\"https:\/\/staging.consorziovaccherosse.blacksolutions.net\/de\/information\/fuhrungen\/\",\"name\":\"Wie Parmigiano Reggiano entsteht - Consorzio Vacche Rosse\",\"isPartOf\":{\"@id\":\"https:\/\/staging.consorziovaccherosse.blacksolutions.net\/de\/#website\"},\"primaryImageOfPage\":{\"@id\":\"https:\/\/staging.consorziovaccherosse.blacksolutions.net\/de\/information\/fuhrungen\/#primaryimage\"},\"image\":{\"@id\":\"https:\/\/staging.consorziovaccherosse.blacksolutions.net\/de\/information\/fuhrungen\/#primaryimage\"},\"thumbnailUrl\":\"https:\/\/staging.consorziovaccherosse.blacksolutions.net\/wp-content\/uploads\/visitaguidata-caseificio-cvr.jpg\",\"datePublished\":\"2013-07-30T08:24:31+00:00\",\"dateModified\":\"2025-03-13T10:36:59+00:00\",\"description\":\"Das Red Cows Consortium organisiert F\u00fchrungen durch die Molkerei und die St\u00e4lle der Red Cows. Schauen Sie den K\u00e4sern bei der Arbeit zu, buchen Sie Ihren Besuch\",\"breadcrumb\":{\"@id\":\"https:\/\/staging.consorziovaccherosse.blacksolutions.net\/de\/information\/fuhrungen\/#breadcrumb\"},\"inLanguage\":\"de\",\"potentialAction\":[{\"@type\":\"ReadAction\",\"target\":[\"https:\/\/staging.consorziovaccherosse.blacksolutions.net\/de\/information\/fuhrungen\/\"]}]},{\"@type\":\"ImageObject\",\"inLanguage\":\"de\",\"@id\":\"https:\/\/staging.consorziovaccherosse.blacksolutions.net\/de\/information\/fuhrungen\/#primaryimage\",\"url\":\"https:\/\/staging.consorziovaccherosse.blacksolutions.net\/wp-content\/uploads\/visitaguidata-caseificio-cvr.jpg\",\"contentUrl\":\"https:\/\/staging.consorziovaccherosse.blacksolutions.net\/wp-content\/uploads\/visitaguidata-caseificio-cvr.jpg\",\"width\":2324,\"height\":1743},{\"@type\":\"BreadcrumbList\",\"@id\":\"https:\/\/staging.consorziovaccherosse.blacksolutions.net\/de\/information\/fuhrungen\/#breadcrumb\",\"itemListElement\":[{\"@type\":\"ListItem\",\"position\":1,\"name\":\"Home\",\"item\":\"https:\/\/staging.consorziovaccherosse.blacksolutions.net\/de\/\"},{\"@type\":\"ListItem\",\"position\":2,\"name\":\"Information\",\"item\":\"https:\/\/staging.consorziovaccherosse.blacksolutions.net\/de\/information\/\"},{\"@type\":\"ListItem\",\"position\":3,\"name\":\"F\u00fchrungen\"}]},{\"@type\":\"WebSite\",\"@id\":\"https:\/\/staging.consorziovaccherosse.blacksolutions.net\/de\/#website\",\"url\":\"https:\/\/staging.consorziovaccherosse.blacksolutions.net\/de\/\",\"name\":\"Consorzio Vacche Rosse\",\"description\":\"Parmigiano Reggiano Vacche Rosse di Razza Reggiana\",\"publisher\":{\"@id\":\"https:\/\/staging.consorziovaccherosse.blacksolutions.net\/de\/#organization\"},\"potentialAction\":[{\"@type\":\"SearchAction\",\"target\":{\"@type\":\"EntryPoint\",\"urlTemplate\":\"https:\/\/staging.consorziovaccherosse.blacksolutions.net\/de\/?s={search_term_string}\"},\"query-input\":{\"@type\":\"PropertyValueSpecification\",\"valueRequired\":true,\"valueName\":\"search_term_string\"}}],\"inLanguage\":\"de\"},{\"@type\":\"Organization\",\"@id\":\"https:\/\/staging.consorziovaccherosse.blacksolutions.net\/de\/#organization\",\"name\":\"Consorzio Vacche Rosse\",\"url\":\"https:\/\/staging.consorziovaccherosse.blacksolutions.net\/de\/\",\"logo\":{\"@type\":\"ImageObject\",\"inLanguage\":\"de\",\"@id\":\"https:\/\/staging.consorziovaccherosse.blacksolutions.net\/de\/#\/schema\/logo\/image\/\",\"url\":\"https:\/\/staging.consorziovaccherosse.blacksolutions.net\/wp-content\/uploads\/logo-consorzio-vacche-rosse-rgb.jpg\",\"contentUrl\":\"https:\/\/staging.consorziovaccherosse.blacksolutions.net\/wp-content\/uploads\/logo-consorzio-vacche-rosse-rgb.jpg\",\"width\":1920,\"height\":1920,\"caption\":\"Consorzio Vacche Rosse\"},\"image\":{\"@id\":\"https:\/\/staging.consorziovaccherosse.blacksolutions.net\/de\/#\/schema\/logo\/image\/\"},\"sameAs\":[\"https:\/\/www.facebook.com\/consorziovaccherosse\",\"https:\/\/x.com\/consvaccherosse\"]}]}<\/script>\n<!-- \/ Yoast SEO Premium plugin. -->","yoast_head_json":{"title":"Wie Parmigiano Reggiano entsteht - Consorzio Vacche Rosse","description":"Das Red Cows Consortium organisiert F\u00fchrungen durch die Molkerei und die St\u00e4lle der Red Cows. Schauen Sie den K\u00e4sern bei der Arbeit zu, buchen Sie Ihren Besuch","robots":{"index":"noindex","follow":"follow","max-snippet":"max-snippet:-1","max-image-preview":"max-image-preview:large","max-video-preview":"max-video-preview:-1"},"og_locale":"de_DE","og_type":"article","og_title":"F\u00fchrungen","og_description":"Das Red Cows Consortium organisiert F\u00fchrungen durch die Molkerei und die St\u00e4lle der Red Cows. Schauen Sie den K\u00e4sern bei der Arbeit zu, buchen Sie Ihren Besuch","og_url":"https:\/\/staging.consorziovaccherosse.blacksolutions.net\/de\/information\/fuhrungen\/","og_site_name":"Consorzio Vacche Rosse","article_publisher":"https:\/\/www.facebook.com\/consorziovaccherosse","article_modified_time":"2025-03-13T10:36:59+00:00","og_image":[{"width":2324,"height":1743,"url":"https:\/\/staging.consorziovaccherosse.blacksolutions.net\/wp-content\/uploads\/visitaguidata-caseificio-cvr.jpg","type":"image\/jpeg"}],"twitter_misc":{"Gesch\u00e4tzte Lesezeit":"2\u00a0Minuten"},"schema":{"@context":"https:\/\/schema.org","@graph":[{"@type":"WebPage","@id":"https:\/\/staging.consorziovaccherosse.blacksolutions.net\/de\/information\/fuhrungen\/","url":"https:\/\/staging.consorziovaccherosse.blacksolutions.net\/de\/information\/fuhrungen\/","name":"Wie Parmigiano Reggiano entsteht - Consorzio Vacche Rosse","isPartOf":{"@id":"https:\/\/staging.consorziovaccherosse.blacksolutions.net\/de\/#website"},"primaryImageOfPage":{"@id":"https:\/\/staging.consorziovaccherosse.blacksolutions.net\/de\/information\/fuhrungen\/#primaryimage"},"image":{"@id":"https:\/\/staging.consorziovaccherosse.blacksolutions.net\/de\/information\/fuhrungen\/#primaryimage"},"thumbnailUrl":"https:\/\/staging.consorziovaccherosse.blacksolutions.net\/wp-content\/uploads\/visitaguidata-caseificio-cvr.jpg","datePublished":"2013-07-30T08:24:31+00:00","dateModified":"2025-03-13T10:36:59+00:00","description":"Das Red Cows Consortium organisiert F\u00fchrungen durch die Molkerei und die St\u00e4lle der Red Cows. Schauen Sie den K\u00e4sern bei der Arbeit zu, buchen Sie Ihren Besuch","breadcrumb":{"@id":"https:\/\/staging.consorziovaccherosse.blacksolutions.net\/de\/information\/fuhrungen\/#breadcrumb"},"inLanguage":"de","potentialAction":[{"@type":"ReadAction","target":["https:\/\/staging.consorziovaccherosse.blacksolutions.net\/de\/information\/fuhrungen\/"]}]},{"@type":"ImageObject","inLanguage":"de","@id":"https:\/\/staging.consorziovaccherosse.blacksolutions.net\/de\/information\/fuhrungen\/#primaryimage","url":"https:\/\/staging.consorziovaccherosse.blacksolutions.net\/wp-content\/uploads\/visitaguidata-caseificio-cvr.jpg","contentUrl":"https:\/\/staging.consorziovaccherosse.blacksolutions.net\/wp-content\/uploads\/visitaguidata-caseificio-cvr.jpg","width":2324,"height":1743},{"@type":"BreadcrumbList","@id":"https:\/\/staging.consorziovaccherosse.blacksolutions.net\/de\/information\/fuhrungen\/#breadcrumb","itemListElement":[{"@type":"ListItem","position":1,"name":"Home","item":"https:\/\/staging.consorziovaccherosse.blacksolutions.net\/de\/"},{"@type":"ListItem","position":2,"name":"Information","item":"https:\/\/staging.consorziovaccherosse.blacksolutions.net\/de\/information\/"},{"@type":"ListItem","position":3,"name":"F\u00fchrungen"}]},{"@type":"WebSite","@id":"https:\/\/staging.consorziovaccherosse.blacksolutions.net\/de\/#website","url":"https:\/\/staging.consorziovaccherosse.blacksolutions.net\/de\/","name":"Consorzio Vacche Rosse","description":"Parmigiano Reggiano Vacche Rosse di Razza Reggiana","publisher":{"@id":"https:\/\/staging.consorziovaccherosse.blacksolutions.net\/de\/#organization"},"potentialAction":[{"@type":"SearchAction","target":{"@type":"EntryPoint","urlTemplate":"https:\/\/staging.consorziovaccherosse.blacksolutions.net\/de\/?s={search_term_string}"},"query-input":{"@type":"PropertyValueSpecification","valueRequired":true,"valueName":"search_term_string"}}],"inLanguage":"de"},{"@type":"Organization","@id":"https:\/\/staging.consorziovaccherosse.blacksolutions.net\/de\/#organization","name":"Consorzio Vacche Rosse","url":"https:\/\/staging.consorziovaccherosse.blacksolutions.net\/de\/","logo":{"@type":"ImageObject","inLanguage":"de","@id":"https:\/\/staging.consorziovaccherosse.blacksolutions.net\/de\/#\/schema\/logo\/image\/","url":"https:\/\/staging.consorziovaccherosse.blacksolutions.net\/wp-content\/uploads\/logo-consorzio-vacche-rosse-rgb.jpg","contentUrl":"https:\/\/staging.consorziovaccherosse.blacksolutions.net\/wp-content\/uploads\/logo-consorzio-vacche-rosse-rgb.jpg","width":1920,"height":1920,"caption":"Consorzio Vacche Rosse"},"image":{"@id":"https:\/\/staging.consorziovaccherosse.blacksolutions.net\/de\/#\/schema\/logo\/image\/"},"sameAs":["https:\/\/www.facebook.com\/consorziovaccherosse","https:\/\/x.com\/consvaccherosse"]}]}},"_links":{"self":[{"href":"https:\/\/staging.consorziovaccherosse.blacksolutions.net\/de\/wp-json\/wp\/v2\/pages\/1501","targetHints":{"allow":["GET"]}}],"collection":[{"href":"https:\/\/staging.consorziovaccherosse.blacksolutions.net\/de\/wp-json\/wp\/v2\/pages"}],"about":[{"href":"https:\/\/staging.consorziovaccherosse.blacksolutions.net\/de\/wp-json\/wp\/v2\/types\/page"}],"author":[{"embeddable":true,"href":"https:\/\/staging.consorziovaccherosse.blacksolutions.net\/de\/wp-json\/wp\/v2\/users\/80549"}],"replies":[{"embeddable":true,"href":"https:\/\/staging.consorziovaccherosse.blacksolutions.net\/de\/wp-json\/wp\/v2\/comments?post=1501"}],"version-history":[{"count":11,"href":"https:\/\/staging.consorziovaccherosse.blacksolutions.net\/de\/wp-json\/wp\/v2\/pages\/1501\/revisions"}],"predecessor-version":[{"id":176346,"href":"https:\/\/staging.consorziovaccherosse.blacksolutions.net\/de\/wp-json\/wp\/v2\/pages\/1501\/revisions\/176346"}],"up":[{"embeddable":true,"href":"https:\/\/staging.consorziovaccherosse.blacksolutions.net\/de\/wp-json\/wp\/v2\/pages\/1493"}],"wp:featuredmedia":[{"embeddable":true,"href":"https:\/\/staging.consorziovaccherosse.blacksolutions.net\/de\/wp-json\/wp\/v2\/media\/154209"}],"wp:attachment":[{"href":"https:\/\/staging.consorziovaccherosse.blacksolutions.net\/de\/wp-json\/wp\/v2\/media?parent=1501"}],"curies":[{"name":"wp","href":"https:\/\/api.w.org\/{rel}","templated":true}]}}