{"id":124114,"date":"2014-10-29T12:21:35","date_gmt":"2014-10-29T11:21:35","guid":{"rendered":"https:\/\/staging.consorziovaccherosse.blacksolutions.net\/product\/parmigiano-reggiano-vacche-rosse-24-mesi-conf-250gr\/"},"modified":"2025-11-25T15:59:59","modified_gmt":"2025-11-25T14:59:59","slug":"parmigiano-reggiano-roten-kuhe-24-30-month-250gr","status":"publish","type":"product","link":"https:\/\/staging.consorziovaccherosse.blacksolutions.net\/de\/shop\/parmigiano-reggiano-roten-kuhe\/parmigianoreggiano-rotenkuhe-24monate\/parmigiano-reggiano-roten-kuhe-24-30-month-250gr\/","title":{"rendered":"Vacche Rosse Parmigiano Reggiano \u00fcber 24 Monate 250g"},"content":{"rendered":"<p>Produziert mit Roten K\u00fche Milch, die ausschlie\u00dflich mit Gras, Heu und gentechnikfreiem, zertifiziertem Futter gef\u00fcttert werden und mit dem absoluten Verbot jeglicher Lebensmitteltechnik, die der Zwangsproduktion dient, um dem Tierschutz gr\u00f6\u00dftm\u00f6gliche Aufmerksamkeit zu widmen. Dieser Parmigiano Reggiano kann mit mehr oder weniger strukturierten Rotweinen wie Sangiovese di Romagna, Gutturnio, Chianti Classico kombiniert werden. Hervorragend, wenn es in einem Obstsalat (Birnen, \u00c4pfel, Grapefruit, Orange), gew\u00fcrzt mit traditionellem Balsamico-Essig aus Reggio Emilia, in Bl\u00fctenbl\u00e4tter geschnitten angeboten wird. Der K\u00e4se kann mit jeder Art von getrockneten Fr\u00fcchten wie Waln\u00fcssen, Haseln\u00fcssen oder Feigen begleitet werden.<\/p>\n","protected":false},"excerpt":{"rendered":"<p>Produziert mit Roten K\u00fche Milch, die ausschlie\u00dflich mit Gras, Heu und gentechnikfreiem, zertifiziertem Futter gef\u00fcttert werden und mit dem absoluten Verbot jeglicher Lebensmitteltechnik, die der Zwangsproduktion dient, um dem Tierschutz gr\u00f6\u00dftm\u00f6gliche Aufmerksamkeit zu widmen. Dieser Parmigiano Reggiano kann mit mehr oder weniger strukturierten Rotweinen wie Sangiovese di Romagna, Gutturnio, Chianti Classico kombiniert werden. Hervorragend, wenn [&hellip;]<\/p>\n","protected":false},"featured_media":146147,"template":"","meta":{"_acf_changed":false,"inline_featured_image":false,"_genesis_hide_title":false,"_genesis_hide_breadcrumbs":false,"_genesis_hide_singular_image":false,"_genesis_hide_footer_widgets":false,"_genesis_custom_body_class":"","_genesis_custom_post_class":"","_genesis_layout":"","_links_to":"","_links_to_target":""},"product_brand":[],"product_cat":[3562,3566],"product_tag":[],"class_list":{"0":"post-124114","1":"product","2":"type-product","3":"status-publish","4":"has-post-thumbnail","6":"product_cat-parmigiano-reggiano-roten-kuhe","7":"product_cat-parmigianoreggiano-rotenkuhe-24monate","8":"product_shipping_class-worldwide-de","9":"entry","11":"first","12":"instock","13":"taxable","14":"shipping-taxable","15":"purchasable","16":"product-type-simple"},"acf":[],"yoast_head":"<!-- This site is optimized with the Yoast SEO Premium plugin v24.3 (Yoast SEO v27.2) - https:\/\/yoast.com\/product\/yoast-seo-premium-wordpress\/ -->\n<title>Vacche Rosse Parmigiano Reggiano \u00fcber 24 Monate 250g - Consorzio Vacche Rosse<\/title>\n<meta name=\"description\" content=\"Online-Verkauf von Parmigiano Reggiano Vacche Rosse. Reifte 24 Monate im 250 Gramm-Format.\" \/>\n<meta name=\"robots\" content=\"noindex, follow, max-snippet:-1, max-image-preview:large, max-video-preview:-1\" \/>\n<meta property=\"og:locale\" content=\"de_DE\" \/>\n<meta property=\"og:type\" content=\"article\" \/>\n<meta property=\"og:title\" content=\"Vacche Rosse Parmigiano Reggiano \u00fcber 24 Monate 250g\" \/>\n<meta property=\"og:description\" content=\"Online-Verkauf von Parmigiano Reggiano Vacche Rosse. Reifte 24 Monate im 250 Gramm-Format.\" \/>\n<meta property=\"og:url\" content=\"https:\/\/staging.consorziovaccherosse.blacksolutions.net\/de\/shop\/parmigiano-reggiano-roten-kuhe\/parmigianoreggiano-rotenkuhe-24monate\/parmigiano-reggiano-roten-kuhe-24-30-month-250gr\/\" \/>\n<meta property=\"og:site_name\" content=\"Consorzio Vacche Rosse\" \/>\n<meta property=\"article:publisher\" content=\"https:\/\/www.facebook.com\/consorziovaccherosse\" \/>\n<meta property=\"article:modified_time\" content=\"2025-11-25T14:59:59+00:00\" \/>\n<meta property=\"og:image\" content=\"https:\/\/staging.consorziovaccherosse.blacksolutions.net\/wp-content\/uploads\/parmigiano-reggiano-24-mesi-250gr.png\" \/>\n\t<meta property=\"og:image:width\" content=\"900\" \/>\n\t<meta property=\"og:image:height\" content=\"900\" \/>\n\t<meta property=\"og:image:type\" content=\"image\/png\" \/>\n<meta name=\"twitter:label1\" content=\"Gesch\u00e4tzte Lesezeit\" \/>\n\t<meta name=\"twitter:data1\" content=\"1\u00a0Minute\" \/>\n<script type=\"application\/ld+json\" class=\"yoast-schema-graph\">{\"@context\":\"https:\/\/schema.org\",\"@graph\":[{\"@type\":\"WebPage\",\"@id\":\"https:\/\/staging.consorziovaccherosse.blacksolutions.net\/de\/shop\/parmigiano-reggiano-roten-kuhe\/parmigianoreggiano-rotenkuhe-24monate\/parmigiano-reggiano-roten-kuhe-24-30-month-250gr\/\",\"url\":\"https:\/\/staging.consorziovaccherosse.blacksolutions.net\/de\/shop\/parmigiano-reggiano-roten-kuhe\/parmigianoreggiano-rotenkuhe-24monate\/parmigiano-reggiano-roten-kuhe-24-30-month-250gr\/\",\"name\":\"Vacche Rosse Parmigiano Reggiano \u00fcber 24 Monate 250g - Consorzio Vacche Rosse\",\"isPartOf\":{\"@id\":\"https:\/\/staging.consorziovaccherosse.blacksolutions.net\/de\/#website\"},\"primaryImageOfPage\":{\"@id\":\"https:\/\/staging.consorziovaccherosse.blacksolutions.net\/de\/shop\/parmigiano-reggiano-roten-kuhe\/parmigianoreggiano-rotenkuhe-24monate\/parmigiano-reggiano-roten-kuhe-24-30-month-250gr\/#primaryimage\"},\"image\":{\"@id\":\"https:\/\/staging.consorziovaccherosse.blacksolutions.net\/de\/shop\/parmigiano-reggiano-roten-kuhe\/parmigianoreggiano-rotenkuhe-24monate\/parmigiano-reggiano-roten-kuhe-24-30-month-250gr\/#primaryimage\"},\"thumbnailUrl\":\"https:\/\/staging.consorziovaccherosse.blacksolutions.net\/wp-content\/uploads\/parmigiano-reggiano-24-mesi-250gr.png\",\"datePublished\":\"2014-10-29T11:21:35+00:00\",\"dateModified\":\"2025-11-25T14:59:59+00:00\",\"description\":\"Online-Verkauf von Parmigiano Reggiano Vacche Rosse. Reifte 24 Monate im 250 Gramm-Format.\",\"breadcrumb\":{\"@id\":\"https:\/\/staging.consorziovaccherosse.blacksolutions.net\/de\/shop\/parmigiano-reggiano-roten-kuhe\/parmigianoreggiano-rotenkuhe-24monate\/parmigiano-reggiano-roten-kuhe-24-30-month-250gr\/#breadcrumb\"},\"inLanguage\":\"de\",\"potentialAction\":[{\"@type\":\"ReadAction\",\"target\":[\"https:\/\/staging.consorziovaccherosse.blacksolutions.net\/de\/shop\/parmigiano-reggiano-roten-kuhe\/parmigianoreggiano-rotenkuhe-24monate\/parmigiano-reggiano-roten-kuhe-24-30-month-250gr\/\"]}]},{\"@type\":\"ImageObject\",\"inLanguage\":\"de\",\"@id\":\"https:\/\/staging.consorziovaccherosse.blacksolutions.net\/de\/shop\/parmigiano-reggiano-roten-kuhe\/parmigianoreggiano-rotenkuhe-24monate\/parmigiano-reggiano-roten-kuhe-24-30-month-250gr\/#primaryimage\",\"url\":\"https:\/\/staging.consorziovaccherosse.blacksolutions.net\/wp-content\/uploads\/parmigiano-reggiano-24-mesi-250gr.png\",\"contentUrl\":\"https:\/\/staging.consorziovaccherosse.blacksolutions.net\/wp-content\/uploads\/parmigiano-reggiano-24-mesi-250gr.png\",\"width\":900,\"height\":900},{\"@type\":\"BreadcrumbList\",\"@id\":\"https:\/\/staging.consorziovaccherosse.blacksolutions.net\/de\/shop\/parmigiano-reggiano-roten-kuhe\/parmigianoreggiano-rotenkuhe-24monate\/parmigiano-reggiano-roten-kuhe-24-30-month-250gr\/#breadcrumb\",\"itemListElement\":[{\"@type\":\"ListItem\",\"position\":1,\"name\":\"Home\",\"item\":\"https:\/\/staging.consorziovaccherosse.blacksolutions.net\/de\/\"},{\"@type\":\"ListItem\",\"position\":2,\"name\":\"Shop\",\"item\":\"https:\/\/staging.consorziovaccherosse.blacksolutions.net\/de\/shop\/\"},{\"@type\":\"ListItem\",\"position\":3,\"name\":\"Vacche Rosse Parmigiano Reggiano \u00fcber 24 Monate 250g\"}]},{\"@type\":\"WebSite\",\"@id\":\"https:\/\/staging.consorziovaccherosse.blacksolutions.net\/de\/#website\",\"url\":\"https:\/\/staging.consorziovaccherosse.blacksolutions.net\/de\/\",\"name\":\"Consorzio Vacche Rosse\",\"description\":\"Parmigiano Reggiano Vacche Rosse di Razza Reggiana\",\"publisher\":{\"@id\":\"https:\/\/staging.consorziovaccherosse.blacksolutions.net\/de\/#organization\"},\"potentialAction\":[{\"@type\":\"SearchAction\",\"target\":{\"@type\":\"EntryPoint\",\"urlTemplate\":\"https:\/\/staging.consorziovaccherosse.blacksolutions.net\/de\/?s={search_term_string}\"},\"query-input\":{\"@type\":\"PropertyValueSpecification\",\"valueRequired\":true,\"valueName\":\"search_term_string\"}}],\"inLanguage\":\"de\"},{\"@type\":\"Organization\",\"@id\":\"https:\/\/staging.consorziovaccherosse.blacksolutions.net\/de\/#organization\",\"name\":\"Consorzio Vacche Rosse\",\"url\":\"https:\/\/staging.consorziovaccherosse.blacksolutions.net\/de\/\",\"logo\":{\"@type\":\"ImageObject\",\"inLanguage\":\"de\",\"@id\":\"https:\/\/staging.consorziovaccherosse.blacksolutions.net\/de\/#\/schema\/logo\/image\/\",\"url\":\"https:\/\/staging.consorziovaccherosse.blacksolutions.net\/wp-content\/uploads\/logo-consorzio-vacche-rosse-rgb.jpg\",\"contentUrl\":\"https:\/\/staging.consorziovaccherosse.blacksolutions.net\/wp-content\/uploads\/logo-consorzio-vacche-rosse-rgb.jpg\",\"width\":1920,\"height\":1920,\"caption\":\"Consorzio Vacche Rosse\"},\"image\":{\"@id\":\"https:\/\/staging.consorziovaccherosse.blacksolutions.net\/de\/#\/schema\/logo\/image\/\"},\"sameAs\":[\"https:\/\/www.facebook.com\/consorziovaccherosse\",\"https:\/\/x.com\/consvaccherosse\"]}]}<\/script>\n<!-- \/ Yoast SEO Premium plugin. -->","yoast_head_json":{"title":"Vacche Rosse Parmigiano Reggiano \u00fcber 24 Monate 250g - Consorzio Vacche Rosse","description":"Online-Verkauf von Parmigiano Reggiano Vacche Rosse. Reifte 24 Monate im 250 Gramm-Format.","robots":{"index":"noindex","follow":"follow","max-snippet":"max-snippet:-1","max-image-preview":"max-image-preview:large","max-video-preview":"max-video-preview:-1"},"og_locale":"de_DE","og_type":"article","og_title":"Vacche Rosse Parmigiano Reggiano \u00fcber 24 Monate 250g","og_description":"Online-Verkauf von Parmigiano Reggiano Vacche Rosse. Reifte 24 Monate im 250 Gramm-Format.","og_url":"https:\/\/staging.consorziovaccherosse.blacksolutions.net\/de\/shop\/parmigiano-reggiano-roten-kuhe\/parmigianoreggiano-rotenkuhe-24monate\/parmigiano-reggiano-roten-kuhe-24-30-month-250gr\/","og_site_name":"Consorzio Vacche Rosse","article_publisher":"https:\/\/www.facebook.com\/consorziovaccherosse","article_modified_time":"2025-11-25T14:59:59+00:00","og_image":[{"width":900,"height":900,"url":"https:\/\/staging.consorziovaccherosse.blacksolutions.net\/wp-content\/uploads\/parmigiano-reggiano-24-mesi-250gr.png","type":"image\/png"}],"twitter_misc":{"Gesch\u00e4tzte Lesezeit":"1\u00a0Minute"},"schema":{"@context":"https:\/\/schema.org","@graph":[{"@type":"WebPage","@id":"https:\/\/staging.consorziovaccherosse.blacksolutions.net\/de\/shop\/parmigiano-reggiano-roten-kuhe\/parmigianoreggiano-rotenkuhe-24monate\/parmigiano-reggiano-roten-kuhe-24-30-month-250gr\/","url":"https:\/\/staging.consorziovaccherosse.blacksolutions.net\/de\/shop\/parmigiano-reggiano-roten-kuhe\/parmigianoreggiano-rotenkuhe-24monate\/parmigiano-reggiano-roten-kuhe-24-30-month-250gr\/","name":"Vacche Rosse Parmigiano Reggiano \u00fcber 24 Monate 250g - Consorzio Vacche Rosse","isPartOf":{"@id":"https:\/\/staging.consorziovaccherosse.blacksolutions.net\/de\/#website"},"primaryImageOfPage":{"@id":"https:\/\/staging.consorziovaccherosse.blacksolutions.net\/de\/shop\/parmigiano-reggiano-roten-kuhe\/parmigianoreggiano-rotenkuhe-24monate\/parmigiano-reggiano-roten-kuhe-24-30-month-250gr\/#primaryimage"},"image":{"@id":"https:\/\/staging.consorziovaccherosse.blacksolutions.net\/de\/shop\/parmigiano-reggiano-roten-kuhe\/parmigianoreggiano-rotenkuhe-24monate\/parmigiano-reggiano-roten-kuhe-24-30-month-250gr\/#primaryimage"},"thumbnailUrl":"https:\/\/staging.consorziovaccherosse.blacksolutions.net\/wp-content\/uploads\/parmigiano-reggiano-24-mesi-250gr.png","datePublished":"2014-10-29T11:21:35+00:00","dateModified":"2025-11-25T14:59:59+00:00","description":"Online-Verkauf von Parmigiano Reggiano Vacche Rosse. Reifte 24 Monate im 250 Gramm-Format.","breadcrumb":{"@id":"https:\/\/staging.consorziovaccherosse.blacksolutions.net\/de\/shop\/parmigiano-reggiano-roten-kuhe\/parmigianoreggiano-rotenkuhe-24monate\/parmigiano-reggiano-roten-kuhe-24-30-month-250gr\/#breadcrumb"},"inLanguage":"de","potentialAction":[{"@type":"ReadAction","target":["https:\/\/staging.consorziovaccherosse.blacksolutions.net\/de\/shop\/parmigiano-reggiano-roten-kuhe\/parmigianoreggiano-rotenkuhe-24monate\/parmigiano-reggiano-roten-kuhe-24-30-month-250gr\/"]}]},{"@type":"ImageObject","inLanguage":"de","@id":"https:\/\/staging.consorziovaccherosse.blacksolutions.net\/de\/shop\/parmigiano-reggiano-roten-kuhe\/parmigianoreggiano-rotenkuhe-24monate\/parmigiano-reggiano-roten-kuhe-24-30-month-250gr\/#primaryimage","url":"https:\/\/staging.consorziovaccherosse.blacksolutions.net\/wp-content\/uploads\/parmigiano-reggiano-24-mesi-250gr.png","contentUrl":"https:\/\/staging.consorziovaccherosse.blacksolutions.net\/wp-content\/uploads\/parmigiano-reggiano-24-mesi-250gr.png","width":900,"height":900},{"@type":"BreadcrumbList","@id":"https:\/\/staging.consorziovaccherosse.blacksolutions.net\/de\/shop\/parmigiano-reggiano-roten-kuhe\/parmigianoreggiano-rotenkuhe-24monate\/parmigiano-reggiano-roten-kuhe-24-30-month-250gr\/#breadcrumb","itemListElement":[{"@type":"ListItem","position":1,"name":"Home","item":"https:\/\/staging.consorziovaccherosse.blacksolutions.net\/de\/"},{"@type":"ListItem","position":2,"name":"Shop","item":"https:\/\/staging.consorziovaccherosse.blacksolutions.net\/de\/shop\/"},{"@type":"ListItem","position":3,"name":"Vacche Rosse Parmigiano Reggiano \u00fcber 24 Monate 250g"}]},{"@type":"WebSite","@id":"https:\/\/staging.consorziovaccherosse.blacksolutions.net\/de\/#website","url":"https:\/\/staging.consorziovaccherosse.blacksolutions.net\/de\/","name":"Consorzio Vacche Rosse","description":"Parmigiano Reggiano Vacche Rosse di Razza Reggiana","publisher":{"@id":"https:\/\/staging.consorziovaccherosse.blacksolutions.net\/de\/#organization"},"potentialAction":[{"@type":"SearchAction","target":{"@type":"EntryPoint","urlTemplate":"https:\/\/staging.consorziovaccherosse.blacksolutions.net\/de\/?s={search_term_string}"},"query-input":{"@type":"PropertyValueSpecification","valueRequired":true,"valueName":"search_term_string"}}],"inLanguage":"de"},{"@type":"Organization","@id":"https:\/\/staging.consorziovaccherosse.blacksolutions.net\/de\/#organization","name":"Consorzio Vacche Rosse","url":"https:\/\/staging.consorziovaccherosse.blacksolutions.net\/de\/","logo":{"@type":"ImageObject","inLanguage":"de","@id":"https:\/\/staging.consorziovaccherosse.blacksolutions.net\/de\/#\/schema\/logo\/image\/","url":"https:\/\/staging.consorziovaccherosse.blacksolutions.net\/wp-content\/uploads\/logo-consorzio-vacche-rosse-rgb.jpg","contentUrl":"https:\/\/staging.consorziovaccherosse.blacksolutions.net\/wp-content\/uploads\/logo-consorzio-vacche-rosse-rgb.jpg","width":1920,"height":1920,"caption":"Consorzio Vacche Rosse"},"image":{"@id":"https:\/\/staging.consorziovaccherosse.blacksolutions.net\/de\/#\/schema\/logo\/image\/"},"sameAs":["https:\/\/www.facebook.com\/consorziovaccherosse","https:\/\/x.com\/consvaccherosse"]}]}},"_links":{"self":[{"href":"https:\/\/staging.consorziovaccherosse.blacksolutions.net\/de\/wp-json\/wp\/v2\/product\/124114","targetHints":{"allow":["GET"]}}],"collection":[{"href":"https:\/\/staging.consorziovaccherosse.blacksolutions.net\/de\/wp-json\/wp\/v2\/product"}],"about":[{"href":"https:\/\/staging.consorziovaccherosse.blacksolutions.net\/de\/wp-json\/wp\/v2\/types\/product"}],"wp:featuredmedia":[{"embeddable":true,"href":"https:\/\/staging.consorziovaccherosse.blacksolutions.net\/de\/wp-json\/wp\/v2\/media\/146147"}],"wp:attachment":[{"href":"https:\/\/staging.consorziovaccherosse.blacksolutions.net\/de\/wp-json\/wp\/v2\/media?parent=124114"}],"wp:term":[{"taxonomy":"product_brand","embeddable":true,"href":"https:\/\/staging.consorziovaccherosse.blacksolutions.net\/de\/wp-json\/wp\/v2\/product_brand?post=124114"},{"taxonomy":"product_cat","embeddable":true,"href":"https:\/\/staging.consorziovaccherosse.blacksolutions.net\/de\/wp-json\/wp\/v2\/product_cat?post=124114"},{"taxonomy":"product_tag","embeddable":true,"href":"https:\/\/staging.consorziovaccherosse.blacksolutions.net\/de\/wp-json\/wp\/v2\/product_tag?post=124114"}],"curies":[{"name":"wp","href":"https:\/\/api.w.org\/{rel}","templated":true}]}}