{"id":134486,"date":"2019-10-18T14:36:57","date_gmt":"2019-10-18T12:38:43","guid":{"rendered":"https:\/\/staging.consorziovaccherosse.blacksolutions.net\/?post_type=product&#038;p=134486"},"modified":"2025-11-25T15:59:46","modified_gmt":"2025-11-25T14:59:46","slug":"geriebener-parmigiano-reggiano-kaese-packung-von-500-gr","status":"publish","type":"product","link":"https:\/\/staging.consorziovaccherosse.blacksolutions.net\/de\/shop\/parmigiano-reggiano-roten-kuhe\/frisch-geriebener-parmigianoreggiano\/geriebener-parmigiano-reggiano-kaese-packung-von-500-gr\/","title":{"rendered":"Frisch geriebener Vacche Rosse Parmigiano Reggiano 500g."},"content":{"rendered":"<p>Frisch geriebener Vacche Rosse Parmigiano Reggiano \u00fcber 24 Monate, hergestellt aus Milch von Roten K\u00fchen, die nur mit GVO-freien Futtermittel und ohne den Einsatz von Mitteln ern\u00e4hrt werden, welche die Milchproduktion stimulieren, um somit maximale Aufmerksamkeit f\u00fcr den Tierschutz zu gew\u00e4hren. Abh\u00e4ngig von der Lagerverf\u00fcgbarkeit kann das Bild der Verpackung grafische Abweichungen aufweisen.<\/p>\n","protected":false},"excerpt":{"rendered":"<p>Frisch geriebener Vacche Rosse Parmigiano Reggiano \u00fcber 24 Monate, hergestellt aus Milch von Roten K\u00fchen, die nur mit GVO-freien Futtermittel und ohne den Einsatz von Mitteln ern\u00e4hrt werden, welche die Milchproduktion stimulieren, um somit maximale Aufmerksamkeit f\u00fcr den Tierschutz zu gew\u00e4hren. Abh\u00e4ngig von der Lagerverf\u00fcgbarkeit kann das Bild der Verpackung grafische Abweichungen aufweisen.<\/p>\n","protected":false},"featured_media":134602,"template":"","meta":{"_acf_changed":false,"inline_featured_image":false,"_genesis_hide_title":false,"_genesis_hide_breadcrumbs":false,"_genesis_hide_singular_image":false,"_genesis_hide_footer_widgets":false,"_genesis_custom_body_class":"","_genesis_custom_post_class":"","_genesis_layout":"","_links_to":"","_links_to_target":""},"product_brand":[],"product_cat":[3562,3641],"product_tag":[],"class_list":{"0":"post-134486","1":"product","2":"type-product","3":"status-publish","4":"has-post-thumbnail","6":"product_cat-parmigiano-reggiano-roten-kuhe","7":"product_cat-frisch-geriebener-parmigianoreggiano","8":"product_shipping_class-worldwide-de","9":"entry","11":"first","12":"instock","13":"taxable","14":"shipping-taxable","15":"purchasable","16":"product-type-simple"},"acf":[],"yoast_head":"<!-- This site is optimized with the Yoast SEO Premium plugin v24.3 (Yoast SEO v27.2) - https:\/\/yoast.com\/product\/yoast-seo-premium-wordpress\/ -->\n<title>Frisch geriebener Vacche Rosse Parmigiano Reggiano 500g. - Consorzio Vacche Rosse<\/title>\n<meta name=\"description\" content=\"Frisch geriebener Vacche Rosse Parmigiano Reggiano 500g.: jetzt online kaufen, nur mit Milch von der Rasse Reggiana hergestellt: einzigartig und echt!\" \/>\n<meta name=\"robots\" content=\"noindex, follow, max-snippet:-1, max-image-preview:large, max-video-preview:-1\" \/>\n<meta property=\"og:locale\" content=\"de_DE\" \/>\n<meta property=\"og:type\" content=\"article\" \/>\n<meta property=\"og:title\" content=\"Frisch geriebener Vacche Rosse Parmigiano Reggiano 500g.\" \/>\n<meta property=\"og:description\" content=\"Frisch geriebener Vacche Rosse Parmigiano Reggiano 500g.: jetzt online kaufen, nur mit Milch von der Rasse Reggiana hergestellt: einzigartig und echt!\" \/>\n<meta property=\"og:url\" content=\"https:\/\/staging.consorziovaccherosse.blacksolutions.net\/de\/shop\/parmigiano-reggiano-roten-kuhe\/frisch-geriebener-parmigianoreggiano\/geriebener-parmigiano-reggiano-kaese-packung-von-500-gr\/\" \/>\n<meta property=\"og:site_name\" content=\"Consorzio Vacche Rosse\" \/>\n<meta property=\"article:publisher\" content=\"https:\/\/www.facebook.com\/consorziovaccherosse\" \/>\n<meta property=\"article:modified_time\" content=\"2025-11-25T14:59:46+00:00\" \/>\n<meta property=\"og:image\" content=\"https:\/\/staging.consorziovaccherosse.blacksolutions.net\/wp-content\/uploads\/Parmigiano-Reggiano-Vacche-Rosse-grattugiato-busta-1.jpg\" \/>\n\t<meta property=\"og:image:width\" content=\"1920\" \/>\n\t<meta property=\"og:image:height\" content=\"1920\" \/>\n\t<meta property=\"og:image:type\" content=\"image\/jpeg\" \/>\n<script type=\"application\/ld+json\" class=\"yoast-schema-graph\">{\"@context\":\"https:\/\/schema.org\",\"@graph\":[{\"@type\":\"WebPage\",\"@id\":\"https:\/\/staging.consorziovaccherosse.blacksolutions.net\/de\/shop\/parmigiano-reggiano-roten-kuhe\/frisch-geriebener-parmigianoreggiano\/geriebener-parmigiano-reggiano-kaese-packung-von-500-gr\/\",\"url\":\"https:\/\/staging.consorziovaccherosse.blacksolutions.net\/de\/shop\/parmigiano-reggiano-roten-kuhe\/frisch-geriebener-parmigianoreggiano\/geriebener-parmigiano-reggiano-kaese-packung-von-500-gr\/\",\"name\":\"Frisch geriebener Vacche Rosse Parmigiano Reggiano 500g. - Consorzio Vacche Rosse\",\"isPartOf\":{\"@id\":\"https:\/\/staging.consorziovaccherosse.blacksolutions.net\/de\/#website\"},\"primaryImageOfPage\":{\"@id\":\"https:\/\/staging.consorziovaccherosse.blacksolutions.net\/de\/shop\/parmigiano-reggiano-roten-kuhe\/frisch-geriebener-parmigianoreggiano\/geriebener-parmigiano-reggiano-kaese-packung-von-500-gr\/#primaryimage\"},\"image\":{\"@id\":\"https:\/\/staging.consorziovaccherosse.blacksolutions.net\/de\/shop\/parmigiano-reggiano-roten-kuhe\/frisch-geriebener-parmigianoreggiano\/geriebener-parmigiano-reggiano-kaese-packung-von-500-gr\/#primaryimage\"},\"thumbnailUrl\":\"https:\/\/staging.consorziovaccherosse.blacksolutions.net\/wp-content\/uploads\/Parmigiano-Reggiano-Vacche-Rosse-grattugiato-busta-1.jpg\",\"datePublished\":\"2019-10-18T12:38:43+00:00\",\"dateModified\":\"2025-11-25T14:59:46+00:00\",\"description\":\"Frisch geriebener Vacche Rosse Parmigiano Reggiano 500g.: jetzt online kaufen, nur mit Milch von der Rasse Reggiana hergestellt: einzigartig und echt!\",\"breadcrumb\":{\"@id\":\"https:\/\/staging.consorziovaccherosse.blacksolutions.net\/de\/shop\/parmigiano-reggiano-roten-kuhe\/frisch-geriebener-parmigianoreggiano\/geriebener-parmigiano-reggiano-kaese-packung-von-500-gr\/#breadcrumb\"},\"inLanguage\":\"de\",\"potentialAction\":[{\"@type\":\"ReadAction\",\"target\":[\"https:\/\/staging.consorziovaccherosse.blacksolutions.net\/de\/shop\/parmigiano-reggiano-roten-kuhe\/frisch-geriebener-parmigianoreggiano\/geriebener-parmigiano-reggiano-kaese-packung-von-500-gr\/\"]}]},{\"@type\":\"ImageObject\",\"inLanguage\":\"de\",\"@id\":\"https:\/\/staging.consorziovaccherosse.blacksolutions.net\/de\/shop\/parmigiano-reggiano-roten-kuhe\/frisch-geriebener-parmigianoreggiano\/geriebener-parmigiano-reggiano-kaese-packung-von-500-gr\/#primaryimage\",\"url\":\"https:\/\/staging.consorziovaccherosse.blacksolutions.net\/wp-content\/uploads\/Parmigiano-Reggiano-Vacche-Rosse-grattugiato-busta-1.jpg\",\"contentUrl\":\"https:\/\/staging.consorziovaccherosse.blacksolutions.net\/wp-content\/uploads\/Parmigiano-Reggiano-Vacche-Rosse-grattugiato-busta-1.jpg\",\"width\":1920,\"height\":1920},{\"@type\":\"BreadcrumbList\",\"@id\":\"https:\/\/staging.consorziovaccherosse.blacksolutions.net\/de\/shop\/parmigiano-reggiano-roten-kuhe\/frisch-geriebener-parmigianoreggiano\/geriebener-parmigiano-reggiano-kaese-packung-von-500-gr\/#breadcrumb\",\"itemListElement\":[{\"@type\":\"ListItem\",\"position\":1,\"name\":\"Home\",\"item\":\"https:\/\/staging.consorziovaccherosse.blacksolutions.net\/de\/\"},{\"@type\":\"ListItem\",\"position\":2,\"name\":\"Shop\",\"item\":\"https:\/\/staging.consorziovaccherosse.blacksolutions.net\/de\/shop\/\"},{\"@type\":\"ListItem\",\"position\":3,\"name\":\"Frisch geriebener Vacche Rosse Parmigiano Reggiano 500g.\"}]},{\"@type\":\"WebSite\",\"@id\":\"https:\/\/staging.consorziovaccherosse.blacksolutions.net\/de\/#website\",\"url\":\"https:\/\/staging.consorziovaccherosse.blacksolutions.net\/de\/\",\"name\":\"Consorzio Vacche Rosse\",\"description\":\"Parmigiano Reggiano Vacche Rosse di Razza Reggiana\",\"publisher\":{\"@id\":\"https:\/\/staging.consorziovaccherosse.blacksolutions.net\/de\/#organization\"},\"potentialAction\":[{\"@type\":\"SearchAction\",\"target\":{\"@type\":\"EntryPoint\",\"urlTemplate\":\"https:\/\/staging.consorziovaccherosse.blacksolutions.net\/de\/?s={search_term_string}\"},\"query-input\":{\"@type\":\"PropertyValueSpecification\",\"valueRequired\":true,\"valueName\":\"search_term_string\"}}],\"inLanguage\":\"de\"},{\"@type\":\"Organization\",\"@id\":\"https:\/\/staging.consorziovaccherosse.blacksolutions.net\/de\/#organization\",\"name\":\"Consorzio Vacche Rosse\",\"url\":\"https:\/\/staging.consorziovaccherosse.blacksolutions.net\/de\/\",\"logo\":{\"@type\":\"ImageObject\",\"inLanguage\":\"de\",\"@id\":\"https:\/\/staging.consorziovaccherosse.blacksolutions.net\/de\/#\/schema\/logo\/image\/\",\"url\":\"https:\/\/staging.consorziovaccherosse.blacksolutions.net\/wp-content\/uploads\/logo-consorzio-vacche-rosse-rgb.jpg\",\"contentUrl\":\"https:\/\/staging.consorziovaccherosse.blacksolutions.net\/wp-content\/uploads\/logo-consorzio-vacche-rosse-rgb.jpg\",\"width\":1920,\"height\":1920,\"caption\":\"Consorzio Vacche Rosse\"},\"image\":{\"@id\":\"https:\/\/staging.consorziovaccherosse.blacksolutions.net\/de\/#\/schema\/logo\/image\/\"},\"sameAs\":[\"https:\/\/www.facebook.com\/consorziovaccherosse\",\"https:\/\/x.com\/consvaccherosse\"]}]}<\/script>\n<!-- \/ Yoast SEO Premium plugin. -->","yoast_head_json":{"title":"Frisch geriebener Vacche Rosse Parmigiano Reggiano 500g. - Consorzio Vacche Rosse","description":"Frisch geriebener Vacche Rosse Parmigiano Reggiano 500g.: jetzt online kaufen, nur mit Milch von der Rasse Reggiana hergestellt: einzigartig und echt!","robots":{"index":"noindex","follow":"follow","max-snippet":"max-snippet:-1","max-image-preview":"max-image-preview:large","max-video-preview":"max-video-preview:-1"},"og_locale":"de_DE","og_type":"article","og_title":"Frisch geriebener Vacche Rosse Parmigiano Reggiano 500g.","og_description":"Frisch geriebener Vacche Rosse Parmigiano Reggiano 500g.: jetzt online kaufen, nur mit Milch von der Rasse Reggiana hergestellt: einzigartig und echt!","og_url":"https:\/\/staging.consorziovaccherosse.blacksolutions.net\/de\/shop\/parmigiano-reggiano-roten-kuhe\/frisch-geriebener-parmigianoreggiano\/geriebener-parmigiano-reggiano-kaese-packung-von-500-gr\/","og_site_name":"Consorzio Vacche Rosse","article_publisher":"https:\/\/www.facebook.com\/consorziovaccherosse","article_modified_time":"2025-11-25T14:59:46+00:00","og_image":[{"width":1920,"height":1920,"url":"https:\/\/staging.consorziovaccherosse.blacksolutions.net\/wp-content\/uploads\/Parmigiano-Reggiano-Vacche-Rosse-grattugiato-busta-1.jpg","type":"image\/jpeg"}],"schema":{"@context":"https:\/\/schema.org","@graph":[{"@type":"WebPage","@id":"https:\/\/staging.consorziovaccherosse.blacksolutions.net\/de\/shop\/parmigiano-reggiano-roten-kuhe\/frisch-geriebener-parmigianoreggiano\/geriebener-parmigiano-reggiano-kaese-packung-von-500-gr\/","url":"https:\/\/staging.consorziovaccherosse.blacksolutions.net\/de\/shop\/parmigiano-reggiano-roten-kuhe\/frisch-geriebener-parmigianoreggiano\/geriebener-parmigiano-reggiano-kaese-packung-von-500-gr\/","name":"Frisch geriebener Vacche Rosse Parmigiano Reggiano 500g. - Consorzio Vacche Rosse","isPartOf":{"@id":"https:\/\/staging.consorziovaccherosse.blacksolutions.net\/de\/#website"},"primaryImageOfPage":{"@id":"https:\/\/staging.consorziovaccherosse.blacksolutions.net\/de\/shop\/parmigiano-reggiano-roten-kuhe\/frisch-geriebener-parmigianoreggiano\/geriebener-parmigiano-reggiano-kaese-packung-von-500-gr\/#primaryimage"},"image":{"@id":"https:\/\/staging.consorziovaccherosse.blacksolutions.net\/de\/shop\/parmigiano-reggiano-roten-kuhe\/frisch-geriebener-parmigianoreggiano\/geriebener-parmigiano-reggiano-kaese-packung-von-500-gr\/#primaryimage"},"thumbnailUrl":"https:\/\/staging.consorziovaccherosse.blacksolutions.net\/wp-content\/uploads\/Parmigiano-Reggiano-Vacche-Rosse-grattugiato-busta-1.jpg","datePublished":"2019-10-18T12:38:43+00:00","dateModified":"2025-11-25T14:59:46+00:00","description":"Frisch geriebener Vacche Rosse Parmigiano Reggiano 500g.: jetzt online kaufen, nur mit Milch von der Rasse Reggiana hergestellt: einzigartig und echt!","breadcrumb":{"@id":"https:\/\/staging.consorziovaccherosse.blacksolutions.net\/de\/shop\/parmigiano-reggiano-roten-kuhe\/frisch-geriebener-parmigianoreggiano\/geriebener-parmigiano-reggiano-kaese-packung-von-500-gr\/#breadcrumb"},"inLanguage":"de","potentialAction":[{"@type":"ReadAction","target":["https:\/\/staging.consorziovaccherosse.blacksolutions.net\/de\/shop\/parmigiano-reggiano-roten-kuhe\/frisch-geriebener-parmigianoreggiano\/geriebener-parmigiano-reggiano-kaese-packung-von-500-gr\/"]}]},{"@type":"ImageObject","inLanguage":"de","@id":"https:\/\/staging.consorziovaccherosse.blacksolutions.net\/de\/shop\/parmigiano-reggiano-roten-kuhe\/frisch-geriebener-parmigianoreggiano\/geriebener-parmigiano-reggiano-kaese-packung-von-500-gr\/#primaryimage","url":"https:\/\/staging.consorziovaccherosse.blacksolutions.net\/wp-content\/uploads\/Parmigiano-Reggiano-Vacche-Rosse-grattugiato-busta-1.jpg","contentUrl":"https:\/\/staging.consorziovaccherosse.blacksolutions.net\/wp-content\/uploads\/Parmigiano-Reggiano-Vacche-Rosse-grattugiato-busta-1.jpg","width":1920,"height":1920},{"@type":"BreadcrumbList","@id":"https:\/\/staging.consorziovaccherosse.blacksolutions.net\/de\/shop\/parmigiano-reggiano-roten-kuhe\/frisch-geriebener-parmigianoreggiano\/geriebener-parmigiano-reggiano-kaese-packung-von-500-gr\/#breadcrumb","itemListElement":[{"@type":"ListItem","position":1,"name":"Home","item":"https:\/\/staging.consorziovaccherosse.blacksolutions.net\/de\/"},{"@type":"ListItem","position":2,"name":"Shop","item":"https:\/\/staging.consorziovaccherosse.blacksolutions.net\/de\/shop\/"},{"@type":"ListItem","position":3,"name":"Frisch geriebener Vacche Rosse Parmigiano Reggiano 500g."}]},{"@type":"WebSite","@id":"https:\/\/staging.consorziovaccherosse.blacksolutions.net\/de\/#website","url":"https:\/\/staging.consorziovaccherosse.blacksolutions.net\/de\/","name":"Consorzio Vacche Rosse","description":"Parmigiano Reggiano Vacche Rosse di Razza Reggiana","publisher":{"@id":"https:\/\/staging.consorziovaccherosse.blacksolutions.net\/de\/#organization"},"potentialAction":[{"@type":"SearchAction","target":{"@type":"EntryPoint","urlTemplate":"https:\/\/staging.consorziovaccherosse.blacksolutions.net\/de\/?s={search_term_string}"},"query-input":{"@type":"PropertyValueSpecification","valueRequired":true,"valueName":"search_term_string"}}],"inLanguage":"de"},{"@type":"Organization","@id":"https:\/\/staging.consorziovaccherosse.blacksolutions.net\/de\/#organization","name":"Consorzio Vacche Rosse","url":"https:\/\/staging.consorziovaccherosse.blacksolutions.net\/de\/","logo":{"@type":"ImageObject","inLanguage":"de","@id":"https:\/\/staging.consorziovaccherosse.blacksolutions.net\/de\/#\/schema\/logo\/image\/","url":"https:\/\/staging.consorziovaccherosse.blacksolutions.net\/wp-content\/uploads\/logo-consorzio-vacche-rosse-rgb.jpg","contentUrl":"https:\/\/staging.consorziovaccherosse.blacksolutions.net\/wp-content\/uploads\/logo-consorzio-vacche-rosse-rgb.jpg","width":1920,"height":1920,"caption":"Consorzio Vacche Rosse"},"image":{"@id":"https:\/\/staging.consorziovaccherosse.blacksolutions.net\/de\/#\/schema\/logo\/image\/"},"sameAs":["https:\/\/www.facebook.com\/consorziovaccherosse","https:\/\/x.com\/consvaccherosse"]}]}},"_links":{"self":[{"href":"https:\/\/staging.consorziovaccherosse.blacksolutions.net\/de\/wp-json\/wp\/v2\/product\/134486","targetHints":{"allow":["GET"]}}],"collection":[{"href":"https:\/\/staging.consorziovaccherosse.blacksolutions.net\/de\/wp-json\/wp\/v2\/product"}],"about":[{"href":"https:\/\/staging.consorziovaccherosse.blacksolutions.net\/de\/wp-json\/wp\/v2\/types\/product"}],"wp:featuredmedia":[{"embeddable":true,"href":"https:\/\/staging.consorziovaccherosse.blacksolutions.net\/de\/wp-json\/wp\/v2\/media\/134602"}],"wp:attachment":[{"href":"https:\/\/staging.consorziovaccherosse.blacksolutions.net\/de\/wp-json\/wp\/v2\/media?parent=134486"}],"wp:term":[{"taxonomy":"product_brand","embeddable":true,"href":"https:\/\/staging.consorziovaccherosse.blacksolutions.net\/de\/wp-json\/wp\/v2\/product_brand?post=134486"},{"taxonomy":"product_cat","embeddable":true,"href":"https:\/\/staging.consorziovaccherosse.blacksolutions.net\/de\/wp-json\/wp\/v2\/product_cat?post=134486"},{"taxonomy":"product_tag","embeddable":true,"href":"https:\/\/staging.consorziovaccherosse.blacksolutions.net\/de\/wp-json\/wp\/v2\/product_tag?post=134486"}],"curies":[{"name":"wp","href":"https:\/\/api.w.org\/{rel}","templated":true}]}}