{"id":146127,"date":"2021-10-01T16:25:20","date_gmt":"2021-10-01T14:26:59","guid":{"rendered":"https:\/\/staging.consorziovaccherosse.blacksolutions.net\/?post_type=product&#038;p=146127"},"modified":"2025-11-25T15:59:29","modified_gmt":"2025-11-25T14:59:29","slug":"roten-kuhe-parmigiano-reggiano-uber-40-monate-250gr","status":"publish","type":"product","link":"https:\/\/staging.consorziovaccherosse.blacksolutions.net\/de\/shop\/parmigiano-reggiano-roten-kuhe\/parmigianoreggiano-roten-kuhe40-monate\/roten-kuhe-parmigiano-reggiano-uber-40-monate-250gr\/","title":{"rendered":"Vacche Rosse Parmigiano Reggiano \u00fcber 40 Monate 250g"},"content":{"rendered":"<p>Hergestellt aus Roten K\u00fche Milch, die nur mit GVO-freien Futtermittel und ohne den Einsatz von Mitteln ern\u00e4hrt werden, welche die Milchproduktion stimulieren, um somit maximale Aufmerksamkeit f\u00fcr den Tierschutz zu gew\u00e4hren.Der Parmigiano Reggiano dieser W\u00fcrze kann mit einem Franciacorta Blanc de Blancs oder einem strukturierten Ripasso della Valpolicella kombiniert werden. Unverzichtbar in Kombination mit traditionellem Balsamico-Essig aus Reggio Emilia, Wildblumenhonig oder in einem Salat mit frischen Steinpilzen.<\/p>\n","protected":false},"excerpt":{"rendered":"<p>Hergestellt aus Roten K\u00fche Milch, die nur mit GVO-freien Futtermittel und ohne den Einsatz von Mitteln ern\u00e4hrt werden, welche die Milchproduktion stimulieren, um somit maximale Aufmerksamkeit f\u00fcr den Tierschutz zu gew\u00e4hren.Der Parmigiano Reggiano dieser W\u00fcrze kann mit einem Franciacorta Blanc de Blancs oder einem strukturierten Ripasso della Valpolicella kombiniert werden. Unverzichtbar in Kombination mit traditionellem [&hellip;]<\/p>\n","protected":false},"featured_media":146155,"template":"","meta":{"_acf_changed":false,"inline_featured_image":false,"_genesis_hide_title":false,"_genesis_hide_breadcrumbs":false,"_genesis_hide_singular_image":false,"_genesis_hide_footer_widgets":false,"_genesis_custom_body_class":"","_genesis_custom_post_class":"","_genesis_layout":"","_links_to":"","_links_to_target":""},"product_brand":[],"product_cat":[3562,3574],"product_tag":[],"class_list":{"0":"post-146127","1":"product","2":"type-product","3":"status-publish","4":"has-post-thumbnail","6":"product_cat-parmigiano-reggiano-roten-kuhe","7":"product_cat-parmigianoreggiano-roten-kuhe40-monate","8":"product_shipping_class-worldwide-de","9":"entry","11":"first","12":"instock","13":"taxable","14":"shipping-taxable","15":"purchasable","16":"product-type-simple"},"acf":[],"yoast_head":"<!-- This site is optimized with the Yoast SEO Premium plugin v24.3 (Yoast SEO v27.2) - https:\/\/yoast.com\/product\/yoast-seo-premium-wordpress\/ -->\n<title>Vacche Rosse Parmigiano Reggiano \u00fcber 40 Monate 250g - Consorzio Vacche Rosse<\/title>\n<meta name=\"description\" content=\"Vacche Rosse Parmigiano Reggiano \u00fcber 40 Monate 250g: jetzt online kaufen, nur mit Milch von der Rasse Reggiana hergestellt: einzigartig und echt!\" \/>\n<meta name=\"robots\" content=\"noindex, follow, max-snippet:-1, max-image-preview:large, max-video-preview:-1\" \/>\n<meta property=\"og:locale\" content=\"de_DE\" \/>\n<meta property=\"og:type\" content=\"article\" \/>\n<meta property=\"og:title\" content=\"Vacche Rosse Parmigiano Reggiano \u00fcber 40 Monate 250g\" \/>\n<meta property=\"og:description\" content=\"Vacche Rosse Parmigiano Reggiano \u00fcber 40 Monate 250g: jetzt online kaufen, nur mit Milch von der Rasse Reggiana hergestellt: einzigartig und echt!\" \/>\n<meta property=\"og:url\" content=\"https:\/\/staging.consorziovaccherosse.blacksolutions.net\/de\/shop\/parmigiano-reggiano-roten-kuhe\/parmigianoreggiano-roten-kuhe40-monate\/roten-kuhe-parmigiano-reggiano-uber-40-monate-250gr\/\" \/>\n<meta property=\"og:site_name\" content=\"Consorzio Vacche Rosse\" \/>\n<meta property=\"article:publisher\" content=\"https:\/\/www.facebook.com\/consorziovaccherosse\" \/>\n<meta property=\"article:modified_time\" content=\"2025-11-25T14:59:29+00:00\" \/>\n<meta property=\"og:image\" content=\"https:\/\/staging.consorziovaccherosse.blacksolutions.net\/wp-content\/uploads\/parmigiano-reggiano-40-mesi-250gr.jpg\" \/>\n\t<meta property=\"og:image:width\" content=\"900\" \/>\n\t<meta property=\"og:image:height\" content=\"900\" \/>\n\t<meta property=\"og:image:type\" content=\"image\/jpeg\" \/>\n<script type=\"application\/ld+json\" class=\"yoast-schema-graph\">{\"@context\":\"https:\/\/schema.org\",\"@graph\":[{\"@type\":\"WebPage\",\"@id\":\"https:\/\/staging.consorziovaccherosse.blacksolutions.net\/de\/shop\/parmigiano-reggiano-roten-kuhe\/parmigianoreggiano-roten-kuhe40-monate\/roten-kuhe-parmigiano-reggiano-uber-40-monate-250gr\/\",\"url\":\"https:\/\/staging.consorziovaccherosse.blacksolutions.net\/de\/shop\/parmigiano-reggiano-roten-kuhe\/parmigianoreggiano-roten-kuhe40-monate\/roten-kuhe-parmigiano-reggiano-uber-40-monate-250gr\/\",\"name\":\"Vacche Rosse Parmigiano Reggiano \u00fcber 40 Monate 250g - Consorzio Vacche Rosse\",\"isPartOf\":{\"@id\":\"https:\/\/staging.consorziovaccherosse.blacksolutions.net\/de\/#website\"},\"primaryImageOfPage\":{\"@id\":\"https:\/\/staging.consorziovaccherosse.blacksolutions.net\/de\/shop\/parmigiano-reggiano-roten-kuhe\/parmigianoreggiano-roten-kuhe40-monate\/roten-kuhe-parmigiano-reggiano-uber-40-monate-250gr\/#primaryimage\"},\"image\":{\"@id\":\"https:\/\/staging.consorziovaccherosse.blacksolutions.net\/de\/shop\/parmigiano-reggiano-roten-kuhe\/parmigianoreggiano-roten-kuhe40-monate\/roten-kuhe-parmigiano-reggiano-uber-40-monate-250gr\/#primaryimage\"},\"thumbnailUrl\":\"https:\/\/staging.consorziovaccherosse.blacksolutions.net\/wp-content\/uploads\/parmigiano-reggiano-40-mesi-250gr.jpg\",\"datePublished\":\"2021-10-01T14:26:59+00:00\",\"dateModified\":\"2025-11-25T14:59:29+00:00\",\"description\":\"Vacche Rosse Parmigiano Reggiano \u00fcber 40 Monate 250g: jetzt online kaufen, nur mit Milch von der Rasse Reggiana hergestellt: einzigartig und echt!\",\"breadcrumb\":{\"@id\":\"https:\/\/staging.consorziovaccherosse.blacksolutions.net\/de\/shop\/parmigiano-reggiano-roten-kuhe\/parmigianoreggiano-roten-kuhe40-monate\/roten-kuhe-parmigiano-reggiano-uber-40-monate-250gr\/#breadcrumb\"},\"inLanguage\":\"de\",\"potentialAction\":[{\"@type\":\"ReadAction\",\"target\":[\"https:\/\/staging.consorziovaccherosse.blacksolutions.net\/de\/shop\/parmigiano-reggiano-roten-kuhe\/parmigianoreggiano-roten-kuhe40-monate\/roten-kuhe-parmigiano-reggiano-uber-40-monate-250gr\/\"]}]},{\"@type\":\"ImageObject\",\"inLanguage\":\"de\",\"@id\":\"https:\/\/staging.consorziovaccherosse.blacksolutions.net\/de\/shop\/parmigiano-reggiano-roten-kuhe\/parmigianoreggiano-roten-kuhe40-monate\/roten-kuhe-parmigiano-reggiano-uber-40-monate-250gr\/#primaryimage\",\"url\":\"https:\/\/staging.consorziovaccherosse.blacksolutions.net\/wp-content\/uploads\/parmigiano-reggiano-40-mesi-250gr.jpg\",\"contentUrl\":\"https:\/\/staging.consorziovaccherosse.blacksolutions.net\/wp-content\/uploads\/parmigiano-reggiano-40-mesi-250gr.jpg\",\"width\":900,\"height\":900},{\"@type\":\"BreadcrumbList\",\"@id\":\"https:\/\/staging.consorziovaccherosse.blacksolutions.net\/de\/shop\/parmigiano-reggiano-roten-kuhe\/parmigianoreggiano-roten-kuhe40-monate\/roten-kuhe-parmigiano-reggiano-uber-40-monate-250gr\/#breadcrumb\",\"itemListElement\":[{\"@type\":\"ListItem\",\"position\":1,\"name\":\"Home\",\"item\":\"https:\/\/staging.consorziovaccherosse.blacksolutions.net\/de\/\"},{\"@type\":\"ListItem\",\"position\":2,\"name\":\"Shop\",\"item\":\"https:\/\/staging.consorziovaccherosse.blacksolutions.net\/de\/shop\/\"},{\"@type\":\"ListItem\",\"position\":3,\"name\":\"Vacche Rosse Parmigiano Reggiano \u00fcber 40 Monate 250g\"}]},{\"@type\":\"WebSite\",\"@id\":\"https:\/\/staging.consorziovaccherosse.blacksolutions.net\/de\/#website\",\"url\":\"https:\/\/staging.consorziovaccherosse.blacksolutions.net\/de\/\",\"name\":\"Consorzio Vacche Rosse\",\"description\":\"Parmigiano Reggiano Vacche Rosse di Razza Reggiana\",\"publisher\":{\"@id\":\"https:\/\/staging.consorziovaccherosse.blacksolutions.net\/de\/#organization\"},\"potentialAction\":[{\"@type\":\"SearchAction\",\"target\":{\"@type\":\"EntryPoint\",\"urlTemplate\":\"https:\/\/staging.consorziovaccherosse.blacksolutions.net\/de\/?s={search_term_string}\"},\"query-input\":{\"@type\":\"PropertyValueSpecification\",\"valueRequired\":true,\"valueName\":\"search_term_string\"}}],\"inLanguage\":\"de\"},{\"@type\":\"Organization\",\"@id\":\"https:\/\/staging.consorziovaccherosse.blacksolutions.net\/de\/#organization\",\"name\":\"Consorzio Vacche Rosse\",\"url\":\"https:\/\/staging.consorziovaccherosse.blacksolutions.net\/de\/\",\"logo\":{\"@type\":\"ImageObject\",\"inLanguage\":\"de\",\"@id\":\"https:\/\/staging.consorziovaccherosse.blacksolutions.net\/de\/#\/schema\/logo\/image\/\",\"url\":\"https:\/\/staging.consorziovaccherosse.blacksolutions.net\/wp-content\/uploads\/logo-consorzio-vacche-rosse-rgb.jpg\",\"contentUrl\":\"https:\/\/staging.consorziovaccherosse.blacksolutions.net\/wp-content\/uploads\/logo-consorzio-vacche-rosse-rgb.jpg\",\"width\":1920,\"height\":1920,\"caption\":\"Consorzio Vacche Rosse\"},\"image\":{\"@id\":\"https:\/\/staging.consorziovaccherosse.blacksolutions.net\/de\/#\/schema\/logo\/image\/\"},\"sameAs\":[\"https:\/\/www.facebook.com\/consorziovaccherosse\",\"https:\/\/x.com\/consvaccherosse\"]}]}<\/script>\n<!-- \/ Yoast SEO Premium plugin. -->","yoast_head_json":{"title":"Vacche Rosse Parmigiano Reggiano \u00fcber 40 Monate 250g - Consorzio Vacche Rosse","description":"Vacche Rosse Parmigiano Reggiano \u00fcber 40 Monate 250g: jetzt online kaufen, nur mit Milch von der Rasse Reggiana hergestellt: einzigartig und echt!","robots":{"index":"noindex","follow":"follow","max-snippet":"max-snippet:-1","max-image-preview":"max-image-preview:large","max-video-preview":"max-video-preview:-1"},"og_locale":"de_DE","og_type":"article","og_title":"Vacche Rosse Parmigiano Reggiano \u00fcber 40 Monate 250g","og_description":"Vacche Rosse Parmigiano Reggiano \u00fcber 40 Monate 250g: jetzt online kaufen, nur mit Milch von der Rasse Reggiana hergestellt: einzigartig und echt!","og_url":"https:\/\/staging.consorziovaccherosse.blacksolutions.net\/de\/shop\/parmigiano-reggiano-roten-kuhe\/parmigianoreggiano-roten-kuhe40-monate\/roten-kuhe-parmigiano-reggiano-uber-40-monate-250gr\/","og_site_name":"Consorzio Vacche Rosse","article_publisher":"https:\/\/www.facebook.com\/consorziovaccherosse","article_modified_time":"2025-11-25T14:59:29+00:00","og_image":[{"width":900,"height":900,"url":"https:\/\/staging.consorziovaccherosse.blacksolutions.net\/wp-content\/uploads\/parmigiano-reggiano-40-mesi-250gr.jpg","type":"image\/jpeg"}],"schema":{"@context":"https:\/\/schema.org","@graph":[{"@type":"WebPage","@id":"https:\/\/staging.consorziovaccherosse.blacksolutions.net\/de\/shop\/parmigiano-reggiano-roten-kuhe\/parmigianoreggiano-roten-kuhe40-monate\/roten-kuhe-parmigiano-reggiano-uber-40-monate-250gr\/","url":"https:\/\/staging.consorziovaccherosse.blacksolutions.net\/de\/shop\/parmigiano-reggiano-roten-kuhe\/parmigianoreggiano-roten-kuhe40-monate\/roten-kuhe-parmigiano-reggiano-uber-40-monate-250gr\/","name":"Vacche Rosse Parmigiano Reggiano \u00fcber 40 Monate 250g - Consorzio Vacche Rosse","isPartOf":{"@id":"https:\/\/staging.consorziovaccherosse.blacksolutions.net\/de\/#website"},"primaryImageOfPage":{"@id":"https:\/\/staging.consorziovaccherosse.blacksolutions.net\/de\/shop\/parmigiano-reggiano-roten-kuhe\/parmigianoreggiano-roten-kuhe40-monate\/roten-kuhe-parmigiano-reggiano-uber-40-monate-250gr\/#primaryimage"},"image":{"@id":"https:\/\/staging.consorziovaccherosse.blacksolutions.net\/de\/shop\/parmigiano-reggiano-roten-kuhe\/parmigianoreggiano-roten-kuhe40-monate\/roten-kuhe-parmigiano-reggiano-uber-40-monate-250gr\/#primaryimage"},"thumbnailUrl":"https:\/\/staging.consorziovaccherosse.blacksolutions.net\/wp-content\/uploads\/parmigiano-reggiano-40-mesi-250gr.jpg","datePublished":"2021-10-01T14:26:59+00:00","dateModified":"2025-11-25T14:59:29+00:00","description":"Vacche Rosse Parmigiano Reggiano \u00fcber 40 Monate 250g: jetzt online kaufen, nur mit Milch von der Rasse Reggiana hergestellt: einzigartig und echt!","breadcrumb":{"@id":"https:\/\/staging.consorziovaccherosse.blacksolutions.net\/de\/shop\/parmigiano-reggiano-roten-kuhe\/parmigianoreggiano-roten-kuhe40-monate\/roten-kuhe-parmigiano-reggiano-uber-40-monate-250gr\/#breadcrumb"},"inLanguage":"de","potentialAction":[{"@type":"ReadAction","target":["https:\/\/staging.consorziovaccherosse.blacksolutions.net\/de\/shop\/parmigiano-reggiano-roten-kuhe\/parmigianoreggiano-roten-kuhe40-monate\/roten-kuhe-parmigiano-reggiano-uber-40-monate-250gr\/"]}]},{"@type":"ImageObject","inLanguage":"de","@id":"https:\/\/staging.consorziovaccherosse.blacksolutions.net\/de\/shop\/parmigiano-reggiano-roten-kuhe\/parmigianoreggiano-roten-kuhe40-monate\/roten-kuhe-parmigiano-reggiano-uber-40-monate-250gr\/#primaryimage","url":"https:\/\/staging.consorziovaccherosse.blacksolutions.net\/wp-content\/uploads\/parmigiano-reggiano-40-mesi-250gr.jpg","contentUrl":"https:\/\/staging.consorziovaccherosse.blacksolutions.net\/wp-content\/uploads\/parmigiano-reggiano-40-mesi-250gr.jpg","width":900,"height":900},{"@type":"BreadcrumbList","@id":"https:\/\/staging.consorziovaccherosse.blacksolutions.net\/de\/shop\/parmigiano-reggiano-roten-kuhe\/parmigianoreggiano-roten-kuhe40-monate\/roten-kuhe-parmigiano-reggiano-uber-40-monate-250gr\/#breadcrumb","itemListElement":[{"@type":"ListItem","position":1,"name":"Home","item":"https:\/\/staging.consorziovaccherosse.blacksolutions.net\/de\/"},{"@type":"ListItem","position":2,"name":"Shop","item":"https:\/\/staging.consorziovaccherosse.blacksolutions.net\/de\/shop\/"},{"@type":"ListItem","position":3,"name":"Vacche Rosse Parmigiano Reggiano \u00fcber 40 Monate 250g"}]},{"@type":"WebSite","@id":"https:\/\/staging.consorziovaccherosse.blacksolutions.net\/de\/#website","url":"https:\/\/staging.consorziovaccherosse.blacksolutions.net\/de\/","name":"Consorzio Vacche Rosse","description":"Parmigiano Reggiano Vacche Rosse di Razza Reggiana","publisher":{"@id":"https:\/\/staging.consorziovaccherosse.blacksolutions.net\/de\/#organization"},"potentialAction":[{"@type":"SearchAction","target":{"@type":"EntryPoint","urlTemplate":"https:\/\/staging.consorziovaccherosse.blacksolutions.net\/de\/?s={search_term_string}"},"query-input":{"@type":"PropertyValueSpecification","valueRequired":true,"valueName":"search_term_string"}}],"inLanguage":"de"},{"@type":"Organization","@id":"https:\/\/staging.consorziovaccherosse.blacksolutions.net\/de\/#organization","name":"Consorzio Vacche Rosse","url":"https:\/\/staging.consorziovaccherosse.blacksolutions.net\/de\/","logo":{"@type":"ImageObject","inLanguage":"de","@id":"https:\/\/staging.consorziovaccherosse.blacksolutions.net\/de\/#\/schema\/logo\/image\/","url":"https:\/\/staging.consorziovaccherosse.blacksolutions.net\/wp-content\/uploads\/logo-consorzio-vacche-rosse-rgb.jpg","contentUrl":"https:\/\/staging.consorziovaccherosse.blacksolutions.net\/wp-content\/uploads\/logo-consorzio-vacche-rosse-rgb.jpg","width":1920,"height":1920,"caption":"Consorzio Vacche Rosse"},"image":{"@id":"https:\/\/staging.consorziovaccherosse.blacksolutions.net\/de\/#\/schema\/logo\/image\/"},"sameAs":["https:\/\/www.facebook.com\/consorziovaccherosse","https:\/\/x.com\/consvaccherosse"]}]}},"_links":{"self":[{"href":"https:\/\/staging.consorziovaccherosse.blacksolutions.net\/de\/wp-json\/wp\/v2\/product\/146127","targetHints":{"allow":["GET"]}}],"collection":[{"href":"https:\/\/staging.consorziovaccherosse.blacksolutions.net\/de\/wp-json\/wp\/v2\/product"}],"about":[{"href":"https:\/\/staging.consorziovaccherosse.blacksolutions.net\/de\/wp-json\/wp\/v2\/types\/product"}],"wp:featuredmedia":[{"embeddable":true,"href":"https:\/\/staging.consorziovaccherosse.blacksolutions.net\/de\/wp-json\/wp\/v2\/media\/146155"}],"wp:attachment":[{"href":"https:\/\/staging.consorziovaccherosse.blacksolutions.net\/de\/wp-json\/wp\/v2\/media?parent=146127"}],"wp:term":[{"taxonomy":"product_brand","embeddable":true,"href":"https:\/\/staging.consorziovaccherosse.blacksolutions.net\/de\/wp-json\/wp\/v2\/product_brand?post=146127"},{"taxonomy":"product_cat","embeddable":true,"href":"https:\/\/staging.consorziovaccherosse.blacksolutions.net\/de\/wp-json\/wp\/v2\/product_cat?post=146127"},{"taxonomy":"product_tag","embeddable":true,"href":"https:\/\/staging.consorziovaccherosse.blacksolutions.net\/de\/wp-json\/wp\/v2\/product_tag?post=146127"}],"curies":[{"name":"wp","href":"https:\/\/api.w.org\/{rel}","templated":true}]}}