{"id":160314,"date":"2023-08-03T10:20:21","date_gmt":"2023-08-03T08:21:45","guid":{"rendered":"https:\/\/staging.consorziovaccherosse.blacksolutions.net\/?post_type=product&#038;p=160314"},"modified":"2025-11-25T15:59:03","modified_gmt":"2025-11-25T14:59:03","slug":"krusten-aus-rotem-kuhkaese-300-g","status":"publish","type":"product","link":"https:\/\/staging.consorziovaccherosse.blacksolutions.net\/de\/shop\/parmigiano-reggiano-roten-kuhe\/krusten-aus-rotem-kuhkaese-300-g\/","title":{"rendered":"Vacche Rosse K\u00e4sekrusten 300 g"},"content":{"rendered":"<p>Die geheime Zutat, die Sie nicht erwarten! Sie werden durch Portionieren von Parmigiano-Reggiano-K\u00e4se gewonnen und eignen sich hervorragend in W\u00fcrfel geschnitten f\u00fcr Suppen, Br\u00fchen oder Minestrone oder als k\u00f6stliche und schmackhafte Vorspeise, im Ofen gekocht und in knusprigen Speck gewickelt, auf dem Grill ger\u00f6stet oder einfach in der Pfanne gebr\u00e4unt.<\/p>\n","protected":false},"excerpt":{"rendered":"<p>Die geheime Zutat, die Sie nicht erwarten! Sie werden durch Portionieren von Parmigiano-Reggiano-K\u00e4se gewonnen und eignen sich hervorragend in W\u00fcrfel geschnitten f\u00fcr Suppen, Br\u00fchen oder Minestrone oder als k\u00f6stliche und schmackhafte Vorspeise, im Ofen gekocht und in knusprigen Speck gewickelt, auf dem Grill ger\u00f6stet oder einfach in der Pfanne gebr\u00e4unt.<\/p>\n","protected":false},"featured_media":160319,"template":"","meta":{"_acf_changed":false,"inline_featured_image":false,"_genesis_hide_title":false,"_genesis_hide_breadcrumbs":false,"_genesis_hide_singular_image":false,"_genesis_hide_footer_widgets":false,"_genesis_custom_body_class":"","_genesis_custom_post_class":"","_genesis_layout":"","_links_to":"","_links_to_target":""},"product_brand":[],"product_cat":[3562],"product_tag":[],"class_list":{"0":"post-160314","1":"product","2":"type-product","3":"status-publish","4":"has-post-thumbnail","6":"product_cat-parmigiano-reggiano-roten-kuhe","7":"product_shipping_class-worldwide-de","8":"entry","10":"first","11":"instock","12":"taxable","13":"shipping-taxable","14":"purchasable","15":"product-type-simple"},"acf":[],"yoast_head":"<!-- This site is optimized with the Yoast SEO Premium plugin v24.3 (Yoast SEO v27.2) - https:\/\/yoast.com\/product\/yoast-seo-premium-wordpress\/ -->\n<title>Vacche Rosse K\u00e4sekrusten 300 g - Consorzio Vacche Rosse<\/title>\n<meta name=\"description\" content=\"Vacche Rosse K\u00e4sekrusten 300 g: jetzt online kaufen, nur mit Milch von der Rasse Reggiana hergestellt: einzigartig und echt!\" \/>\n<meta name=\"robots\" content=\"noindex, follow, max-snippet:-1, max-image-preview:large, max-video-preview:-1\" \/>\n<meta property=\"og:locale\" content=\"de_DE\" \/>\n<meta property=\"og:type\" content=\"article\" \/>\n<meta property=\"og:title\" content=\"Vacche Rosse K\u00e4sekrusten 300 g\" \/>\n<meta property=\"og:description\" content=\"Vacche Rosse K\u00e4sekrusten 300 g: jetzt online kaufen, nur mit Milch von der Rasse Reggiana hergestellt: einzigartig und echt!\" \/>\n<meta property=\"og:url\" content=\"https:\/\/staging.consorziovaccherosse.blacksolutions.net\/de\/shop\/parmigiano-reggiano-roten-kuhe\/krusten-aus-rotem-kuhkaese-300-g\/\" \/>\n<meta property=\"og:site_name\" content=\"Consorzio Vacche Rosse\" \/>\n<meta property=\"article:publisher\" content=\"https:\/\/www.facebook.com\/consorziovaccherosse\" \/>\n<meta property=\"article:modified_time\" content=\"2025-11-25T14:59:03+00:00\" \/>\n<meta property=\"og:image\" content=\"https:\/\/staging.consorziovaccherosse.blacksolutions.net\/wp-content\/uploads\/Croste-Parmigiano-Reggiano-Vacche-Rosse-Consorzio-Vacche-Rosse.jpg\" \/>\n\t<meta property=\"og:image:width\" content=\"1000\" \/>\n\t<meta property=\"og:image:height\" content=\"1000\" \/>\n\t<meta property=\"og:image:type\" content=\"image\/jpeg\" \/>\n<meta name=\"twitter:label1\" content=\"Gesch\u00e4tzte Lesezeit\" \/>\n\t<meta name=\"twitter:data1\" content=\"1\u00a0Minute\" \/>\n<script type=\"application\/ld+json\" class=\"yoast-schema-graph\">{\"@context\":\"https:\/\/schema.org\",\"@graph\":[{\"@type\":\"WebPage\",\"@id\":\"https:\/\/staging.consorziovaccherosse.blacksolutions.net\/de\/shop\/parmigiano-reggiano-roten-kuhe\/krusten-aus-rotem-kuhkaese-300-g\/\",\"url\":\"https:\/\/staging.consorziovaccherosse.blacksolutions.net\/de\/shop\/parmigiano-reggiano-roten-kuhe\/krusten-aus-rotem-kuhkaese-300-g\/\",\"name\":\"Vacche Rosse K\u00e4sekrusten 300 g - Consorzio Vacche Rosse\",\"isPartOf\":{\"@id\":\"https:\/\/staging.consorziovaccherosse.blacksolutions.net\/de\/#website\"},\"primaryImageOfPage\":{\"@id\":\"https:\/\/staging.consorziovaccherosse.blacksolutions.net\/de\/shop\/parmigiano-reggiano-roten-kuhe\/krusten-aus-rotem-kuhkaese-300-g\/#primaryimage\"},\"image\":{\"@id\":\"https:\/\/staging.consorziovaccherosse.blacksolutions.net\/de\/shop\/parmigiano-reggiano-roten-kuhe\/krusten-aus-rotem-kuhkaese-300-g\/#primaryimage\"},\"thumbnailUrl\":\"https:\/\/staging.consorziovaccherosse.blacksolutions.net\/wp-content\/uploads\/Croste-Parmigiano-Reggiano-Vacche-Rosse-Consorzio-Vacche-Rosse.jpg\",\"datePublished\":\"2023-08-03T08:21:45+00:00\",\"dateModified\":\"2025-11-25T14:59:03+00:00\",\"description\":\"Vacche Rosse K\u00e4sekrusten 300 g: jetzt online kaufen, nur mit Milch von der Rasse Reggiana hergestellt: einzigartig und echt!\",\"breadcrumb\":{\"@id\":\"https:\/\/staging.consorziovaccherosse.blacksolutions.net\/de\/shop\/parmigiano-reggiano-roten-kuhe\/krusten-aus-rotem-kuhkaese-300-g\/#breadcrumb\"},\"inLanguage\":\"de\",\"potentialAction\":[{\"@type\":\"ReadAction\",\"target\":[\"https:\/\/staging.consorziovaccherosse.blacksolutions.net\/de\/shop\/parmigiano-reggiano-roten-kuhe\/krusten-aus-rotem-kuhkaese-300-g\/\"]}]},{\"@type\":\"ImageObject\",\"inLanguage\":\"de\",\"@id\":\"https:\/\/staging.consorziovaccherosse.blacksolutions.net\/de\/shop\/parmigiano-reggiano-roten-kuhe\/krusten-aus-rotem-kuhkaese-300-g\/#primaryimage\",\"url\":\"https:\/\/staging.consorziovaccherosse.blacksolutions.net\/wp-content\/uploads\/Croste-Parmigiano-Reggiano-Vacche-Rosse-Consorzio-Vacche-Rosse.jpg\",\"contentUrl\":\"https:\/\/staging.consorziovaccherosse.blacksolutions.net\/wp-content\/uploads\/Croste-Parmigiano-Reggiano-Vacche-Rosse-Consorzio-Vacche-Rosse.jpg\",\"width\":1000,\"height\":1000},{\"@type\":\"BreadcrumbList\",\"@id\":\"https:\/\/staging.consorziovaccherosse.blacksolutions.net\/de\/shop\/parmigiano-reggiano-roten-kuhe\/krusten-aus-rotem-kuhkaese-300-g\/#breadcrumb\",\"itemListElement\":[{\"@type\":\"ListItem\",\"position\":1,\"name\":\"Home\",\"item\":\"https:\/\/staging.consorziovaccherosse.blacksolutions.net\/de\/\"},{\"@type\":\"ListItem\",\"position\":2,\"name\":\"Shop\",\"item\":\"https:\/\/staging.consorziovaccherosse.blacksolutions.net\/de\/shop\/\"},{\"@type\":\"ListItem\",\"position\":3,\"name\":\"Vacche Rosse K\u00e4sekrusten 300 g\"}]},{\"@type\":\"WebSite\",\"@id\":\"https:\/\/staging.consorziovaccherosse.blacksolutions.net\/de\/#website\",\"url\":\"https:\/\/staging.consorziovaccherosse.blacksolutions.net\/de\/\",\"name\":\"Consorzio Vacche Rosse\",\"description\":\"Parmigiano Reggiano Vacche Rosse di Razza Reggiana\",\"publisher\":{\"@id\":\"https:\/\/staging.consorziovaccherosse.blacksolutions.net\/de\/#organization\"},\"potentialAction\":[{\"@type\":\"SearchAction\",\"target\":{\"@type\":\"EntryPoint\",\"urlTemplate\":\"https:\/\/staging.consorziovaccherosse.blacksolutions.net\/de\/?s={search_term_string}\"},\"query-input\":{\"@type\":\"PropertyValueSpecification\",\"valueRequired\":true,\"valueName\":\"search_term_string\"}}],\"inLanguage\":\"de\"},{\"@type\":\"Organization\",\"@id\":\"https:\/\/staging.consorziovaccherosse.blacksolutions.net\/de\/#organization\",\"name\":\"Consorzio Vacche Rosse\",\"url\":\"https:\/\/staging.consorziovaccherosse.blacksolutions.net\/de\/\",\"logo\":{\"@type\":\"ImageObject\",\"inLanguage\":\"de\",\"@id\":\"https:\/\/staging.consorziovaccherosse.blacksolutions.net\/de\/#\/schema\/logo\/image\/\",\"url\":\"https:\/\/staging.consorziovaccherosse.blacksolutions.net\/wp-content\/uploads\/logo-consorzio-vacche-rosse-rgb.jpg\",\"contentUrl\":\"https:\/\/staging.consorziovaccherosse.blacksolutions.net\/wp-content\/uploads\/logo-consorzio-vacche-rosse-rgb.jpg\",\"width\":1920,\"height\":1920,\"caption\":\"Consorzio Vacche Rosse\"},\"image\":{\"@id\":\"https:\/\/staging.consorziovaccherosse.blacksolutions.net\/de\/#\/schema\/logo\/image\/\"},\"sameAs\":[\"https:\/\/www.facebook.com\/consorziovaccherosse\",\"https:\/\/x.com\/consvaccherosse\"]}]}<\/script>\n<!-- \/ Yoast SEO Premium plugin. -->","yoast_head_json":{"title":"Vacche Rosse K\u00e4sekrusten 300 g - Consorzio Vacche Rosse","description":"Vacche Rosse K\u00e4sekrusten 300 g: jetzt online kaufen, nur mit Milch von der Rasse Reggiana hergestellt: einzigartig und echt!","robots":{"index":"noindex","follow":"follow","max-snippet":"max-snippet:-1","max-image-preview":"max-image-preview:large","max-video-preview":"max-video-preview:-1"},"og_locale":"de_DE","og_type":"article","og_title":"Vacche Rosse K\u00e4sekrusten 300 g","og_description":"Vacche Rosse K\u00e4sekrusten 300 g: jetzt online kaufen, nur mit Milch von der Rasse Reggiana hergestellt: einzigartig und echt!","og_url":"https:\/\/staging.consorziovaccherosse.blacksolutions.net\/de\/shop\/parmigiano-reggiano-roten-kuhe\/krusten-aus-rotem-kuhkaese-300-g\/","og_site_name":"Consorzio Vacche Rosse","article_publisher":"https:\/\/www.facebook.com\/consorziovaccherosse","article_modified_time":"2025-11-25T14:59:03+00:00","og_image":[{"width":1000,"height":1000,"url":"https:\/\/staging.consorziovaccherosse.blacksolutions.net\/wp-content\/uploads\/Croste-Parmigiano-Reggiano-Vacche-Rosse-Consorzio-Vacche-Rosse.jpg","type":"image\/jpeg"}],"twitter_misc":{"Gesch\u00e4tzte Lesezeit":"1\u00a0Minute"},"schema":{"@context":"https:\/\/schema.org","@graph":[{"@type":"WebPage","@id":"https:\/\/staging.consorziovaccherosse.blacksolutions.net\/de\/shop\/parmigiano-reggiano-roten-kuhe\/krusten-aus-rotem-kuhkaese-300-g\/","url":"https:\/\/staging.consorziovaccherosse.blacksolutions.net\/de\/shop\/parmigiano-reggiano-roten-kuhe\/krusten-aus-rotem-kuhkaese-300-g\/","name":"Vacche Rosse K\u00e4sekrusten 300 g - Consorzio Vacche Rosse","isPartOf":{"@id":"https:\/\/staging.consorziovaccherosse.blacksolutions.net\/de\/#website"},"primaryImageOfPage":{"@id":"https:\/\/staging.consorziovaccherosse.blacksolutions.net\/de\/shop\/parmigiano-reggiano-roten-kuhe\/krusten-aus-rotem-kuhkaese-300-g\/#primaryimage"},"image":{"@id":"https:\/\/staging.consorziovaccherosse.blacksolutions.net\/de\/shop\/parmigiano-reggiano-roten-kuhe\/krusten-aus-rotem-kuhkaese-300-g\/#primaryimage"},"thumbnailUrl":"https:\/\/staging.consorziovaccherosse.blacksolutions.net\/wp-content\/uploads\/Croste-Parmigiano-Reggiano-Vacche-Rosse-Consorzio-Vacche-Rosse.jpg","datePublished":"2023-08-03T08:21:45+00:00","dateModified":"2025-11-25T14:59:03+00:00","description":"Vacche Rosse K\u00e4sekrusten 300 g: jetzt online kaufen, nur mit Milch von der Rasse Reggiana hergestellt: einzigartig und echt!","breadcrumb":{"@id":"https:\/\/staging.consorziovaccherosse.blacksolutions.net\/de\/shop\/parmigiano-reggiano-roten-kuhe\/krusten-aus-rotem-kuhkaese-300-g\/#breadcrumb"},"inLanguage":"de","potentialAction":[{"@type":"ReadAction","target":["https:\/\/staging.consorziovaccherosse.blacksolutions.net\/de\/shop\/parmigiano-reggiano-roten-kuhe\/krusten-aus-rotem-kuhkaese-300-g\/"]}]},{"@type":"ImageObject","inLanguage":"de","@id":"https:\/\/staging.consorziovaccherosse.blacksolutions.net\/de\/shop\/parmigiano-reggiano-roten-kuhe\/krusten-aus-rotem-kuhkaese-300-g\/#primaryimage","url":"https:\/\/staging.consorziovaccherosse.blacksolutions.net\/wp-content\/uploads\/Croste-Parmigiano-Reggiano-Vacche-Rosse-Consorzio-Vacche-Rosse.jpg","contentUrl":"https:\/\/staging.consorziovaccherosse.blacksolutions.net\/wp-content\/uploads\/Croste-Parmigiano-Reggiano-Vacche-Rosse-Consorzio-Vacche-Rosse.jpg","width":1000,"height":1000},{"@type":"BreadcrumbList","@id":"https:\/\/staging.consorziovaccherosse.blacksolutions.net\/de\/shop\/parmigiano-reggiano-roten-kuhe\/krusten-aus-rotem-kuhkaese-300-g\/#breadcrumb","itemListElement":[{"@type":"ListItem","position":1,"name":"Home","item":"https:\/\/staging.consorziovaccherosse.blacksolutions.net\/de\/"},{"@type":"ListItem","position":2,"name":"Shop","item":"https:\/\/staging.consorziovaccherosse.blacksolutions.net\/de\/shop\/"},{"@type":"ListItem","position":3,"name":"Vacche Rosse K\u00e4sekrusten 300 g"}]},{"@type":"WebSite","@id":"https:\/\/staging.consorziovaccherosse.blacksolutions.net\/de\/#website","url":"https:\/\/staging.consorziovaccherosse.blacksolutions.net\/de\/","name":"Consorzio Vacche Rosse","description":"Parmigiano Reggiano Vacche Rosse di Razza Reggiana","publisher":{"@id":"https:\/\/staging.consorziovaccherosse.blacksolutions.net\/de\/#organization"},"potentialAction":[{"@type":"SearchAction","target":{"@type":"EntryPoint","urlTemplate":"https:\/\/staging.consorziovaccherosse.blacksolutions.net\/de\/?s={search_term_string}"},"query-input":{"@type":"PropertyValueSpecification","valueRequired":true,"valueName":"search_term_string"}}],"inLanguage":"de"},{"@type":"Organization","@id":"https:\/\/staging.consorziovaccherosse.blacksolutions.net\/de\/#organization","name":"Consorzio Vacche Rosse","url":"https:\/\/staging.consorziovaccherosse.blacksolutions.net\/de\/","logo":{"@type":"ImageObject","inLanguage":"de","@id":"https:\/\/staging.consorziovaccherosse.blacksolutions.net\/de\/#\/schema\/logo\/image\/","url":"https:\/\/staging.consorziovaccherosse.blacksolutions.net\/wp-content\/uploads\/logo-consorzio-vacche-rosse-rgb.jpg","contentUrl":"https:\/\/staging.consorziovaccherosse.blacksolutions.net\/wp-content\/uploads\/logo-consorzio-vacche-rosse-rgb.jpg","width":1920,"height":1920,"caption":"Consorzio Vacche Rosse"},"image":{"@id":"https:\/\/staging.consorziovaccherosse.blacksolutions.net\/de\/#\/schema\/logo\/image\/"},"sameAs":["https:\/\/www.facebook.com\/consorziovaccherosse","https:\/\/x.com\/consvaccherosse"]}]}},"_links":{"self":[{"href":"https:\/\/staging.consorziovaccherosse.blacksolutions.net\/de\/wp-json\/wp\/v2\/product\/160314","targetHints":{"allow":["GET"]}}],"collection":[{"href":"https:\/\/staging.consorziovaccherosse.blacksolutions.net\/de\/wp-json\/wp\/v2\/product"}],"about":[{"href":"https:\/\/staging.consorziovaccherosse.blacksolutions.net\/de\/wp-json\/wp\/v2\/types\/product"}],"wp:featuredmedia":[{"embeddable":true,"href":"https:\/\/staging.consorziovaccherosse.blacksolutions.net\/de\/wp-json\/wp\/v2\/media\/160319"}],"wp:attachment":[{"href":"https:\/\/staging.consorziovaccherosse.blacksolutions.net\/de\/wp-json\/wp\/v2\/media?parent=160314"}],"wp:term":[{"taxonomy":"product_brand","embeddable":true,"href":"https:\/\/staging.consorziovaccherosse.blacksolutions.net\/de\/wp-json\/wp\/v2\/product_brand?post=160314"},{"taxonomy":"product_cat","embeddable":true,"href":"https:\/\/staging.consorziovaccherosse.blacksolutions.net\/de\/wp-json\/wp\/v2\/product_cat?post=160314"},{"taxonomy":"product_tag","embeddable":true,"href":"https:\/\/staging.consorziovaccherosse.blacksolutions.net\/de\/wp-json\/wp\/v2\/product_tag?post=160314"}],"curies":[{"name":"wp","href":"https:\/\/api.w.org\/{rel}","templated":true}]}}