{"id":141578,"date":"2020-12-11T17:46:20","date_gmt":"2020-12-11T16:46:20","guid":{"rendered":"https:\/\/staging.consorziovaccherosse.blacksolutions.net\/?page_id=141578"},"modified":"2025-06-04T17:55:27","modified_gmt":"2025-06-04T15:55:27","slug":"prix-et-frais-de-livraison","status":"publish","type":"page","link":"https:\/\/staging.consorziovaccherosse.blacksolutions.net\/fr\/shop\/prix-et-frais-de-livraison\/","title":{"rendered":"Prix et frais de livraison"},"content":{"rendered":"\n<p>Les prix des produits sur ce site sont en euros et n&rsquo;incluent pas les frais de livraison pour les livraisons \u00e0 domicile. Ces frais sont calcul\u00e9s en fonction du montant du panier et du lieu de destination, ils incluent la TVA et sont r\u00e9capitul\u00e9s dans la confirmation de la commande.<\/p>\n\n\n\n<p>Les livraisons en Italie sont effectu\u00e9es par un transporteur r\u00e9frig\u00e9r\u00e9 \u00e0 temp\u00e9rature contr\u00f4l\u00e9e (0 \u2013 4 \u00b0C), afin de pr\u00e9server au mieux la fra\u00eecheur et les excellentes qualit\u00e9s organoleptiques de nos aliments. Pour les exp\u00e9ditions internationales, nous utilisons des cartons isolants avec gel r\u00e9frig\u00e9rant.<\/p>\n\n\n\n<p>Depuis 2020, une contribution aux frais de transport est en vigueur et s&rsquo;applique automatiquement aux achats sur notre boutique en ligne. Il s&rsquo;agit d&rsquo;une mesure que nous avons adopt\u00e9e pendant la phase la plus difficile de la pand\u00e9mie, comme forme d&rsquo;aide \u00e0 la collectivit\u00e9, en la renouvelant au fil du temps jusqu&rsquo;\u00e0 la rendre d\u00e9finitive. Cette contribution sp\u00e9ciale met \u00e0 jour et am\u00e9liore les tarifs d&rsquo;exp\u00e9dition de vos achats selon le tableau suivant.<\/p>\n\n\n\n<p><strong>LIVRAISONS EN ITALIE<\/strong>\u00a0<em>avec coursier r\u00e9frig\u00e9r\u00e9<\/em>:<\/p>\n\n\n\n<figure class=\"wp-block-table\"><table><tbody><tr><td><em>Total de la commande<\/em><\/td><td class=\"has-text-align-center\" data-align=\"center\">Jusqu&rsquo;\u00e0 100 \u20ac<\/td><td class=\"has-text-align-center\" data-align=\"center\">De 100 \u20ac \u00e0 200 \u20ac<\/td><td class=\"has-text-align-center\" data-align=\"center\">Plus de 200 \u20ac<\/td><\/tr><tr><td><strong>ITALIE DU NORD<\/strong><\/td><td class=\"has-text-align-center\" data-align=\"center\">33,00 \u20ac<\/td><td class=\"has-text-align-center\" data-align=\"center\">18,00 \u20ac<\/td><td class=\"has-text-align-center\" data-align=\"center\">LIVRAISON GRATUITE<\/td><\/tr><tr><td><strong>ITALIE CENTRALE<\/strong><\/td><td class=\"has-text-align-center\" data-align=\"center\">36,00 \u20ac<\/td><td class=\"has-text-align-center\" data-align=\"center\">21,00 \u20ac<\/td><td class=\"has-text-align-center\" data-align=\"center\">LIVRAISON GRATUITE<\/td><\/tr><tr><td><strong>ITALIE DU SUD<\/strong><\/td><td class=\"has-text-align-center\" data-align=\"center\">37,00 \u20ac<\/td><td class=\"has-text-align-center\" data-align=\"center\">22,00 \u20ac<\/td><td class=\"has-text-align-center\" data-align=\"center\">LIVRAISON GRATUITE<\/td><\/tr><tr><td><strong>\u00ceLES D\u2019ITALIE<\/strong><\/td><td class=\"has-text-align-center\" data-align=\"center\">40,00 \u20ac<\/td><td class=\"has-text-align-center\" data-align=\"center\">25,00 \u20ac<\/td><td class=\"has-text-align-center\" data-align=\"center\">LIVRAISON GRATUITE<\/td><\/tr><\/tbody><\/table><\/figure>\n\n\n\n<p><strong>LIVRAISONS INTERNATIONALES<\/strong>\u00a0<em>avec gel r\u00e9frig\u00e9rant<\/em>:<\/p>\n\n\n\n<p>La contribution sp\u00e9ciale sera appliqu\u00e9e sur notre boutique en ligne de la mani\u00e8re suivante : 15 \u20ac de r\u00e9duction sur les frais de livraison pour les commandes de plus de 100 \u20ac et 30 \u20ac de r\u00e9duction pour les commandes de plus de 200 \u20ac. Ci-dessous, les tableaux de r\u00e9f\u00e9rence pour les livraisons \u00e0 l&rsquo;\u00e9tranger.<\/p>\n\n\n\n<p><strong>Pour les envois internationaux<\/strong><\/p>\n\n\n<div class=\"table-responsive\"><table  style=\"width:700px; \"  class=\"easy-table easy-table-default \" >\n<thead>\r\n<tr><th >PRICES IN \u20ac<\/th>\n<th >5 kg<\/th>\n<th >10 kg<\/th>\n<th >15 kg<\/th>\n<th >20 kg<\/th>\n<th >25 kg<\/th>\n<th >30 kg<\/th>\n<th >35 kg<\/th>\n<th >40 kg<\/th>\n<th >45 kg<\/th>\n<th >50 kg<\/th>\n<\/tr>\n<\/thead>\n<tbody>\r\n<tr><td >AREA 1<\/td>\n<td >35.00<\/td>\n<td >39.00<\/td>\n<td >54.00<\/td>\n<td >56.00<\/td>\n<td >86.00<\/td>\n<td >89.00<\/td>\n<td >108.00<\/td>\n<td >108.00<\/td>\n<td >133.00<\/td>\n<td >133.00<\/td>\n<\/tr>\n\r\n<tr><td >AREA 2<\/td>\n<td >41.00<\/td>\n<td >44.00<\/td>\n<td >62.00<\/td>\n<td >64.00<\/td>\n<td >85.00<\/td>\n<td >88.00<\/td>\n<td >113.00<\/td>\n<td >113.00<\/td>\n<td >137.00<\/td>\n<td >137.00<\/td>\n<\/tr>\n\r\n<tr><td >AREA 3<\/td>\n<td >46.00<\/td>\n<td >50.00<\/td>\n<td >68.00<\/td>\n<td >71.00<\/td>\n<td >93.00<\/td>\n<td >96.00<\/td>\n<td >125.00<\/td>\n<td >125.00<\/td>\n<td >155.00<\/td>\n<td >155.00<\/td>\n<\/tr>\n\r\n<tr><td >AREA 4<\/td>\n<td >50.00<\/td>\n<td >54.00<\/td>\n<td >79.00<\/td>\n<td >85.00<\/td>\n<td >97.00<\/td>\n<td >112.00<\/td>\n<td >128.00<\/td>\n<td >140.00<\/td>\n<td >157.00<\/td>\n<td >157.00<\/td>\n<\/tr>\n\r\n<tr><td >AREA MONACO*<\/td>\n<td >35.00<\/td>\n<td >39.00<\/td>\n<td >54.00<\/td>\n<td >56.00<\/td>\n<td >86.00<\/td>\n<td >89.00<\/td>\n<td >108.00<\/td>\n<td >108.00<\/td>\n<td >133.00<\/td>\n<td >133.00<\/td>\n<\/tr>\n<\/tbody><\/table><\/div>\n\n\n\n<p><em>*Pour la zone de la Principaut\u00e9 de Monaco, un droit de douane de 15,00 \u20ac sera automatiquement ajout\u00e9 aux prix indiqu\u00e9s au moment de l&rsquo;achat.<\/em><\/p>\n\n\n<div class=\"table-responsive\"><table  style=\"width:700px; \"  class=\"easy-table easy-table-default \" >\n<thead>\r\n<tr><th >Nation<\/th>\n<th > Pricing Area<\/th>\n<\/tr>\n<\/thead>\n<tbody>\r\n<tr><td >Austria<\/td>\n<td > 1<\/td>\n<\/tr>\n\r\n<tr><td >Belgium<\/td>\n<td > 1<\/td>\n<\/tr>\n\r\n<tr><td >Bulgaria<\/td>\n<td > 4<\/td>\n<\/tr>\n\r\n<tr><td >Croatia<\/td>\n<td > 3<\/td>\n<\/tr>\n\r\n<tr><td >Czech Republic<\/td>\n<td > 4<\/td>\n<\/tr>\n\r\n<tr><td >Denmark<\/td>\n<td > 3<\/td>\n<\/tr>\n\r\n<tr><td >Estonia<\/td>\n<td > 4<\/td>\n<\/tr>\n\r\n<tr><td >Finland<\/td>\n<td > 3<\/td>\n<\/tr>\n\r\n<tr><td >France<\/td>\n<td > 1<\/td>\n<\/tr>\n\r\n<tr><td >Germany<\/td>\n<td > 1<\/td>\n<\/tr>\n\r\n<tr><td >Greece<\/td>\n<td > 3<\/td>\n<\/tr>\n\r\n<tr><td >Hungary<\/td>\n<td > 4<\/td>\n<\/tr>\n\r\n<tr><td >Ireland<\/td>\n<td > 3<\/td>\n<\/tr>\n\r\n<tr><td >Latvia<\/td>\n<td > 4<\/td>\n<\/tr>\n\r\n<tr><td >Lithuania<\/td>\n<td > 4<\/td>\n<\/tr>\n\r\n<tr><td >Luxembourg<\/td>\n<td > 1<\/td>\n<\/tr>\n\r\n<tr><td >Netherlands<\/td>\n<td > 1<\/td>\n<\/tr>\n\r\n<tr><td >Poland<\/td>\n<td > 4<\/td>\n<\/tr>\n\r\n<tr><td >Portugal<\/td>\n<td > 3<\/td>\n<\/tr>\n\r\n<tr><td >Romania<\/td>\n<td > 4<\/td>\n<\/tr>\n\r\n<tr><td >Slovakia<\/td>\n<td > 4<\/td>\n<\/tr>\n\r\n<tr><td >Slovenia<\/td>\n<td > 4<\/td>\n<\/tr>\n\r\n<tr><td >Spain<\/td>\n<td > 3<\/td>\n<\/tr>\n\r\n<tr><td >Sweden<\/td>\n<td > 3<\/td>\n<\/tr>\n<\/tbody><\/table><\/div>\n\n\n\n<p class=\"has-text-align-center\"><strong>NE PEUT PAS EXP\u00c9DIER AUX \u00c9TATS-UNIS<\/strong><\/p>\n","protected":false},"excerpt":{"rendered":"","protected":false},"author":8,"featured_media":0,"parent":10432,"menu_order":142,"comment_status":"open","ping_status":"closed","template":"","meta":{"_acf_changed":false,"inline_featured_image":false,"_genesis_hide_title":false,"_genesis_hide_breadcrumbs":false,"_genesis_hide_singular_image":false,"_genesis_hide_footer_widgets":false,"_genesis_custom_body_class":"","_genesis_custom_post_class":"","_genesis_layout":"","footnotes":"","_links_to":"","_links_to_target":""},"class_list":{"0":"post-141578","1":"page","2":"type-page","3":"status-publish","5":"entry"},"acf":[],"yoast_head":"<!-- This site is optimized with the Yoast SEO Premium plugin v24.3 (Yoast SEO v27.2) - https:\/\/yoast.com\/product\/yoast-seo-premium-wordpress\/ -->\n<title>Prix et frais de livraison - Consorzio Vacche Rosse<\/title>\n<meta name=\"robots\" content=\"noindex, follow\" \/>\n<meta property=\"og:locale\" content=\"fr_FR\" \/>\n<meta property=\"og:type\" content=\"article\" \/>\n<meta property=\"og:title\" content=\"Prix et frais de livraison\" \/>\n<meta property=\"og:url\" content=\"https:\/\/staging.consorziovaccherosse.blacksolutions.net\/fr\/shop\/prix-et-frais-de-livraison\/\" \/>\n<meta property=\"og:site_name\" content=\"Consorzio Vacche Rosse\" \/>\n<meta property=\"article:publisher\" content=\"https:\/\/www.facebook.com\/consorziovaccherosse\" \/>\n<meta property=\"article:modified_time\" content=\"2025-06-04T15:55:27+00:00\" \/>\n<meta property=\"og:image\" content=\"https:\/\/staging.consorziovaccherosse.blacksolutions.net\/wp-content\/uploads\/Prodotti-CVR-1024x710.png\" \/>\n\t<meta property=\"og:image:width\" content=\"1024\" \/>\n\t<meta property=\"og:image:height\" content=\"710\" \/>\n\t<meta property=\"og:image:type\" content=\"image\/png\" \/>\n<meta name=\"twitter:label1\" content=\"Dur\u00e9e de lecture estim\u00e9e\" \/>\n\t<meta name=\"twitter:data1\" content=\"3 minutes\" \/>\n<script type=\"application\/ld+json\" class=\"yoast-schema-graph\">{\"@context\":\"https:\/\/schema.org\",\"@graph\":[{\"@type\":\"WebPage\",\"@id\":\"https:\/\/staging.consorziovaccherosse.blacksolutions.net\/fr\/shop\/prix-et-frais-de-livraison\/\",\"url\":\"https:\/\/staging.consorziovaccherosse.blacksolutions.net\/fr\/shop\/prix-et-frais-de-livraison\/\",\"name\":\"Prix et frais de livraison - Consorzio Vacche Rosse\",\"isPartOf\":{\"@id\":\"https:\/\/staging.consorziovaccherosse.blacksolutions.net\/fr\/#website\"},\"datePublished\":\"2020-12-11T16:46:20+00:00\",\"dateModified\":\"2025-06-04T15:55:27+00:00\",\"breadcrumb\":{\"@id\":\"https:\/\/staging.consorziovaccherosse.blacksolutions.net\/fr\/shop\/prix-et-frais-de-livraison\/#breadcrumb\"},\"inLanguage\":\"fr-FR\",\"potentialAction\":[{\"@type\":\"ReadAction\",\"target\":[\"https:\/\/staging.consorziovaccherosse.blacksolutions.net\/fr\/shop\/prix-et-frais-de-livraison\/\"]}]},{\"@type\":\"BreadcrumbList\",\"@id\":\"https:\/\/staging.consorziovaccherosse.blacksolutions.net\/fr\/shop\/prix-et-frais-de-livraison\/#breadcrumb\",\"itemListElement\":[{\"@type\":\"ListItem\",\"position\":1,\"name\":\"Home\",\"item\":\"https:\/\/staging.consorziovaccherosse.blacksolutions.net\/fr\/\"},{\"@type\":\"ListItem\",\"position\":2,\"name\":\"Boutique\",\"item\":\"https:\/\/staging.consorziovaccherosse.blacksolutions.net\/fr\/shop\/\"},{\"@type\":\"ListItem\",\"position\":3,\"name\":\"Prix et frais de livraison\"}]},{\"@type\":\"WebSite\",\"@id\":\"https:\/\/staging.consorziovaccherosse.blacksolutions.net\/fr\/#website\",\"url\":\"https:\/\/staging.consorziovaccherosse.blacksolutions.net\/fr\/\",\"name\":\"Consorzio Vacche Rosse\",\"description\":\"Parmigiano Reggiano Vacche Rosse di Razza Reggiana\",\"publisher\":{\"@id\":\"https:\/\/staging.consorziovaccherosse.blacksolutions.net\/fr\/#organization\"},\"potentialAction\":[{\"@type\":\"SearchAction\",\"target\":{\"@type\":\"EntryPoint\",\"urlTemplate\":\"https:\/\/staging.consorziovaccherosse.blacksolutions.net\/fr\/?s={search_term_string}\"},\"query-input\":{\"@type\":\"PropertyValueSpecification\",\"valueRequired\":true,\"valueName\":\"search_term_string\"}}],\"inLanguage\":\"fr-FR\"},{\"@type\":\"Organization\",\"@id\":\"https:\/\/staging.consorziovaccherosse.blacksolutions.net\/fr\/#organization\",\"name\":\"Consorzio Vacche Rosse\",\"url\":\"https:\/\/staging.consorziovaccherosse.blacksolutions.net\/fr\/\",\"logo\":{\"@type\":\"ImageObject\",\"inLanguage\":\"fr-FR\",\"@id\":\"https:\/\/staging.consorziovaccherosse.blacksolutions.net\/fr\/#\/schema\/logo\/image\/\",\"url\":\"https:\/\/staging.consorziovaccherosse.blacksolutions.net\/wp-content\/uploads\/logo-consorzio-vacche-rosse-rgb.jpg\",\"contentUrl\":\"https:\/\/staging.consorziovaccherosse.blacksolutions.net\/wp-content\/uploads\/logo-consorzio-vacche-rosse-rgb.jpg\",\"width\":1920,\"height\":1920,\"caption\":\"Consorzio Vacche Rosse\"},\"image\":{\"@id\":\"https:\/\/staging.consorziovaccherosse.blacksolutions.net\/fr\/#\/schema\/logo\/image\/\"},\"sameAs\":[\"https:\/\/www.facebook.com\/consorziovaccherosse\",\"https:\/\/x.com\/consvaccherosse\"]}]}<\/script>\n<!-- \/ Yoast SEO Premium plugin. -->","yoast_head_json":{"title":"Prix et frais de livraison - Consorzio Vacche Rosse","robots":{"index":"noindex","follow":"follow"},"og_locale":"fr_FR","og_type":"article","og_title":"Prix et frais de livraison","og_url":"https:\/\/staging.consorziovaccherosse.blacksolutions.net\/fr\/shop\/prix-et-frais-de-livraison\/","og_site_name":"Consorzio Vacche Rosse","article_publisher":"https:\/\/www.facebook.com\/consorziovaccherosse","article_modified_time":"2025-06-04T15:55:27+00:00","og_image":[{"width":1024,"height":710,"url":"https:\/\/staging.consorziovaccherosse.blacksolutions.net\/wp-content\/uploads\/Prodotti-CVR-1024x710.png","type":"image\/png"}],"twitter_misc":{"Dur\u00e9e de lecture estim\u00e9e":"3 minutes"},"schema":{"@context":"https:\/\/schema.org","@graph":[{"@type":"WebPage","@id":"https:\/\/staging.consorziovaccherosse.blacksolutions.net\/fr\/shop\/prix-et-frais-de-livraison\/","url":"https:\/\/staging.consorziovaccherosse.blacksolutions.net\/fr\/shop\/prix-et-frais-de-livraison\/","name":"Prix et frais de livraison - Consorzio Vacche Rosse","isPartOf":{"@id":"https:\/\/staging.consorziovaccherosse.blacksolutions.net\/fr\/#website"},"datePublished":"2020-12-11T16:46:20+00:00","dateModified":"2025-06-04T15:55:27+00:00","breadcrumb":{"@id":"https:\/\/staging.consorziovaccherosse.blacksolutions.net\/fr\/shop\/prix-et-frais-de-livraison\/#breadcrumb"},"inLanguage":"fr-FR","potentialAction":[{"@type":"ReadAction","target":["https:\/\/staging.consorziovaccherosse.blacksolutions.net\/fr\/shop\/prix-et-frais-de-livraison\/"]}]},{"@type":"BreadcrumbList","@id":"https:\/\/staging.consorziovaccherosse.blacksolutions.net\/fr\/shop\/prix-et-frais-de-livraison\/#breadcrumb","itemListElement":[{"@type":"ListItem","position":1,"name":"Home","item":"https:\/\/staging.consorziovaccherosse.blacksolutions.net\/fr\/"},{"@type":"ListItem","position":2,"name":"Boutique","item":"https:\/\/staging.consorziovaccherosse.blacksolutions.net\/fr\/shop\/"},{"@type":"ListItem","position":3,"name":"Prix et frais de livraison"}]},{"@type":"WebSite","@id":"https:\/\/staging.consorziovaccherosse.blacksolutions.net\/fr\/#website","url":"https:\/\/staging.consorziovaccherosse.blacksolutions.net\/fr\/","name":"Consorzio Vacche Rosse","description":"Parmigiano Reggiano Vacche Rosse di Razza Reggiana","publisher":{"@id":"https:\/\/staging.consorziovaccherosse.blacksolutions.net\/fr\/#organization"},"potentialAction":[{"@type":"SearchAction","target":{"@type":"EntryPoint","urlTemplate":"https:\/\/staging.consorziovaccherosse.blacksolutions.net\/fr\/?s={search_term_string}"},"query-input":{"@type":"PropertyValueSpecification","valueRequired":true,"valueName":"search_term_string"}}],"inLanguage":"fr-FR"},{"@type":"Organization","@id":"https:\/\/staging.consorziovaccherosse.blacksolutions.net\/fr\/#organization","name":"Consorzio Vacche Rosse","url":"https:\/\/staging.consorziovaccherosse.blacksolutions.net\/fr\/","logo":{"@type":"ImageObject","inLanguage":"fr-FR","@id":"https:\/\/staging.consorziovaccherosse.blacksolutions.net\/fr\/#\/schema\/logo\/image\/","url":"https:\/\/staging.consorziovaccherosse.blacksolutions.net\/wp-content\/uploads\/logo-consorzio-vacche-rosse-rgb.jpg","contentUrl":"https:\/\/staging.consorziovaccherosse.blacksolutions.net\/wp-content\/uploads\/logo-consorzio-vacche-rosse-rgb.jpg","width":1920,"height":1920,"caption":"Consorzio Vacche Rosse"},"image":{"@id":"https:\/\/staging.consorziovaccherosse.blacksolutions.net\/fr\/#\/schema\/logo\/image\/"},"sameAs":["https:\/\/www.facebook.com\/consorziovaccherosse","https:\/\/x.com\/consvaccherosse"]}]}},"_links":{"self":[{"href":"https:\/\/staging.consorziovaccherosse.blacksolutions.net\/fr\/wp-json\/wp\/v2\/pages\/141578","targetHints":{"allow":["GET"]}}],"collection":[{"href":"https:\/\/staging.consorziovaccherosse.blacksolutions.net\/fr\/wp-json\/wp\/v2\/pages"}],"about":[{"href":"https:\/\/staging.consorziovaccherosse.blacksolutions.net\/fr\/wp-json\/wp\/v2\/types\/page"}],"author":[{"embeddable":true,"href":"https:\/\/staging.consorziovaccherosse.blacksolutions.net\/fr\/wp-json\/wp\/v2\/users\/8"}],"replies":[{"embeddable":true,"href":"https:\/\/staging.consorziovaccherosse.blacksolutions.net\/fr\/wp-json\/wp\/v2\/comments?post=141578"}],"version-history":[{"count":1,"href":"https:\/\/staging.consorziovaccherosse.blacksolutions.net\/fr\/wp-json\/wp\/v2\/pages\/141578\/revisions"}],"predecessor-version":[{"id":141581,"href":"https:\/\/staging.consorziovaccherosse.blacksolutions.net\/fr\/wp-json\/wp\/v2\/pages\/141578\/revisions\/141581"}],"up":[{"embeddable":true,"href":"https:\/\/staging.consorziovaccherosse.blacksolutions.net\/fr\/wp-json\/wp\/v2\/pages\/10432"}],"wp:attachment":[{"href":"https:\/\/staging.consorziovaccherosse.blacksolutions.net\/fr\/wp-json\/wp\/v2\/media?parent=141578"}],"curies":[{"name":"wp","href":"https:\/\/api.w.org\/{rel}","templated":true}]}}