{"id":146940,"date":"2021-11-12T11:03:54","date_gmt":"2021-11-12T10:03:54","guid":{"rendered":"https:\/\/staging.consorziovaccherosse.blacksolutions.net\/?page_id=146940"},"modified":"2024-01-22T20:40:02","modified_gmt":"2024-01-22T19:40:02","slug":"informations-utiles-pour-la-livraison","status":"publish","type":"page","link":"https:\/\/staging.consorziovaccherosse.blacksolutions.net\/fr\/shop\/informations-utiles-pour-la-livraison\/","title":{"rendered":"Informations utiles pour la livraison"},"content":{"rendered":"\n<p>\u00c0 partir du lait de la race Reggiana, nous cr\u00e9ons chaque jour des aliments riches en saveur et en nutriments pr\u00e9cieux, dont notre Parmigiano Reggiano Vacche Rosse. S&rsquo;ils sont achet\u00e9s sur notre boutique en ligne, il est donc essentiel que leur excellence arrive intacte \u00e0 destination comme s&rsquo;ils \u00e9taient frais de la laiterie.<br>C&rsquo;est pourquoi nous les exp\u00e9dions par courrier r\u00e9frig\u00e9r\u00e9 \u00e0 une temp\u00e9rature contr\u00f4l\u00e9e de 0 \u00e0 4\u00b0C, afin de maintenir la cha\u00eene du froid constante et, ainsi, de les livrer au meilleur de leur qualit\u00e9.<br>Afin de recevoir nos produits de mani\u00e8re optimale, il est important de conna\u00eetre les aspects suivants :&nbsp;<\/p>\n\n\n\n<ul class=\"wp-block-list\"><li>Une fois que vous avez effectu\u00e9 un achat, le coursier vous enverra un e-mail avec le code de suivi pour suivre l&rsquo;envoi. Vous recevrez \u00e9galement une notification de la date de livraison par e-mail. Pour le moment, les courriers r\u00e9frig\u00e9r\u00e9s, en raison de la particularit\u00e9 de leur service, ne pr\u00e9voient pas la possibilit\u00e9 de demander des plages horaires et des avis t\u00e9l\u00e9phoniques sp\u00e9cifiques.<\/li><li>Nous vous recommandons d&rsquo;indiquer une adresse de livraison o\u00f9 il est certain la pr\u00e9sence d&rsquo;une personne qui r\u00e9cup\u00e9rera les produits command\u00e9s. Pour prot\u00e9ger leur qualit\u00e9, leur envoi par courrier r\u00e9frig\u00e9r\u00e9 exclut la possibilit\u00e9 de les laisser sans surveillance.<\/li><li>En cas de non-livraison, en raison de l&rsquo;absence du destinataire, le transporteur peut facturer des frais d&rsquo;exp\u00e9dition suppl\u00e9mentaires.<\/li><li>Des raisons particuli\u00e8res ou des impr\u00e9vus peuvent g\u00e9n\u00e9rer une forte demande de livraisons \u00e0 domicile, au point de causer des probl\u00e8mes pour le syst\u00e8me logistique de messagerie. Par cons\u00e9quent, des retards par rapport \u00e0 la date pr\u00e9vue peuvent survenir ind\u00e9pendamment de notre volont\u00e9.<\/li><\/ul>\n\n\n\n<p>Si vous avez des demandes particuli\u00e8res AVANT d&rsquo;effectuer un achat, veuillez nous contacter pour v\u00e9rifier ensemble leur faisabilit\u00e9.Chaque jour, nous nous effor\u00e7ons de rendre la livraison de nos produits simple et pratique. Cependant, nous sommes disponibles pour tout besoin et clarification.<br>\u00c9crivez-nous \u00e0<strong> <a href=\"mailto:info@consorziovaccherosse.it\">info@consorziovaccherosse.it<\/a><\/strong> ou appelez-nous au<strong> <a href=\"tel:+390522294655\">0522 294655<\/a><\/strong>.<\/p>\n\n\n\n<p>Et merci d&rsquo;\u00eatre ici avec nous.<\/p>\n","protected":false},"excerpt":{"rendered":"<p>\u00c0 partir du lait de la race Reggiana, nous cr\u00e9ons chaque jour des aliments riches en saveur et en nutriments pr\u00e9cieux, dont notre Parmigiano Reggiano Vacche Rosse. S&rsquo;ils sont achet\u00e9s sur notre boutique en ligne, il est donc essentiel que leur excellence arrive intacte \u00e0 destination comme s&rsquo;ils \u00e9taient frais de la laiterie.C&rsquo;est pourquoi nous [&hellip;]<\/p>\n","protected":false},"author":8,"featured_media":0,"parent":10432,"menu_order":136,"comment_status":"open","ping_status":"closed","template":"","meta":{"_acf_changed":false,"inline_featured_image":false,"_genesis_hide_title":false,"_genesis_hide_breadcrumbs":false,"_genesis_hide_singular_image":false,"_genesis_hide_footer_widgets":false,"_genesis_custom_body_class":"","_genesis_custom_post_class":"","_genesis_layout":"","footnotes":"","_links_to":"","_links_to_target":""},"class_list":{"0":"post-146940","1":"page","2":"type-page","3":"status-publish","5":"entry"},"acf":[],"yoast_head":"<!-- This site is optimized with the Yoast SEO Premium plugin v24.3 (Yoast SEO v27.2) - https:\/\/yoast.com\/product\/yoast-seo-premium-wordpress\/ -->\n<title>Informations utiles pour la livraison - Consorzio Vacche Rosse<\/title>\n<meta name=\"robots\" content=\"noindex, follow, max-snippet:-1, max-image-preview:large, max-video-preview:-1\" \/>\n<meta property=\"og:locale\" content=\"fr_FR\" \/>\n<meta property=\"og:type\" content=\"article\" \/>\n<meta property=\"og:title\" content=\"Informations utiles pour la livraison\" \/>\n<meta property=\"og:description\" content=\"\u00c0 partir du lait de la race Reggiana, nous cr\u00e9ons chaque jour des aliments riches en saveur et en nutriments pr\u00e9cieux, dont notre Parmigiano Reggiano Vacche Rosse. S&rsquo;ils sont achet\u00e9s sur notre boutique en ligne, il est donc essentiel que leur excellence arrive intacte \u00e0 destination comme s&rsquo;ils \u00e9taient frais de la laiterie.C&rsquo;est pourquoi nous [&hellip;]\" \/>\n<meta property=\"og:url\" content=\"https:\/\/staging.consorziovaccherosse.blacksolutions.net\/fr\/shop\/informations-utiles-pour-la-livraison\/\" \/>\n<meta property=\"og:site_name\" content=\"Consorzio Vacche Rosse\" \/>\n<meta property=\"article:publisher\" content=\"https:\/\/www.facebook.com\/consorziovaccherosse\" \/>\n<meta property=\"article:modified_time\" content=\"2024-01-22T19:40:02+00:00\" \/>\n<meta property=\"og:image\" content=\"https:\/\/staging.consorziovaccherosse.blacksolutions.net\/wp-content\/uploads\/Prodotti-CVR-1024x710.png\" \/>\n\t<meta property=\"og:image:width\" content=\"1024\" \/>\n\t<meta property=\"og:image:height\" content=\"710\" \/>\n\t<meta property=\"og:image:type\" content=\"image\/png\" \/>\n<meta name=\"twitter:label1\" content=\"Dur\u00e9e de lecture estim\u00e9e\" \/>\n\t<meta name=\"twitter:data1\" content=\"2 minutes\" \/>\n<script type=\"application\/ld+json\" class=\"yoast-schema-graph\">{\"@context\":\"https:\/\/schema.org\",\"@graph\":[{\"@type\":\"WebPage\",\"@id\":\"https:\/\/staging.consorziovaccherosse.blacksolutions.net\/fr\/shop\/informations-utiles-pour-la-livraison\/\",\"url\":\"https:\/\/staging.consorziovaccherosse.blacksolutions.net\/fr\/shop\/informations-utiles-pour-la-livraison\/\",\"name\":\"Informations utiles pour la livraison - Consorzio Vacche Rosse\",\"isPartOf\":{\"@id\":\"https:\/\/staging.consorziovaccherosse.blacksolutions.net\/fr\/#website\"},\"datePublished\":\"2021-11-12T10:03:54+00:00\",\"dateModified\":\"2024-01-22T19:40:02+00:00\",\"breadcrumb\":{\"@id\":\"https:\/\/staging.consorziovaccherosse.blacksolutions.net\/fr\/shop\/informations-utiles-pour-la-livraison\/#breadcrumb\"},\"inLanguage\":\"fr-FR\",\"potentialAction\":[{\"@type\":\"ReadAction\",\"target\":[\"https:\/\/staging.consorziovaccherosse.blacksolutions.net\/fr\/shop\/informations-utiles-pour-la-livraison\/\"]}]},{\"@type\":\"BreadcrumbList\",\"@id\":\"https:\/\/staging.consorziovaccherosse.blacksolutions.net\/fr\/shop\/informations-utiles-pour-la-livraison\/#breadcrumb\",\"itemListElement\":[{\"@type\":\"ListItem\",\"position\":1,\"name\":\"Home\",\"item\":\"https:\/\/staging.consorziovaccherosse.blacksolutions.net\/fr\/\"},{\"@type\":\"ListItem\",\"position\":2,\"name\":\"Boutique\",\"item\":\"https:\/\/staging.consorziovaccherosse.blacksolutions.net\/fr\/shop\/\"},{\"@type\":\"ListItem\",\"position\":3,\"name\":\"Informations utiles pour la livraison\"}]},{\"@type\":\"WebSite\",\"@id\":\"https:\/\/staging.consorziovaccherosse.blacksolutions.net\/fr\/#website\",\"url\":\"https:\/\/staging.consorziovaccherosse.blacksolutions.net\/fr\/\",\"name\":\"Consorzio Vacche Rosse\",\"description\":\"Parmigiano Reggiano Vacche Rosse di Razza Reggiana\",\"publisher\":{\"@id\":\"https:\/\/staging.consorziovaccherosse.blacksolutions.net\/fr\/#organization\"},\"potentialAction\":[{\"@type\":\"SearchAction\",\"target\":{\"@type\":\"EntryPoint\",\"urlTemplate\":\"https:\/\/staging.consorziovaccherosse.blacksolutions.net\/fr\/?s={search_term_string}\"},\"query-input\":{\"@type\":\"PropertyValueSpecification\",\"valueRequired\":true,\"valueName\":\"search_term_string\"}}],\"inLanguage\":\"fr-FR\"},{\"@type\":\"Organization\",\"@id\":\"https:\/\/staging.consorziovaccherosse.blacksolutions.net\/fr\/#organization\",\"name\":\"Consorzio Vacche Rosse\",\"url\":\"https:\/\/staging.consorziovaccherosse.blacksolutions.net\/fr\/\",\"logo\":{\"@type\":\"ImageObject\",\"inLanguage\":\"fr-FR\",\"@id\":\"https:\/\/staging.consorziovaccherosse.blacksolutions.net\/fr\/#\/schema\/logo\/image\/\",\"url\":\"https:\/\/staging.consorziovaccherosse.blacksolutions.net\/wp-content\/uploads\/logo-consorzio-vacche-rosse-rgb.jpg\",\"contentUrl\":\"https:\/\/staging.consorziovaccherosse.blacksolutions.net\/wp-content\/uploads\/logo-consorzio-vacche-rosse-rgb.jpg\",\"width\":1920,\"height\":1920,\"caption\":\"Consorzio Vacche Rosse\"},\"image\":{\"@id\":\"https:\/\/staging.consorziovaccherosse.blacksolutions.net\/fr\/#\/schema\/logo\/image\/\"},\"sameAs\":[\"https:\/\/www.facebook.com\/consorziovaccherosse\",\"https:\/\/x.com\/consvaccherosse\"]}]}<\/script>\n<!-- \/ Yoast SEO Premium plugin. -->","yoast_head_json":{"title":"Informations utiles pour la livraison - Consorzio Vacche Rosse","robots":{"index":"noindex","follow":"follow","max-snippet":"max-snippet:-1","max-image-preview":"max-image-preview:large","max-video-preview":"max-video-preview:-1"},"og_locale":"fr_FR","og_type":"article","og_title":"Informations utiles pour la livraison","og_description":"\u00c0 partir du lait de la race Reggiana, nous cr\u00e9ons chaque jour des aliments riches en saveur et en nutriments pr\u00e9cieux, dont notre Parmigiano Reggiano Vacche Rosse. S&rsquo;ils sont achet\u00e9s sur notre boutique en ligne, il est donc essentiel que leur excellence arrive intacte \u00e0 destination comme s&rsquo;ils \u00e9taient frais de la laiterie.C&rsquo;est pourquoi nous [&hellip;]","og_url":"https:\/\/staging.consorziovaccherosse.blacksolutions.net\/fr\/shop\/informations-utiles-pour-la-livraison\/","og_site_name":"Consorzio Vacche Rosse","article_publisher":"https:\/\/www.facebook.com\/consorziovaccherosse","article_modified_time":"2024-01-22T19:40:02+00:00","og_image":[{"width":1024,"height":710,"url":"https:\/\/staging.consorziovaccherosse.blacksolutions.net\/wp-content\/uploads\/Prodotti-CVR-1024x710.png","type":"image\/png"}],"twitter_misc":{"Dur\u00e9e de lecture estim\u00e9e":"2 minutes"},"schema":{"@context":"https:\/\/schema.org","@graph":[{"@type":"WebPage","@id":"https:\/\/staging.consorziovaccherosse.blacksolutions.net\/fr\/shop\/informations-utiles-pour-la-livraison\/","url":"https:\/\/staging.consorziovaccherosse.blacksolutions.net\/fr\/shop\/informations-utiles-pour-la-livraison\/","name":"Informations utiles pour la livraison - Consorzio Vacche Rosse","isPartOf":{"@id":"https:\/\/staging.consorziovaccherosse.blacksolutions.net\/fr\/#website"},"datePublished":"2021-11-12T10:03:54+00:00","dateModified":"2024-01-22T19:40:02+00:00","breadcrumb":{"@id":"https:\/\/staging.consorziovaccherosse.blacksolutions.net\/fr\/shop\/informations-utiles-pour-la-livraison\/#breadcrumb"},"inLanguage":"fr-FR","potentialAction":[{"@type":"ReadAction","target":["https:\/\/staging.consorziovaccherosse.blacksolutions.net\/fr\/shop\/informations-utiles-pour-la-livraison\/"]}]},{"@type":"BreadcrumbList","@id":"https:\/\/staging.consorziovaccherosse.blacksolutions.net\/fr\/shop\/informations-utiles-pour-la-livraison\/#breadcrumb","itemListElement":[{"@type":"ListItem","position":1,"name":"Home","item":"https:\/\/staging.consorziovaccherosse.blacksolutions.net\/fr\/"},{"@type":"ListItem","position":2,"name":"Boutique","item":"https:\/\/staging.consorziovaccherosse.blacksolutions.net\/fr\/shop\/"},{"@type":"ListItem","position":3,"name":"Informations utiles pour la livraison"}]},{"@type":"WebSite","@id":"https:\/\/staging.consorziovaccherosse.blacksolutions.net\/fr\/#website","url":"https:\/\/staging.consorziovaccherosse.blacksolutions.net\/fr\/","name":"Consorzio Vacche Rosse","description":"Parmigiano Reggiano Vacche Rosse di Razza Reggiana","publisher":{"@id":"https:\/\/staging.consorziovaccherosse.blacksolutions.net\/fr\/#organization"},"potentialAction":[{"@type":"SearchAction","target":{"@type":"EntryPoint","urlTemplate":"https:\/\/staging.consorziovaccherosse.blacksolutions.net\/fr\/?s={search_term_string}"},"query-input":{"@type":"PropertyValueSpecification","valueRequired":true,"valueName":"search_term_string"}}],"inLanguage":"fr-FR"},{"@type":"Organization","@id":"https:\/\/staging.consorziovaccherosse.blacksolutions.net\/fr\/#organization","name":"Consorzio Vacche Rosse","url":"https:\/\/staging.consorziovaccherosse.blacksolutions.net\/fr\/","logo":{"@type":"ImageObject","inLanguage":"fr-FR","@id":"https:\/\/staging.consorziovaccherosse.blacksolutions.net\/fr\/#\/schema\/logo\/image\/","url":"https:\/\/staging.consorziovaccherosse.blacksolutions.net\/wp-content\/uploads\/logo-consorzio-vacche-rosse-rgb.jpg","contentUrl":"https:\/\/staging.consorziovaccherosse.blacksolutions.net\/wp-content\/uploads\/logo-consorzio-vacche-rosse-rgb.jpg","width":1920,"height":1920,"caption":"Consorzio Vacche Rosse"},"image":{"@id":"https:\/\/staging.consorziovaccherosse.blacksolutions.net\/fr\/#\/schema\/logo\/image\/"},"sameAs":["https:\/\/www.facebook.com\/consorziovaccherosse","https:\/\/x.com\/consvaccherosse"]}]}},"_links":{"self":[{"href":"https:\/\/staging.consorziovaccherosse.blacksolutions.net\/fr\/wp-json\/wp\/v2\/pages\/146940","targetHints":{"allow":["GET"]}}],"collection":[{"href":"https:\/\/staging.consorziovaccherosse.blacksolutions.net\/fr\/wp-json\/wp\/v2\/pages"}],"about":[{"href":"https:\/\/staging.consorziovaccherosse.blacksolutions.net\/fr\/wp-json\/wp\/v2\/types\/page"}],"author":[{"embeddable":true,"href":"https:\/\/staging.consorziovaccherosse.blacksolutions.net\/fr\/wp-json\/wp\/v2\/users\/8"}],"replies":[{"embeddable":true,"href":"https:\/\/staging.consorziovaccherosse.blacksolutions.net\/fr\/wp-json\/wp\/v2\/comments?post=146940"}],"version-history":[{"count":2,"href":"https:\/\/staging.consorziovaccherosse.blacksolutions.net\/fr\/wp-json\/wp\/v2\/pages\/146940\/revisions"}],"predecessor-version":[{"id":165010,"href":"https:\/\/staging.consorziovaccherosse.blacksolutions.net\/fr\/wp-json\/wp\/v2\/pages\/146940\/revisions\/165010"}],"up":[{"embeddable":true,"href":"https:\/\/staging.consorziovaccherosse.blacksolutions.net\/fr\/wp-json\/wp\/v2\/pages\/10432"}],"wp:attachment":[{"href":"https:\/\/staging.consorziovaccherosse.blacksolutions.net\/fr\/wp-json\/wp\/v2\/media?parent=146940"}],"curies":[{"name":"wp","href":"https:\/\/api.w.org\/{rel}","templated":true}]}}