{"id":153088,"date":"2022-08-24T16:04:12","date_gmt":"2022-08-24T14:04:12","guid":{"rendered":"https:\/\/staging.consorziovaccherosse.blacksolutions.net\/?page_id=153088"},"modified":"2022-10-12T13:48:14","modified_gmt":"2022-10-12T11:48:14","slug":"les-producteurs-laitiers","status":"publish","type":"page","link":"https:\/\/staging.consorziovaccherosse.blacksolutions.net\/fr\/consortium\/les-producteurs-laitiers\/","title":{"rendered":"Les producteurs laitiers"},"content":{"rendered":"\n<div class=\"wp-block-group alignfull padding-top--none-from-tablet has-grey-light-background-color has-background\"><div class=\"wp-block-group__inner-container is-layout-flow wp-block-group-is-layout-flow\"><div id=\"bs-title-block_8ba7472256f63eb3e4833295b3ed4c91\" class=\"bs-block-title\">\n\t<div class=\"bs-block-title-wrapper\">\n        <div class=\"bs-block-title__inner\">\n                        <div class=\"bs-block-title__icon\">\n                <img decoding=\"async\" src=\"https:\/\/staging.consorziovaccherosse.blacksolutions.net\/wp-content\/uploads\/icon-vaccherosse.svg\" alt=\"\">\n            <\/div>\n                        <h2 class=\"bs-block-title__title\">\n                De Reggio Emilia \u00e0 votre table            <\/h2>\n\t\t\t            <p class=\"bs-block-title__subtitle\">\n\t\t\t\t                O\u00f9 est n\u00e9 Parmigiano Reggiano Vacche Rosse                            <\/p>\n\t\t\t        <\/div>\n\t<\/div>\n<\/div>\n\n\n\n<div class=\"wp-block-columns is-layout-flex wp-container-core-columns-is-layout-9d6595d7 wp-block-columns-is-layout-flex\">\n<div class=\"wp-block-column is-layout-flow wp-block-column-is-layout-flow\">\n<p>Le fromage du Consortium Vaches Rouges est produit dans deux laiteries situ\u00e9es dans la province de Reggio Emilia:<\/p>\n\n\n\n<h3 class=\"wp-block-heading\">Consorzio Vacche Rosse<\/h3>\n\n\n\n<p><strong>Via F.lli Rosselli, 41\/2,&nbsp;42123 Coviolo (RE)<\/strong><\/p>\n\n\n\n<p>C\u2019est la laiterie historique qui, en 1991, a d\u00e9cid\u00e9 d\u2019emprunter la premi\u00e8re la route de la transformation du lait de Reggiana. Actuellement, c\u2019est la seule laiterie dans le monde o\u00f9 est produit et transform\u00e9 exclusivement du lait de Vaches Rouges&nbsp;; ce n\u2019est pas un espace pour transformer, m\u00eame s\u00e9par\u00e9ment, le lait d\u2019autres vaches!<\/p>\n\n\n\n<h3 class=\"wp-block-heading\">Latteria Sociale S. Pietro<\/h3>\n\n\n\n<p>Via Malpasso, 1 42031 Valestra di Carpineti&nbsp;(RE)<\/p>\n\n\n\n<p>L\u2019imposant \u00ab&nbsp;Monte Valestra&nbsp;\u00bb est le cadre qui introduit cette belle station baln\u00e9aire de l\u2019Apennino Reggiano. A quelques kilom\u00e8tres de distance, se trouve le Ch\u00e2teau de Carpineti li\u00e9 \u00e0 la \u00ab&nbsp;Querelle des investitures&nbsp;\u00bb, Castelnovo ne\u2019 Monti et la Pietra di Bismantova (pierre de Bismantova) et le Parc National des Apennins.<\/p>\n<\/div>\n\n\n\n<div class=\"wp-block-column is-layout-flow wp-block-column-is-layout-flow\">\n<figure class=\"wp-block-image size-full\"><img decoding=\"async\" src=\"https:\/\/staging.consorziovaccherosse.blacksolutions.net\/wp-content\/uploads\/pg-interna-galleria02.jpg\" alt=\"\" class=\"wp-image-150735\"\/><\/figure>\n<\/div>\n<\/div>\n<\/div><\/div>\n\n\n<div id=\"bs-sibling-pages-block_30330ed7688840ae829bc1f65e573c22\" class=\"bs-block-sibling-pages\">\n\t<div class=\"bs-block-sibling-pages-wrapper\">\n        <div class=\"bs-block-sibling-pages__inner\">\n                        <h2 class=\"bs-block-sibling-pages__title\">D\u00e9couvrez :<\/h2>\n\t\t\t            <ul class=\"bs-block-sibling-pages__list\">\n            <li class=\"bs-block-sibling-pages__item\">\n                <a class=\"bs-block-sibling-pages__link btn btn-secondary\" href=\"https:\/\/staging.consorziovaccherosse.blacksolutions.net\/fr\/consortium\/histoire-du-consortium\/\">Histoire du Consortium<\/a>\n            <\/li><li class=\"bs-block-sibling-pages__item\">\n                <a class=\"bs-block-sibling-pages__link btn btn-secondary\" href=\"https:\/\/staging.consorziovaccherosse.blacksolutions.net\/fr\/consortium\/un-succes-dans-le-monde\/\">Un succ\u00e8s dans le monde<\/a>\n            <\/li><li class=\"bs-block-sibling-pages__item\">\n                <a class=\"bs-block-sibling-pages__link btn btn-secondary\" href=\"https:\/\/staging.consorziovaccherosse.blacksolutions.net\/fr\/consortium\/les-fermes-associees\/\">Les fermes associ\u00e9es<\/a>\n            <\/li>            <\/ul>\n        <\/div>\n\t<\/div>\n<\/div>\n","protected":false},"excerpt":{"rendered":"<p>Le fromage du Consortium Vaches Rouges est produit dans deux laiteries situ\u00e9es dans la province de Reggio Emilia: Consorzio Vacche Rosse Via F.lli Rosselli, 41\/2,&nbsp;42123 Coviolo (RE) C\u2019est la laiterie historique qui, en 1991, a d\u00e9cid\u00e9 d\u2019emprunter la premi\u00e8re la route de la transformation du lait de Reggiana. Actuellement, c\u2019est la seule laiterie dans le [&hellip;]<\/p>\n","protected":false},"author":80549,"featured_media":154972,"parent":1637,"menu_order":9,"comment_status":"open","ping_status":"closed","template":"","meta":{"_acf_changed":false,"inline_featured_image":false,"_genesis_hide_title":true,"_genesis_hide_breadcrumbs":false,"_genesis_hide_singular_image":false,"_genesis_hide_footer_widgets":false,"_genesis_custom_body_class":"","_genesis_custom_post_class":"","_genesis_layout":"","footnotes":"","_links_to":"","_links_to_target":""},"class_list":{"0":"post-153088","1":"page","2":"type-page","3":"status-publish","4":"has-post-thumbnail","6":"entry"},"acf":[],"yoast_head":"<!-- This site is optimized with the Yoast SEO Premium plugin v24.3 (Yoast SEO v27.2) - https:\/\/yoast.com\/product\/yoast-seo-premium-wordpress\/ -->\n<title>Les producteurs laitiers - Consorzio Vacche Rosse<\/title>\n<meta name=\"description\" content=\"Le Parmigiano Reggiano Vaches Rouges du Consortium Vaches Rouges est produit dans deux laiteries situ\u00e9es dans la province de Reggio Emilia. Achetez-le en ligne.\" \/>\n<meta name=\"robots\" content=\"noindex, follow, max-snippet:-1, max-image-preview:large, max-video-preview:-1\" \/>\n<meta property=\"og:locale\" content=\"fr_FR\" \/>\n<meta property=\"og:type\" content=\"article\" \/>\n<meta property=\"og:title\" content=\"Les producteurs laitiers\" \/>\n<meta property=\"og:description\" content=\"Le Parmigiano Reggiano Vaches Rouges du Consortium Vaches Rouges est produit dans deux laiteries situ\u00e9es dans la province de Reggio Emilia. Achetez-le en ligne.\" \/>\n<meta property=\"og:url\" content=\"https:\/\/staging.consorziovaccherosse.blacksolutions.net\/fr\/consortium\/les-producteurs-laitiers\/\" \/>\n<meta property=\"og:site_name\" content=\"Consorzio Vacche Rosse\" \/>\n<meta property=\"article:publisher\" content=\"https:\/\/www.facebook.com\/consorziovaccherosse\" \/>\n<meta property=\"article:modified_time\" content=\"2022-10-12T11:48:14+00:00\" \/>\n<meta property=\"og:image\" content=\"https:\/\/staging.consorziovaccherosse.blacksolutions.net\/wp-content\/uploads\/03-Come-si-fa-il-Parmigiano-Reggiano-Vacche-Rosse-La-cagliata-Consorzio-Vacche-Rosse-1.jpg\" \/>\n\t<meta property=\"og:image:width\" content=\"2000\" \/>\n\t<meta property=\"og:image:height\" content=\"1500\" \/>\n\t<meta property=\"og:image:type\" content=\"image\/jpeg\" \/>\n<meta name=\"twitter:label1\" content=\"Dur\u00e9e de lecture estim\u00e9e\" \/>\n\t<meta name=\"twitter:data1\" content=\"1 minute\" \/>\n<script type=\"application\/ld+json\" class=\"yoast-schema-graph\">{\"@context\":\"https:\/\/schema.org\",\"@graph\":[{\"@type\":\"WebPage\",\"@id\":\"https:\/\/staging.consorziovaccherosse.blacksolutions.net\/fr\/consortium\/les-producteurs-laitiers\/\",\"url\":\"https:\/\/staging.consorziovaccherosse.blacksolutions.net\/fr\/consortium\/les-producteurs-laitiers\/\",\"name\":\"Les producteurs laitiers - Consorzio Vacche Rosse\",\"isPartOf\":{\"@id\":\"https:\/\/staging.consorziovaccherosse.blacksolutions.net\/fr\/#website\"},\"primaryImageOfPage\":{\"@id\":\"https:\/\/staging.consorziovaccherosse.blacksolutions.net\/fr\/consortium\/les-producteurs-laitiers\/#primaryimage\"},\"image\":{\"@id\":\"https:\/\/staging.consorziovaccherosse.blacksolutions.net\/fr\/consortium\/les-producteurs-laitiers\/#primaryimage\"},\"thumbnailUrl\":\"https:\/\/staging.consorziovaccherosse.blacksolutions.net\/wp-content\/uploads\/03-Come-si-fa-il-Parmigiano-Reggiano-Vacche-Rosse-La-cagliata-Consorzio-Vacche-Rosse-1.jpg\",\"datePublished\":\"2022-08-24T14:04:12+00:00\",\"dateModified\":\"2022-10-12T11:48:14+00:00\",\"description\":\"Le Parmigiano Reggiano Vaches Rouges du Consortium Vaches Rouges est produit dans deux laiteries situ\u00e9es dans la province de Reggio Emilia. Achetez-le en ligne.\",\"breadcrumb\":{\"@id\":\"https:\/\/staging.consorziovaccherosse.blacksolutions.net\/fr\/consortium\/les-producteurs-laitiers\/#breadcrumb\"},\"inLanguage\":\"fr-FR\",\"potentialAction\":[{\"@type\":\"ReadAction\",\"target\":[\"https:\/\/staging.consorziovaccherosse.blacksolutions.net\/fr\/consortium\/les-producteurs-laitiers\/\"]}]},{\"@type\":\"ImageObject\",\"inLanguage\":\"fr-FR\",\"@id\":\"https:\/\/staging.consorziovaccherosse.blacksolutions.net\/fr\/consortium\/les-producteurs-laitiers\/#primaryimage\",\"url\":\"https:\/\/staging.consorziovaccherosse.blacksolutions.net\/wp-content\/uploads\/03-Come-si-fa-il-Parmigiano-Reggiano-Vacche-Rosse-La-cagliata-Consorzio-Vacche-Rosse-1.jpg\",\"contentUrl\":\"https:\/\/staging.consorziovaccherosse.blacksolutions.net\/wp-content\/uploads\/03-Come-si-fa-il-Parmigiano-Reggiano-Vacche-Rosse-La-cagliata-Consorzio-Vacche-Rosse-1.jpg\",\"width\":2000,\"height\":1500},{\"@type\":\"BreadcrumbList\",\"@id\":\"https:\/\/staging.consorziovaccherosse.blacksolutions.net\/fr\/consortium\/les-producteurs-laitiers\/#breadcrumb\",\"itemListElement\":[{\"@type\":\"ListItem\",\"position\":1,\"name\":\"Home\",\"item\":\"https:\/\/staging.consorziovaccherosse.blacksolutions.net\/fr\/\"},{\"@type\":\"ListItem\",\"position\":2,\"name\":\"Consortium\",\"item\":\"https:\/\/staging.consorziovaccherosse.blacksolutions.net\/fr\/consortium\/\"},{\"@type\":\"ListItem\",\"position\":3,\"name\":\"Les producteurs laitiers\"}]},{\"@type\":\"WebSite\",\"@id\":\"https:\/\/staging.consorziovaccherosse.blacksolutions.net\/fr\/#website\",\"url\":\"https:\/\/staging.consorziovaccherosse.blacksolutions.net\/fr\/\",\"name\":\"Consorzio Vacche Rosse\",\"description\":\"Parmigiano Reggiano Vacche Rosse di Razza Reggiana\",\"publisher\":{\"@id\":\"https:\/\/staging.consorziovaccherosse.blacksolutions.net\/fr\/#organization\"},\"potentialAction\":[{\"@type\":\"SearchAction\",\"target\":{\"@type\":\"EntryPoint\",\"urlTemplate\":\"https:\/\/staging.consorziovaccherosse.blacksolutions.net\/fr\/?s={search_term_string}\"},\"query-input\":{\"@type\":\"PropertyValueSpecification\",\"valueRequired\":true,\"valueName\":\"search_term_string\"}}],\"inLanguage\":\"fr-FR\"},{\"@type\":\"Organization\",\"@id\":\"https:\/\/staging.consorziovaccherosse.blacksolutions.net\/fr\/#organization\",\"name\":\"Consorzio Vacche Rosse\",\"url\":\"https:\/\/staging.consorziovaccherosse.blacksolutions.net\/fr\/\",\"logo\":{\"@type\":\"ImageObject\",\"inLanguage\":\"fr-FR\",\"@id\":\"https:\/\/staging.consorziovaccherosse.blacksolutions.net\/fr\/#\/schema\/logo\/image\/\",\"url\":\"https:\/\/staging.consorziovaccherosse.blacksolutions.net\/wp-content\/uploads\/logo-consorzio-vacche-rosse-rgb.jpg\",\"contentUrl\":\"https:\/\/staging.consorziovaccherosse.blacksolutions.net\/wp-content\/uploads\/logo-consorzio-vacche-rosse-rgb.jpg\",\"width\":1920,\"height\":1920,\"caption\":\"Consorzio Vacche Rosse\"},\"image\":{\"@id\":\"https:\/\/staging.consorziovaccherosse.blacksolutions.net\/fr\/#\/schema\/logo\/image\/\"},\"sameAs\":[\"https:\/\/www.facebook.com\/consorziovaccherosse\",\"https:\/\/x.com\/consvaccherosse\"]}]}<\/script>\n<!-- \/ Yoast SEO Premium plugin. -->","yoast_head_json":{"title":"Les producteurs laitiers - Consorzio Vacche Rosse","description":"Le Parmigiano Reggiano Vaches Rouges du Consortium Vaches Rouges est produit dans deux laiteries situ\u00e9es dans la province de Reggio Emilia. Achetez-le en ligne.","robots":{"index":"noindex","follow":"follow","max-snippet":"max-snippet:-1","max-image-preview":"max-image-preview:large","max-video-preview":"max-video-preview:-1"},"og_locale":"fr_FR","og_type":"article","og_title":"Les producteurs laitiers","og_description":"Le Parmigiano Reggiano Vaches Rouges du Consortium Vaches Rouges est produit dans deux laiteries situ\u00e9es dans la province de Reggio Emilia. Achetez-le en ligne.","og_url":"https:\/\/staging.consorziovaccherosse.blacksolutions.net\/fr\/consortium\/les-producteurs-laitiers\/","og_site_name":"Consorzio Vacche Rosse","article_publisher":"https:\/\/www.facebook.com\/consorziovaccherosse","article_modified_time":"2022-10-12T11:48:14+00:00","og_image":[{"width":2000,"height":1500,"url":"https:\/\/staging.consorziovaccherosse.blacksolutions.net\/wp-content\/uploads\/03-Come-si-fa-il-Parmigiano-Reggiano-Vacche-Rosse-La-cagliata-Consorzio-Vacche-Rosse-1.jpg","type":"image\/jpeg"}],"twitter_misc":{"Dur\u00e9e de lecture estim\u00e9e":"1 minute"},"schema":{"@context":"https:\/\/schema.org","@graph":[{"@type":"WebPage","@id":"https:\/\/staging.consorziovaccherosse.blacksolutions.net\/fr\/consortium\/les-producteurs-laitiers\/","url":"https:\/\/staging.consorziovaccherosse.blacksolutions.net\/fr\/consortium\/les-producteurs-laitiers\/","name":"Les producteurs laitiers - Consorzio Vacche Rosse","isPartOf":{"@id":"https:\/\/staging.consorziovaccherosse.blacksolutions.net\/fr\/#website"},"primaryImageOfPage":{"@id":"https:\/\/staging.consorziovaccherosse.blacksolutions.net\/fr\/consortium\/les-producteurs-laitiers\/#primaryimage"},"image":{"@id":"https:\/\/staging.consorziovaccherosse.blacksolutions.net\/fr\/consortium\/les-producteurs-laitiers\/#primaryimage"},"thumbnailUrl":"https:\/\/staging.consorziovaccherosse.blacksolutions.net\/wp-content\/uploads\/03-Come-si-fa-il-Parmigiano-Reggiano-Vacche-Rosse-La-cagliata-Consorzio-Vacche-Rosse-1.jpg","datePublished":"2022-08-24T14:04:12+00:00","dateModified":"2022-10-12T11:48:14+00:00","description":"Le Parmigiano Reggiano Vaches Rouges du Consortium Vaches Rouges est produit dans deux laiteries situ\u00e9es dans la province de Reggio Emilia. Achetez-le en ligne.","breadcrumb":{"@id":"https:\/\/staging.consorziovaccherosse.blacksolutions.net\/fr\/consortium\/les-producteurs-laitiers\/#breadcrumb"},"inLanguage":"fr-FR","potentialAction":[{"@type":"ReadAction","target":["https:\/\/staging.consorziovaccherosse.blacksolutions.net\/fr\/consortium\/les-producteurs-laitiers\/"]}]},{"@type":"ImageObject","inLanguage":"fr-FR","@id":"https:\/\/staging.consorziovaccherosse.blacksolutions.net\/fr\/consortium\/les-producteurs-laitiers\/#primaryimage","url":"https:\/\/staging.consorziovaccherosse.blacksolutions.net\/wp-content\/uploads\/03-Come-si-fa-il-Parmigiano-Reggiano-Vacche-Rosse-La-cagliata-Consorzio-Vacche-Rosse-1.jpg","contentUrl":"https:\/\/staging.consorziovaccherosse.blacksolutions.net\/wp-content\/uploads\/03-Come-si-fa-il-Parmigiano-Reggiano-Vacche-Rosse-La-cagliata-Consorzio-Vacche-Rosse-1.jpg","width":2000,"height":1500},{"@type":"BreadcrumbList","@id":"https:\/\/staging.consorziovaccherosse.blacksolutions.net\/fr\/consortium\/les-producteurs-laitiers\/#breadcrumb","itemListElement":[{"@type":"ListItem","position":1,"name":"Home","item":"https:\/\/staging.consorziovaccherosse.blacksolutions.net\/fr\/"},{"@type":"ListItem","position":2,"name":"Consortium","item":"https:\/\/staging.consorziovaccherosse.blacksolutions.net\/fr\/consortium\/"},{"@type":"ListItem","position":3,"name":"Les producteurs laitiers"}]},{"@type":"WebSite","@id":"https:\/\/staging.consorziovaccherosse.blacksolutions.net\/fr\/#website","url":"https:\/\/staging.consorziovaccherosse.blacksolutions.net\/fr\/","name":"Consorzio Vacche Rosse","description":"Parmigiano Reggiano Vacche Rosse di Razza Reggiana","publisher":{"@id":"https:\/\/staging.consorziovaccherosse.blacksolutions.net\/fr\/#organization"},"potentialAction":[{"@type":"SearchAction","target":{"@type":"EntryPoint","urlTemplate":"https:\/\/staging.consorziovaccherosse.blacksolutions.net\/fr\/?s={search_term_string}"},"query-input":{"@type":"PropertyValueSpecification","valueRequired":true,"valueName":"search_term_string"}}],"inLanguage":"fr-FR"},{"@type":"Organization","@id":"https:\/\/staging.consorziovaccherosse.blacksolutions.net\/fr\/#organization","name":"Consorzio Vacche Rosse","url":"https:\/\/staging.consorziovaccherosse.blacksolutions.net\/fr\/","logo":{"@type":"ImageObject","inLanguage":"fr-FR","@id":"https:\/\/staging.consorziovaccherosse.blacksolutions.net\/fr\/#\/schema\/logo\/image\/","url":"https:\/\/staging.consorziovaccherosse.blacksolutions.net\/wp-content\/uploads\/logo-consorzio-vacche-rosse-rgb.jpg","contentUrl":"https:\/\/staging.consorziovaccherosse.blacksolutions.net\/wp-content\/uploads\/logo-consorzio-vacche-rosse-rgb.jpg","width":1920,"height":1920,"caption":"Consorzio Vacche Rosse"},"image":{"@id":"https:\/\/staging.consorziovaccherosse.blacksolutions.net\/fr\/#\/schema\/logo\/image\/"},"sameAs":["https:\/\/www.facebook.com\/consorziovaccherosse","https:\/\/x.com\/consvaccherosse"]}]}},"_links":{"self":[{"href":"https:\/\/staging.consorziovaccherosse.blacksolutions.net\/fr\/wp-json\/wp\/v2\/pages\/153088","targetHints":{"allow":["GET"]}}],"collection":[{"href":"https:\/\/staging.consorziovaccherosse.blacksolutions.net\/fr\/wp-json\/wp\/v2\/pages"}],"about":[{"href":"https:\/\/staging.consorziovaccherosse.blacksolutions.net\/fr\/wp-json\/wp\/v2\/types\/page"}],"author":[{"embeddable":true,"href":"https:\/\/staging.consorziovaccherosse.blacksolutions.net\/fr\/wp-json\/wp\/v2\/users\/80549"}],"replies":[{"embeddable":true,"href":"https:\/\/staging.consorziovaccherosse.blacksolutions.net\/fr\/wp-json\/wp\/v2\/comments?post=153088"}],"version-history":[{"count":4,"href":"https:\/\/staging.consorziovaccherosse.blacksolutions.net\/fr\/wp-json\/wp\/v2\/pages\/153088\/revisions"}],"predecessor-version":[{"id":154850,"href":"https:\/\/staging.consorziovaccherosse.blacksolutions.net\/fr\/wp-json\/wp\/v2\/pages\/153088\/revisions\/154850"}],"up":[{"embeddable":true,"href":"https:\/\/staging.consorziovaccherosse.blacksolutions.net\/fr\/wp-json\/wp\/v2\/pages\/1637"}],"wp:featuredmedia":[{"embeddable":true,"href":"https:\/\/staging.consorziovaccherosse.blacksolutions.net\/fr\/wp-json\/wp\/v2\/media\/154972"}],"wp:attachment":[{"href":"https:\/\/staging.consorziovaccherosse.blacksolutions.net\/fr\/wp-json\/wp\/v2\/media?parent=153088"}],"curies":[{"name":"wp","href":"https:\/\/api.w.org\/{rel}","templated":true}]}}