{"id":1629,"date":"2013-04-15T11:56:05","date_gmt":"2013-04-15T09:56:05","guid":{"rendered":"https:\/\/staging.consorziovaccherosse.blacksolutions.net\/?page_id=1629"},"modified":"2022-10-11T17:58:53","modified_gmt":"2022-10-11T15:58:53","slug":"proprietes-nutritionnelles","status":"publish","type":"page","link":"https:\/\/staging.consorziovaccherosse.blacksolutions.net\/fr\/parmigiano-reggiano-vaches-rouges\/proprietes-nutritionnelles\/","title":{"rendered":"Propri\u00e9t\u00e9s nutritionnelles"},"content":{"rendered":"\n<div class=\"wp-block-group alignfull padding-top--none-from-tablet has-grey-light-background-color has-background\"><div class=\"wp-block-group__inner-container is-layout-flow wp-block-group-is-layout-flow\"><div id=\"bs-title-block_62c6af87032f6\" class=\"bs-block-title\">\n\t<div class=\"bs-block-title-wrapper\">\n        <div class=\"bs-block-title__inner\">\n                        <div class=\"bs-block-title__icon\">\n                <img decoding=\"async\" src=\"https:\/\/staging.consorziovaccherosse.blacksolutions.net\/wp-content\/uploads\/icon-vaccherosse.svg\" alt=\"\">\n            <\/div>\n                        <h2 class=\"bs-block-title__title\">\n                Une alimentation adapt\u00e9e \u00e0 tous : enfants, adultes, seniors et sportifs            <\/h2>\n\t\t\t            <p class=\"bs-block-title__subtitle\">\n\t\t\t\t                Parmigiano Reggiano delle Vacche Rosse est une grande charge de go\u00fbt, d&rsquo;\u00e9nergie et de principes nutritionnels                            <\/p>\n\t\t\t        <\/div>\n\t<\/div>\n<\/div>\n\n\n\n<div class=\"wp-block-columns is-layout-flex wp-container-core-columns-is-layout-9d6595d7 wp-block-columns-is-layout-flex\">\n<div class=\"wp-block-column is-layout-flow wp-block-column-is-layout-flow\">\n<p>Dans le Parmigiano-Reggiano des Vaches Rouges, toutes les propri\u00e9t\u00e9s du Parmigiano-Reggiano sont port\u00e9es \u00e0 leur apog\u00e9e gr\u00e2ce au long affinage.<\/p>\n\n\n\n<h2 class=\"wp-block-heading\">POUR LES ENFANTS<\/h2>\n\n\n\n<p>Le Parmigiano-Reggiano fournit une bonne part de graisses animales et une forte proportion d\u2019acides amin\u00e9s, dont beaucoup sont essentiels. Les prot\u00e9ines de Parmigiano Reggiano sont fragment\u00e9es, elles sont donc plus faciles \u00e0 dig\u00e9rer, m\u00eame par les nourrissons et les jeunes enfants. Le Parmigiano Reggiano est \u00e9galement connu pour sa tol\u00e9rance \u00e9lev\u00e9e, m\u00eame par des sujets allergiques&nbsp;; rappelons-nous, en effet, que le cahier des charges de production exclut la pr\u00e9sence de contaminants (antibiotiques, pesticides, etc.). Contrairement au lait, il n\u2019y a pas de lactose dans le Parmigiano Reggiano, ce qui ainsi le rend \u00e9galement indiqu\u00e9 aux intol\u00e9rants.<\/p>\n\n\n\n<h2 class=\"wp-block-heading\">POUR LES PERSONNES \u00c2G\u00c9ES ET LES ADOLESCENTS<\/h2>\n\n\n\n<p>Gr\u00e2ce \u00e0 la forte teneur en calcium du Parmigiano-Reggiano, il est indiqu\u00e9 pour les personnes \u00e2g\u00e9es atteintes d\u2019ost\u00e9oporose. Une calcification correcte de la matrice osseuse est \u00e9galement importante dans la p\u00e9riode de croissance, entre 12 et 18 ans&nbsp;: \u00e0 cet \u00e2ge, il est utile d\u2019ajouter \u00e0 son alimentation quelques flocons de Parmigiano-Reggiano, afin de pr\u00e9venir les probl\u00e8mes futurs.<\/p>\n\n\n\n<h2 class=\"wp-block-heading\">POUR LES SPORTIFS<\/h2>\n\n\n\n<p>Prot\u00e9ines, lipides, min\u00e9raux, vitamines et beaucoup d\u2019autres. Un aliment unique, hautement digestible. 100 grammes de Parmigiano Reggiano sont dig\u00e9r\u00e9s en seulement 45 minutes en moyenne, contre les 3-4 heures n\u00e9cessaires pour une quantit\u00e9 similaire de viande. Avec une portion de 50-60 grammes, on obtient environ 19 grammes de prot\u00e9ines, autant que dans 100 grammes de poisson ou de viande, avec une teneur significativement plus faible en cholest\u00e9rol. Et c\u2019est pourquoi dans le domaine de la comp\u00e9tition, lors des Championnats du Monde et des Jeux Olympiques, dans les stocks alimentaires des \u00e9quipes italiennes, de nombreuses meules de Parmigiano-Reggiano, trouvent toujours une place. Du joueur de football au boxer, du grimpeur au cycliste, du marathonien du cano\u00e9iste: que ce soit au niveau comp\u00e9tition ou amateur, tous les sp\u00e9cialistes du r\u00e9gime des athl\u00e8tes recommandent une bonne ration de Parmigiano Reggiano.<\/p>\n<\/div>\n\n\n\n<div class=\"wp-block-column is-layout-flow wp-block-column-is-layout-flow\">\n<figure class=\"wp-block-image size-full\"><img decoding=\"async\" src=\"https:\/\/staging.consorziovaccherosse.blacksolutions.net\/wp-content\/uploads\/Passatelli-alle-fave-e-guanciale-4-FILEminimizer.jpg\" alt=\"\" class=\"wp-image-151535\"\/><\/figure>\n<\/div>\n<\/div>\n\n\n\n<figure class=\"wp-block-gallery has-nested-images columns-3 is-cropped wp-block-gallery-1 is-layout-flex wp-block-gallery-is-layout-flex\">\n<figure class=\"wp-block-image size-quadrata\"><img decoding=\"async\" data-id=\"151502\" src=\"https:\/\/staging.consorziovaccherosse.blacksolutions.net\/wp-content\/uploads\/magazzino-IMG_6605-1-scaled.jpg\" alt=\"\" class=\"wp-image-151502\"\/><\/figure>\n\n\n\n<figure class=\"wp-block-image size-quadrata\"><img decoding=\"async\" data-id=\"151506\" src=\"https:\/\/staging.consorziovaccherosse.blacksolutions.net\/wp-content\/uploads\/\/bambini-1-800x800.jpg\" alt=\"\" class=\"wp-image-151506\"\/><\/figure>\n\n\n\n<figure class=\"wp-block-image size-large\"><img decoding=\"async\" data-id=\"151530\" src=\"https:\/\/staging.consorziovaccherosse.blacksolutions.net\/wp-content\/uploads\/DSC00160-1-scaled.jpg\" alt=\"\" class=\"wp-image-151530\"\/><\/figure>\n<\/figure>\n<\/div><\/div>\n\n\n\n<div class=\"wp-block-columns margin-top--3xl-from-tablet padding-top--xl-from-tablet is-layout-flex wp-container-core-columns-is-layout-9d6595d7 wp-block-columns-is-layout-flex\">\n<div class=\"wp-block-column is-layout-flow wp-block-column-is-layout-flow\">\n<figure class=\"wp-block-image size-large\"><img decoding=\"async\" src=\"https:\/\/staging.consorziovaccherosse.blacksolutions.net\/wp-content\/uploads\/polentaDSC01530-1-scaled.jpg\" alt=\"\" class=\"wp-image-151525\"\/><\/figure>\n\n\n\n<figure class=\"wp-block-image size-quadrata\"><img decoding=\"async\" src=\"https:\/\/staging.consorziovaccherosse.blacksolutions.net\/wp-content\/uploads\/punta-nuda-DSC01089-1-scaled.jpg\" alt=\"\" class=\"wp-image-151516\"\/><\/figure>\n<\/div>\n\n\n\n<div class=\"wp-block-column padding--l-to-tablet is-layout-flow wp-block-column-is-layout-flow\">\n<h2 class=\"wp-block-heading\">Ce que l&rsquo;on trouve dans cent grammes de Parmigiano Reggiano<\/h2>\n\n\n\n<figure class=\"wp-block-table\"><table><tbody><tr><td>Eau<\/td><td>g 30,8<\/td><\/tr><tr><td>Prot\u00e9ine<\/td><td>g 33,0<\/td><\/tr><tr><td>Graisse<\/td><td>g 28,4<\/td><\/tr><tr><td>Valeur \u00e9nerg\u00e9tique<\/td><td>Kcal 392<\/td><\/tr><tr><td>Chlorure de sodium<\/td><td>g 1,39<\/td><\/tr><tr><td>Calcium<\/td><td>mg 1160<\/td><\/tr><tr><td>Phosphore<\/td><td>mg 680<\/td><\/tr><tr><td>Sodium<\/td><td>mg 650<\/td><\/tr><tr><td>Potassium<\/td><td>mg 100<\/td><\/tr><tr><td>Magn\u00e9sium<\/td><td>mg 43<\/td><\/tr><tr><td>Zinc<\/td><td>mg 4<\/td><\/tr><tr><td>Vitamine A<\/td><td>mcg 270<\/td><\/tr><tr><td>Vitamine&nbsp;B1<\/td><td>mcg 34<\/td><\/tr><tr><td>Vitamine&nbsp;B2<\/td><td>mcg 370<\/td><\/tr><tr><td>Vitamine&nbsp;B6<\/td><td>mcg 110<\/td><\/tr><tr><td>Vitamine B12<\/td><td>mcg 4,2<\/td><\/tr><tr><td>Vitamine&nbsp;PP<\/td><td>mcg 55<\/td><\/tr><tr><td>Acide pantoth\u00e9nique<\/td><td>mcg 320<\/td><\/tr><tr><td>Choline<\/td><td>mg 40<\/td><\/tr><tr><td>Biotine<\/td><td>mcg 23<\/td><\/tr><\/tbody><\/table><\/figure>\n<\/div>\n<\/div>\n\n\n<div id=\"bs-sibling-pages-block_62c6e40f1bbfc\" class=\"bs-block-sibling-pages\">\n\t<div class=\"bs-block-sibling-pages-wrapper\">\n        <div class=\"bs-block-sibling-pages__inner\">\n                        <h2 class=\"bs-block-sibling-pages__title\">D\u00e9couvrez :<\/h2>\n\t\t\t            <ul class=\"bs-block-sibling-pages__list\">\n            <li class=\"bs-block-sibling-pages__item\">\n                <a class=\"bs-block-sibling-pages__link btn btn-secondary\" href=\"https:\/\/staging.consorziovaccherosse.blacksolutions.net\/fr\/parmigiano-reggiano-vaches-rouges\/caracteristiques\/\">Caract\u00e9ristiques<\/a>\n            <\/li><li class=\"bs-block-sibling-pages__item\">\n                <a class=\"bs-block-sibling-pages__link btn btn-secondary\" href=\"https:\/\/staging.consorziovaccherosse.blacksolutions.net\/fr\/parmigiano-reggiano-vaches-rouges\/comment-le-fabrique-t-on\/\">Comment le fabrique-t-on?<\/a>\n            <\/li>            <\/ul>\n        <\/div>\n\t<\/div>\n<\/div>\n","protected":false},"excerpt":{"rendered":"<p>Dans le Parmigiano-Reggiano des Vaches Rouges, toutes les propri\u00e9t\u00e9s du Parmigiano-Reggiano sont port\u00e9es \u00e0 leur apog\u00e9e gr\u00e2ce au long affinage. POUR LES ENFANTS Le Parmigiano-Reggiano fournit une bonne part de graisses animales et une forte proportion d\u2019acides amin\u00e9s, dont beaucoup sont essentiels. Les prot\u00e9ines de Parmigiano Reggiano sont fragment\u00e9es, elles sont donc plus faciles \u00e0 [&hellip;]<\/p>\n","protected":false},"author":80549,"featured_media":154176,"parent":1606,"menu_order":6,"comment_status":"open","ping_status":"closed","template":"","meta":{"_acf_changed":false,"inline_featured_image":false,"_genesis_hide_title":true,"_genesis_hide_breadcrumbs":false,"_genesis_hide_singular_image":false,"_genesis_hide_footer_widgets":false,"_genesis_custom_body_class":"","_genesis_custom_post_class":"","_genesis_layout":"","footnotes":"","_links_to":"","_links_to_target":""},"class_list":{"0":"post-1629","1":"page","2":"type-page","3":"status-publish","4":"has-post-thumbnail","6":"entry"},"acf":[],"yoast_head":"<!-- This site is optimized with the Yoast SEO Premium plugin v24.3 (Yoast SEO v27.2) - https:\/\/yoast.com\/product\/yoast-seo-premium-wordpress\/ -->\n<title>Valeurs nutritionnelles du Parmigiano Reggiano de Vache Rouge<\/title>\n<meta name=\"description\" content=\"Le Parmigiano Reggiano Vacche Rosse est un produit unique et tr\u00e8s digeste : il convient \u00e0 tout le monde ! D\u00e9couvrez ses propri\u00e9t\u00e9s nutritionnelles en d\u00e9tail.\" \/>\n<meta name=\"robots\" content=\"noindex, follow, max-snippet:-1, max-image-preview:large, max-video-preview:-1\" \/>\n<meta property=\"og:locale\" content=\"fr_FR\" \/>\n<meta property=\"og:type\" content=\"article\" \/>\n<meta property=\"og:title\" content=\"Propri\u00e9t\u00e9s nutritionnelles\" \/>\n<meta property=\"og:description\" content=\"Le Parmigiano Reggiano Vacche Rosse est un produit unique et tr\u00e8s digeste : il convient \u00e0 tout le monde ! D\u00e9couvrez ses propri\u00e9t\u00e9s nutritionnelles en d\u00e9tail.\" \/>\n<meta property=\"og:url\" content=\"https:\/\/staging.consorziovaccherosse.blacksolutions.net\/fr\/parmigiano-reggiano-vaches-rouges\/proprietes-nutritionnelles\/\" \/>\n<meta property=\"og:site_name\" content=\"Consorzio Vacche Rosse\" \/>\n<meta property=\"article:publisher\" content=\"https:\/\/www.facebook.com\/consorziovaccherosse\" \/>\n<meta property=\"article:modified_time\" content=\"2022-10-11T15:58:53+00:00\" \/>\n<meta property=\"og:image\" content=\"https:\/\/staging.consorziovaccherosse.blacksolutions.net\/wp-content\/uploads\/hero-proprieta-scaled-1.jpg\" \/>\n\t<meta property=\"og:image:width\" content=\"2560\" \/>\n\t<meta property=\"og:image:height\" content=\"1707\" \/>\n\t<meta property=\"og:image:type\" content=\"image\/jpeg\" \/>\n<meta name=\"twitter:label1\" content=\"Dur\u00e9e de lecture estim\u00e9e\" \/>\n\t<meta name=\"twitter:data1\" content=\"2 minutes\" \/>\n<script type=\"application\/ld+json\" class=\"yoast-schema-graph\">{\"@context\":\"https:\/\/schema.org\",\"@graph\":[{\"@type\":\"WebPage\",\"@id\":\"https:\/\/staging.consorziovaccherosse.blacksolutions.net\/fr\/parmigiano-reggiano-vaches-rouges\/proprietes-nutritionnelles\/\",\"url\":\"https:\/\/staging.consorziovaccherosse.blacksolutions.net\/fr\/parmigiano-reggiano-vaches-rouges\/proprietes-nutritionnelles\/\",\"name\":\"Valeurs nutritionnelles du Parmigiano Reggiano de Vache Rouge\",\"isPartOf\":{\"@id\":\"https:\/\/staging.consorziovaccherosse.blacksolutions.net\/fr\/#website\"},\"primaryImageOfPage\":{\"@id\":\"https:\/\/staging.consorziovaccherosse.blacksolutions.net\/fr\/parmigiano-reggiano-vaches-rouges\/proprietes-nutritionnelles\/#primaryimage\"},\"image\":{\"@id\":\"https:\/\/staging.consorziovaccherosse.blacksolutions.net\/fr\/parmigiano-reggiano-vaches-rouges\/proprietes-nutritionnelles\/#primaryimage\"},\"thumbnailUrl\":\"https:\/\/staging.consorziovaccherosse.blacksolutions.net\/wp-content\/uploads\/hero-proprieta-scaled-1.jpg\",\"datePublished\":\"2013-04-15T09:56:05+00:00\",\"dateModified\":\"2022-10-11T15:58:53+00:00\",\"description\":\"Le Parmigiano Reggiano Vacche Rosse est un produit unique et tr\u00e8s digeste : il convient \u00e0 tout le monde ! D\u00e9couvrez ses propri\u00e9t\u00e9s nutritionnelles en d\u00e9tail.\",\"breadcrumb\":{\"@id\":\"https:\/\/staging.consorziovaccherosse.blacksolutions.net\/fr\/parmigiano-reggiano-vaches-rouges\/proprietes-nutritionnelles\/#breadcrumb\"},\"inLanguage\":\"fr-FR\",\"potentialAction\":[{\"@type\":\"ReadAction\",\"target\":[\"https:\/\/staging.consorziovaccherosse.blacksolutions.net\/fr\/parmigiano-reggiano-vaches-rouges\/proprietes-nutritionnelles\/\"]}]},{\"@type\":\"ImageObject\",\"inLanguage\":\"fr-FR\",\"@id\":\"https:\/\/staging.consorziovaccherosse.blacksolutions.net\/fr\/parmigiano-reggiano-vaches-rouges\/proprietes-nutritionnelles\/#primaryimage\",\"url\":\"https:\/\/staging.consorziovaccherosse.blacksolutions.net\/wp-content\/uploads\/hero-proprieta-scaled-1.jpg\",\"contentUrl\":\"https:\/\/staging.consorziovaccherosse.blacksolutions.net\/wp-content\/uploads\/hero-proprieta-scaled-1.jpg\",\"width\":2560,\"height\":1707},{\"@type\":\"BreadcrumbList\",\"@id\":\"https:\/\/staging.consorziovaccherosse.blacksolutions.net\/fr\/parmigiano-reggiano-vaches-rouges\/proprietes-nutritionnelles\/#breadcrumb\",\"itemListElement\":[{\"@type\":\"ListItem\",\"position\":1,\"name\":\"Home\",\"item\":\"https:\/\/staging.consorziovaccherosse.blacksolutions.net\/fr\/\"},{\"@type\":\"ListItem\",\"position\":2,\"name\":\"Parmigiano Reggiano Vaches Rouges\",\"item\":\"https:\/\/staging.consorziovaccherosse.blacksolutions.net\/fr\/parmigiano-reggiano-vaches-rouges\/\"},{\"@type\":\"ListItem\",\"position\":3,\"name\":\"Propri\u00e9t\u00e9s nutritionnelles\"}]},{\"@type\":\"WebSite\",\"@id\":\"https:\/\/staging.consorziovaccherosse.blacksolutions.net\/fr\/#website\",\"url\":\"https:\/\/staging.consorziovaccherosse.blacksolutions.net\/fr\/\",\"name\":\"Consorzio Vacche Rosse\",\"description\":\"Parmigiano Reggiano Vacche Rosse di Razza Reggiana\",\"publisher\":{\"@id\":\"https:\/\/staging.consorziovaccherosse.blacksolutions.net\/fr\/#organization\"},\"potentialAction\":[{\"@type\":\"SearchAction\",\"target\":{\"@type\":\"EntryPoint\",\"urlTemplate\":\"https:\/\/staging.consorziovaccherosse.blacksolutions.net\/fr\/?s={search_term_string}\"},\"query-input\":{\"@type\":\"PropertyValueSpecification\",\"valueRequired\":true,\"valueName\":\"search_term_string\"}}],\"inLanguage\":\"fr-FR\"},{\"@type\":\"Organization\",\"@id\":\"https:\/\/staging.consorziovaccherosse.blacksolutions.net\/fr\/#organization\",\"name\":\"Consorzio Vacche Rosse\",\"url\":\"https:\/\/staging.consorziovaccherosse.blacksolutions.net\/fr\/\",\"logo\":{\"@type\":\"ImageObject\",\"inLanguage\":\"fr-FR\",\"@id\":\"https:\/\/staging.consorziovaccherosse.blacksolutions.net\/fr\/#\/schema\/logo\/image\/\",\"url\":\"https:\/\/staging.consorziovaccherosse.blacksolutions.net\/wp-content\/uploads\/logo-consorzio-vacche-rosse-rgb.jpg\",\"contentUrl\":\"https:\/\/staging.consorziovaccherosse.blacksolutions.net\/wp-content\/uploads\/logo-consorzio-vacche-rosse-rgb.jpg\",\"width\":1920,\"height\":1920,\"caption\":\"Consorzio Vacche Rosse\"},\"image\":{\"@id\":\"https:\/\/staging.consorziovaccherosse.blacksolutions.net\/fr\/#\/schema\/logo\/image\/\"},\"sameAs\":[\"https:\/\/www.facebook.com\/consorziovaccherosse\",\"https:\/\/x.com\/consvaccherosse\"]}]}<\/script>\n<!-- \/ Yoast SEO Premium plugin. -->","yoast_head_json":{"title":"Valeurs nutritionnelles du Parmigiano Reggiano de Vache Rouge","description":"Le Parmigiano Reggiano Vacche Rosse est un produit unique et tr\u00e8s digeste : il convient \u00e0 tout le monde ! D\u00e9couvrez ses propri\u00e9t\u00e9s nutritionnelles en d\u00e9tail.","robots":{"index":"noindex","follow":"follow","max-snippet":"max-snippet:-1","max-image-preview":"max-image-preview:large","max-video-preview":"max-video-preview:-1"},"og_locale":"fr_FR","og_type":"article","og_title":"Propri\u00e9t\u00e9s nutritionnelles","og_description":"Le Parmigiano Reggiano Vacche Rosse est un produit unique et tr\u00e8s digeste : il convient \u00e0 tout le monde ! D\u00e9couvrez ses propri\u00e9t\u00e9s nutritionnelles en d\u00e9tail.","og_url":"https:\/\/staging.consorziovaccherosse.blacksolutions.net\/fr\/parmigiano-reggiano-vaches-rouges\/proprietes-nutritionnelles\/","og_site_name":"Consorzio Vacche Rosse","article_publisher":"https:\/\/www.facebook.com\/consorziovaccherosse","article_modified_time":"2022-10-11T15:58:53+00:00","og_image":[{"width":2560,"height":1707,"url":"https:\/\/staging.consorziovaccherosse.blacksolutions.net\/wp-content\/uploads\/hero-proprieta-scaled-1.jpg","type":"image\/jpeg"}],"twitter_misc":{"Dur\u00e9e de lecture estim\u00e9e":"2 minutes"},"schema":{"@context":"https:\/\/schema.org","@graph":[{"@type":"WebPage","@id":"https:\/\/staging.consorziovaccherosse.blacksolutions.net\/fr\/parmigiano-reggiano-vaches-rouges\/proprietes-nutritionnelles\/","url":"https:\/\/staging.consorziovaccherosse.blacksolutions.net\/fr\/parmigiano-reggiano-vaches-rouges\/proprietes-nutritionnelles\/","name":"Valeurs nutritionnelles du Parmigiano Reggiano de Vache Rouge","isPartOf":{"@id":"https:\/\/staging.consorziovaccherosse.blacksolutions.net\/fr\/#website"},"primaryImageOfPage":{"@id":"https:\/\/staging.consorziovaccherosse.blacksolutions.net\/fr\/parmigiano-reggiano-vaches-rouges\/proprietes-nutritionnelles\/#primaryimage"},"image":{"@id":"https:\/\/staging.consorziovaccherosse.blacksolutions.net\/fr\/parmigiano-reggiano-vaches-rouges\/proprietes-nutritionnelles\/#primaryimage"},"thumbnailUrl":"https:\/\/staging.consorziovaccherosse.blacksolutions.net\/wp-content\/uploads\/hero-proprieta-scaled-1.jpg","datePublished":"2013-04-15T09:56:05+00:00","dateModified":"2022-10-11T15:58:53+00:00","description":"Le Parmigiano Reggiano Vacche Rosse est un produit unique et tr\u00e8s digeste : il convient \u00e0 tout le monde ! D\u00e9couvrez ses propri\u00e9t\u00e9s nutritionnelles en d\u00e9tail.","breadcrumb":{"@id":"https:\/\/staging.consorziovaccherosse.blacksolutions.net\/fr\/parmigiano-reggiano-vaches-rouges\/proprietes-nutritionnelles\/#breadcrumb"},"inLanguage":"fr-FR","potentialAction":[{"@type":"ReadAction","target":["https:\/\/staging.consorziovaccherosse.blacksolutions.net\/fr\/parmigiano-reggiano-vaches-rouges\/proprietes-nutritionnelles\/"]}]},{"@type":"ImageObject","inLanguage":"fr-FR","@id":"https:\/\/staging.consorziovaccherosse.blacksolutions.net\/fr\/parmigiano-reggiano-vaches-rouges\/proprietes-nutritionnelles\/#primaryimage","url":"https:\/\/staging.consorziovaccherosse.blacksolutions.net\/wp-content\/uploads\/hero-proprieta-scaled-1.jpg","contentUrl":"https:\/\/staging.consorziovaccherosse.blacksolutions.net\/wp-content\/uploads\/hero-proprieta-scaled-1.jpg","width":2560,"height":1707},{"@type":"BreadcrumbList","@id":"https:\/\/staging.consorziovaccherosse.blacksolutions.net\/fr\/parmigiano-reggiano-vaches-rouges\/proprietes-nutritionnelles\/#breadcrumb","itemListElement":[{"@type":"ListItem","position":1,"name":"Home","item":"https:\/\/staging.consorziovaccherosse.blacksolutions.net\/fr\/"},{"@type":"ListItem","position":2,"name":"Parmigiano Reggiano Vaches Rouges","item":"https:\/\/staging.consorziovaccherosse.blacksolutions.net\/fr\/parmigiano-reggiano-vaches-rouges\/"},{"@type":"ListItem","position":3,"name":"Propri\u00e9t\u00e9s nutritionnelles"}]},{"@type":"WebSite","@id":"https:\/\/staging.consorziovaccherosse.blacksolutions.net\/fr\/#website","url":"https:\/\/staging.consorziovaccherosse.blacksolutions.net\/fr\/","name":"Consorzio Vacche Rosse","description":"Parmigiano Reggiano Vacche Rosse di Razza Reggiana","publisher":{"@id":"https:\/\/staging.consorziovaccherosse.blacksolutions.net\/fr\/#organization"},"potentialAction":[{"@type":"SearchAction","target":{"@type":"EntryPoint","urlTemplate":"https:\/\/staging.consorziovaccherosse.blacksolutions.net\/fr\/?s={search_term_string}"},"query-input":{"@type":"PropertyValueSpecification","valueRequired":true,"valueName":"search_term_string"}}],"inLanguage":"fr-FR"},{"@type":"Organization","@id":"https:\/\/staging.consorziovaccherosse.blacksolutions.net\/fr\/#organization","name":"Consorzio Vacche Rosse","url":"https:\/\/staging.consorziovaccherosse.blacksolutions.net\/fr\/","logo":{"@type":"ImageObject","inLanguage":"fr-FR","@id":"https:\/\/staging.consorziovaccherosse.blacksolutions.net\/fr\/#\/schema\/logo\/image\/","url":"https:\/\/staging.consorziovaccherosse.blacksolutions.net\/wp-content\/uploads\/logo-consorzio-vacche-rosse-rgb.jpg","contentUrl":"https:\/\/staging.consorziovaccherosse.blacksolutions.net\/wp-content\/uploads\/logo-consorzio-vacche-rosse-rgb.jpg","width":1920,"height":1920,"caption":"Consorzio Vacche Rosse"},"image":{"@id":"https:\/\/staging.consorziovaccherosse.blacksolutions.net\/fr\/#\/schema\/logo\/image\/"},"sameAs":["https:\/\/www.facebook.com\/consorziovaccherosse","https:\/\/x.com\/consvaccherosse"]}]}},"_links":{"self":[{"href":"https:\/\/staging.consorziovaccherosse.blacksolutions.net\/fr\/wp-json\/wp\/v2\/pages\/1629","targetHints":{"allow":["GET"]}}],"collection":[{"href":"https:\/\/staging.consorziovaccherosse.blacksolutions.net\/fr\/wp-json\/wp\/v2\/pages"}],"about":[{"href":"https:\/\/staging.consorziovaccherosse.blacksolutions.net\/fr\/wp-json\/wp\/v2\/types\/page"}],"author":[{"embeddable":true,"href":"https:\/\/staging.consorziovaccherosse.blacksolutions.net\/fr\/wp-json\/wp\/v2\/users\/80549"}],"replies":[{"embeddable":true,"href":"https:\/\/staging.consorziovaccherosse.blacksolutions.net\/fr\/wp-json\/wp\/v2\/comments?post=1629"}],"version-history":[{"count":6,"href":"https:\/\/staging.consorziovaccherosse.blacksolutions.net\/fr\/wp-json\/wp\/v2\/pages\/1629\/revisions"}],"predecessor-version":[{"id":154324,"href":"https:\/\/staging.consorziovaccherosse.blacksolutions.net\/fr\/wp-json\/wp\/v2\/pages\/1629\/revisions\/154324"}],"up":[{"embeddable":true,"href":"https:\/\/staging.consorziovaccherosse.blacksolutions.net\/fr\/wp-json\/wp\/v2\/pages\/1606"}],"wp:featuredmedia":[{"embeddable":true,"href":"https:\/\/staging.consorziovaccherosse.blacksolutions.net\/fr\/wp-json\/wp\/v2\/media\/154176"}],"wp:attachment":[{"href":"https:\/\/staging.consorziovaccherosse.blacksolutions.net\/fr\/wp-json\/wp\/v2\/media?parent=1629"}],"curies":[{"name":"wp","href":"https:\/\/api.w.org\/{rel}","templated":true}]}}