{"id":1642,"date":"2013-04-15T11:10:41","date_gmt":"2013-04-15T09:10:41","guid":{"rendered":"https:\/\/staging.consorziovaccherosse.blacksolutions.net\/?page_id=1642"},"modified":"2022-10-11T17:58:57","modified_gmt":"2022-10-11T15:58:57","slug":"histoire-du-consortium","status":"publish","type":"page","link":"https:\/\/staging.consorziovaccherosse.blacksolutions.net\/fr\/consortium\/histoire-du-consortium\/","title":{"rendered":"Histoire du Consortium"},"content":{"rendered":"\n<div class=\"wp-block-group alignfull padding-top--none-from-tablet has-grey-light-background-color has-background\"><div class=\"wp-block-group__inner-container is-layout-flow wp-block-group-is-layout-flow\"><div id=\"bs-title-block_62c6af87032f6\" class=\"bs-block-title\">\n\t<div class=\"bs-block-title-wrapper\">\n        <div class=\"bs-block-title__inner\">\n                        <div class=\"bs-block-title__icon\">\n                <img decoding=\"async\" src=\"https:\/\/staging.consorziovaccherosse.blacksolutions.net\/wp-content\/uploads\/icon-vaccherosse.svg\" alt=\"\">\n            <\/div>\n                        <h2 class=\"bs-block-title__title\">\n                Au d\u00e9but des ann\u00e9es nonante&#8230;            <\/h2>\n\t\t\t            <p class=\"bs-block-title__subtitle\">\n\t\t\t\t                L&rsquo;id\u00e9e d&rsquo;un petit groupe d&rsquo;\u00e9leveurs                            <\/p>\n\t\t\t        <\/div>\n\t<\/div>\n<\/div>\n\n\n\n<div class=\"wp-block-columns is-layout-flex wp-container-core-columns-is-layout-9d6595d7 wp-block-columns-is-layout-flex\">\n<div class=\"wp-block-column is-layout-flow wp-block-column-is-layout-flow\">\n<p>Comment le Consortium Vaches Rouges a-t-il vu le jour&nbsp;? Au d\u00e9but des ann\u00e9es 90, un groupe d\u2019agriculteurs a s\u00e9rieusement envisag\u00e9 la possibilit\u00e9 de revenir au Parmigiano Reggiano \u00e9labor\u00e9 \u00e0 partir du lait de l\u2019ancienne race Reggiana. Tout comme on le faisait avant.<\/p>\n\n\n\n<p>L\u2019id\u00e9e, n\u00e9e de la rencontre entre agriculteurs, personnalit\u00e9s du monde agricole et scientifiques au niveau local et national, est devenue concr\u00e8te en 1991, avec la mise au point d\u2019un programme de valorisation mis en \u0153uvre en collaboration avec le Centre de recherches en production animale de Reggio d\u2019\u00c9milie (Reggio Emilia) et financ\u00e9 par le minist\u00e8re de l\u2019Agriculture. Concentr\u00e9 en une laiterie unique, le lait de diff\u00e9rents \u00e9leveurs de vaches de race Reggiana et travaillant s\u00e9par\u00e9ment de celle des autres races pr\u00e9sentes, on a r\u00e9ussi \u00e0 surmonter l\u2019un des probl\u00e8mes majeurs de l\u2019histoire r\u00e9cente des Vaches Rouges, repr\u00e9sent\u00e9, justement, par la r\u00e9partition des rares \u00e9levages sur le territoire et du petit nombre d\u2019animaux restants, qui ne permettaient pas de travailler avec du lait de rouge pur.<\/p>\n<\/div>\n\n\n\n<div class=\"wp-block-column is-layout-flow wp-block-column-is-layout-flow\">\n<figure class=\"wp-block-image size-large\"><img decoding=\"async\" src=\"https:\/\/staging.consorziovaccherosse.blacksolutions.net\/wp-content\/uploads\/storia-vacca-rossa-IMG_6677-1-scaled.jpg\" alt=\"\" class=\"wp-image-151704\"\/><\/figure>\n<\/div>\n<\/div>\n\n\n\n<figure class=\"wp-block-gallery has-nested-images columns-3 is-cropped wp-block-gallery-1 is-layout-flex wp-block-gallery-is-layout-flex\">\n<figure class=\"wp-block-image size-large\"><img decoding=\"async\" data-id=\"151709\" src=\"https:\/\/staging.consorziovaccherosse.blacksolutions.net\/wp-content\/uploads\/storia-esterno-punto-vendita-1-1024x1024.jpg\" alt=\"\" class=\"wp-image-151709\"\/><\/figure>\n\n\n\n<figure class=\"wp-block-image size-full\"><img decoding=\"async\" data-id=\"151717\" src=\"https:\/\/staging.consorziovaccherosse.blacksolutions.net\/wp-content\/uploads\/vacca-rossa.jpg\" alt=\"\" class=\"wp-image-151717\"\/><\/figure>\n\n\n\n<figure class=\"wp-block-image size-large\"><img decoding=\"async\" data-id=\"151713\" src=\"https:\/\/staging.consorziovaccherosse.blacksolutions.net\/wp-content\/uploads\/storia-stalla-visite-guidate-1-1024x1024.jpg\" alt=\"\" class=\"wp-image-151713\"\/><\/figure>\n<\/figure>\n<\/div><\/div>\n\n\n<div id=\"bs-featured-card-block_62c6b46c032f7\" class=\"bs-block-featured-card margin-top--3xl-from-tablet has-grey-light-background-color alignfull\">\n\t<div class=\"bs-block-featured-card-wrapper\">\n        <div class=\"bs-block-featured-card__inner\">\n\n            <div class=\"bs-block-featured-card__content-wrapper\">\n                <h2 class=\"bs-block-featured-card__title \">\n                    Le Consortium et la valorisation de la race Reggiana                <\/h2>\n                                <p class=\"bs-block-featured-card__description \">\n                    Pour la gestion de ce programme et afin d\u2019organiser efficacement l\u2019activit\u00e9 de valorisation, toujours en 1991, ce premier groupe d\u2019\u00e9leveurs a d\u00e9cid\u00e9 de donner vie au Consortium de valorisation des produits de l\u2019ancienne race Reggiana, le CVPARR en abr\u00e9g\u00e9. Ce programme de valorisation avait une dur\u00e9e de deux ans, mais son succ\u00e8s a \u00e9t\u00e9 tel que les deux fabrications s\u00e9par\u00e9es ont ensuite continu\u00e9 de fa\u00e7on autonome pendant les ann\u00e9es suivant, d\u00e9coulant en propre du CVPARR, aujourd\u2019hui connu sous le nouveau nom de \u00abConsortium Vaches Rouges\u00bb.                <\/p>\n                                            <\/div>\n\n            <div class=\"bs-block-featured-card__image-wrapper\">\n\t\t\t                <div class=\"bs-block-featured-card__image\">\n                    <img decoding=\"async\" src=\"https:\/\/staging.consorziovaccherosse.blacksolutions.net\/wp-content\/uploads\/logo-consorzio-vacche-rosse-rgb-2000x2000-1.jpg\" alt=\"\">\n                <\/div>\n\t\t\t            <\/div>\n\n        <\/div>\n\t<\/div>\n<\/div>\n\n\n\n<div class=\"wp-block-columns margin-top--3xl-from-tablet padding-top--xl-from-tablet is-layout-flex wp-container-core-columns-is-layout-9d6595d7 wp-block-columns-is-layout-flex\">\n<div class=\"wp-block-column is-layout-flow wp-block-column-is-layout-flow\">\n<figure class=\"wp-block-image size-quadrata\"><img decoding=\"async\" src=\"https:\/\/staging.consorziovaccherosse.blacksolutions.net\/wp-content\/uploads\/\/Le-caratteristiche-del-Parmigiano-Reggiano-Vacche-Rosse-05-800x800.jpg\" alt=\"\" class=\"wp-image-151047\"\/><\/figure>\n<\/div>\n\n\n\n<div class=\"wp-block-column padding--l-to-tablet is-layout-flow wp-block-column-is-layout-flow\">\n<h2 class=\"wp-block-heading\">Une histoire destin\u00e9e \u00e0 durer dans le temps<\/h2>\n\n\n\n<p>La conclusion logique du programme de valorisation \u00e9tait, par cons\u00e9quent, la marque au feu sur les deux faces (plateaux) des meules avec le logo de l\u2019Association nationale des \u00e9leveurs de bovins de race Reggiana.<\/p>\n\n\n\n<p>Aujourd\u2019hui, gr\u00e2ce aux Consortium Vaches Rouges, les membres du consortium continuent la transition vers la puret\u00e9 du Parmigiano Reggiano avec le lait de leurs vaches pour une production de fromage d\u2019excellence vendu directement \u00e0 la ferme et dans les meilleurs magasins d\u2019alimentation.<\/p>\n\n\n\n<p>Le Consortium Vaches Rouges soutient \u00e9galement la cr\u00e9ation d\u2019autres points de production et de vente dans les zones, plaine et montagne, o\u00f9 la race est pr\u00e9sente.<\/p>\n<\/div>\n<\/div>\n\n\n<div id=\"bs-sibling-pages-block_62c6e40f1bbfc\" class=\"bs-block-sibling-pages\">\n\t<div class=\"bs-block-sibling-pages-wrapper\">\n        <div class=\"bs-block-sibling-pages__inner\">\n                        <h2 class=\"bs-block-sibling-pages__title\">D\u00e9couvrez :<\/h2>\n\t\t\t            <ul class=\"bs-block-sibling-pages__list\">\n            <li class=\"bs-block-sibling-pages__item\">\n                <a class=\"bs-block-sibling-pages__link btn btn-secondary\" href=\"https:\/\/staging.consorziovaccherosse.blacksolutions.net\/fr\/consortium\/un-succes-dans-le-monde\/\">Un succ\u00e8s dans le monde<\/a>\n            <\/li><li class=\"bs-block-sibling-pages__item\">\n                <a class=\"bs-block-sibling-pages__link btn btn-secondary\" href=\"https:\/\/staging.consorziovaccherosse.blacksolutions.net\/fr\/consortium\/les-producteurs-laitiers\/\">Les producteurs laitiers<\/a>\n            <\/li><li class=\"bs-block-sibling-pages__item\">\n                <a class=\"bs-block-sibling-pages__link btn btn-secondary\" href=\"https:\/\/staging.consorziovaccherosse.blacksolutions.net\/fr\/consortium\/les-fermes-associees\/\">Les fermes associ\u00e9es<\/a>\n            <\/li>            <\/ul>\n        <\/div>\n\t<\/div>\n<\/div>\n","protected":false},"excerpt":{"rendered":"<p>Comment le Consortium Vaches Rouges a-t-il vu le jour&nbsp;? Au d\u00e9but des ann\u00e9es 90, un groupe d\u2019agriculteurs a s\u00e9rieusement envisag\u00e9 la possibilit\u00e9 de revenir au Parmigiano Reggiano \u00e9labor\u00e9 \u00e0 partir du lait de l\u2019ancienne race Reggiana. Tout comme on le faisait avant. L\u2019id\u00e9e, n\u00e9e de la rencontre entre agriculteurs, personnalit\u00e9s du monde agricole et scientifiques [&hellip;]<\/p>\n","protected":false},"author":80549,"featured_media":154154,"parent":1637,"menu_order":6,"comment_status":"open","ping_status":"closed","template":"","meta":{"_acf_changed":false,"inline_featured_image":false,"_genesis_hide_title":true,"_genesis_hide_breadcrumbs":false,"_genesis_hide_singular_image":false,"_genesis_hide_footer_widgets":false,"_genesis_custom_body_class":"","_genesis_custom_post_class":"","_genesis_layout":"","footnotes":"","_links_to":"","_links_to_target":""},"class_list":{"0":"post-1642","1":"page","2":"type-page","3":"status-publish","4":"has-post-thumbnail","6":"entry"},"acf":[],"yoast_head":"<!-- This site is optimized with the Yoast SEO Premium plugin v24.3 (Yoast SEO v27.2) - https:\/\/yoast.com\/product\/yoast-seo-premium-wordpress\/ -->\n<title>Histoire du Consortium des Vaches Rouges - Reggio Emilia - Italie<\/title>\n<meta name=\"description\" content=\"Le Consortium des vaches rouges est n\u00e9 dans les ann\u00e9es 90, lorsque certains agriculteurs ont d\u00e9cid\u00e9 de revenir \u00e0 la fabrication du Parmigiano Reggiano avec le lait de l&#039;ancienne race Reggiana.\" \/>\n<meta name=\"robots\" content=\"noindex, follow, max-snippet:-1, max-image-preview:large, max-video-preview:-1\" \/>\n<meta property=\"og:locale\" content=\"fr_FR\" \/>\n<meta property=\"og:type\" content=\"article\" \/>\n<meta property=\"og:title\" content=\"Histoire du Consortium\" \/>\n<meta property=\"og:description\" content=\"Le Consortium des vaches rouges est n\u00e9 dans les ann\u00e9es 90, lorsque certains agriculteurs ont d\u00e9cid\u00e9 de revenir \u00e0 la fabrication du Parmigiano Reggiano avec le lait de l&#039;ancienne race Reggiana.\" \/>\n<meta property=\"og:url\" content=\"https:\/\/staging.consorziovaccherosse.blacksolutions.net\/fr\/consortium\/histoire-du-consortium\/\" \/>\n<meta property=\"og:site_name\" content=\"Consorzio Vacche Rosse\" \/>\n<meta property=\"article:publisher\" content=\"https:\/\/www.facebook.com\/consorziovaccherosse\" \/>\n<meta property=\"article:modified_time\" content=\"2022-10-11T15:58:57+00:00\" \/>\n<meta property=\"og:image\" content=\"https:\/\/staging.consorziovaccherosse.blacksolutions.net\/wp-content\/uploads\/storia-negozio-2018-07-17.jpg\" \/>\n\t<meta property=\"og:image:width\" content=\"2000\" \/>\n\t<meta property=\"og:image:height\" content=\"1500\" \/>\n\t<meta property=\"og:image:type\" content=\"image\/jpeg\" \/>\n<meta name=\"twitter:label1\" content=\"Dur\u00e9e de lecture estim\u00e9e\" \/>\n\t<meta name=\"twitter:data1\" content=\"2 minutes\" \/>\n<script type=\"application\/ld+json\" class=\"yoast-schema-graph\">{\"@context\":\"https:\/\/schema.org\",\"@graph\":[{\"@type\":\"WebPage\",\"@id\":\"https:\/\/staging.consorziovaccherosse.blacksolutions.net\/fr\/consortium\/histoire-du-consortium\/\",\"url\":\"https:\/\/staging.consorziovaccherosse.blacksolutions.net\/fr\/consortium\/histoire-du-consortium\/\",\"name\":\"Histoire du Consortium des Vaches Rouges - Reggio Emilia - Italie\",\"isPartOf\":{\"@id\":\"https:\/\/staging.consorziovaccherosse.blacksolutions.net\/fr\/#website\"},\"primaryImageOfPage\":{\"@id\":\"https:\/\/staging.consorziovaccherosse.blacksolutions.net\/fr\/consortium\/histoire-du-consortium\/#primaryimage\"},\"image\":{\"@id\":\"https:\/\/staging.consorziovaccherosse.blacksolutions.net\/fr\/consortium\/histoire-du-consortium\/#primaryimage\"},\"thumbnailUrl\":\"https:\/\/staging.consorziovaccherosse.blacksolutions.net\/wp-content\/uploads\/storia-negozio-2018-07-17.jpg\",\"datePublished\":\"2013-04-15T09:10:41+00:00\",\"dateModified\":\"2022-10-11T15:58:57+00:00\",\"description\":\"Le Consortium des vaches rouges est n\u00e9 dans les ann\u00e9es 90, lorsque certains agriculteurs ont d\u00e9cid\u00e9 de revenir \u00e0 la fabrication du Parmigiano Reggiano avec le lait de l'ancienne race Reggiana.\",\"breadcrumb\":{\"@id\":\"https:\/\/staging.consorziovaccherosse.blacksolutions.net\/fr\/consortium\/histoire-du-consortium\/#breadcrumb\"},\"inLanguage\":\"fr-FR\",\"potentialAction\":[{\"@type\":\"ReadAction\",\"target\":[\"https:\/\/staging.consorziovaccherosse.blacksolutions.net\/fr\/consortium\/histoire-du-consortium\/\"]}]},{\"@type\":\"ImageObject\",\"inLanguage\":\"fr-FR\",\"@id\":\"https:\/\/staging.consorziovaccherosse.blacksolutions.net\/fr\/consortium\/histoire-du-consortium\/#primaryimage\",\"url\":\"https:\/\/staging.consorziovaccherosse.blacksolutions.net\/wp-content\/uploads\/storia-negozio-2018-07-17.jpg\",\"contentUrl\":\"https:\/\/staging.consorziovaccherosse.blacksolutions.net\/wp-content\/uploads\/storia-negozio-2018-07-17.jpg\",\"width\":2000,\"height\":1500},{\"@type\":\"BreadcrumbList\",\"@id\":\"https:\/\/staging.consorziovaccherosse.blacksolutions.net\/fr\/consortium\/histoire-du-consortium\/#breadcrumb\",\"itemListElement\":[{\"@type\":\"ListItem\",\"position\":1,\"name\":\"Home\",\"item\":\"https:\/\/staging.consorziovaccherosse.blacksolutions.net\/fr\/\"},{\"@type\":\"ListItem\",\"position\":2,\"name\":\"Consortium\",\"item\":\"https:\/\/staging.consorziovaccherosse.blacksolutions.net\/fr\/consortium\/\"},{\"@type\":\"ListItem\",\"position\":3,\"name\":\"Histoire du Consortium\"}]},{\"@type\":\"WebSite\",\"@id\":\"https:\/\/staging.consorziovaccherosse.blacksolutions.net\/fr\/#website\",\"url\":\"https:\/\/staging.consorziovaccherosse.blacksolutions.net\/fr\/\",\"name\":\"Consorzio Vacche Rosse\",\"description\":\"Parmigiano Reggiano Vacche Rosse di Razza Reggiana\",\"publisher\":{\"@id\":\"https:\/\/staging.consorziovaccherosse.blacksolutions.net\/fr\/#organization\"},\"potentialAction\":[{\"@type\":\"SearchAction\",\"target\":{\"@type\":\"EntryPoint\",\"urlTemplate\":\"https:\/\/staging.consorziovaccherosse.blacksolutions.net\/fr\/?s={search_term_string}\"},\"query-input\":{\"@type\":\"PropertyValueSpecification\",\"valueRequired\":true,\"valueName\":\"search_term_string\"}}],\"inLanguage\":\"fr-FR\"},{\"@type\":\"Organization\",\"@id\":\"https:\/\/staging.consorziovaccherosse.blacksolutions.net\/fr\/#organization\",\"name\":\"Consorzio Vacche Rosse\",\"url\":\"https:\/\/staging.consorziovaccherosse.blacksolutions.net\/fr\/\",\"logo\":{\"@type\":\"ImageObject\",\"inLanguage\":\"fr-FR\",\"@id\":\"https:\/\/staging.consorziovaccherosse.blacksolutions.net\/fr\/#\/schema\/logo\/image\/\",\"url\":\"https:\/\/staging.consorziovaccherosse.blacksolutions.net\/wp-content\/uploads\/logo-consorzio-vacche-rosse-rgb.jpg\",\"contentUrl\":\"https:\/\/staging.consorziovaccherosse.blacksolutions.net\/wp-content\/uploads\/logo-consorzio-vacche-rosse-rgb.jpg\",\"width\":1920,\"height\":1920,\"caption\":\"Consorzio Vacche Rosse\"},\"image\":{\"@id\":\"https:\/\/staging.consorziovaccherosse.blacksolutions.net\/fr\/#\/schema\/logo\/image\/\"},\"sameAs\":[\"https:\/\/www.facebook.com\/consorziovaccherosse\",\"https:\/\/x.com\/consvaccherosse\"]}]}<\/script>\n<!-- \/ Yoast SEO Premium plugin. -->","yoast_head_json":{"title":"Histoire du Consortium des Vaches Rouges - Reggio Emilia - Italie","description":"Le Consortium des vaches rouges est n\u00e9 dans les ann\u00e9es 90, lorsque certains agriculteurs ont d\u00e9cid\u00e9 de revenir \u00e0 la fabrication du Parmigiano Reggiano avec le lait de l'ancienne race Reggiana.","robots":{"index":"noindex","follow":"follow","max-snippet":"max-snippet:-1","max-image-preview":"max-image-preview:large","max-video-preview":"max-video-preview:-1"},"og_locale":"fr_FR","og_type":"article","og_title":"Histoire du Consortium","og_description":"Le Consortium des vaches rouges est n\u00e9 dans les ann\u00e9es 90, lorsque certains agriculteurs ont d\u00e9cid\u00e9 de revenir \u00e0 la fabrication du Parmigiano Reggiano avec le lait de l'ancienne race Reggiana.","og_url":"https:\/\/staging.consorziovaccherosse.blacksolutions.net\/fr\/consortium\/histoire-du-consortium\/","og_site_name":"Consorzio Vacche Rosse","article_publisher":"https:\/\/www.facebook.com\/consorziovaccherosse","article_modified_time":"2022-10-11T15:58:57+00:00","og_image":[{"width":2000,"height":1500,"url":"https:\/\/staging.consorziovaccherosse.blacksolutions.net\/wp-content\/uploads\/storia-negozio-2018-07-17.jpg","type":"image\/jpeg"}],"twitter_misc":{"Dur\u00e9e de lecture estim\u00e9e":"2 minutes"},"schema":{"@context":"https:\/\/schema.org","@graph":[{"@type":"WebPage","@id":"https:\/\/staging.consorziovaccherosse.blacksolutions.net\/fr\/consortium\/histoire-du-consortium\/","url":"https:\/\/staging.consorziovaccherosse.blacksolutions.net\/fr\/consortium\/histoire-du-consortium\/","name":"Histoire du Consortium des Vaches Rouges - Reggio Emilia - Italie","isPartOf":{"@id":"https:\/\/staging.consorziovaccherosse.blacksolutions.net\/fr\/#website"},"primaryImageOfPage":{"@id":"https:\/\/staging.consorziovaccherosse.blacksolutions.net\/fr\/consortium\/histoire-du-consortium\/#primaryimage"},"image":{"@id":"https:\/\/staging.consorziovaccherosse.blacksolutions.net\/fr\/consortium\/histoire-du-consortium\/#primaryimage"},"thumbnailUrl":"https:\/\/staging.consorziovaccherosse.blacksolutions.net\/wp-content\/uploads\/storia-negozio-2018-07-17.jpg","datePublished":"2013-04-15T09:10:41+00:00","dateModified":"2022-10-11T15:58:57+00:00","description":"Le Consortium des vaches rouges est n\u00e9 dans les ann\u00e9es 90, lorsque certains agriculteurs ont d\u00e9cid\u00e9 de revenir \u00e0 la fabrication du Parmigiano Reggiano avec le lait de l'ancienne race Reggiana.","breadcrumb":{"@id":"https:\/\/staging.consorziovaccherosse.blacksolutions.net\/fr\/consortium\/histoire-du-consortium\/#breadcrumb"},"inLanguage":"fr-FR","potentialAction":[{"@type":"ReadAction","target":["https:\/\/staging.consorziovaccherosse.blacksolutions.net\/fr\/consortium\/histoire-du-consortium\/"]}]},{"@type":"ImageObject","inLanguage":"fr-FR","@id":"https:\/\/staging.consorziovaccherosse.blacksolutions.net\/fr\/consortium\/histoire-du-consortium\/#primaryimage","url":"https:\/\/staging.consorziovaccherosse.blacksolutions.net\/wp-content\/uploads\/storia-negozio-2018-07-17.jpg","contentUrl":"https:\/\/staging.consorziovaccherosse.blacksolutions.net\/wp-content\/uploads\/storia-negozio-2018-07-17.jpg","width":2000,"height":1500},{"@type":"BreadcrumbList","@id":"https:\/\/staging.consorziovaccherosse.blacksolutions.net\/fr\/consortium\/histoire-du-consortium\/#breadcrumb","itemListElement":[{"@type":"ListItem","position":1,"name":"Home","item":"https:\/\/staging.consorziovaccherosse.blacksolutions.net\/fr\/"},{"@type":"ListItem","position":2,"name":"Consortium","item":"https:\/\/staging.consorziovaccherosse.blacksolutions.net\/fr\/consortium\/"},{"@type":"ListItem","position":3,"name":"Histoire du Consortium"}]},{"@type":"WebSite","@id":"https:\/\/staging.consorziovaccherosse.blacksolutions.net\/fr\/#website","url":"https:\/\/staging.consorziovaccherosse.blacksolutions.net\/fr\/","name":"Consorzio Vacche Rosse","description":"Parmigiano Reggiano Vacche Rosse di Razza Reggiana","publisher":{"@id":"https:\/\/staging.consorziovaccherosse.blacksolutions.net\/fr\/#organization"},"potentialAction":[{"@type":"SearchAction","target":{"@type":"EntryPoint","urlTemplate":"https:\/\/staging.consorziovaccherosse.blacksolutions.net\/fr\/?s={search_term_string}"},"query-input":{"@type":"PropertyValueSpecification","valueRequired":true,"valueName":"search_term_string"}}],"inLanguage":"fr-FR"},{"@type":"Organization","@id":"https:\/\/staging.consorziovaccherosse.blacksolutions.net\/fr\/#organization","name":"Consorzio Vacche Rosse","url":"https:\/\/staging.consorziovaccherosse.blacksolutions.net\/fr\/","logo":{"@type":"ImageObject","inLanguage":"fr-FR","@id":"https:\/\/staging.consorziovaccherosse.blacksolutions.net\/fr\/#\/schema\/logo\/image\/","url":"https:\/\/staging.consorziovaccherosse.blacksolutions.net\/wp-content\/uploads\/logo-consorzio-vacche-rosse-rgb.jpg","contentUrl":"https:\/\/staging.consorziovaccherosse.blacksolutions.net\/wp-content\/uploads\/logo-consorzio-vacche-rosse-rgb.jpg","width":1920,"height":1920,"caption":"Consorzio Vacche Rosse"},"image":{"@id":"https:\/\/staging.consorziovaccherosse.blacksolutions.net\/fr\/#\/schema\/logo\/image\/"},"sameAs":["https:\/\/www.facebook.com\/consorziovaccherosse","https:\/\/x.com\/consvaccherosse"]}]}},"_links":{"self":[{"href":"https:\/\/staging.consorziovaccherosse.blacksolutions.net\/fr\/wp-json\/wp\/v2\/pages\/1642","targetHints":{"allow":["GET"]}}],"collection":[{"href":"https:\/\/staging.consorziovaccherosse.blacksolutions.net\/fr\/wp-json\/wp\/v2\/pages"}],"about":[{"href":"https:\/\/staging.consorziovaccherosse.blacksolutions.net\/fr\/wp-json\/wp\/v2\/types\/page"}],"author":[{"embeddable":true,"href":"https:\/\/staging.consorziovaccherosse.blacksolutions.net\/fr\/wp-json\/wp\/v2\/users\/80549"}],"replies":[{"embeddable":true,"href":"https:\/\/staging.consorziovaccherosse.blacksolutions.net\/fr\/wp-json\/wp\/v2\/comments?post=1642"}],"version-history":[{"count":8,"href":"https:\/\/staging.consorziovaccherosse.blacksolutions.net\/fr\/wp-json\/wp\/v2\/pages\/1642\/revisions"}],"predecessor-version":[{"id":154330,"href":"https:\/\/staging.consorziovaccherosse.blacksolutions.net\/fr\/wp-json\/wp\/v2\/pages\/1642\/revisions\/154330"}],"up":[{"embeddable":true,"href":"https:\/\/staging.consorziovaccherosse.blacksolutions.net\/fr\/wp-json\/wp\/v2\/pages\/1637"}],"wp:featuredmedia":[{"embeddable":true,"href":"https:\/\/staging.consorziovaccherosse.blacksolutions.net\/fr\/wp-json\/wp\/v2\/media\/154154"}],"wp:attachment":[{"href":"https:\/\/staging.consorziovaccherosse.blacksolutions.net\/fr\/wp-json\/wp\/v2\/media?parent=1642"}],"curies":[{"name":"wp","href":"https:\/\/api.w.org\/{rel}","templated":true}]}}