{"id":1647,"date":"2015-05-13T08:26:52","date_gmt":"2015-05-13T06:26:52","guid":{"rendered":"https:\/\/staging.consorziovaccherosse.blacksolutions.net\/?page_id=1647"},"modified":"2024-02-11T12:27:13","modified_gmt":"2024-02-11T11:27:13","slug":"les-fermes-associees","status":"publish","type":"page","link":"https:\/\/staging.consorziovaccherosse.blacksolutions.net\/fr\/consortium\/les-fermes-associees\/","title":{"rendered":"Les fermes associ\u00e9es"},"content":{"rendered":"\n<div class=\"wp-block-group alignfull padding-top--none-from-tablet has-grey-light-background-color has-background\"><div class=\"wp-block-group__inner-container is-layout-flow wp-block-group-is-layout-flow\"><div id=\"bs-title-block_f524e421e21f780f2cd8e1c1401b05e0\" class=\"bs-block-title\">\n\t<div class=\"bs-block-title-wrapper\">\n        <div class=\"bs-block-title__inner\">\n                        <div class=\"bs-block-title__icon\">\n                <img decoding=\"async\" src=\"https:\/\/staging.consorziovaccherosse.blacksolutions.net\/wp-content\/uploads\/icon-vaccherosse.svg\" alt=\"\">\n            <\/div>\n                        <h2 class=\"bs-block-title__title\">\n                Dans le respect total du bien-\u00eatre animal            <\/h2>\n\t\t\t            <p class=\"bs-block-title__subtitle\">\n\t\t\t\t                En suivant les rythmes biologiques et le cycle des saisons                            <\/p>\n\t\t\t        <\/div>\n\t<\/div>\n<\/div>\n\n\n\n<div class=\"wp-block-columns is-layout-flex wp-container-core-columns-is-layout-9d6595d7 wp-block-columns-is-layout-flex\">\n<div class=\"wp-block-column is-layout-flow wp-block-column-is-layout-flow\">\n<p>Ils les voient na\u00eetre, grandir et appellent chacune d\u2019elles par son nom. Nos adh\u00e9rents \u00e9leveurs connaissent donc parfaitement les habitudes et les temp\u00e9raments de chacune de leurs vaches rouges de race Reggiana. En v\u00e9ritables gardiens d\u2019une tradition mill\u00e9naire qui a bien failli dispara\u00eetre aux alentours des ann\u00e9es&nbsp;80 du si\u00e8cle dernier, ils se consacrent \u00e0 ces vaches tous les jours, leur prodiguant des soins affectueux avec une attention toute particuli\u00e8re.<\/p>\n\n\n\n<p>Apr\u00e8s la Seconde Guerre, l\u2019industrialisation de l\u2019Italie et l\u2019augmentation de la demande de Parmigiano Reggiano ont en effet entra\u00een\u00e9 le remplacement progressif des sp\u00e9cimens de race bovine Reggiana par d\u2019autres races comme la Holstein, en mesure de produire de plus grandes quantit\u00e9s de lait.<\/p>\n\n\n\n<p>Mais quelques \u00e9leveurs visionnaires connaissaient bien les pr\u00e9cieuses qualit\u00e9s de cas\u00e9ification du lait des vaches rouges ainsi que leur robustesse, leur long\u00e9vit\u00e9 et leur force. Ceux-ci lanc\u00e8rent un projet de sauvegarde de cette race bovine, permettant sa repopulation au fil du temps \u00e0 partir des 600&nbsp;t\u00eates environ qui restaient.<\/p>\n<\/div>\n\n\n\n<div class=\"wp-block-column is-layout-flow wp-block-column-is-layout-flow\">\n<figure class=\"wp-block-image size-quadrata\"><img decoding=\"async\" src=\"https:\/\/staging.consorziovaccherosse.blacksolutions.net\/wp-content\/uploads\/\/aziende-vacca-primo-piano-9546low-800x800.jpg\" alt=\"\" class=\"wp-image-151731\"\/><\/figure>\n<\/div>\n<\/div>\n\n\n\n<figure class=\"wp-block-gallery has-nested-images columns-3 is-cropped wp-block-gallery-1 is-layout-flex wp-block-gallery-is-layout-flex\">\n<figure class=\"wp-block-image size-large\"><img decoding=\"async\" data-id=\"151735\" src=\"https:\/\/staging.consorziovaccherosse.blacksolutions.net\/wp-content\/uploads\/\/stalla-1-1024x1024.jpg\" alt=\"\" class=\"wp-image-151735\"\/><\/figure>\n\n\n\n<figure class=\"wp-block-image size-large\"><img decoding=\"async\" data-id=\"151739\" src=\"https:\/\/staging.consorziovaccherosse.blacksolutions.net\/wp-content\/uploads\/\/stalla-2-1024x1024.jpg\" alt=\"\" class=\"wp-image-151739\"\/><\/figure>\n\n\n\n<figure class=\"wp-block-image size-large\"><img decoding=\"async\" data-id=\"151744\" src=\"https:\/\/staging.consorziovaccherosse.blacksolutions.net\/wp-content\/uploads\/\/stalla-3-1024x1024.jpg\" alt=\"\" class=\"wp-image-151744\"\/><\/figure>\n<\/figure>\n<\/div><\/div>\n\n\n<div id=\"bs-featured-card-block_f946a8aed57674b6cf24875ab18bcf10\" class=\"bs-block-featured-card margin-top--3xl-from-tablet has-grey-light-background-color alignfull\">\n\t<div class=\"bs-block-featured-card-wrapper\">\n        <div class=\"bs-block-featured-card__inner\">\n\n            <div class=\"bs-block-featured-card__content-wrapper\">\n                <h2 class=\"bs-block-featured-card__title \">\n                    La garantie d\u2019une fili\u00e8re transparente et authentique                <\/h2>\n                                <p class=\"bs-block-featured-card__description \">\n                    Poursuivant sur ce chemin, notre consortium Consorzio Vacche Rosse a ensuite vu le jour, il d\u00e9nombre actuellement 24\u00a0adh\u00e9rents \u00e9leveurs qui, avec une passion infinie et un esprit de coop\u00e9ration, poursuivent depuis trente ans une mission de sauvegarde et de valorisation de la race rouge Reggiana. C\u2019est un travail respectueux des cycles biologiques naturels et du bien-\u00eatre des animaux, sans que soit forc\u00e9e d\u2019aucune mani\u00e8re la production, comme le pr\u00e9voit du reste un cahier des charges sp\u00e9cifique et scrupuleux r\u00e9dig\u00e9 par l\u2019ANABorRaRe, l&rsquo;association nationale des \u00e9leveurs bovins de la race Reggiana. \u00c0 commencer donc par l\u2019herbe verte qui sert de nourriture \u00e0 chacune de leurs vaches, nos \u00e9leveurs sont les garants d\u2019une fili\u00e8re transparente et authentique de production du lait\u00a0: de la traite \u00e0 la qualit\u00e9 de la transformation, et jusque sur les tables italiennes et du monde entier. Il s\u2019agit d\u2019un long voyage sous le signe de l\u2019\u00e9toile brillante de l\u2019excellence, men\u00e9 par un groupe de personnes que nous sommes fiers de compter parmi nos adh\u00e9rents.                <\/p>\n                                            <\/div>\n\n            <div class=\"bs-block-featured-card__image-wrapper\">\n\t\t\t                <div class=\"bs-block-featured-card__image\">\n                    <img decoding=\"async\" src=\"https:\/\/staging.consorziovaccherosse.blacksolutions.net\/wp-content\/uploads\/IMG_7326-1.jpg\" alt=\"\">\n                <\/div>\n\t\t\t            <\/div>\n\n        <\/div>\n\t<\/div>\n<\/div>\n\n\n\n<h2 class=\"margin-top--xl-from-tablet padding-top--xl-from-tablet wp-block-heading\">Les fermes associ\u00e9es<\/h2>\n\n\n\n<div class=\"wp-block-columns is-layout-flex wp-container-core-columns-is-layout-9d6595d7 wp-block-columns-is-layout-flex\">\n<div class=\"wp-block-column is-layout-flow wp-block-column-is-layout-flow\">\n<ul class=\"wp-block-list\"><li><a href=\"https:\/\/www.razzareggiana.it\/allevatore\/azienda-agricola-davoli-giorgio\/\" target=\"_blank\" rel=\"noreferrer noopener\">DAVOLI GIORGIO<\/a><\/li><li><a href=\"https:\/\/www.razzareggiana.it\/allevatore\/azienda-agricola-maditti-morena\/\" target=\"_blank\" rel=\"noreferrer noopener\">MADITTI MORENA<\/a><\/li><li><a href=\"https:\/\/www.razzareggiana.it\/allevatore\/azienda-agricola-ferrarini-franco\/\" target=\"_blank\" rel=\"noreferrer noopener\">FERRARINI FRANCO<\/a><\/li><li><a href=\"https:\/\/www.razzareggiana.it\/allevatore\/societa-agricola-prandi-f-lli-s-s\/\" target=\"_blank\" rel=\"noreferrer noopener\">FRATELLI PRANDI<\/a><\/li><li><a href=\"https:\/\/www.razzareggiana.it\/allevatore\/societa-agricola-miselli-serri-di-serri-giuliana\/\" target=\"_blank\" rel=\"noreferrer noopener\">MISELLI SERRI<\/a><\/li><li><a href=\"https:\/\/www.razzareggiana.it\/allevatore\/zerbini-giuseppe-alessandro-e-dallaglio-mara\" target=\"_blank\" rel=\"noreferrer noopener\">AZIENDA AGRICOLA ZERBINI DALL&rsquo;AGLIO<\/a><\/li><li><a href=\"https:\/\/www.razzareggiana.it\/allevatore\/azienda-agricola-del-gigante\/\" target=\"_blank\" rel=\"noreferrer noopener\">AZIENDA AGRICOLA IL GIGANTE<\/a><\/li><li><a href=\"https:\/\/www.razzareggiana.it\/allevatore\/montruccoli-giuseppe-luigi-remo-s-s\/\" target=\"_blank\" rel=\"noreferrer noopener\">SOC. AGR. MONTRUCCOLI GIUSEPPE LUIGI REMO<\/a><\/li><\/ul>\n<\/div>\n\n\n\n<div class=\"wp-block-column is-layout-flow wp-block-column-is-layout-flow\">\n<ul class=\"wp-block-list\"><li><a href=\"https:\/\/www.razzareggiana.it\/allevatore\/azienda-agricola-giannelli-sebastiano\/\" target=\"_blank\" rel=\"noreferrer noopener\">AZ. AGR. GIANELLI SEBASTIANO<\/a><\/li><li><a href=\"https:\/\/www.razzareggiana.it\/allevatore\/azienda-agricola-biologica-biogold\/\" target=\"_blank\" rel=\"noreferrer noopener\">AZ. AGRICOLA BIOGOLD<\/a><\/li><li><a href=\"https:\/\/www.razzareggiana.it\/allevatore\/azienda-agricola-conti-luca\/\" target=\"_blank\" rel=\"noreferrer noopener\">CONTI LUCA<\/a><\/li><li><a href=\"https:\/\/www.razzareggiana.it\/allevatore\/societa-agricola-benassi\/\" target=\"_blank\" rel=\"noreferrer noopener\">SOCIET\u00c0  AGRICOLA BENASSI<\/a><\/li><li><a href=\"https:\/\/www.razzareggiana.it\/allevatore\/incerti-egidio\/\" target=\"_blank\" rel=\"noreferrer noopener\">INCERTI EGIDIO<\/a><\/li><li><a href=\"https:\/\/www.razzareggiana.it\/allevatore\/societa-agricola-fiandri\/\" target=\"_blank\" rel=\"noreferrer noopener\">SOCIET\u00c0  AGRICOLA FIANDRI<\/a><\/li><li><a aria-label=\"undefined (apri in una nuova scheda)\" href=\"https:\/\/www.razzareggiana.it\/allevatore\/azienda-agricola-borghi-renato\/\" target=\"_blank\" rel=\"noreferrer noopener\">ARBOR FELIX &#8211; SOCIET\u00c0 AGRICOLA BORGHI<\/a><\/li><li><a href=\"https:\/\/www.razzareggiana.it\/allevatore\/societa-agricola-quercia-rossa\/\" target=\"_blank\" rel=\"noreferrer noopener\">AZIENDA AGRICOLA QUERCIA ROSSA<\/a><\/li><\/ul>\n<\/div>\n\n\n\n<div class=\"wp-block-column is-layout-flow wp-block-column-is-layout-flow\">\n<ul class=\"wp-block-list\"><li><a href=\"https:\/\/www.razzareggiana.it\/allevatore\/azienda-agricola-maramotti-amos\/\">AZIENDA AGRICOLA MARAMOTTI AMOS<\/a><\/li><li><a href=\"https:\/\/www.razzareggiana.it\/allevatore\/il-casello\/\" target=\"_blank\" rel=\"noreferrer noopener\">SOC. AGRICOLA IL CASELLO<\/a><\/li><li>AZ. AGR. MANICARDI GIANNI<\/li><li><a href=\"https:\/\/www.razzareggiana.it\/allevatore\/ronchi-energy-farm\/\" target=\"_blank\" rel=\"noreferrer noopener\">RONCHI ENERGY FARM<\/a><\/li><li><a aria-label=\"undefined (apri in una nuova scheda)\" href=\"https:\/\/www.razzareggiana.it\/allevatore\/societa-agricola-nasi\/\" target=\"_blank\" rel=\"noreferrer noopener\">SOCIET\u00c0 AGRICOLA NASI<\/a><\/li><li><a aria-label=\"undefined (apri in una nuova scheda)\" href=\"https:\/\/www.razzareggiana.it\/allevatore\/allevamento-lepri-ro-ro\/\" target=\"_blank\" rel=\"noreferrer noopener\">ALLEVAMENTO LEPRI RO&amp;RO<\/a><\/li><li><a href=\"https:\/\/www.razzareggiana.it\/allevatore\/az-agr-giroldini-mattia\/\" target=\"_blank\" rel=\"noreferrer noopener\">AZIENDA AGRICOLA GIROLDINI MATTIA<\/a><\/li><li><a href=\"https:\/\/www.razzareggiana.it\/allevatore\/soc-agr-la-superchia-s-s\/\" target=\"_blank\" rel=\"noreferrer noopener\">SOCIET\u00c0 AGRICOLA SAN LUCIO <\/a><\/li><\/ul>\n<\/div>\n<\/div>\n\n\n\n<figure class=\"wp-block-image size-large\"><img loading=\"lazy\" decoding=\"async\" width=\"1024\" height=\"1014\" src=\"https:\/\/staging.consorziovaccherosse.blacksolutions.net\/wp-content\/uploads\/\/mappa-allevatori-CVR-1-1024x1014.jpg\" alt=\"\" class=\"wp-image-165420\" srcset=\"https:\/\/staging.consorziovaccherosse.blacksolutions.net\/wp-content\/uploads\/mappa-allevatori-CVR-1-1024x1014.jpg 1024w, https:\/\/staging.consorziovaccherosse.blacksolutions.net\/wp-content\/uploads\/mappa-allevatori-CVR-1-300x297.jpg 300w, https:\/\/staging.consorziovaccherosse.blacksolutions.net\/wp-content\/uploads\/mappa-allevatori-CVR-1-150x150.jpg 150w, https:\/\/staging.consorziovaccherosse.blacksolutions.net\/wp-content\/uploads\/mappa-allevatori-CVR-1-768x761.jpg 768w, https:\/\/staging.consorziovaccherosse.blacksolutions.net\/wp-content\/uploads\/mappa-allevatori-CVR-1-1600x1584.jpg 1600w, https:\/\/staging.consorziovaccherosse.blacksolutions.net\/wp-content\/uploads\/mappa-allevatori-CVR-1-1536x1521.jpg 1536w, https:\/\/staging.consorziovaccherosse.blacksolutions.net\/wp-content\/uploads\/mappa-allevatori-CVR-1-75x75.jpg 75w, https:\/\/staging.consorziovaccherosse.blacksolutions.net\/wp-content\/uploads\/mappa-allevatori-CVR-1-80x80.jpg 80w, https:\/\/staging.consorziovaccherosse.blacksolutions.net\/wp-content\/uploads\/mappa-allevatori-CVR-1-24x24.jpg 24w, https:\/\/staging.consorziovaccherosse.blacksolutions.net\/wp-content\/uploads\/mappa-allevatori-CVR-1-36x36.jpg 36w, https:\/\/staging.consorziovaccherosse.blacksolutions.net\/wp-content\/uploads\/mappa-allevatori-CVR-1-48x48.jpg 48w, https:\/\/staging.consorziovaccherosse.blacksolutions.net\/wp-content\/uploads\/mappa-allevatori-CVR-1-655x649.jpg 655w, https:\/\/staging.consorziovaccherosse.blacksolutions.net\/wp-content\/uploads\/mappa-allevatori-CVR-1.jpg 1947w\" sizes=\"auto, (max-width: 1024px) 100vw, 1024px\" \/><\/figure>\n\n\n<div id=\"bs-sibling-pages-block_8c74aed15a25c149b8bf49642a05f59c\" class=\"bs-block-sibling-pages\">\n\t<div class=\"bs-block-sibling-pages-wrapper\">\n        <div class=\"bs-block-sibling-pages__inner\">\n                        <h2 class=\"bs-block-sibling-pages__title\">D\u00e9couvrez :<\/h2>\n\t\t\t            <ul class=\"bs-block-sibling-pages__list\">\n            <li class=\"bs-block-sibling-pages__item\">\n                <a class=\"bs-block-sibling-pages__link btn btn-secondary\" href=\"https:\/\/staging.consorziovaccherosse.blacksolutions.net\/fr\/consortium\/histoire-du-consortium\/\">Histoire du Consortium<\/a>\n            <\/li><li class=\"bs-block-sibling-pages__item\">\n                <a class=\"bs-block-sibling-pages__link btn btn-secondary\" href=\"https:\/\/staging.consorziovaccherosse.blacksolutions.net\/fr\/consortium\/un-succes-dans-le-monde\/\">Un succ\u00e8s dans le monde<\/a>\n            <\/li><li class=\"bs-block-sibling-pages__item\">\n                <a class=\"bs-block-sibling-pages__link btn btn-secondary\" href=\"https:\/\/staging.consorziovaccherosse.blacksolutions.net\/fr\/consortium\/les-producteurs-laitiers\/\">Les producteurs laitiers<\/a>\n            <\/li>            <\/ul>\n        <\/div>\n\t<\/div>\n<\/div>\n","protected":false},"excerpt":{"rendered":"<p>Ils les voient na\u00eetre, grandir et appellent chacune d\u2019elles par son nom. Nos adh\u00e9rents \u00e9leveurs connaissent donc parfaitement les habitudes et les temp\u00e9raments de chacune de leurs vaches rouges de race Reggiana. En v\u00e9ritables gardiens d\u2019une tradition mill\u00e9naire qui a bien failli dispara\u00eetre aux alentours des ann\u00e9es&nbsp;80 du si\u00e8cle dernier, ils se consacrent \u00e0 ces [&hellip;]<\/p>\n","protected":false},"author":80549,"featured_media":154183,"parent":1637,"menu_order":9,"comment_status":"open","ping_status":"closed","template":"","meta":{"_acf_changed":false,"inline_featured_image":false,"_genesis_hide_title":true,"_genesis_hide_breadcrumbs":false,"_genesis_hide_singular_image":false,"_genesis_hide_footer_widgets":false,"_genesis_custom_body_class":"","_genesis_custom_post_class":"","_genesis_layout":"","footnotes":"","_links_to":"","_links_to_target":""},"class_list":{"0":"post-1647","1":"page","2":"type-page","3":"status-publish","4":"has-post-thumbnail","6":"entry"},"acf":[],"yoast_head":"<!-- This site is optimized with the Yoast SEO Premium plugin v24.3 (Yoast SEO v27.2) - https:\/\/yoast.com\/product\/yoast-seo-premium-wordpress\/ -->\n<title>Les fermes associ\u00e9es - Consorzio Vacche Rosse<\/title>\n<meta name=\"description\" content=\"Liste des entreprises qui fournissent du lait de vaches rouges Reggiana au Consortium Reggio Emilia.\" \/>\n<meta name=\"robots\" content=\"noindex, follow, max-snippet:-1, max-image-preview:large, max-video-preview:-1\" \/>\n<meta property=\"og:locale\" content=\"fr_FR\" \/>\n<meta property=\"og:type\" content=\"article\" \/>\n<meta property=\"og:title\" content=\"Les fermes associ\u00e9es\" \/>\n<meta property=\"og:description\" content=\"Liste des entreprises qui fournissent du lait de vaches rouges Reggiana au Consortium Reggio Emilia.\" \/>\n<meta property=\"og:url\" content=\"https:\/\/staging.consorziovaccherosse.blacksolutions.net\/fr\/consortium\/les-fermes-associees\/\" \/>\n<meta property=\"og:site_name\" content=\"Consorzio Vacche Rosse\" \/>\n<meta property=\"article:publisher\" content=\"https:\/\/www.facebook.com\/consorziovaccherosse\" \/>\n<meta property=\"article:modified_time\" content=\"2024-02-11T11:27:13+00:00\" \/>\n<meta property=\"og:image\" content=\"https:\/\/staging.consorziovaccherosse.blacksolutions.net\/wp-content\/uploads\/aziende-associate-hero.jpg\" \/>\n\t<meta property=\"og:image:width\" content=\"2000\" \/>\n\t<meta property=\"og:image:height\" content=\"1500\" \/>\n\t<meta property=\"og:image:type\" content=\"image\/jpeg\" \/>\n<meta name=\"twitter:label1\" content=\"Dur\u00e9e de lecture estim\u00e9e\" \/>\n\t<meta name=\"twitter:data1\" content=\"3 minutes\" \/>\n<script type=\"application\/ld+json\" class=\"yoast-schema-graph\">{\"@context\":\"https:\/\/schema.org\",\"@graph\":[{\"@type\":\"WebPage\",\"@id\":\"https:\/\/staging.consorziovaccherosse.blacksolutions.net\/fr\/consortium\/les-fermes-associees\/\",\"url\":\"https:\/\/staging.consorziovaccherosse.blacksolutions.net\/fr\/consortium\/les-fermes-associees\/\",\"name\":\"Les fermes associ\u00e9es - Consorzio Vacche Rosse\",\"isPartOf\":{\"@id\":\"https:\/\/staging.consorziovaccherosse.blacksolutions.net\/fr\/#website\"},\"primaryImageOfPage\":{\"@id\":\"https:\/\/staging.consorziovaccherosse.blacksolutions.net\/fr\/consortium\/les-fermes-associees\/#primaryimage\"},\"image\":{\"@id\":\"https:\/\/staging.consorziovaccherosse.blacksolutions.net\/fr\/consortium\/les-fermes-associees\/#primaryimage\"},\"thumbnailUrl\":\"https:\/\/staging.consorziovaccherosse.blacksolutions.net\/wp-content\/uploads\/aziende-associate-hero.jpg\",\"datePublished\":\"2015-05-13T06:26:52+00:00\",\"dateModified\":\"2024-02-11T11:27:13+00:00\",\"description\":\"Liste des entreprises qui fournissent du lait de vaches rouges Reggiana au Consortium Reggio Emilia.\",\"breadcrumb\":{\"@id\":\"https:\/\/staging.consorziovaccherosse.blacksolutions.net\/fr\/consortium\/les-fermes-associees\/#breadcrumb\"},\"inLanguage\":\"fr-FR\",\"potentialAction\":[{\"@type\":\"ReadAction\",\"target\":[\"https:\/\/staging.consorziovaccherosse.blacksolutions.net\/fr\/consortium\/les-fermes-associees\/\"]}]},{\"@type\":\"ImageObject\",\"inLanguage\":\"fr-FR\",\"@id\":\"https:\/\/staging.consorziovaccherosse.blacksolutions.net\/fr\/consortium\/les-fermes-associees\/#primaryimage\",\"url\":\"https:\/\/staging.consorziovaccherosse.blacksolutions.net\/wp-content\/uploads\/aziende-associate-hero.jpg\",\"contentUrl\":\"https:\/\/staging.consorziovaccherosse.blacksolutions.net\/wp-content\/uploads\/aziende-associate-hero.jpg\",\"width\":2000,\"height\":1500},{\"@type\":\"BreadcrumbList\",\"@id\":\"https:\/\/staging.consorziovaccherosse.blacksolutions.net\/fr\/consortium\/les-fermes-associees\/#breadcrumb\",\"itemListElement\":[{\"@type\":\"ListItem\",\"position\":1,\"name\":\"Home\",\"item\":\"https:\/\/staging.consorziovaccherosse.blacksolutions.net\/fr\/\"},{\"@type\":\"ListItem\",\"position\":2,\"name\":\"Consortium\",\"item\":\"https:\/\/staging.consorziovaccherosse.blacksolutions.net\/fr\/consortium\/\"},{\"@type\":\"ListItem\",\"position\":3,\"name\":\"Les fermes associ\u00e9es\"}]},{\"@type\":\"WebSite\",\"@id\":\"https:\/\/staging.consorziovaccherosse.blacksolutions.net\/fr\/#website\",\"url\":\"https:\/\/staging.consorziovaccherosse.blacksolutions.net\/fr\/\",\"name\":\"Consorzio Vacche Rosse\",\"description\":\"Parmigiano Reggiano Vacche Rosse di Razza Reggiana\",\"publisher\":{\"@id\":\"https:\/\/staging.consorziovaccherosse.blacksolutions.net\/fr\/#organization\"},\"potentialAction\":[{\"@type\":\"SearchAction\",\"target\":{\"@type\":\"EntryPoint\",\"urlTemplate\":\"https:\/\/staging.consorziovaccherosse.blacksolutions.net\/fr\/?s={search_term_string}\"},\"query-input\":{\"@type\":\"PropertyValueSpecification\",\"valueRequired\":true,\"valueName\":\"search_term_string\"}}],\"inLanguage\":\"fr-FR\"},{\"@type\":\"Organization\",\"@id\":\"https:\/\/staging.consorziovaccherosse.blacksolutions.net\/fr\/#organization\",\"name\":\"Consorzio Vacche Rosse\",\"url\":\"https:\/\/staging.consorziovaccherosse.blacksolutions.net\/fr\/\",\"logo\":{\"@type\":\"ImageObject\",\"inLanguage\":\"fr-FR\",\"@id\":\"https:\/\/staging.consorziovaccherosse.blacksolutions.net\/fr\/#\/schema\/logo\/image\/\",\"url\":\"https:\/\/staging.consorziovaccherosse.blacksolutions.net\/wp-content\/uploads\/logo-consorzio-vacche-rosse-rgb.jpg\",\"contentUrl\":\"https:\/\/staging.consorziovaccherosse.blacksolutions.net\/wp-content\/uploads\/logo-consorzio-vacche-rosse-rgb.jpg\",\"width\":1920,\"height\":1920,\"caption\":\"Consorzio Vacche Rosse\"},\"image\":{\"@id\":\"https:\/\/staging.consorziovaccherosse.blacksolutions.net\/fr\/#\/schema\/logo\/image\/\"},\"sameAs\":[\"https:\/\/www.facebook.com\/consorziovaccherosse\",\"https:\/\/x.com\/consvaccherosse\"]}]}<\/script>\n<!-- \/ Yoast SEO Premium plugin. -->","yoast_head_json":{"title":"Les fermes associ\u00e9es - Consorzio Vacche Rosse","description":"Liste des entreprises qui fournissent du lait de vaches rouges Reggiana au Consortium Reggio Emilia.","robots":{"index":"noindex","follow":"follow","max-snippet":"max-snippet:-1","max-image-preview":"max-image-preview:large","max-video-preview":"max-video-preview:-1"},"og_locale":"fr_FR","og_type":"article","og_title":"Les fermes associ\u00e9es","og_description":"Liste des entreprises qui fournissent du lait de vaches rouges Reggiana au Consortium Reggio Emilia.","og_url":"https:\/\/staging.consorziovaccherosse.blacksolutions.net\/fr\/consortium\/les-fermes-associees\/","og_site_name":"Consorzio Vacche Rosse","article_publisher":"https:\/\/www.facebook.com\/consorziovaccherosse","article_modified_time":"2024-02-11T11:27:13+00:00","og_image":[{"width":2000,"height":1500,"url":"https:\/\/staging.consorziovaccherosse.blacksolutions.net\/wp-content\/uploads\/aziende-associate-hero.jpg","type":"image\/jpeg"}],"twitter_misc":{"Dur\u00e9e de lecture estim\u00e9e":"3 minutes"},"schema":{"@context":"https:\/\/schema.org","@graph":[{"@type":"WebPage","@id":"https:\/\/staging.consorziovaccherosse.blacksolutions.net\/fr\/consortium\/les-fermes-associees\/","url":"https:\/\/staging.consorziovaccherosse.blacksolutions.net\/fr\/consortium\/les-fermes-associees\/","name":"Les fermes associ\u00e9es - Consorzio Vacche Rosse","isPartOf":{"@id":"https:\/\/staging.consorziovaccherosse.blacksolutions.net\/fr\/#website"},"primaryImageOfPage":{"@id":"https:\/\/staging.consorziovaccherosse.blacksolutions.net\/fr\/consortium\/les-fermes-associees\/#primaryimage"},"image":{"@id":"https:\/\/staging.consorziovaccherosse.blacksolutions.net\/fr\/consortium\/les-fermes-associees\/#primaryimage"},"thumbnailUrl":"https:\/\/staging.consorziovaccherosse.blacksolutions.net\/wp-content\/uploads\/aziende-associate-hero.jpg","datePublished":"2015-05-13T06:26:52+00:00","dateModified":"2024-02-11T11:27:13+00:00","description":"Liste des entreprises qui fournissent du lait de vaches rouges Reggiana au Consortium Reggio Emilia.","breadcrumb":{"@id":"https:\/\/staging.consorziovaccherosse.blacksolutions.net\/fr\/consortium\/les-fermes-associees\/#breadcrumb"},"inLanguage":"fr-FR","potentialAction":[{"@type":"ReadAction","target":["https:\/\/staging.consorziovaccherosse.blacksolutions.net\/fr\/consortium\/les-fermes-associees\/"]}]},{"@type":"ImageObject","inLanguage":"fr-FR","@id":"https:\/\/staging.consorziovaccherosse.blacksolutions.net\/fr\/consortium\/les-fermes-associees\/#primaryimage","url":"https:\/\/staging.consorziovaccherosse.blacksolutions.net\/wp-content\/uploads\/aziende-associate-hero.jpg","contentUrl":"https:\/\/staging.consorziovaccherosse.blacksolutions.net\/wp-content\/uploads\/aziende-associate-hero.jpg","width":2000,"height":1500},{"@type":"BreadcrumbList","@id":"https:\/\/staging.consorziovaccherosse.blacksolutions.net\/fr\/consortium\/les-fermes-associees\/#breadcrumb","itemListElement":[{"@type":"ListItem","position":1,"name":"Home","item":"https:\/\/staging.consorziovaccherosse.blacksolutions.net\/fr\/"},{"@type":"ListItem","position":2,"name":"Consortium","item":"https:\/\/staging.consorziovaccherosse.blacksolutions.net\/fr\/consortium\/"},{"@type":"ListItem","position":3,"name":"Les fermes associ\u00e9es"}]},{"@type":"WebSite","@id":"https:\/\/staging.consorziovaccherosse.blacksolutions.net\/fr\/#website","url":"https:\/\/staging.consorziovaccherosse.blacksolutions.net\/fr\/","name":"Consorzio Vacche Rosse","description":"Parmigiano Reggiano Vacche Rosse di Razza Reggiana","publisher":{"@id":"https:\/\/staging.consorziovaccherosse.blacksolutions.net\/fr\/#organization"},"potentialAction":[{"@type":"SearchAction","target":{"@type":"EntryPoint","urlTemplate":"https:\/\/staging.consorziovaccherosse.blacksolutions.net\/fr\/?s={search_term_string}"},"query-input":{"@type":"PropertyValueSpecification","valueRequired":true,"valueName":"search_term_string"}}],"inLanguage":"fr-FR"},{"@type":"Organization","@id":"https:\/\/staging.consorziovaccherosse.blacksolutions.net\/fr\/#organization","name":"Consorzio Vacche Rosse","url":"https:\/\/staging.consorziovaccherosse.blacksolutions.net\/fr\/","logo":{"@type":"ImageObject","inLanguage":"fr-FR","@id":"https:\/\/staging.consorziovaccherosse.blacksolutions.net\/fr\/#\/schema\/logo\/image\/","url":"https:\/\/staging.consorziovaccherosse.blacksolutions.net\/wp-content\/uploads\/logo-consorzio-vacche-rosse-rgb.jpg","contentUrl":"https:\/\/staging.consorziovaccherosse.blacksolutions.net\/wp-content\/uploads\/logo-consorzio-vacche-rosse-rgb.jpg","width":1920,"height":1920,"caption":"Consorzio Vacche Rosse"},"image":{"@id":"https:\/\/staging.consorziovaccherosse.blacksolutions.net\/fr\/#\/schema\/logo\/image\/"},"sameAs":["https:\/\/www.facebook.com\/consorziovaccherosse","https:\/\/x.com\/consvaccherosse"]}]}},"_links":{"self":[{"href":"https:\/\/staging.consorziovaccherosse.blacksolutions.net\/fr\/wp-json\/wp\/v2\/pages\/1647","targetHints":{"allow":["GET"]}}],"collection":[{"href":"https:\/\/staging.consorziovaccherosse.blacksolutions.net\/fr\/wp-json\/wp\/v2\/pages"}],"about":[{"href":"https:\/\/staging.consorziovaccherosse.blacksolutions.net\/fr\/wp-json\/wp\/v2\/types\/page"}],"author":[{"embeddable":true,"href":"https:\/\/staging.consorziovaccherosse.blacksolutions.net\/fr\/wp-json\/wp\/v2\/users\/80549"}],"replies":[{"embeddable":true,"href":"https:\/\/staging.consorziovaccherosse.blacksolutions.net\/fr\/wp-json\/wp\/v2\/comments?post=1647"}],"version-history":[{"count":10,"href":"https:\/\/staging.consorziovaccherosse.blacksolutions.net\/fr\/wp-json\/wp\/v2\/pages\/1647\/revisions"}],"predecessor-version":[{"id":165427,"href":"https:\/\/staging.consorziovaccherosse.blacksolutions.net\/fr\/wp-json\/wp\/v2\/pages\/1647\/revisions\/165427"}],"up":[{"embeddable":true,"href":"https:\/\/staging.consorziovaccherosse.blacksolutions.net\/fr\/wp-json\/wp\/v2\/pages\/1637"}],"wp:featuredmedia":[{"embeddable":true,"href":"https:\/\/staging.consorziovaccherosse.blacksolutions.net\/fr\/wp-json\/wp\/v2\/media\/154183"}],"wp:attachment":[{"href":"https:\/\/staging.consorziovaccherosse.blacksolutions.net\/fr\/wp-json\/wp\/v2\/media?parent=1647"}],"curies":[{"name":"wp","href":"https:\/\/api.w.org\/{rel}","templated":true}]}}