{"id":1676,"date":"2013-04-05T21:33:44","date_gmt":"2013-04-05T19:33:44","guid":{"rendered":"https:\/\/staging.consorziovaccherosse.blacksolutions.net\/?page_id=1676"},"modified":"2022-10-12T14:04:52","modified_gmt":"2022-10-12T12:04:52","slug":"la-race-rouge-reggiana","status":"publish","type":"page","link":"https:\/\/staging.consorziovaccherosse.blacksolutions.net\/fr\/la-race\/la-race-rouge-reggiana\/","title":{"rendered":"La Race"},"content":{"rendered":"\n<div class=\"wp-block-group alignfull padding-top--none-from-tablet has-grey-light-background-color has-background\"><div class=\"wp-block-group__inner-container is-layout-flow wp-block-group-is-layout-flow\"><div id=\"bs-title-block_ae6fe9f5b21fa9974e2d3f32a8646796\" class=\"bs-block-title\">\n\t<div class=\"bs-block-title-wrapper\">\n        <div class=\"bs-block-title__inner\">\n                        <div class=\"bs-block-title__icon\">\n                <img decoding=\"async\" src=\"https:\/\/staging.consorziovaccherosse.blacksolutions.net\/wp-content\/uploads\/icon-vaccherosse-1.svg\" alt=\"\">\n            <\/div>\n                        <h2 class=\"bs-block-title__title\">\n                Un patrimoine de biodiversit\u00e9 retrouv\u00e9            <\/h2>\n\t\t\t            <p class=\"bs-block-title__subtitle\">\n\t\t\t\t                Plus robuste et vivace, avec des origines anciennes                            <\/p>\n\t\t\t        <\/div>\n\t<\/div>\n<\/div>\n\n\n\n<div class=\"wp-block-columns is-layout-flex wp-container-core-columns-is-layout-9d6595d7 wp-block-columns-is-layout-flex\">\n<div class=\"wp-block-column is-layout-flow wp-block-column-is-layout-flow\">\n<p>La rouge Reggiana est une race originaire de l\u2019Italie du Nord, apport\u00e9e par les populations barbares au VIe si\u00e8cle apr\u00e8s J.-C. et dont le lait, dans les abbayes des moines b\u00e9n\u00e9dictins il y a huit si\u00e8cles, est \u00e0 l\u2019origine du Parmigiano Reggiano. Les vaches rouges peuvent bien revendiquer \u00e0 un haut degr\u00e9 du titre de \u00ab Mammas \u00bbdu Parmigiano Reggiano.<br>Au si\u00e8cle dernier, cette race moins productive, mais plus rustique et \u00e0 la grande long\u00e9vit\u00e9 a \u00e9t\u00e9 progressivement remplac\u00e9e par des races bovines plus rentables. La race \u00e9tait presque \u00e9teinte et c\u2019est alors qu\u2019un groupe d\u2019agriculteurs, tenace et voyant loin, a lanc\u00e9 un projet de valorisation qui a favoris\u00e9 une reprise constante du nombre de t\u00eates. Les \u00e9levages sont situ\u00e9s principalement dans la province de Reggio Emilia et le lait produit est confi\u00e9 aux bons soins des laiteries du Consortium Vaches Rouges o\u00f9 il est transform\u00e9 en Parmigiano Reggiano de \u00ab Vaches Rouges \u00bb.<\/p>\n<\/div>\n\n\n\n<div class=\"wp-block-column is-layout-flow wp-block-column-is-layout-flow\">\n<figure class=\"wp-block-image size-large\"><img decoding=\"async\" src=\"https:\/\/staging.consorziovaccherosse.blacksolutions.net\/wp-content\/uploads\/vacche-rosse-1-IMG_3725-1-1024x1024.jpg\" alt=\"\" class=\"wp-image-151842\"\/><\/figure>\n<\/div>\n<\/div>\n\n\n\n<figure class=\"wp-block-gallery has-nested-images columns-3 is-cropped wp-block-gallery-1 is-layout-flex wp-block-gallery-is-layout-flex\">\n<figure class=\"wp-block-image size-large\"><img decoding=\"async\" data-id=\"151847\" src=\"https:\/\/staging.consorziovaccherosse.blacksolutions.net\/wp-content\/uploads\/vacca-rossa-pascolo-IMG_6829-1-scaled.jpg\" alt=\"\" class=\"wp-image-151847\"\/><\/figure>\n\n\n\n<figure class=\"wp-block-image size-large\"><img decoding=\"async\" data-id=\"151852\" src=\"https:\/\/staging.consorziovaccherosse.blacksolutions.net\/wp-content\/uploads\/vacca-rossa-occhio-IMG_5495-1-scaled.jpg\" alt=\"\" class=\"wp-image-151852\"\/><\/figure>\n\n\n\n<figure class=\"wp-block-image size-large\"><img decoding=\"async\" data-id=\"151856\" src=\"https:\/\/staging.consorziovaccherosse.blacksolutions.net\/wp-content\/uploads\/vacche-rosse-sul-prato-IMG_6701-1-1-scaled.jpg\" alt=\"\" class=\"wp-image-151856\"\/><\/figure>\n<\/figure>\n<\/div><\/div>\n\n\n<div id=\"bs-featured-card-block_17d77a46714c6523c3c50aa638a209e5\" class=\"bs-block-featured-card margin-top--3xl-from-tablet has-grey-light-background-color alignfull\">\n\t<div class=\"bs-block-featured-card-wrapper\">\n        <div class=\"bs-block-featured-card__inner\">\n\n            <div class=\"bs-block-featured-card__content-wrapper\">\n                <h2 class=\"bs-block-featured-card__title \">\n                    Histoire                <\/h2>\n                                <p class=\"bs-block-featured-card__description \">\n                    Les premi\u00e8res r\u00e9f\u00e9rences concernant la race bovine Reggiana, dans les r\u00e9gions de Parme et Reggio Emilia, sont rapport\u00e9es par quelques moines en l\u2019an 1000. La race a \u00e9t\u00e9 pr\u00e9sent\u00e9e \u00e0 l\u2019Exposition de Vienne en 1873. Les registres g\u00e9n\u00e9alogiques ont commenc\u00e9 \u00e0 \u00eatre tenus en 1950 et les normes de la race ont \u00e9t\u00e9 publi\u00e9es en 1953. L\u2019association des \u00e9leveurs a \u00e9t\u00e9 officiellement reconnue en 1962.                <\/p>\n                                            <\/div>\n\n            <div class=\"bs-block-featured-card__image-wrapper\">\n\t\t\t                <div class=\"bs-block-featured-card__image\">\n                    <img decoding=\"async\" src=\"https:\/\/staging.consorziovaccherosse.blacksolutions.net\/wp-content\/uploads\/IMG_6920-vacca-rossa-scaled-1.jpeg\" alt=\"\">\n                <\/div>\n\t\t\t            <\/div>\n\n        <\/div>\n\t<\/div>\n<\/div>\n\n\n\n<div class=\"wp-block-columns margin-top--3xl-from-tablet padding-top--xl-from-tablet is-layout-flex wp-container-core-columns-is-layout-9d6595d7 wp-block-columns-is-layout-flex\">\n<div class=\"wp-block-column is-layout-flow wp-block-column-is-layout-flow\">\n<figure class=\"wp-block-image size-large\"><img decoding=\"async\" src=\"https:\/\/staging.consorziovaccherosse.blacksolutions.net\/wp-content\/uploads\/vitelli-vacche-rosse-1-1024x1024.jpg\" alt=\"\" class=\"wp-image-151881\"\/><\/figure>\n<\/div>\n\n\n\n<div class=\"wp-block-column padding--l-to-tablet is-layout-flow wp-block-column-is-layout-flow\">\n<h2 class=\"wp-block-heading\">D\u00e9mographie et r\u00e9partition de la race<a href=\"https:\/\/staging.consorziovaccherosse.blacksolutions.net\/wp-content\/uploads\/IMG_0538.jpg\"><\/a><a href=\"https:\/\/staging.consorziovaccherosse.blacksolutions.net\/wp-content\/uploads\/IMG_0538.jpg\"><\/a><\/h2>\n\n\n\n<p>Le cheptel a atteint la dimension maximale d\u2019environ 140.000 vaches dans les ann\u00e9es 50. \u00c0 partir des ann\u00e9es 50, un processus drastique de remplacement par les races cosmopolites, brune des Alpes et Frisonne, a commenc\u00e9, ce qui a conduit, dans les ann\u00e9es 70, \u00e0 une baisse progressive du cheptel jusqu\u2019\u00e0 8 000 vaches. En 1981, le minimum historique du cheptel est atteint&nbsp;: 450 vaches. Par la suite, vers la fin des ann\u00e9es 80, apr\u00e8s le d\u00e9but de la production du Parmigiano Reggiano issu du lait des vaches de race Reggiana, on constate une augmentation d\u00e9mographique. Aujourd\u2019hui, les bovins de race Reggiana sont principalement \u00e9lev\u00e9s dans les provinces de Reggio Emilia et de Parme, repr\u00e9sentant un total d\u2019environ 3 000 t\u00eates.<\/p>\n<\/div>\n<\/div>\n\n\n\n<div class=\"wp-block-columns margin-top--3xl-from-tablet padding-top--xl-from-tablet is-layout-flex wp-container-core-columns-is-layout-9d6595d7 wp-block-columns-is-layout-flex\">\n<div class=\"wp-block-column is-layout-flow wp-block-column-is-layout-flow\">\n<h2 class=\"wp-block-heading\">Description de la race\u2026 et du fromage<br><a href=\"https:\/\/staging.consorziovaccherosse.blacksolutions.net\/wp-content\/uploads\/IMG_0538.jpg\"><\/a><\/h2>\n\n\n\n<p>La Reggiana se caract\u00e9rise par une robe rouge \u00ab&nbsp;fromentino&nbsp;\u00bb, att\u00e9nu\u00e9e dans les zones internes et inf\u00e9rieures des membres, autour des yeux, sur le museau et la queue. La production moyenne de lait en 305 jours de lactation est de 5 557 kg (3,45% de prot\u00e9ines, 3,54% de mati\u00e8res grasses). Le lait issu de la race Reggiana est particuli\u00e8rement adapt\u00e9 pour la production de Parmigiano Reggiano gr\u00e2ce au pourcentage \u00e9lev\u00e9 de cas\u00e9ine et \u00e0 ses bonnes propri\u00e9t\u00e9s pour la fabrication de fromage (cas\u00e9ification). En particulier, ce type de cas\u00e9ine est mieux adapt\u00e9 \u00e0 un affinage prolong\u00e9, le rendant particuli\u00e8rement appropri\u00e9 pour la production de Parmigiano Reggiano \u00e0 maturation longue. C\u2019est la raison pour laquelle le Parmigiano Reggiano Vaches Rouges n\u2019est pas mis sur le march\u00e9 avant 24 mois, avec tous les innombrables avantages que cela comporte&nbsp;: la saveur et l\u2019ar\u00f4me sont exalt\u00e9s, sa digestibilit\u00e9 est am\u00e9lior\u00e9e, la pr\u00e9sence de calcium, de phosphore, de prot\u00e9ines, d\u2019acides amin\u00e9s essentiels, l\u2019absence absolue de lactose le rend appropri\u00e9 pour ceux qui sont intol\u00e9rants, il est particuli\u00e8rement recommand\u00e9 par les p\u00e9diatres pour les nourrissons et les enfants, pour les sportifs qui ont besoin de se nourrir sans prendre de poids, pour les femmes qui ont besoin d\u2019un plus grand apport naturel de calcium, pour tous ceux qui vivent une vie intense comme celle d\u2019aujourd\u2019hui.<\/p>\n<\/div>\n\n\n\n<div class=\"wp-block-column padding--l-to-tablet is-layout-flow wp-block-column-is-layout-flow\">\n<figure class=\"wp-block-image size-quadrata\"><img decoding=\"async\" src=\"https:\/\/staging.consorziovaccherosse.blacksolutions.net\/wp-content\/uploads\/aziende-vacca-primo-piano-9546low-1-800x800.jpg\" alt=\"\" class=\"wp-image-151733\"\/><\/figure>\n<\/div>\n<\/div>\n\n\n<div id=\"bs-featured-card-block_ea89bee2a78167ad727dd44b3ed75f9c\" class=\"bs-block-featured-card margin-top--3xl-from-tablet has-grey-light-background-color alignfull\">\n\t<div class=\"bs-block-featured-card-wrapper\">\n        <div class=\"bs-block-featured-card__inner\">\n\n            <div class=\"bs-block-featured-card__content-wrapper\">\n                <h2 class=\"bs-block-featured-card__title \">\n                    Un lait unique                <\/h2>\n                                <p class=\"bs-block-featured-card__description \">\n                    Son bon lait associ\u00e9 \u00e0 une r\u00e9glementation stricte de la production qui pr\u00e9voit l\u2019obligation de nourrir les vaches avec de l\u2019herbe verte, l\u2019interdiction de techniques alimentaire qui augmenteraient la production, l\u2019utilisation de c\u00e9r\u00e9ales non-OGM, et \u00e0 l\u2019exp\u00e9rience et \u00e0 la capacit\u00e9 du fromager, \u00e0 travers une fabrication traditionnelle, de conf\u00e9rer \u00e0 ce Parmigiano Reggiano une saveur intense, une couleur jaune paille plus intense et des caract\u00e9ristiques uniques.rnrnDans sa p\u00e2te granuleuse et parfum\u00e9e, on peut red\u00e9couvrir le parfum des herbes naturelles et typiques de sa r\u00e9gion de production. Le Parmigiano Reggiano Vaches Rouges peut \u00eatre accompagn\u00e9 de moutarde de fruits, de miel ou de vinaigre balsamique traditionnel de Mod\u00e8ne ; d\u00e9gust\u00e9 seul en flocons ou en salades rapides ; utilis\u00e9 comme ingr\u00e9dient pour donner de la saveur \u00e0 vos meilleurs plats. Traditionnellement mari\u00e9 au Lambrusco, il s\u2019accompagne aussi bien de vins rouges au corps et \u00e0 la structure puissants, de vins blancs issus de vendanges tardives ou de Malvoisie.                <\/p>\n                                            <\/div>\n\n            <div class=\"bs-block-featured-card__image-wrapper\">\n\t\t\t                <div class=\"bs-block-featured-card__image\">\n                    <img decoding=\"async\" src=\"https:\/\/staging.consorziovaccherosse.blacksolutions.net\/wp-content\/uploads\/vacche-rosse-erba-verde-1.jpeg\" alt=\"\">\n                <\/div>\n\t\t\t            <\/div>\n\n        <\/div>\n\t<\/div>\n<\/div>\n\n\n\n<p><\/p>\n","protected":false},"excerpt":{"rendered":"<p>La rouge Reggiana est une race originaire de l\u2019Italie du Nord, apport\u00e9e par les populations barbares au VIe si\u00e8cle apr\u00e8s J.-C. et dont le lait, dans les abbayes des moines b\u00e9n\u00e9dictins il y a huit si\u00e8cles, est \u00e0 l\u2019origine du Parmigiano Reggiano. Les vaches rouges peuvent bien revendiquer \u00e0 un haut degr\u00e9 du titre de [&hellip;]<\/p>\n","protected":false},"author":80549,"featured_media":154136,"parent":134169,"menu_order":18,"comment_status":"open","ping_status":"closed","template":"","meta":{"_acf_changed":false,"inline_featured_image":false,"_genesis_hide_title":true,"_genesis_hide_breadcrumbs":false,"_genesis_hide_singular_image":false,"_genesis_hide_footer_widgets":false,"_genesis_custom_body_class":"","_genesis_custom_post_class":"","_genesis_layout":"","footnotes":"","_links_to":"","_links_to_target":""},"class_list":{"0":"post-1676","1":"page","2":"type-page","3":"status-publish","4":"has-post-thumbnail","6":"entry"},"acf":[],"yoast_head":"<!-- This site is optimized with the Yoast SEO Premium plugin v24.3 (Yoast SEO v27.2) - https:\/\/yoast.com\/product\/yoast-seo-premium-wordpress\/ -->\n<title>Vaches rousses de race Reggiana : histoire et caract\u00e9ristiques<\/title>\n<meta name=\"description\" content=\"Les vaches rouges ont des origines tr\u00e8s anciennes et des caract\u00e9ristiques particuli\u00e8res. Le Parmigiano Reggiano est fabriqu\u00e9 \u00e0 partir de leur lait depuis neuf si\u00e8cles\" \/>\n<meta name=\"robots\" content=\"noindex, follow, max-snippet:-1, max-image-preview:large, max-video-preview:-1\" \/>\n<meta property=\"og:locale\" content=\"fr_FR\" \/>\n<meta property=\"og:type\" content=\"article\" \/>\n<meta property=\"og:title\" content=\"La Race\" \/>\n<meta property=\"og:description\" content=\"Les vaches rouges ont des origines tr\u00e8s anciennes et des caract\u00e9ristiques particuli\u00e8res. Le Parmigiano Reggiano est fabriqu\u00e9 \u00e0 partir de leur lait depuis neuf si\u00e8cles\" \/>\n<meta property=\"og:url\" content=\"https:\/\/staging.consorziovaccherosse.blacksolutions.net\/fr\/la-race\/la-race-rouge-reggiana\/\" \/>\n<meta property=\"og:site_name\" content=\"Consorzio Vacche Rosse\" \/>\n<meta property=\"article:publisher\" content=\"https:\/\/www.facebook.com\/consorziovaccherosse\" \/>\n<meta property=\"article:modified_time\" content=\"2022-10-12T12:04:52+00:00\" \/>\n<meta property=\"og:image\" content=\"https:\/\/staging.consorziovaccherosse.blacksolutions.net\/wp-content\/uploads\/storia-vacche-pascolo-IMG_6740.jpg\" \/>\n\t<meta property=\"og:image:width\" content=\"2000\" \/>\n\t<meta property=\"og:image:height\" content=\"1500\" \/>\n\t<meta property=\"og:image:type\" content=\"image\/jpeg\" \/>\n<meta name=\"twitter:label1\" content=\"Dur\u00e9e de lecture estim\u00e9e\" \/>\n\t<meta name=\"twitter:data1\" content=\"3 minutes\" \/>\n<script type=\"application\/ld+json\" class=\"yoast-schema-graph\">{\"@context\":\"https:\/\/schema.org\",\"@graph\":[{\"@type\":\"WebPage\",\"@id\":\"https:\/\/staging.consorziovaccherosse.blacksolutions.net\/fr\/la-race\/la-race-rouge-reggiana\/\",\"url\":\"https:\/\/staging.consorziovaccherosse.blacksolutions.net\/fr\/la-race\/la-race-rouge-reggiana\/\",\"name\":\"Vaches rousses de race Reggiana : histoire et caract\u00e9ristiques\",\"isPartOf\":{\"@id\":\"https:\/\/staging.consorziovaccherosse.blacksolutions.net\/fr\/#website\"},\"primaryImageOfPage\":{\"@id\":\"https:\/\/staging.consorziovaccherosse.blacksolutions.net\/fr\/la-race\/la-race-rouge-reggiana\/#primaryimage\"},\"image\":{\"@id\":\"https:\/\/staging.consorziovaccherosse.blacksolutions.net\/fr\/la-race\/la-race-rouge-reggiana\/#primaryimage\"},\"thumbnailUrl\":\"https:\/\/staging.consorziovaccherosse.blacksolutions.net\/wp-content\/uploads\/storia-vacche-pascolo-IMG_6740.jpg\",\"datePublished\":\"2013-04-05T19:33:44+00:00\",\"dateModified\":\"2022-10-12T12:04:52+00:00\",\"description\":\"Les vaches rouges ont des origines tr\u00e8s anciennes et des caract\u00e9ristiques particuli\u00e8res. Le Parmigiano Reggiano est fabriqu\u00e9 \u00e0 partir de leur lait depuis neuf si\u00e8cles\",\"breadcrumb\":{\"@id\":\"https:\/\/staging.consorziovaccherosse.blacksolutions.net\/fr\/la-race\/la-race-rouge-reggiana\/#breadcrumb\"},\"inLanguage\":\"fr-FR\",\"potentialAction\":[{\"@type\":\"ReadAction\",\"target\":[\"https:\/\/staging.consorziovaccherosse.blacksolutions.net\/fr\/la-race\/la-race-rouge-reggiana\/\"]}]},{\"@type\":\"ImageObject\",\"inLanguage\":\"fr-FR\",\"@id\":\"https:\/\/staging.consorziovaccherosse.blacksolutions.net\/fr\/la-race\/la-race-rouge-reggiana\/#primaryimage\",\"url\":\"https:\/\/staging.consorziovaccherosse.blacksolutions.net\/wp-content\/uploads\/storia-vacche-pascolo-IMG_6740.jpg\",\"contentUrl\":\"https:\/\/staging.consorziovaccherosse.blacksolutions.net\/wp-content\/uploads\/storia-vacche-pascolo-IMG_6740.jpg\",\"width\":2000,\"height\":1500},{\"@type\":\"BreadcrumbList\",\"@id\":\"https:\/\/staging.consorziovaccherosse.blacksolutions.net\/fr\/la-race\/la-race-rouge-reggiana\/#breadcrumb\",\"itemListElement\":[{\"@type\":\"ListItem\",\"position\":1,\"name\":\"Home\",\"item\":\"https:\/\/staging.consorziovaccherosse.blacksolutions.net\/fr\/\"},{\"@type\":\"ListItem\",\"position\":2,\"name\":\"La race\",\"item\":\"https:\/\/staging.consorziovaccherosse.blacksolutions.net\/fr\/la-race\/\"},{\"@type\":\"ListItem\",\"position\":3,\"name\":\"La Race\"}]},{\"@type\":\"WebSite\",\"@id\":\"https:\/\/staging.consorziovaccherosse.blacksolutions.net\/fr\/#website\",\"url\":\"https:\/\/staging.consorziovaccherosse.blacksolutions.net\/fr\/\",\"name\":\"Consorzio Vacche Rosse\",\"description\":\"Parmigiano Reggiano Vacche Rosse di Razza Reggiana\",\"publisher\":{\"@id\":\"https:\/\/staging.consorziovaccherosse.blacksolutions.net\/fr\/#organization\"},\"potentialAction\":[{\"@type\":\"SearchAction\",\"target\":{\"@type\":\"EntryPoint\",\"urlTemplate\":\"https:\/\/staging.consorziovaccherosse.blacksolutions.net\/fr\/?s={search_term_string}\"},\"query-input\":{\"@type\":\"PropertyValueSpecification\",\"valueRequired\":true,\"valueName\":\"search_term_string\"}}],\"inLanguage\":\"fr-FR\"},{\"@type\":\"Organization\",\"@id\":\"https:\/\/staging.consorziovaccherosse.blacksolutions.net\/fr\/#organization\",\"name\":\"Consorzio Vacche Rosse\",\"url\":\"https:\/\/staging.consorziovaccherosse.blacksolutions.net\/fr\/\",\"logo\":{\"@type\":\"ImageObject\",\"inLanguage\":\"fr-FR\",\"@id\":\"https:\/\/staging.consorziovaccherosse.blacksolutions.net\/fr\/#\/schema\/logo\/image\/\",\"url\":\"https:\/\/staging.consorziovaccherosse.blacksolutions.net\/wp-content\/uploads\/logo-consorzio-vacche-rosse-rgb.jpg\",\"contentUrl\":\"https:\/\/staging.consorziovaccherosse.blacksolutions.net\/wp-content\/uploads\/logo-consorzio-vacche-rosse-rgb.jpg\",\"width\":1920,\"height\":1920,\"caption\":\"Consorzio Vacche Rosse\"},\"image\":{\"@id\":\"https:\/\/staging.consorziovaccherosse.blacksolutions.net\/fr\/#\/schema\/logo\/image\/\"},\"sameAs\":[\"https:\/\/www.facebook.com\/consorziovaccherosse\",\"https:\/\/x.com\/consvaccherosse\"]}]}<\/script>\n<!-- \/ Yoast SEO Premium plugin. -->","yoast_head_json":{"title":"Vaches rousses de race Reggiana : histoire et caract\u00e9ristiques","description":"Les vaches rouges ont des origines tr\u00e8s anciennes et des caract\u00e9ristiques particuli\u00e8res. Le Parmigiano Reggiano est fabriqu\u00e9 \u00e0 partir de leur lait depuis neuf si\u00e8cles","robots":{"index":"noindex","follow":"follow","max-snippet":"max-snippet:-1","max-image-preview":"max-image-preview:large","max-video-preview":"max-video-preview:-1"},"og_locale":"fr_FR","og_type":"article","og_title":"La Race","og_description":"Les vaches rouges ont des origines tr\u00e8s anciennes et des caract\u00e9ristiques particuli\u00e8res. Le Parmigiano Reggiano est fabriqu\u00e9 \u00e0 partir de leur lait depuis neuf si\u00e8cles","og_url":"https:\/\/staging.consorziovaccherosse.blacksolutions.net\/fr\/la-race\/la-race-rouge-reggiana\/","og_site_name":"Consorzio Vacche Rosse","article_publisher":"https:\/\/www.facebook.com\/consorziovaccherosse","article_modified_time":"2022-10-12T12:04:52+00:00","og_image":[{"width":2000,"height":1500,"url":"https:\/\/staging.consorziovaccherosse.blacksolutions.net\/wp-content\/uploads\/storia-vacche-pascolo-IMG_6740.jpg","type":"image\/jpeg"}],"twitter_misc":{"Dur\u00e9e de lecture estim\u00e9e":"3 minutes"},"schema":{"@context":"https:\/\/schema.org","@graph":[{"@type":"WebPage","@id":"https:\/\/staging.consorziovaccherosse.blacksolutions.net\/fr\/la-race\/la-race-rouge-reggiana\/","url":"https:\/\/staging.consorziovaccherosse.blacksolutions.net\/fr\/la-race\/la-race-rouge-reggiana\/","name":"Vaches rousses de race Reggiana : histoire et caract\u00e9ristiques","isPartOf":{"@id":"https:\/\/staging.consorziovaccherosse.blacksolutions.net\/fr\/#website"},"primaryImageOfPage":{"@id":"https:\/\/staging.consorziovaccherosse.blacksolutions.net\/fr\/la-race\/la-race-rouge-reggiana\/#primaryimage"},"image":{"@id":"https:\/\/staging.consorziovaccherosse.blacksolutions.net\/fr\/la-race\/la-race-rouge-reggiana\/#primaryimage"},"thumbnailUrl":"https:\/\/staging.consorziovaccherosse.blacksolutions.net\/wp-content\/uploads\/storia-vacche-pascolo-IMG_6740.jpg","datePublished":"2013-04-05T19:33:44+00:00","dateModified":"2022-10-12T12:04:52+00:00","description":"Les vaches rouges ont des origines tr\u00e8s anciennes et des caract\u00e9ristiques particuli\u00e8res. Le Parmigiano Reggiano est fabriqu\u00e9 \u00e0 partir de leur lait depuis neuf si\u00e8cles","breadcrumb":{"@id":"https:\/\/staging.consorziovaccherosse.blacksolutions.net\/fr\/la-race\/la-race-rouge-reggiana\/#breadcrumb"},"inLanguage":"fr-FR","potentialAction":[{"@type":"ReadAction","target":["https:\/\/staging.consorziovaccherosse.blacksolutions.net\/fr\/la-race\/la-race-rouge-reggiana\/"]}]},{"@type":"ImageObject","inLanguage":"fr-FR","@id":"https:\/\/staging.consorziovaccherosse.blacksolutions.net\/fr\/la-race\/la-race-rouge-reggiana\/#primaryimage","url":"https:\/\/staging.consorziovaccherosse.blacksolutions.net\/wp-content\/uploads\/storia-vacche-pascolo-IMG_6740.jpg","contentUrl":"https:\/\/staging.consorziovaccherosse.blacksolutions.net\/wp-content\/uploads\/storia-vacche-pascolo-IMG_6740.jpg","width":2000,"height":1500},{"@type":"BreadcrumbList","@id":"https:\/\/staging.consorziovaccherosse.blacksolutions.net\/fr\/la-race\/la-race-rouge-reggiana\/#breadcrumb","itemListElement":[{"@type":"ListItem","position":1,"name":"Home","item":"https:\/\/staging.consorziovaccherosse.blacksolutions.net\/fr\/"},{"@type":"ListItem","position":2,"name":"La race","item":"https:\/\/staging.consorziovaccherosse.blacksolutions.net\/fr\/la-race\/"},{"@type":"ListItem","position":3,"name":"La Race"}]},{"@type":"WebSite","@id":"https:\/\/staging.consorziovaccherosse.blacksolutions.net\/fr\/#website","url":"https:\/\/staging.consorziovaccherosse.blacksolutions.net\/fr\/","name":"Consorzio Vacche Rosse","description":"Parmigiano Reggiano Vacche Rosse di Razza Reggiana","publisher":{"@id":"https:\/\/staging.consorziovaccherosse.blacksolutions.net\/fr\/#organization"},"potentialAction":[{"@type":"SearchAction","target":{"@type":"EntryPoint","urlTemplate":"https:\/\/staging.consorziovaccherosse.blacksolutions.net\/fr\/?s={search_term_string}"},"query-input":{"@type":"PropertyValueSpecification","valueRequired":true,"valueName":"search_term_string"}}],"inLanguage":"fr-FR"},{"@type":"Organization","@id":"https:\/\/staging.consorziovaccherosse.blacksolutions.net\/fr\/#organization","name":"Consorzio Vacche Rosse","url":"https:\/\/staging.consorziovaccherosse.blacksolutions.net\/fr\/","logo":{"@type":"ImageObject","inLanguage":"fr-FR","@id":"https:\/\/staging.consorziovaccherosse.blacksolutions.net\/fr\/#\/schema\/logo\/image\/","url":"https:\/\/staging.consorziovaccherosse.blacksolutions.net\/wp-content\/uploads\/logo-consorzio-vacche-rosse-rgb.jpg","contentUrl":"https:\/\/staging.consorziovaccherosse.blacksolutions.net\/wp-content\/uploads\/logo-consorzio-vacche-rosse-rgb.jpg","width":1920,"height":1920,"caption":"Consorzio Vacche Rosse"},"image":{"@id":"https:\/\/staging.consorziovaccherosse.blacksolutions.net\/fr\/#\/schema\/logo\/image\/"},"sameAs":["https:\/\/www.facebook.com\/consorziovaccherosse","https:\/\/x.com\/consvaccherosse"]}]}},"_links":{"self":[{"href":"https:\/\/staging.consorziovaccherosse.blacksolutions.net\/fr\/wp-json\/wp\/v2\/pages\/1676","targetHints":{"allow":["GET"]}}],"collection":[{"href":"https:\/\/staging.consorziovaccherosse.blacksolutions.net\/fr\/wp-json\/wp\/v2\/pages"}],"about":[{"href":"https:\/\/staging.consorziovaccherosse.blacksolutions.net\/fr\/wp-json\/wp\/v2\/types\/page"}],"author":[{"embeddable":true,"href":"https:\/\/staging.consorziovaccherosse.blacksolutions.net\/fr\/wp-json\/wp\/v2\/users\/80549"}],"replies":[{"embeddable":true,"href":"https:\/\/staging.consorziovaccherosse.blacksolutions.net\/fr\/wp-json\/wp\/v2\/comments?post=1676"}],"version-history":[{"count":10,"href":"https:\/\/staging.consorziovaccherosse.blacksolutions.net\/fr\/wp-json\/wp\/v2\/pages\/1676\/revisions"}],"predecessor-version":[{"id":154863,"href":"https:\/\/staging.consorziovaccherosse.blacksolutions.net\/fr\/wp-json\/wp\/v2\/pages\/1676\/revisions\/154863"}],"up":[{"embeddable":true,"href":"https:\/\/staging.consorziovaccherosse.blacksolutions.net\/fr\/wp-json\/wp\/v2\/pages\/134169"}],"wp:featuredmedia":[{"embeddable":true,"href":"https:\/\/staging.consorziovaccherosse.blacksolutions.net\/fr\/wp-json\/wp\/v2\/media\/154136"}],"wp:attachment":[{"href":"https:\/\/staging.consorziovaccherosse.blacksolutions.net\/fr\/wp-json\/wp\/v2\/media?parent=1676"}],"curies":[{"name":"wp","href":"https:\/\/api.w.org\/{rel}","templated":true}]}}