{"id":1680,"date":"2013-07-30T10:24:31","date_gmt":"2013-07-30T08:24:31","guid":{"rendered":"https:\/\/staging.consorziovaccherosse.blacksolutions.net\/?page_id=1680"},"modified":"2025-03-13T11:36:23","modified_gmt":"2025-03-13T10:36:23","slug":"visites-guidees","status":"publish","type":"page","link":"https:\/\/staging.consorziovaccherosse.blacksolutions.net\/fr\/en-savoir-plus\/visites-guidees\/","title":{"rendered":"Visites guid\u00e9es"},"content":{"rendered":"\n<div class=\"wp-block-group alignfull padding-top--none-from-tablet has-grey-light-background-color has-background\"><div class=\"wp-block-group__inner-container is-layout-flow wp-block-group-is-layout-flow\"><div id=\"bs-title-block_02736cc2187f47663b593a3e9c8ac109\" class=\"bs-block-title\">\n\t<div class=\"bs-block-title-wrapper\">\n        <div class=\"bs-block-title__inner\">\n                        <div class=\"bs-block-title__icon\">\n                <img decoding=\"async\" src=\"https:\/\/staging.consorziovaccherosse.blacksolutions.net\/wp-content\/uploads\/icon-vaccherosse.svg\" alt=\"\">\n            <\/div>\n                        <h2 class=\"bs-block-title__title\">\n                Un voyage inoubliable qui impliquera tous vos sens            <\/h2>\n\t\t\t            <p class=\"bs-block-title__subtitle\">\n\t\t\t\t                Voici comment r\u00e9server une visite guid\u00e9e                            <\/p>\n\t\t\t        <\/div>\n\t<\/div>\n<\/div>\n\n\n\n<div class=\"wp-block-columns is-layout-flex wp-container-core-columns-is-layout-9d6595d7 wp-block-columns-is-layout-flex\">\n<div class=\"wp-block-column is-layout-flow wp-block-column-is-layout-flow\">\n<p>La laiterie du Consortium Vaches Rouges de la Via Fratelli Rosselli \u00e0 Reggio Emilia vous attend pour vous emmener \u00e0 la d\u00e9couverte de la production du Parmigiano Reggiano Vaches Rouges. Nous vous montrerons, \u00e0 travers une visite guid\u00e9e, les diff\u00e9rentes \u00e9tapes de la transformation du lait. Vous verrez le travail de nos ma\u00eetres-fromagers engag\u00e9s dans des gestes anciens qui constituent toujours notre culture de production. La visite de notre laiterie est une exp\u00e9rience authentique et palpitante, adapt\u00e9e aux particuliers, groupes et \u00e9coles.<\/p>\n\n\n\n<p>Les visites peuvent avoir lieu toute l\u2019ann\u00e9e*, du lundi au vendredi, sur rendez-vous. Elles ont toujours lieu le matin (autour de 10h00) et durent environ deux heures. Pendant ce temps vous assisterez \u00e0 toutes les \u00e9tapes de la production du Parmigiano Reggiano Vaches Rouges, du lait \u00e0 la mise en meule, en passant par la traditionnelle \u00ab spinatura \u00bb (rupture du caill\u00e9). Vous pourrez en outre visiter l\u2019entrep\u00f4t de la Laiterie. Au terme de la visite, vous pourrez acheter \u00e0 la boutique de la fromagerie.<\/p>\n<\/div>\n\n\n\n<div class=\"wp-block-column is-layout-flow wp-block-column-is-layout-flow\">\n<figure class=\"wp-block-image size-quadrata\"><img decoding=\"async\" src=\"https:\/\/staging.consorziovaccherosse.blacksolutions.net\/wp-content\/uploads\/\/IMG_0469-1-800x800.jpg\" alt=\"\" class=\"wp-image-152460\"\/><\/figure>\n<\/div>\n<\/div>\n\n\n\n<figure class=\"wp-block-gallery has-nested-images columns-3 is-cropped wp-block-gallery-1 is-layout-flex wp-block-gallery-is-layout-flex\">\n<figure class=\"wp-block-image size-large\"><img decoding=\"async\" data-id=\"152467\" src=\"https:\/\/staging.consorziovaccherosse.blacksolutions.net\/wp-content\/uploads\/\/IMG_0507-1-1-1024x1024.jpg\" alt=\"\" class=\"wp-image-152467\"\/><\/figure>\n\n\n\n<figure class=\"wp-block-image size-large\"><img decoding=\"async\" data-id=\"152472\" src=\"https:\/\/staging.consorziovaccherosse.blacksolutions.net\/wp-content\/uploads\/\/IMG_8185-1-1024x1024.jpg\" alt=\"\" class=\"wp-image-152472\"\/><\/figure>\n\n\n\n<figure class=\"wp-block-image size-large\"><img decoding=\"async\" data-id=\"152476\" src=\"https:\/\/staging.consorziovaccherosse.blacksolutions.net\/wp-content\/uploads\/\/IMG_0490-2-1-1024x1024.jpg\" alt=\"\" class=\"wp-image-152476\"\/><\/figure>\n<\/figure>\n<\/div><\/div>\n\n\n<div id=\"bs-featured-card-block_192753f537b95ec32d1ca9ea2df7d8cd\" class=\"bs-block-featured-card margin-top--3xl-from-tablet has-grey-light-background-color alignfull\">\n\t<div class=\"bs-block-featured-card-wrapper\">\n        <div class=\"bs-block-featured-card__inner\">\n\n            <div class=\"bs-block-featured-card__content-wrapper\">\n                <h2 class=\"bs-block-featured-card__title \">\n                    Modalit\u00e9s de la visite                <\/h2>\n                                <p class=\"bs-block-featured-card__description \">\n                    La visite a lieu uniquement sur r\u00e9servation et elle est gratuite pour les \u00e9coliers de tous ordres et niveaux. Pour les groupes priv\u00e9s la contribution pour la visite est de 10 \u20ac par personne. Pour r\u00e9server votre visite, veuillez s\u2019il vous pla\u00eet nous contacter au num\u00e9ro <a href=\"tel:+390522294655\">+390522 294655<\/a> ou \u00e0 notre adresse e-mail <a h ref=\"mailto:visit@consorziovaccherosse.it\">visit@consorziovaccherosse.it<\/a>, au moins 15 jours \u00e0 l\u2019avance.                 <\/p>\n                                                <div class=\"bs-block-featured-card__cta\">\n                    <a class=\"bs-block-featured-card__cta-link btn \" href=\"mailto: visit@consorziovaccherosse.it\">R\u00e9servez votre visite guid\u00e9e maintenant<\/a>\n                <\/div>\n                            <\/div>\n\n            <div class=\"bs-block-featured-card__image-wrapper\">\n\t\t\t                <div class=\"bs-block-featured-card__image\">\n                    <img decoding=\"async\" src=\"https:\/\/staging.consorziovaccherosse.blacksolutions.net\/wp-content\/uploads\/visita-guidata-caseificio.jpg\" alt=\"\">\n                <\/div>\n\t\t\t            <\/div>\n\n        <\/div>\n\t<\/div>\n<\/div>\n\n\n<div id=\"bs-sibling-pages-block_da05f9c669b758abec03e523e1924550\" class=\"bs-block-sibling-pages\">\n\t<div class=\"bs-block-sibling-pages-wrapper\">\n        <div class=\"bs-block-sibling-pages__inner\">\n                        <h2 class=\"bs-block-sibling-pages__title\">D\u00e9couvrez :<\/h2>\n\t\t\t            <ul class=\"bs-block-sibling-pages__list\">\n            <li class=\"bs-block-sibling-pages__item\">\n                <a class=\"bs-block-sibling-pages__link btn btn-secondary\" href=\"https:\/\/staging.consorziovaccherosse.blacksolutions.net\/fr\/en-savoir-plus\/revendeurs\/\">Revendeurs<\/a>\n            <\/li>            <\/ul>\n        <\/div>\n\t<\/div>\n<\/div>\n","protected":false},"excerpt":{"rendered":"<p>La laiterie du Consortium Vaches Rouges de la Via Fratelli Rosselli \u00e0 Reggio Emilia vous attend pour vous emmener \u00e0 la d\u00e9couverte de la production du Parmigiano Reggiano Vaches Rouges. Nous vous montrerons, \u00e0 travers une visite guid\u00e9e, les diff\u00e9rentes \u00e9tapes de la transformation du lait. Vous verrez le travail de nos ma\u00eetres-fromagers engag\u00e9s dans [&hellip;]<\/p>\n","protected":false},"author":80549,"featured_media":154209,"parent":1678,"menu_order":110,"comment_status":"open","ping_status":"closed","template":"","meta":{"_acf_changed":false,"inline_featured_image":false,"_genesis_hide_title":true,"_genesis_hide_breadcrumbs":false,"_genesis_hide_singular_image":false,"_genesis_hide_footer_widgets":false,"_genesis_custom_body_class":"","_genesis_custom_post_class":"","_genesis_layout":"","footnotes":"","_links_to":"","_links_to_target":""},"class_list":{"0":"post-1680","1":"page","2":"type-page","3":"status-publish","4":"has-post-thumbnail","6":"entry"},"acf":[],"yoast_head":"<!-- This site is optimized with the Yoast SEO Premium plugin v24.3 (Yoast SEO v27.2) - https:\/\/yoast.com\/product\/yoast-seo-premium-wordpress\/ -->\n<title>Comment est n\u00e9 le Parmigiano Reggiano - Consorzio Vacche Rosse<\/title>\n<meta name=\"description\" content=\"Le Consortium des Vaches Rouges organise des visites guid\u00e9es de la Laiterie et des \u00e9curies des Vaches Rouges. Regardez les fromagers au travail, r\u00e9servez votre visite\" \/>\n<meta name=\"robots\" content=\"noindex, follow, max-snippet:-1, max-image-preview:large, max-video-preview:-1\" \/>\n<meta property=\"og:locale\" content=\"fr_FR\" \/>\n<meta property=\"og:type\" content=\"article\" \/>\n<meta property=\"og:title\" content=\"Visites guid\u00e9es\" \/>\n<meta property=\"og:description\" content=\"Le Consortium des Vaches Rouges organise des visites guid\u00e9es de la Laiterie et des \u00e9curies des Vaches Rouges. Regardez les fromagers au travail, r\u00e9servez votre visite\" \/>\n<meta property=\"og:url\" content=\"https:\/\/staging.consorziovaccherosse.blacksolutions.net\/fr\/en-savoir-plus\/visites-guidees\/\" \/>\n<meta property=\"og:site_name\" content=\"Consorzio Vacche Rosse\" \/>\n<meta property=\"article:publisher\" content=\"https:\/\/www.facebook.com\/consorziovaccherosse\" \/>\n<meta property=\"article:modified_time\" content=\"2025-03-13T10:36:23+00:00\" \/>\n<meta property=\"og:image\" content=\"https:\/\/staging.consorziovaccherosse.blacksolutions.net\/wp-content\/uploads\/visitaguidata-caseificio-cvr.jpg\" \/>\n\t<meta property=\"og:image:width\" content=\"2324\" \/>\n\t<meta property=\"og:image:height\" content=\"1743\" \/>\n\t<meta property=\"og:image:type\" content=\"image\/jpeg\" \/>\n<meta name=\"twitter:label1\" content=\"Dur\u00e9e de lecture estim\u00e9e\" \/>\n\t<meta name=\"twitter:data1\" content=\"2 minutes\" \/>\n<script type=\"application\/ld+json\" class=\"yoast-schema-graph\">{\"@context\":\"https:\/\/schema.org\",\"@graph\":[{\"@type\":\"WebPage\",\"@id\":\"https:\/\/staging.consorziovaccherosse.blacksolutions.net\/fr\/en-savoir-plus\/visites-guidees\/\",\"url\":\"https:\/\/staging.consorziovaccherosse.blacksolutions.net\/fr\/en-savoir-plus\/visites-guidees\/\",\"name\":\"Comment est n\u00e9 le Parmigiano Reggiano - Consorzio Vacche Rosse\",\"isPartOf\":{\"@id\":\"https:\/\/staging.consorziovaccherosse.blacksolutions.net\/fr\/#website\"},\"primaryImageOfPage\":{\"@id\":\"https:\/\/staging.consorziovaccherosse.blacksolutions.net\/fr\/en-savoir-plus\/visites-guidees\/#primaryimage\"},\"image\":{\"@id\":\"https:\/\/staging.consorziovaccherosse.blacksolutions.net\/fr\/en-savoir-plus\/visites-guidees\/#primaryimage\"},\"thumbnailUrl\":\"https:\/\/staging.consorziovaccherosse.blacksolutions.net\/wp-content\/uploads\/visitaguidata-caseificio-cvr.jpg\",\"datePublished\":\"2013-07-30T08:24:31+00:00\",\"dateModified\":\"2025-03-13T10:36:23+00:00\",\"description\":\"Le Consortium des Vaches Rouges organise des visites guid\u00e9es de la Laiterie et des \u00e9curies des Vaches Rouges. Regardez les fromagers au travail, r\u00e9servez votre visite\",\"breadcrumb\":{\"@id\":\"https:\/\/staging.consorziovaccherosse.blacksolutions.net\/fr\/en-savoir-plus\/visites-guidees\/#breadcrumb\"},\"inLanguage\":\"fr-FR\",\"potentialAction\":[{\"@type\":\"ReadAction\",\"target\":[\"https:\/\/staging.consorziovaccherosse.blacksolutions.net\/fr\/en-savoir-plus\/visites-guidees\/\"]}]},{\"@type\":\"ImageObject\",\"inLanguage\":\"fr-FR\",\"@id\":\"https:\/\/staging.consorziovaccherosse.blacksolutions.net\/fr\/en-savoir-plus\/visites-guidees\/#primaryimage\",\"url\":\"https:\/\/staging.consorziovaccherosse.blacksolutions.net\/wp-content\/uploads\/visitaguidata-caseificio-cvr.jpg\",\"contentUrl\":\"https:\/\/staging.consorziovaccherosse.blacksolutions.net\/wp-content\/uploads\/visitaguidata-caseificio-cvr.jpg\",\"width\":2324,\"height\":1743},{\"@type\":\"BreadcrumbList\",\"@id\":\"https:\/\/staging.consorziovaccherosse.blacksolutions.net\/fr\/en-savoir-plus\/visites-guidees\/#breadcrumb\",\"itemListElement\":[{\"@type\":\"ListItem\",\"position\":1,\"name\":\"Home\",\"item\":\"https:\/\/staging.consorziovaccherosse.blacksolutions.net\/fr\/\"},{\"@type\":\"ListItem\",\"position\":2,\"name\":\"En savoir plus\",\"item\":\"https:\/\/staging.consorziovaccherosse.blacksolutions.net\/fr\/en-savoir-plus\/\"},{\"@type\":\"ListItem\",\"position\":3,\"name\":\"Visites guid\u00e9es\"}]},{\"@type\":\"WebSite\",\"@id\":\"https:\/\/staging.consorziovaccherosse.blacksolutions.net\/fr\/#website\",\"url\":\"https:\/\/staging.consorziovaccherosse.blacksolutions.net\/fr\/\",\"name\":\"Consorzio Vacche Rosse\",\"description\":\"Parmigiano Reggiano Vacche Rosse di Razza Reggiana\",\"publisher\":{\"@id\":\"https:\/\/staging.consorziovaccherosse.blacksolutions.net\/fr\/#organization\"},\"potentialAction\":[{\"@type\":\"SearchAction\",\"target\":{\"@type\":\"EntryPoint\",\"urlTemplate\":\"https:\/\/staging.consorziovaccherosse.blacksolutions.net\/fr\/?s={search_term_string}\"},\"query-input\":{\"@type\":\"PropertyValueSpecification\",\"valueRequired\":true,\"valueName\":\"search_term_string\"}}],\"inLanguage\":\"fr-FR\"},{\"@type\":\"Organization\",\"@id\":\"https:\/\/staging.consorziovaccherosse.blacksolutions.net\/fr\/#organization\",\"name\":\"Consorzio Vacche Rosse\",\"url\":\"https:\/\/staging.consorziovaccherosse.blacksolutions.net\/fr\/\",\"logo\":{\"@type\":\"ImageObject\",\"inLanguage\":\"fr-FR\",\"@id\":\"https:\/\/staging.consorziovaccherosse.blacksolutions.net\/fr\/#\/schema\/logo\/image\/\",\"url\":\"https:\/\/staging.consorziovaccherosse.blacksolutions.net\/wp-content\/uploads\/logo-consorzio-vacche-rosse-rgb.jpg\",\"contentUrl\":\"https:\/\/staging.consorziovaccherosse.blacksolutions.net\/wp-content\/uploads\/logo-consorzio-vacche-rosse-rgb.jpg\",\"width\":1920,\"height\":1920,\"caption\":\"Consorzio Vacche Rosse\"},\"image\":{\"@id\":\"https:\/\/staging.consorziovaccherosse.blacksolutions.net\/fr\/#\/schema\/logo\/image\/\"},\"sameAs\":[\"https:\/\/www.facebook.com\/consorziovaccherosse\",\"https:\/\/x.com\/consvaccherosse\"]}]}<\/script>\n<!-- \/ Yoast SEO Premium plugin. -->","yoast_head_json":{"title":"Comment est n\u00e9 le Parmigiano Reggiano - Consorzio Vacche Rosse","description":"Le Consortium des Vaches Rouges organise des visites guid\u00e9es de la Laiterie et des \u00e9curies des Vaches Rouges. Regardez les fromagers au travail, r\u00e9servez votre visite","robots":{"index":"noindex","follow":"follow","max-snippet":"max-snippet:-1","max-image-preview":"max-image-preview:large","max-video-preview":"max-video-preview:-1"},"og_locale":"fr_FR","og_type":"article","og_title":"Visites guid\u00e9es","og_description":"Le Consortium des Vaches Rouges organise des visites guid\u00e9es de la Laiterie et des \u00e9curies des Vaches Rouges. Regardez les fromagers au travail, r\u00e9servez votre visite","og_url":"https:\/\/staging.consorziovaccherosse.blacksolutions.net\/fr\/en-savoir-plus\/visites-guidees\/","og_site_name":"Consorzio Vacche Rosse","article_publisher":"https:\/\/www.facebook.com\/consorziovaccherosse","article_modified_time":"2025-03-13T10:36:23+00:00","og_image":[{"width":2324,"height":1743,"url":"https:\/\/staging.consorziovaccherosse.blacksolutions.net\/wp-content\/uploads\/visitaguidata-caseificio-cvr.jpg","type":"image\/jpeg"}],"twitter_misc":{"Dur\u00e9e de lecture estim\u00e9e":"2 minutes"},"schema":{"@context":"https:\/\/schema.org","@graph":[{"@type":"WebPage","@id":"https:\/\/staging.consorziovaccherosse.blacksolutions.net\/fr\/en-savoir-plus\/visites-guidees\/","url":"https:\/\/staging.consorziovaccherosse.blacksolutions.net\/fr\/en-savoir-plus\/visites-guidees\/","name":"Comment est n\u00e9 le Parmigiano Reggiano - Consorzio Vacche Rosse","isPartOf":{"@id":"https:\/\/staging.consorziovaccherosse.blacksolutions.net\/fr\/#website"},"primaryImageOfPage":{"@id":"https:\/\/staging.consorziovaccherosse.blacksolutions.net\/fr\/en-savoir-plus\/visites-guidees\/#primaryimage"},"image":{"@id":"https:\/\/staging.consorziovaccherosse.blacksolutions.net\/fr\/en-savoir-plus\/visites-guidees\/#primaryimage"},"thumbnailUrl":"https:\/\/staging.consorziovaccherosse.blacksolutions.net\/wp-content\/uploads\/visitaguidata-caseificio-cvr.jpg","datePublished":"2013-07-30T08:24:31+00:00","dateModified":"2025-03-13T10:36:23+00:00","description":"Le Consortium des Vaches Rouges organise des visites guid\u00e9es de la Laiterie et des \u00e9curies des Vaches Rouges. Regardez les fromagers au travail, r\u00e9servez votre visite","breadcrumb":{"@id":"https:\/\/staging.consorziovaccherosse.blacksolutions.net\/fr\/en-savoir-plus\/visites-guidees\/#breadcrumb"},"inLanguage":"fr-FR","potentialAction":[{"@type":"ReadAction","target":["https:\/\/staging.consorziovaccherosse.blacksolutions.net\/fr\/en-savoir-plus\/visites-guidees\/"]}]},{"@type":"ImageObject","inLanguage":"fr-FR","@id":"https:\/\/staging.consorziovaccherosse.blacksolutions.net\/fr\/en-savoir-plus\/visites-guidees\/#primaryimage","url":"https:\/\/staging.consorziovaccherosse.blacksolutions.net\/wp-content\/uploads\/visitaguidata-caseificio-cvr.jpg","contentUrl":"https:\/\/staging.consorziovaccherosse.blacksolutions.net\/wp-content\/uploads\/visitaguidata-caseificio-cvr.jpg","width":2324,"height":1743},{"@type":"BreadcrumbList","@id":"https:\/\/staging.consorziovaccherosse.blacksolutions.net\/fr\/en-savoir-plus\/visites-guidees\/#breadcrumb","itemListElement":[{"@type":"ListItem","position":1,"name":"Home","item":"https:\/\/staging.consorziovaccherosse.blacksolutions.net\/fr\/"},{"@type":"ListItem","position":2,"name":"En savoir plus","item":"https:\/\/staging.consorziovaccherosse.blacksolutions.net\/fr\/en-savoir-plus\/"},{"@type":"ListItem","position":3,"name":"Visites guid\u00e9es"}]},{"@type":"WebSite","@id":"https:\/\/staging.consorziovaccherosse.blacksolutions.net\/fr\/#website","url":"https:\/\/staging.consorziovaccherosse.blacksolutions.net\/fr\/","name":"Consorzio Vacche Rosse","description":"Parmigiano Reggiano Vacche Rosse di Razza Reggiana","publisher":{"@id":"https:\/\/staging.consorziovaccherosse.blacksolutions.net\/fr\/#organization"},"potentialAction":[{"@type":"SearchAction","target":{"@type":"EntryPoint","urlTemplate":"https:\/\/staging.consorziovaccherosse.blacksolutions.net\/fr\/?s={search_term_string}"},"query-input":{"@type":"PropertyValueSpecification","valueRequired":true,"valueName":"search_term_string"}}],"inLanguage":"fr-FR"},{"@type":"Organization","@id":"https:\/\/staging.consorziovaccherosse.blacksolutions.net\/fr\/#organization","name":"Consorzio Vacche Rosse","url":"https:\/\/staging.consorziovaccherosse.blacksolutions.net\/fr\/","logo":{"@type":"ImageObject","inLanguage":"fr-FR","@id":"https:\/\/staging.consorziovaccherosse.blacksolutions.net\/fr\/#\/schema\/logo\/image\/","url":"https:\/\/staging.consorziovaccherosse.blacksolutions.net\/wp-content\/uploads\/logo-consorzio-vacche-rosse-rgb.jpg","contentUrl":"https:\/\/staging.consorziovaccherosse.blacksolutions.net\/wp-content\/uploads\/logo-consorzio-vacche-rosse-rgb.jpg","width":1920,"height":1920,"caption":"Consorzio Vacche Rosse"},"image":{"@id":"https:\/\/staging.consorziovaccherosse.blacksolutions.net\/fr\/#\/schema\/logo\/image\/"},"sameAs":["https:\/\/www.facebook.com\/consorziovaccherosse","https:\/\/x.com\/consvaccherosse"]}]}},"_links":{"self":[{"href":"https:\/\/staging.consorziovaccherosse.blacksolutions.net\/fr\/wp-json\/wp\/v2\/pages\/1680","targetHints":{"allow":["GET"]}}],"collection":[{"href":"https:\/\/staging.consorziovaccherosse.blacksolutions.net\/fr\/wp-json\/wp\/v2\/pages"}],"about":[{"href":"https:\/\/staging.consorziovaccherosse.blacksolutions.net\/fr\/wp-json\/wp\/v2\/types\/page"}],"author":[{"embeddable":true,"href":"https:\/\/staging.consorziovaccherosse.blacksolutions.net\/fr\/wp-json\/wp\/v2\/users\/80549"}],"replies":[{"embeddable":true,"href":"https:\/\/staging.consorziovaccherosse.blacksolutions.net\/fr\/wp-json\/wp\/v2\/comments?post=1680"}],"version-history":[{"count":12,"href":"https:\/\/staging.consorziovaccherosse.blacksolutions.net\/fr\/wp-json\/wp\/v2\/pages\/1680\/revisions"}],"predecessor-version":[{"id":176345,"href":"https:\/\/staging.consorziovaccherosse.blacksolutions.net\/fr\/wp-json\/wp\/v2\/pages\/1680\/revisions\/176345"}],"up":[{"embeddable":true,"href":"https:\/\/staging.consorziovaccherosse.blacksolutions.net\/fr\/wp-json\/wp\/v2\/pages\/1678"}],"wp:featuredmedia":[{"embeddable":true,"href":"https:\/\/staging.consorziovaccherosse.blacksolutions.net\/fr\/wp-json\/wp\/v2\/media\/154209"}],"wp:attachment":[{"href":"https:\/\/staging.consorziovaccherosse.blacksolutions.net\/fr\/wp-json\/wp\/v2\/media?parent=1680"}],"curies":[{"name":"wp","href":"https:\/\/api.w.org\/{rel}","templated":true}]}}