{"id":1695,"date":"2013-04-08T08:22:30","date_gmt":"2013-04-08T06:22:30","guid":{"rendered":"https:\/\/staging.consorziovaccherosse.blacksolutions.net\/?page_id=1695"},"modified":"2025-05-14T13:32:47","modified_gmt":"2025-05-14T11:32:47","slug":"pour-contacter-le-consortium-vaches-rouges","status":"publish","type":"page","link":"https:\/\/staging.consorziovaccherosse.blacksolutions.net\/fr\/pour-contacter-le-consortium-vaches-rouges\/","title":{"rendered":"Pour contacter le Consortium Vaches Rouges"},"content":{"rendered":"\n<div class=\"wp-block-columns margin-top--xl-from-tablet is-layout-flex wp-container-core-columns-is-layout-9d6595d7 wp-block-columns-is-layout-flex\">\n<div class=\"wp-block-column is-layout-flow wp-block-column-is-layout-flow\">\n<h2 class=\"wp-block-heading\" id=\"h-ou-nous-sommes\">O\u00f9 nous sommes:<\/h2>\n\n\n\n<iframe loading=\"lazy\" src=\"https:\/\/www.google.com\/maps\/embed?pb=!1m18!1m12!1m3!1d2836.487188689459!2d10.601907315552458!3d44.68925147909948!2m3!1f0!2f0!3f0!3m2!1i1024!2i768!4f13.1!3m3!1m2!1s0x47801c8ba66bafcf%3A0x3e48f424570fe142!2sConsorzio%20Vacche%20Rosse!5e0!3m2!1sit!2sit!4v1575882589037!5m2!1sit!2sit\" width=\"100%\" height=\"450\" frameborder=\"0\" style=\"border:0;\" allowfullscreen=\"\"><\/iframe>\n<\/div>\n\n\n\n<div class=\"wp-block-column is-layout-flow wp-block-column-is-layout-flow\">\n<h2 class=\"wp-block-heading\" id=\"h-horaire-d-ouverture\">Horaire d&rsquo;ouverture<\/h2>\n\n\n\n<p>La si\u00e8ge social du<br>Consortium Vaches Rouges est \u00e0<br>Via F.lli Rosselli 41\/2 &#8211;&nbsp;42123<br>Reggio Emilia (RE) &#8211; Italia<br><strong> GPS:<\/strong> 44\u00b041&rsquo;20.4&Prime;N 10\u00b036&rsquo;14.7&Prime;E<\/p>\n\n\n\n<p><strong>Tel: <\/strong><a href=\"tel:+390522294655\">+39 0522 294655<\/a>&nbsp;&#8211;&nbsp;<a href=\"tel:+390522292209\">0522 292209<\/a><br><strong>Email:<\/strong> <a href=\"mailto:info@consorziovaccherosse.it\">info@consorziovaccherosse.it<\/a><\/p>\n\n\n\n<p><strong>Heures d&rsquo;ouverture<\/strong><\/p>\n\n\n\n<p>La vente au d\u00e9tail est ouvert du lundi au samedi, <br>de 9:00 \u00e0 13:00 et de 15:00 \u00e0 19:00.<\/p>\n<\/div>\n<\/div>\n\n\n\n<h2 class=\"wp-block-heading has-text-align-center\" id=\"h-boutique-de-corte-enzola\">Boutique de Corte Enzola<\/h2>\n\n\n\n<p class=\"has-text-align-center\">\u00c0 partir du 12 octobre 2024, il y aura un nouveau point de vente pour les produits du Consortium Vacche Rosse : il s&rsquo;agit du Corte Enzola Shop, qui ouvrira ses portes dans la cour d&rsquo;une ancienne ferme. Il se trouve \u00e0 Reggio Emilia, Via Veneto 1.<\/p>\n\n\n\n<p class=\"has-text-align-center\"><strong>Horaires d&rsquo;ouverture<\/strong><br>Le magasin Corte Enzola est ouvert<br>Du lundi au samedi : 9 &#8211; 13 \/ 15 &#8211; 19<br><br><strong>Tel:<\/strong>\u00a0<a href=\"tel:+390522515220\">0522.515220<\/a><br><strong>E-mail:<\/strong>\u00a0<a href=\"mailto:corte.enzola@consorziovaccherosse.it\" target=\"_blank\" rel=\"noreferrer noopener\">corte.enzola@consorziovaccherosse.it<\/a><\/p>\n","protected":false},"excerpt":{"rendered":"<p>O\u00f9 nous sommes: Horaire d&rsquo;ouverture La si\u00e8ge social duConsortium Vaches Rouges est \u00e0Via F.lli Rosselli 41\/2 &#8211;&nbsp;42123Reggio Emilia (RE) &#8211; Italia GPS: 44\u00b041&rsquo;20.4&Prime;N 10\u00b036&rsquo;14.7&Prime;E Tel: +39 0522 294655&nbsp;&#8211;&nbsp;0522 292209Email: info@consorziovaccherosse.it Heures d&rsquo;ouverture La vente au d\u00e9tail est ouvert du lundi au samedi, de 9:00 \u00e0 13:00 et de 15:00 \u00e0 19:00. Boutique de Corte Enzola [&hellip;]<\/p>\n","protected":false},"author":80549,"featured_media":154139,"parent":0,"menu_order":117,"comment_status":"open","ping_status":"open","template":"","meta":{"_acf_changed":false,"inline_featured_image":false,"_genesis_hide_title":true,"_genesis_hide_breadcrumbs":false,"_genesis_hide_singular_image":false,"_genesis_hide_footer_widgets":false,"_genesis_custom_body_class":"","_genesis_custom_post_class":"","_genesis_layout":"","footnotes":"","_links_to":"","_links_to_target":""},"class_list":{"0":"post-1695","1":"page","2":"type-page","3":"status-publish","4":"has-post-thumbnail","6":"entry"},"acf":[],"yoast_head":"<!-- This site is optimized with the Yoast SEO Premium plugin v24.3 (Yoast SEO v27.2) - https:\/\/yoast.com\/product\/yoast-seo-premium-wordpress\/ -->\n<title>Acheter des Vaches Rouges Parmigiano Reggiano : heures d&#039;ouverture du Consortium des Vaches Rouges<\/title>\n<meta name=\"description\" content=\"\u00c0 Reggio Emilia, au Consorzio Vacche Rosse, vous pouvez acheter du Parmigiano Reggiano Vacche Rosse et tous les produits \u00e0 base de lait de la race Reggiana.\" \/>\n<meta name=\"robots\" content=\"noindex, follow, max-snippet:-1, max-image-preview:large, max-video-preview:-1\" \/>\n<meta property=\"og:locale\" content=\"fr_FR\" \/>\n<meta property=\"og:type\" content=\"article\" \/>\n<meta property=\"og:title\" content=\"Spaccio aziendale Consorzio Vacche Rosse - Orari di apertura\" \/>\n<meta property=\"og:description\" content=\"\u00c0 Reggio Emilia, au Consorzio Vacche Rosse, vous pouvez acheter du Parmigiano Reggiano Vacche Rosse et tous les produits \u00e0 base de lait de la race Reggiana.\" \/>\n<meta property=\"og:url\" content=\"https:\/\/staging.consorziovaccherosse.blacksolutions.net\/fr\/pour-contacter-le-consortium-vaches-rouges\/\" \/>\n<meta property=\"og:site_name\" content=\"Consorzio Vacche Rosse\" \/>\n<meta property=\"article:publisher\" content=\"https:\/\/www.facebook.com\/consorziovaccherosse\" \/>\n<meta property=\"article:modified_time\" content=\"2025-05-14T11:32:47+00:00\" \/>\n<meta property=\"og:image\" content=\"https:\/\/staging.consorziovaccherosse.blacksolutions.net\/wp-content\/uploads\/IMG_6633.jpg\" \/>\n<meta name=\"twitter:label1\" content=\"Dur\u00e9e de lecture estim\u00e9e\" \/>\n\t<meta name=\"twitter:data1\" content=\"1 minute\" \/>\n<script type=\"application\/ld+json\" class=\"yoast-schema-graph\">{\"@context\":\"https:\/\/schema.org\",\"@graph\":[{\"@type\":\"WebPage\",\"@id\":\"https:\/\/staging.consorziovaccherosse.blacksolutions.net\/fr\/pour-contacter-le-consortium-vaches-rouges\/\",\"url\":\"https:\/\/staging.consorziovaccherosse.blacksolutions.net\/fr\/pour-contacter-le-consortium-vaches-rouges\/\",\"name\":\"Acheter des Vaches Rouges Parmigiano Reggiano : heures d'ouverture du Consortium des Vaches Rouges\",\"isPartOf\":{\"@id\":\"https:\/\/staging.consorziovaccherosse.blacksolutions.net\/fr\/#website\"},\"primaryImageOfPage\":{\"@id\":\"https:\/\/staging.consorziovaccherosse.blacksolutions.net\/fr\/pour-contacter-le-consortium-vaches-rouges\/#primaryimage\"},\"image\":{\"@id\":\"https:\/\/staging.consorziovaccherosse.blacksolutions.net\/fr\/pour-contacter-le-consortium-vaches-rouges\/#primaryimage\"},\"thumbnailUrl\":\"https:\/\/staging.consorziovaccherosse.blacksolutions.net\/wp-content\/uploads\/contatti-hero-scaled-1.jpg\",\"datePublished\":\"2013-04-08T06:22:30+00:00\",\"dateModified\":\"2025-05-14T11:32:47+00:00\",\"description\":\"\u00c0 Reggio Emilia, au Consorzio Vacche Rosse, vous pouvez acheter du Parmigiano Reggiano Vacche Rosse et tous les produits \u00e0 base de lait de la race Reggiana.\",\"breadcrumb\":{\"@id\":\"https:\/\/staging.consorziovaccherosse.blacksolutions.net\/fr\/pour-contacter-le-consortium-vaches-rouges\/#breadcrumb\"},\"inLanguage\":\"fr-FR\",\"potentialAction\":[{\"@type\":\"ReadAction\",\"target\":[\"https:\/\/staging.consorziovaccherosse.blacksolutions.net\/fr\/pour-contacter-le-consortium-vaches-rouges\/\"]}]},{\"@type\":\"ImageObject\",\"inLanguage\":\"fr-FR\",\"@id\":\"https:\/\/staging.consorziovaccherosse.blacksolutions.net\/fr\/pour-contacter-le-consortium-vaches-rouges\/#primaryimage\",\"url\":\"https:\/\/staging.consorziovaccherosse.blacksolutions.net\/wp-content\/uploads\/contatti-hero-scaled-1.jpg\",\"contentUrl\":\"https:\/\/staging.consorziovaccherosse.blacksolutions.net\/wp-content\/uploads\/contatti-hero-scaled-1.jpg\",\"width\":2560,\"height\":1920},{\"@type\":\"BreadcrumbList\",\"@id\":\"https:\/\/staging.consorziovaccherosse.blacksolutions.net\/fr\/pour-contacter-le-consortium-vaches-rouges\/#breadcrumb\",\"itemListElement\":[{\"@type\":\"ListItem\",\"position\":1,\"name\":\"Home\",\"item\":\"https:\/\/staging.consorziovaccherosse.blacksolutions.net\/fr\/\"},{\"@type\":\"ListItem\",\"position\":2,\"name\":\"Pour contacter le Consortium Vaches Rouges\"}]},{\"@type\":\"WebSite\",\"@id\":\"https:\/\/staging.consorziovaccherosse.blacksolutions.net\/fr\/#website\",\"url\":\"https:\/\/staging.consorziovaccherosse.blacksolutions.net\/fr\/\",\"name\":\"Consorzio Vacche Rosse\",\"description\":\"Parmigiano Reggiano Vacche Rosse di Razza Reggiana\",\"publisher\":{\"@id\":\"https:\/\/staging.consorziovaccherosse.blacksolutions.net\/fr\/#organization\"},\"potentialAction\":[{\"@type\":\"SearchAction\",\"target\":{\"@type\":\"EntryPoint\",\"urlTemplate\":\"https:\/\/staging.consorziovaccherosse.blacksolutions.net\/fr\/?s={search_term_string}\"},\"query-input\":{\"@type\":\"PropertyValueSpecification\",\"valueRequired\":true,\"valueName\":\"search_term_string\"}}],\"inLanguage\":\"fr-FR\"},{\"@type\":\"Organization\",\"@id\":\"https:\/\/staging.consorziovaccherosse.blacksolutions.net\/fr\/#organization\",\"name\":\"Consorzio Vacche Rosse\",\"url\":\"https:\/\/staging.consorziovaccherosse.blacksolutions.net\/fr\/\",\"logo\":{\"@type\":\"ImageObject\",\"inLanguage\":\"fr-FR\",\"@id\":\"https:\/\/staging.consorziovaccherosse.blacksolutions.net\/fr\/#\/schema\/logo\/image\/\",\"url\":\"https:\/\/staging.consorziovaccherosse.blacksolutions.net\/wp-content\/uploads\/logo-consorzio-vacche-rosse-rgb.jpg\",\"contentUrl\":\"https:\/\/staging.consorziovaccherosse.blacksolutions.net\/wp-content\/uploads\/logo-consorzio-vacche-rosse-rgb.jpg\",\"width\":1920,\"height\":1920,\"caption\":\"Consorzio Vacche Rosse\"},\"image\":{\"@id\":\"https:\/\/staging.consorziovaccherosse.blacksolutions.net\/fr\/#\/schema\/logo\/image\/\"},\"sameAs\":[\"https:\/\/www.facebook.com\/consorziovaccherosse\",\"https:\/\/x.com\/consvaccherosse\"]}]}<\/script>\n<!-- \/ Yoast SEO Premium plugin. -->","yoast_head_json":{"title":"Acheter des Vaches Rouges Parmigiano Reggiano : heures d'ouverture du Consortium des Vaches Rouges","description":"\u00c0 Reggio Emilia, au Consorzio Vacche Rosse, vous pouvez acheter du Parmigiano Reggiano Vacche Rosse et tous les produits \u00e0 base de lait de la race Reggiana.","robots":{"index":"noindex","follow":"follow","max-snippet":"max-snippet:-1","max-image-preview":"max-image-preview:large","max-video-preview":"max-video-preview:-1"},"og_locale":"fr_FR","og_type":"article","og_title":"Spaccio aziendale Consorzio Vacche Rosse - Orari di apertura","og_description":"\u00c0 Reggio Emilia, au Consorzio Vacche Rosse, vous pouvez acheter du Parmigiano Reggiano Vacche Rosse et tous les produits \u00e0 base de lait de la race Reggiana.","og_url":"https:\/\/staging.consorziovaccherosse.blacksolutions.net\/fr\/pour-contacter-le-consortium-vaches-rouges\/","og_site_name":"Consorzio Vacche Rosse","article_publisher":"https:\/\/www.facebook.com\/consorziovaccherosse","article_modified_time":"2025-05-14T11:32:47+00:00","og_image":[{"url":"https:\/\/staging.consorziovaccherosse.blacksolutions.net\/wp-content\/uploads\/IMG_6633.jpg","type":"","width":"","height":""}],"twitter_misc":{"Dur\u00e9e de lecture estim\u00e9e":"1 minute"},"schema":{"@context":"https:\/\/schema.org","@graph":[{"@type":"WebPage","@id":"https:\/\/staging.consorziovaccherosse.blacksolutions.net\/fr\/pour-contacter-le-consortium-vaches-rouges\/","url":"https:\/\/staging.consorziovaccherosse.blacksolutions.net\/fr\/pour-contacter-le-consortium-vaches-rouges\/","name":"Acheter des Vaches Rouges Parmigiano Reggiano : heures d'ouverture du Consortium des Vaches Rouges","isPartOf":{"@id":"https:\/\/staging.consorziovaccherosse.blacksolutions.net\/fr\/#website"},"primaryImageOfPage":{"@id":"https:\/\/staging.consorziovaccherosse.blacksolutions.net\/fr\/pour-contacter-le-consortium-vaches-rouges\/#primaryimage"},"image":{"@id":"https:\/\/staging.consorziovaccherosse.blacksolutions.net\/fr\/pour-contacter-le-consortium-vaches-rouges\/#primaryimage"},"thumbnailUrl":"https:\/\/staging.consorziovaccherosse.blacksolutions.net\/wp-content\/uploads\/contatti-hero-scaled-1.jpg","datePublished":"2013-04-08T06:22:30+00:00","dateModified":"2025-05-14T11:32:47+00:00","description":"\u00c0 Reggio Emilia, au Consorzio Vacche Rosse, vous pouvez acheter du Parmigiano Reggiano Vacche Rosse et tous les produits \u00e0 base de lait de la race Reggiana.","breadcrumb":{"@id":"https:\/\/staging.consorziovaccherosse.blacksolutions.net\/fr\/pour-contacter-le-consortium-vaches-rouges\/#breadcrumb"},"inLanguage":"fr-FR","potentialAction":[{"@type":"ReadAction","target":["https:\/\/staging.consorziovaccherosse.blacksolutions.net\/fr\/pour-contacter-le-consortium-vaches-rouges\/"]}]},{"@type":"ImageObject","inLanguage":"fr-FR","@id":"https:\/\/staging.consorziovaccherosse.blacksolutions.net\/fr\/pour-contacter-le-consortium-vaches-rouges\/#primaryimage","url":"https:\/\/staging.consorziovaccherosse.blacksolutions.net\/wp-content\/uploads\/contatti-hero-scaled-1.jpg","contentUrl":"https:\/\/staging.consorziovaccherosse.blacksolutions.net\/wp-content\/uploads\/contatti-hero-scaled-1.jpg","width":2560,"height":1920},{"@type":"BreadcrumbList","@id":"https:\/\/staging.consorziovaccherosse.blacksolutions.net\/fr\/pour-contacter-le-consortium-vaches-rouges\/#breadcrumb","itemListElement":[{"@type":"ListItem","position":1,"name":"Home","item":"https:\/\/staging.consorziovaccherosse.blacksolutions.net\/fr\/"},{"@type":"ListItem","position":2,"name":"Pour contacter le Consortium Vaches Rouges"}]},{"@type":"WebSite","@id":"https:\/\/staging.consorziovaccherosse.blacksolutions.net\/fr\/#website","url":"https:\/\/staging.consorziovaccherosse.blacksolutions.net\/fr\/","name":"Consorzio Vacche Rosse","description":"Parmigiano Reggiano Vacche Rosse di Razza Reggiana","publisher":{"@id":"https:\/\/staging.consorziovaccherosse.blacksolutions.net\/fr\/#organization"},"potentialAction":[{"@type":"SearchAction","target":{"@type":"EntryPoint","urlTemplate":"https:\/\/staging.consorziovaccherosse.blacksolutions.net\/fr\/?s={search_term_string}"},"query-input":{"@type":"PropertyValueSpecification","valueRequired":true,"valueName":"search_term_string"}}],"inLanguage":"fr-FR"},{"@type":"Organization","@id":"https:\/\/staging.consorziovaccherosse.blacksolutions.net\/fr\/#organization","name":"Consorzio Vacche Rosse","url":"https:\/\/staging.consorziovaccherosse.blacksolutions.net\/fr\/","logo":{"@type":"ImageObject","inLanguage":"fr-FR","@id":"https:\/\/staging.consorziovaccherosse.blacksolutions.net\/fr\/#\/schema\/logo\/image\/","url":"https:\/\/staging.consorziovaccherosse.blacksolutions.net\/wp-content\/uploads\/logo-consorzio-vacche-rosse-rgb.jpg","contentUrl":"https:\/\/staging.consorziovaccherosse.blacksolutions.net\/wp-content\/uploads\/logo-consorzio-vacche-rosse-rgb.jpg","width":1920,"height":1920,"caption":"Consorzio Vacche Rosse"},"image":{"@id":"https:\/\/staging.consorziovaccherosse.blacksolutions.net\/fr\/#\/schema\/logo\/image\/"},"sameAs":["https:\/\/www.facebook.com\/consorziovaccherosse","https:\/\/x.com\/consvaccherosse"]}]}},"_links":{"self":[{"href":"https:\/\/staging.consorziovaccherosse.blacksolutions.net\/fr\/wp-json\/wp\/v2\/pages\/1695","targetHints":{"allow":["GET"]}}],"collection":[{"href":"https:\/\/staging.consorziovaccherosse.blacksolutions.net\/fr\/wp-json\/wp\/v2\/pages"}],"about":[{"href":"https:\/\/staging.consorziovaccherosse.blacksolutions.net\/fr\/wp-json\/wp\/v2\/types\/page"}],"author":[{"embeddable":true,"href":"https:\/\/staging.consorziovaccherosse.blacksolutions.net\/fr\/wp-json\/wp\/v2\/users\/80549"}],"replies":[{"embeddable":true,"href":"https:\/\/staging.consorziovaccherosse.blacksolutions.net\/fr\/wp-json\/wp\/v2\/comments?post=1695"}],"version-history":[{"count":16,"href":"https:\/\/staging.consorziovaccherosse.blacksolutions.net\/fr\/wp-json\/wp\/v2\/pages\/1695\/revisions"}],"predecessor-version":[{"id":177626,"href":"https:\/\/staging.consorziovaccherosse.blacksolutions.net\/fr\/wp-json\/wp\/v2\/pages\/1695\/revisions\/177626"}],"wp:featuredmedia":[{"embeddable":true,"href":"https:\/\/staging.consorziovaccherosse.blacksolutions.net\/fr\/wp-json\/wp\/v2\/media\/154139"}],"wp:attachment":[{"href":"https:\/\/staging.consorziovaccherosse.blacksolutions.net\/fr\/wp-json\/wp\/v2\/media?parent=1695"}],"curies":[{"name":"wp","href":"https:\/\/api.w.org\/{rel}","templated":true}]}}