{"id":123779,"date":"2013-03-22T13:50:29","date_gmt":"2013-03-22T12:50:29","guid":{"rendered":"https:\/\/staging.consorziovaccherosse.blacksolutions.net\/product\/gocce-in-vaschetta-3\/"},"modified":"2025-11-25T16:00:54","modified_gmt":"2025-11-25T15:00:54","slug":"copeaux-de-parmigiano-reggiano-de-vaches-rouges-emballes-170-g","status":"publish","type":"product","link":"https:\/\/staging.consorziovaccherosse.blacksolutions.net\/fr\/shop\/parmigiano-reggiano-vaches-rouges\/parmigianoreggiano-vachesrouges-24mois\/copeaux-de-parmigiano-reggiano-de-vaches-rouges-emballes-170-g\/","title":{"rendered":"Morceaux 170g Vacche Rosse Parmigiano Reggiano"},"content":{"rendered":"<p>Morceaux de Parmigiano Reggiano Vaches Rouges plus de 24 mois emball\u00e9s sous atmosph\u00e8re protectrice d&rsquo;environ 170g . Une solution pr\u00eate \u00e0 \u00eatre appr\u00e9ci\u00e9e en combinaison avec vins rouges, fruits frais et secs, miel et confitures.<\/p>\n","protected":false},"excerpt":{"rendered":"<p>Copeaux de Parmigiano Reggiano de Vaches Rouges emball\u00e9s sous atmosph\u00e8re protectrice. Une solution \u00ab pr\u00eate \u00bb \u00e0 \u00eatre appr\u00e9ci\u00e9e en combinaison avec vins rouges, fruits frais et secs, miel et confitures.<\/p>\n","protected":false},"featured_media":130617,"template":"","meta":{"_acf_changed":false,"inline_featured_image":false,"_genesis_hide_title":false,"_genesis_hide_breadcrumbs":false,"_genesis_hide_singular_image":false,"_genesis_hide_footer_widgets":false,"_genesis_custom_body_class":"","_genesis_custom_post_class":"","_genesis_layout":"","_links_to":"","_links_to_target":""},"product_brand":[],"product_cat":[3563,3567],"product_tag":[],"class_list":{"0":"post-123779","1":"product","2":"type-product","3":"status-publish","4":"has-post-thumbnail","6":"product_cat-parmigiano-reggiano-vaches-rouges","7":"product_cat-parmigianoreggiano-vachesrouges-24mois","8":"product_shipping_class-worldwide-fr","9":"entry","11":"first","12":"instock","13":"taxable","14":"shipping-taxable","15":"purchasable","16":"product-type-simple"},"acf":[],"yoast_head":"<!-- This site is optimized with the Yoast SEO Premium plugin v24.3 (Yoast SEO v27.2) - https:\/\/yoast.com\/product\/yoast-seo-premium-wordpress\/ -->\n<title>Morceaux 170g Vacche Rosse Parmigiano Reggiano 24 mois - Consorzio Vacche Rosse<\/title>\n<meta name=\"description\" content=\"Morceaux de Parmigiano-Reggiano di Vacche Rosse, maturation minimale de 24 mois. La solution &quot;toute pr\u00eate&quot; pour un en-cas, un ap\u00e9ritif ou une bouch\u00e9e rapide !\" \/>\n<meta name=\"robots\" content=\"noindex, follow, max-snippet:-1, max-image-preview:large, max-video-preview:-1\" \/>\n<meta property=\"og:locale\" content=\"fr_FR\" \/>\n<meta property=\"og:type\" content=\"article\" \/>\n<meta property=\"og:title\" content=\"Morceaux 170g Vacche Rosse Parmigiano Reggiano\" \/>\n<meta property=\"og:description\" content=\"Morceaux de Parmigiano-Reggiano di Vacche Rosse, maturation minimale de 24 mois. La solution &quot;toute pr\u00eate&quot; pour un en-cas, un ap\u00e9ritif ou une bouch\u00e9e rapide !\" \/>\n<meta property=\"og:url\" content=\"https:\/\/staging.consorziovaccherosse.blacksolutions.net\/fr\/shop\/parmigiano-reggiano-vaches-rouges\/parmigianoreggiano-vachesrouges-24mois\/copeaux-de-parmigiano-reggiano-de-vaches-rouges-emballes-170-g\/\" \/>\n<meta property=\"og:site_name\" content=\"Consorzio Vacche Rosse\" \/>\n<meta property=\"article:publisher\" content=\"https:\/\/www.facebook.com\/consorziovaccherosse\" \/>\n<meta property=\"article:modified_time\" content=\"2025-11-25T15:00:54+00:00\" \/>\n<meta property=\"og:image\" content=\"https:\/\/staging.consorziovaccherosse.blacksolutions.net\/wp-content\/uploads\/parmigiano-reggiano-vacche-rosse-24-mesi-bocconi.jpg\" \/>\n\t<meta property=\"og:image:width\" content=\"900\" \/>\n\t<meta property=\"og:image:height\" content=\"900\" \/>\n\t<meta property=\"og:image:type\" content=\"image\/jpeg\" \/>\n<meta name=\"twitter:label1\" content=\"Dur\u00e9e de lecture estim\u00e9e\" \/>\n\t<meta name=\"twitter:data1\" content=\"1 minute\" \/>\n<script type=\"application\/ld+json\" class=\"yoast-schema-graph\">{\"@context\":\"https:\/\/schema.org\",\"@graph\":[{\"@type\":\"WebPage\",\"@id\":\"https:\/\/staging.consorziovaccherosse.blacksolutions.net\/fr\/shop\/parmigiano-reggiano-vaches-rouges\/parmigianoreggiano-vachesrouges-24mois\/copeaux-de-parmigiano-reggiano-de-vaches-rouges-emballes-170-g\/\",\"url\":\"https:\/\/staging.consorziovaccherosse.blacksolutions.net\/fr\/shop\/parmigiano-reggiano-vaches-rouges\/parmigianoreggiano-vachesrouges-24mois\/copeaux-de-parmigiano-reggiano-de-vaches-rouges-emballes-170-g\/\",\"name\":\"Morceaux 170g Vacche Rosse Parmigiano Reggiano 24 mois - Consorzio Vacche Rosse\",\"isPartOf\":{\"@id\":\"https:\/\/staging.consorziovaccherosse.blacksolutions.net\/fr\/#website\"},\"primaryImageOfPage\":{\"@id\":\"https:\/\/staging.consorziovaccherosse.blacksolutions.net\/fr\/shop\/parmigiano-reggiano-vaches-rouges\/parmigianoreggiano-vachesrouges-24mois\/copeaux-de-parmigiano-reggiano-de-vaches-rouges-emballes-170-g\/#primaryimage\"},\"image\":{\"@id\":\"https:\/\/staging.consorziovaccherosse.blacksolutions.net\/fr\/shop\/parmigiano-reggiano-vaches-rouges\/parmigianoreggiano-vachesrouges-24mois\/copeaux-de-parmigiano-reggiano-de-vaches-rouges-emballes-170-g\/#primaryimage\"},\"thumbnailUrl\":\"https:\/\/staging.consorziovaccherosse.blacksolutions.net\/wp-content\/uploads\/parmigiano-reggiano-vacche-rosse-24-mesi-bocconi.jpg\",\"datePublished\":\"2013-03-22T12:50:29+00:00\",\"dateModified\":\"2025-11-25T15:00:54+00:00\",\"description\":\"Morceaux de Parmigiano-Reggiano di Vacche Rosse, maturation minimale de 24 mois. La solution \\\"toute pr\u00eate\\\" pour un en-cas, un ap\u00e9ritif ou une bouch\u00e9e rapide !\",\"breadcrumb\":{\"@id\":\"https:\/\/staging.consorziovaccherosse.blacksolutions.net\/fr\/shop\/parmigiano-reggiano-vaches-rouges\/parmigianoreggiano-vachesrouges-24mois\/copeaux-de-parmigiano-reggiano-de-vaches-rouges-emballes-170-g\/#breadcrumb\"},\"inLanguage\":\"fr-FR\",\"potentialAction\":[{\"@type\":\"ReadAction\",\"target\":[\"https:\/\/staging.consorziovaccherosse.blacksolutions.net\/fr\/shop\/parmigiano-reggiano-vaches-rouges\/parmigianoreggiano-vachesrouges-24mois\/copeaux-de-parmigiano-reggiano-de-vaches-rouges-emballes-170-g\/\"]}]},{\"@type\":\"ImageObject\",\"inLanguage\":\"fr-FR\",\"@id\":\"https:\/\/staging.consorziovaccherosse.blacksolutions.net\/fr\/shop\/parmigiano-reggiano-vaches-rouges\/parmigianoreggiano-vachesrouges-24mois\/copeaux-de-parmigiano-reggiano-de-vaches-rouges-emballes-170-g\/#primaryimage\",\"url\":\"https:\/\/staging.consorziovaccherosse.blacksolutions.net\/wp-content\/uploads\/parmigiano-reggiano-vacche-rosse-24-mesi-bocconi.jpg\",\"contentUrl\":\"https:\/\/staging.consorziovaccherosse.blacksolutions.net\/wp-content\/uploads\/parmigiano-reggiano-vacche-rosse-24-mesi-bocconi.jpg\",\"width\":900,\"height\":900,\"caption\":\"Bocconcini di Parmigiano Reggiano\"},{\"@type\":\"BreadcrumbList\",\"@id\":\"https:\/\/staging.consorziovaccherosse.blacksolutions.net\/fr\/shop\/parmigiano-reggiano-vaches-rouges\/parmigianoreggiano-vachesrouges-24mois\/copeaux-de-parmigiano-reggiano-de-vaches-rouges-emballes-170-g\/#breadcrumb\",\"itemListElement\":[{\"@type\":\"ListItem\",\"position\":1,\"name\":\"Home\",\"item\":\"https:\/\/staging.consorziovaccherosse.blacksolutions.net\/fr\/\"},{\"@type\":\"ListItem\",\"position\":2,\"name\":\"Boutique\",\"item\":\"https:\/\/staging.consorziovaccherosse.blacksolutions.net\/fr\/shop\/\"},{\"@type\":\"ListItem\",\"position\":3,\"name\":\"Morceaux 170g Vacche Rosse Parmigiano Reggiano\"}]},{\"@type\":\"WebSite\",\"@id\":\"https:\/\/staging.consorziovaccherosse.blacksolutions.net\/fr\/#website\",\"url\":\"https:\/\/staging.consorziovaccherosse.blacksolutions.net\/fr\/\",\"name\":\"Consorzio Vacche Rosse\",\"description\":\"Parmigiano Reggiano Vacche Rosse di Razza Reggiana\",\"publisher\":{\"@id\":\"https:\/\/staging.consorziovaccherosse.blacksolutions.net\/fr\/#organization\"},\"potentialAction\":[{\"@type\":\"SearchAction\",\"target\":{\"@type\":\"EntryPoint\",\"urlTemplate\":\"https:\/\/staging.consorziovaccherosse.blacksolutions.net\/fr\/?s={search_term_string}\"},\"query-input\":{\"@type\":\"PropertyValueSpecification\",\"valueRequired\":true,\"valueName\":\"search_term_string\"}}],\"inLanguage\":\"fr-FR\"},{\"@type\":\"Organization\",\"@id\":\"https:\/\/staging.consorziovaccherosse.blacksolutions.net\/fr\/#organization\",\"name\":\"Consorzio Vacche Rosse\",\"url\":\"https:\/\/staging.consorziovaccherosse.blacksolutions.net\/fr\/\",\"logo\":{\"@type\":\"ImageObject\",\"inLanguage\":\"fr-FR\",\"@id\":\"https:\/\/staging.consorziovaccherosse.blacksolutions.net\/fr\/#\/schema\/logo\/image\/\",\"url\":\"https:\/\/staging.consorziovaccherosse.blacksolutions.net\/wp-content\/uploads\/logo-consorzio-vacche-rosse-rgb.jpg\",\"contentUrl\":\"https:\/\/staging.consorziovaccherosse.blacksolutions.net\/wp-content\/uploads\/logo-consorzio-vacche-rosse-rgb.jpg\",\"width\":1920,\"height\":1920,\"caption\":\"Consorzio Vacche Rosse\"},\"image\":{\"@id\":\"https:\/\/staging.consorziovaccherosse.blacksolutions.net\/fr\/#\/schema\/logo\/image\/\"},\"sameAs\":[\"https:\/\/www.facebook.com\/consorziovaccherosse\",\"https:\/\/x.com\/consvaccherosse\"]}]}<\/script>\n<!-- \/ Yoast SEO Premium plugin. -->","yoast_head_json":{"title":"Morceaux 170g Vacche Rosse Parmigiano Reggiano 24 mois - Consorzio Vacche Rosse","description":"Morceaux de Parmigiano-Reggiano di Vacche Rosse, maturation minimale de 24 mois. La solution \"toute pr\u00eate\" pour un en-cas, un ap\u00e9ritif ou une bouch\u00e9e rapide !","robots":{"index":"noindex","follow":"follow","max-snippet":"max-snippet:-1","max-image-preview":"max-image-preview:large","max-video-preview":"max-video-preview:-1"},"og_locale":"fr_FR","og_type":"article","og_title":"Morceaux 170g Vacche Rosse Parmigiano Reggiano","og_description":"Morceaux de Parmigiano-Reggiano di Vacche Rosse, maturation minimale de 24 mois. La solution \"toute pr\u00eate\" pour un en-cas, un ap\u00e9ritif ou une bouch\u00e9e rapide !","og_url":"https:\/\/staging.consorziovaccherosse.blacksolutions.net\/fr\/shop\/parmigiano-reggiano-vaches-rouges\/parmigianoreggiano-vachesrouges-24mois\/copeaux-de-parmigiano-reggiano-de-vaches-rouges-emballes-170-g\/","og_site_name":"Consorzio Vacche Rosse","article_publisher":"https:\/\/www.facebook.com\/consorziovaccherosse","article_modified_time":"2025-11-25T15:00:54+00:00","og_image":[{"width":900,"height":900,"url":"https:\/\/staging.consorziovaccherosse.blacksolutions.net\/wp-content\/uploads\/parmigiano-reggiano-vacche-rosse-24-mesi-bocconi.jpg","type":"image\/jpeg"}],"twitter_misc":{"Dur\u00e9e de lecture estim\u00e9e":"1 minute"},"schema":{"@context":"https:\/\/schema.org","@graph":[{"@type":"WebPage","@id":"https:\/\/staging.consorziovaccherosse.blacksolutions.net\/fr\/shop\/parmigiano-reggiano-vaches-rouges\/parmigianoreggiano-vachesrouges-24mois\/copeaux-de-parmigiano-reggiano-de-vaches-rouges-emballes-170-g\/","url":"https:\/\/staging.consorziovaccherosse.blacksolutions.net\/fr\/shop\/parmigiano-reggiano-vaches-rouges\/parmigianoreggiano-vachesrouges-24mois\/copeaux-de-parmigiano-reggiano-de-vaches-rouges-emballes-170-g\/","name":"Morceaux 170g Vacche Rosse Parmigiano Reggiano 24 mois - Consorzio Vacche Rosse","isPartOf":{"@id":"https:\/\/staging.consorziovaccherosse.blacksolutions.net\/fr\/#website"},"primaryImageOfPage":{"@id":"https:\/\/staging.consorziovaccherosse.blacksolutions.net\/fr\/shop\/parmigiano-reggiano-vaches-rouges\/parmigianoreggiano-vachesrouges-24mois\/copeaux-de-parmigiano-reggiano-de-vaches-rouges-emballes-170-g\/#primaryimage"},"image":{"@id":"https:\/\/staging.consorziovaccherosse.blacksolutions.net\/fr\/shop\/parmigiano-reggiano-vaches-rouges\/parmigianoreggiano-vachesrouges-24mois\/copeaux-de-parmigiano-reggiano-de-vaches-rouges-emballes-170-g\/#primaryimage"},"thumbnailUrl":"https:\/\/staging.consorziovaccherosse.blacksolutions.net\/wp-content\/uploads\/parmigiano-reggiano-vacche-rosse-24-mesi-bocconi.jpg","datePublished":"2013-03-22T12:50:29+00:00","dateModified":"2025-11-25T15:00:54+00:00","description":"Morceaux de Parmigiano-Reggiano di Vacche Rosse, maturation minimale de 24 mois. La solution \"toute pr\u00eate\" pour un en-cas, un ap\u00e9ritif ou une bouch\u00e9e rapide !","breadcrumb":{"@id":"https:\/\/staging.consorziovaccherosse.blacksolutions.net\/fr\/shop\/parmigiano-reggiano-vaches-rouges\/parmigianoreggiano-vachesrouges-24mois\/copeaux-de-parmigiano-reggiano-de-vaches-rouges-emballes-170-g\/#breadcrumb"},"inLanguage":"fr-FR","potentialAction":[{"@type":"ReadAction","target":["https:\/\/staging.consorziovaccherosse.blacksolutions.net\/fr\/shop\/parmigiano-reggiano-vaches-rouges\/parmigianoreggiano-vachesrouges-24mois\/copeaux-de-parmigiano-reggiano-de-vaches-rouges-emballes-170-g\/"]}]},{"@type":"ImageObject","inLanguage":"fr-FR","@id":"https:\/\/staging.consorziovaccherosse.blacksolutions.net\/fr\/shop\/parmigiano-reggiano-vaches-rouges\/parmigianoreggiano-vachesrouges-24mois\/copeaux-de-parmigiano-reggiano-de-vaches-rouges-emballes-170-g\/#primaryimage","url":"https:\/\/staging.consorziovaccherosse.blacksolutions.net\/wp-content\/uploads\/parmigiano-reggiano-vacche-rosse-24-mesi-bocconi.jpg","contentUrl":"https:\/\/staging.consorziovaccherosse.blacksolutions.net\/wp-content\/uploads\/parmigiano-reggiano-vacche-rosse-24-mesi-bocconi.jpg","width":900,"height":900,"caption":"Bocconcini di Parmigiano Reggiano"},{"@type":"BreadcrumbList","@id":"https:\/\/staging.consorziovaccherosse.blacksolutions.net\/fr\/shop\/parmigiano-reggiano-vaches-rouges\/parmigianoreggiano-vachesrouges-24mois\/copeaux-de-parmigiano-reggiano-de-vaches-rouges-emballes-170-g\/#breadcrumb","itemListElement":[{"@type":"ListItem","position":1,"name":"Home","item":"https:\/\/staging.consorziovaccherosse.blacksolutions.net\/fr\/"},{"@type":"ListItem","position":2,"name":"Boutique","item":"https:\/\/staging.consorziovaccherosse.blacksolutions.net\/fr\/shop\/"},{"@type":"ListItem","position":3,"name":"Morceaux 170g Vacche Rosse Parmigiano Reggiano"}]},{"@type":"WebSite","@id":"https:\/\/staging.consorziovaccherosse.blacksolutions.net\/fr\/#website","url":"https:\/\/staging.consorziovaccherosse.blacksolutions.net\/fr\/","name":"Consorzio Vacche Rosse","description":"Parmigiano Reggiano Vacche Rosse di Razza Reggiana","publisher":{"@id":"https:\/\/staging.consorziovaccherosse.blacksolutions.net\/fr\/#organization"},"potentialAction":[{"@type":"SearchAction","target":{"@type":"EntryPoint","urlTemplate":"https:\/\/staging.consorziovaccherosse.blacksolutions.net\/fr\/?s={search_term_string}"},"query-input":{"@type":"PropertyValueSpecification","valueRequired":true,"valueName":"search_term_string"}}],"inLanguage":"fr-FR"},{"@type":"Organization","@id":"https:\/\/staging.consorziovaccherosse.blacksolutions.net\/fr\/#organization","name":"Consorzio Vacche Rosse","url":"https:\/\/staging.consorziovaccherosse.blacksolutions.net\/fr\/","logo":{"@type":"ImageObject","inLanguage":"fr-FR","@id":"https:\/\/staging.consorziovaccherosse.blacksolutions.net\/fr\/#\/schema\/logo\/image\/","url":"https:\/\/staging.consorziovaccherosse.blacksolutions.net\/wp-content\/uploads\/logo-consorzio-vacche-rosse-rgb.jpg","contentUrl":"https:\/\/staging.consorziovaccherosse.blacksolutions.net\/wp-content\/uploads\/logo-consorzio-vacche-rosse-rgb.jpg","width":1920,"height":1920,"caption":"Consorzio Vacche Rosse"},"image":{"@id":"https:\/\/staging.consorziovaccherosse.blacksolutions.net\/fr\/#\/schema\/logo\/image\/"},"sameAs":["https:\/\/www.facebook.com\/consorziovaccherosse","https:\/\/x.com\/consvaccherosse"]}]}},"_links":{"self":[{"href":"https:\/\/staging.consorziovaccherosse.blacksolutions.net\/fr\/wp-json\/wp\/v2\/product\/123779","targetHints":{"allow":["GET"]}}],"collection":[{"href":"https:\/\/staging.consorziovaccherosse.blacksolutions.net\/fr\/wp-json\/wp\/v2\/product"}],"about":[{"href":"https:\/\/staging.consorziovaccherosse.blacksolutions.net\/fr\/wp-json\/wp\/v2\/types\/product"}],"wp:featuredmedia":[{"embeddable":true,"href":"https:\/\/staging.consorziovaccherosse.blacksolutions.net\/fr\/wp-json\/wp\/v2\/media\/130617"}],"wp:attachment":[{"href":"https:\/\/staging.consorziovaccherosse.blacksolutions.net\/fr\/wp-json\/wp\/v2\/media?parent=123779"}],"wp:term":[{"taxonomy":"product_brand","embeddable":true,"href":"https:\/\/staging.consorziovaccherosse.blacksolutions.net\/fr\/wp-json\/wp\/v2\/product_brand?post=123779"},{"taxonomy":"product_cat","embeddable":true,"href":"https:\/\/staging.consorziovaccherosse.blacksolutions.net\/fr\/wp-json\/wp\/v2\/product_cat?post=123779"},{"taxonomy":"product_tag","embeddable":true,"href":"https:\/\/staging.consorziovaccherosse.blacksolutions.net\/fr\/wp-json\/wp\/v2\/product_tag?post=123779"}],"curies":[{"name":"wp","href":"https:\/\/api.w.org\/{rel}","templated":true}]}}