{"id":124115,"date":"2014-10-29T12:21:35","date_gmt":"2014-10-29T11:21:35","guid":{"rendered":"https:\/\/staging.consorziovaccherosse.blacksolutions.net\/product\/parmigiano-reggiano-vacche-rosse-24-mesi-conf-250gr\/"},"modified":"2025-11-25T15:59:58","modified_gmt":"2025-11-25T14:59:58","slug":"parmigiano-reggiano-de-vaches-rouges-24-mois-250gr","status":"publish","type":"product","link":"https:\/\/staging.consorziovaccherosse.blacksolutions.net\/fr\/shop\/parmigiano-reggiano-vaches-rouges\/parmigianoreggiano-vachesrouges-24mois\/parmigiano-reggiano-de-vaches-rouges-24-mois-250gr\/","title":{"rendered":"Parmigiano Reggiano Vacche Rosse plus de 24 mois 250g"},"content":{"rendered":"<p>Produit avec du lait des Vaches Rouges de race Reggiana exclusivement nourri avec de l&rsquo;herbe, du foin et des aliments certifi\u00e9s sans OGM et avec l&rsquo;interdiction absolue de toute technique alimentaire servant \u00e0 forcer la production, pour une attention maximale au bien-\u00eatre des animaux. Le Parmigiano Reggiano de cet assaisonnement peut \u00eatre associ\u00e9 \u00e0 des vins rouges plus ou moins structur\u00e9s, tels que le Sangiovese di Romagna, Gutturnio, Chianti Classico. Excellent si pr\u00e9sent\u00e9 coup\u00e9 en p\u00e9tales dans une salade de fruits (poires, pommes, pamplemousse, orange) assaisonn\u00e9e de vinaigre balsamique traditionnel de Reggio Emilia. Le fromage peut \u00eatre accompagn\u00e9 de tout type de fruits s\u00e9ch\u00e9s tels que les noix, les noisettes ou les figues.<\/p>\n","protected":false},"excerpt":{"rendered":"<p>Produit avec du lait des Vaches Rouges de race Reggiana exclusivement nourri avec de l&rsquo;herbe, du foin et des aliments certifi\u00e9s sans OGM et avec l&rsquo;interdiction absolue de toute technique alimentaire servant \u00e0 forcer la production, pour une attention maximale au bien-\u00eatre des animaux. Le Parmigiano Reggiano de cet assaisonnement peut \u00eatre associ\u00e9 \u00e0 des [&hellip;]<\/p>\n","protected":false},"featured_media":146146,"template":"","meta":{"_acf_changed":false,"inline_featured_image":false,"_genesis_hide_title":false,"_genesis_hide_breadcrumbs":false,"_genesis_hide_singular_image":false,"_genesis_hide_footer_widgets":false,"_genesis_custom_body_class":"","_genesis_custom_post_class":"","_genesis_layout":"","_links_to":"","_links_to_target":""},"product_brand":[],"product_cat":[3563,3567],"product_tag":[],"class_list":{"0":"post-124115","1":"product","2":"type-product","3":"status-publish","4":"has-post-thumbnail","6":"product_cat-parmigiano-reggiano-vaches-rouges","7":"product_cat-parmigianoreggiano-vachesrouges-24mois","8":"product_shipping_class-worldwide-fr","9":"entry","11":"first","12":"instock","13":"taxable","14":"shipping-taxable","15":"purchasable","16":"product-type-simple"},"acf":[],"yoast_head":"<!-- This site is optimized with the Yoast SEO Premium plugin v24.3 (Yoast SEO v27.2) - https:\/\/yoast.com\/product\/yoast-seo-premium-wordpress\/ -->\n<title>Parmigiano Reggiano Vacche Rosse plus de 24 mois 250g - Consorzio Vacche Rosse<\/title>\n<meta name=\"description\" content=\"Produit uniquement \u00e0 base de lait de race Reggiana: Parmigiano Reggiano Vacche Rosse a une saveur unique. M\u00fbri pendant 24 mois.\" \/>\n<meta name=\"robots\" content=\"noindex, follow, max-snippet:-1, max-image-preview:large, max-video-preview:-1\" \/>\n<meta property=\"og:locale\" content=\"fr_FR\" \/>\n<meta property=\"og:type\" content=\"article\" \/>\n<meta property=\"og:title\" content=\"Parmigiano Reggiano Vacche Rosse plus de 24 mois 250g\" \/>\n<meta property=\"og:description\" content=\"Produit uniquement \u00e0 base de lait de race Reggiana: Parmigiano Reggiano Vacche Rosse a une saveur unique. M\u00fbri pendant 24 mois.\" \/>\n<meta property=\"og:url\" content=\"https:\/\/staging.consorziovaccherosse.blacksolutions.net\/fr\/shop\/parmigiano-reggiano-vaches-rouges\/parmigianoreggiano-vachesrouges-24mois\/parmigiano-reggiano-de-vaches-rouges-24-mois-250gr\/\" \/>\n<meta property=\"og:site_name\" content=\"Consorzio Vacche Rosse\" \/>\n<meta property=\"article:publisher\" content=\"https:\/\/www.facebook.com\/consorziovaccherosse\" \/>\n<meta property=\"article:modified_time\" content=\"2025-11-25T14:59:58+00:00\" \/>\n<meta property=\"og:image\" content=\"https:\/\/staging.consorziovaccherosse.blacksolutions.net\/wp-content\/uploads\/parmigiano-reggiano-24-mesi-250gr.png\" \/>\n\t<meta property=\"og:image:width\" content=\"900\" \/>\n\t<meta property=\"og:image:height\" content=\"900\" \/>\n\t<meta property=\"og:image:type\" content=\"image\/png\" \/>\n<meta name=\"twitter:label1\" content=\"Dur\u00e9e de lecture estim\u00e9e\" \/>\n\t<meta name=\"twitter:data1\" content=\"1 minute\" \/>\n<script type=\"application\/ld+json\" class=\"yoast-schema-graph\">{\"@context\":\"https:\/\/schema.org\",\"@graph\":[{\"@type\":\"WebPage\",\"@id\":\"https:\/\/staging.consorziovaccherosse.blacksolutions.net\/fr\/shop\/parmigiano-reggiano-vaches-rouges\/parmigianoreggiano-vachesrouges-24mois\/parmigiano-reggiano-de-vaches-rouges-24-mois-250gr\/\",\"url\":\"https:\/\/staging.consorziovaccherosse.blacksolutions.net\/fr\/shop\/parmigiano-reggiano-vaches-rouges\/parmigianoreggiano-vachesrouges-24mois\/parmigiano-reggiano-de-vaches-rouges-24-mois-250gr\/\",\"name\":\"Parmigiano Reggiano Vacche Rosse plus de 24 mois 250g - Consorzio Vacche Rosse\",\"isPartOf\":{\"@id\":\"https:\/\/staging.consorziovaccherosse.blacksolutions.net\/fr\/#website\"},\"primaryImageOfPage\":{\"@id\":\"https:\/\/staging.consorziovaccherosse.blacksolutions.net\/fr\/shop\/parmigiano-reggiano-vaches-rouges\/parmigianoreggiano-vachesrouges-24mois\/parmigiano-reggiano-de-vaches-rouges-24-mois-250gr\/#primaryimage\"},\"image\":{\"@id\":\"https:\/\/staging.consorziovaccherosse.blacksolutions.net\/fr\/shop\/parmigiano-reggiano-vaches-rouges\/parmigianoreggiano-vachesrouges-24mois\/parmigiano-reggiano-de-vaches-rouges-24-mois-250gr\/#primaryimage\"},\"thumbnailUrl\":\"https:\/\/staging.consorziovaccherosse.blacksolutions.net\/wp-content\/uploads\/parmigiano-reggiano-24-mesi-250gr.png\",\"datePublished\":\"2014-10-29T11:21:35+00:00\",\"dateModified\":\"2025-11-25T14:59:58+00:00\",\"description\":\"Produit uniquement \u00e0 base de lait de race Reggiana: Parmigiano Reggiano Vacche Rosse a une saveur unique. M\u00fbri pendant 24 mois.\",\"breadcrumb\":{\"@id\":\"https:\/\/staging.consorziovaccherosse.blacksolutions.net\/fr\/shop\/parmigiano-reggiano-vaches-rouges\/parmigianoreggiano-vachesrouges-24mois\/parmigiano-reggiano-de-vaches-rouges-24-mois-250gr\/#breadcrumb\"},\"inLanguage\":\"fr-FR\",\"potentialAction\":[{\"@type\":\"ReadAction\",\"target\":[\"https:\/\/staging.consorziovaccherosse.blacksolutions.net\/fr\/shop\/parmigiano-reggiano-vaches-rouges\/parmigianoreggiano-vachesrouges-24mois\/parmigiano-reggiano-de-vaches-rouges-24-mois-250gr\/\"]}]},{\"@type\":\"ImageObject\",\"inLanguage\":\"fr-FR\",\"@id\":\"https:\/\/staging.consorziovaccherosse.blacksolutions.net\/fr\/shop\/parmigiano-reggiano-vaches-rouges\/parmigianoreggiano-vachesrouges-24mois\/parmigiano-reggiano-de-vaches-rouges-24-mois-250gr\/#primaryimage\",\"url\":\"https:\/\/staging.consorziovaccherosse.blacksolutions.net\/wp-content\/uploads\/parmigiano-reggiano-24-mesi-250gr.png\",\"contentUrl\":\"https:\/\/staging.consorziovaccherosse.blacksolutions.net\/wp-content\/uploads\/parmigiano-reggiano-24-mesi-250gr.png\",\"width\":900,\"height\":900},{\"@type\":\"BreadcrumbList\",\"@id\":\"https:\/\/staging.consorziovaccherosse.blacksolutions.net\/fr\/shop\/parmigiano-reggiano-vaches-rouges\/parmigianoreggiano-vachesrouges-24mois\/parmigiano-reggiano-de-vaches-rouges-24-mois-250gr\/#breadcrumb\",\"itemListElement\":[{\"@type\":\"ListItem\",\"position\":1,\"name\":\"Home\",\"item\":\"https:\/\/staging.consorziovaccherosse.blacksolutions.net\/fr\/\"},{\"@type\":\"ListItem\",\"position\":2,\"name\":\"Boutique\",\"item\":\"https:\/\/staging.consorziovaccherosse.blacksolutions.net\/fr\/shop\/\"},{\"@type\":\"ListItem\",\"position\":3,\"name\":\"Parmigiano Reggiano Vacche Rosse plus de 24 mois 250g\"}]},{\"@type\":\"WebSite\",\"@id\":\"https:\/\/staging.consorziovaccherosse.blacksolutions.net\/fr\/#website\",\"url\":\"https:\/\/staging.consorziovaccherosse.blacksolutions.net\/fr\/\",\"name\":\"Consorzio Vacche Rosse\",\"description\":\"Parmigiano Reggiano Vacche Rosse di Razza Reggiana\",\"publisher\":{\"@id\":\"https:\/\/staging.consorziovaccherosse.blacksolutions.net\/fr\/#organization\"},\"potentialAction\":[{\"@type\":\"SearchAction\",\"target\":{\"@type\":\"EntryPoint\",\"urlTemplate\":\"https:\/\/staging.consorziovaccherosse.blacksolutions.net\/fr\/?s={search_term_string}\"},\"query-input\":{\"@type\":\"PropertyValueSpecification\",\"valueRequired\":true,\"valueName\":\"search_term_string\"}}],\"inLanguage\":\"fr-FR\"},{\"@type\":\"Organization\",\"@id\":\"https:\/\/staging.consorziovaccherosse.blacksolutions.net\/fr\/#organization\",\"name\":\"Consorzio Vacche Rosse\",\"url\":\"https:\/\/staging.consorziovaccherosse.blacksolutions.net\/fr\/\",\"logo\":{\"@type\":\"ImageObject\",\"inLanguage\":\"fr-FR\",\"@id\":\"https:\/\/staging.consorziovaccherosse.blacksolutions.net\/fr\/#\/schema\/logo\/image\/\",\"url\":\"https:\/\/staging.consorziovaccherosse.blacksolutions.net\/wp-content\/uploads\/logo-consorzio-vacche-rosse-rgb.jpg\",\"contentUrl\":\"https:\/\/staging.consorziovaccherosse.blacksolutions.net\/wp-content\/uploads\/logo-consorzio-vacche-rosse-rgb.jpg\",\"width\":1920,\"height\":1920,\"caption\":\"Consorzio Vacche Rosse\"},\"image\":{\"@id\":\"https:\/\/staging.consorziovaccherosse.blacksolutions.net\/fr\/#\/schema\/logo\/image\/\"},\"sameAs\":[\"https:\/\/www.facebook.com\/consorziovaccherosse\",\"https:\/\/x.com\/consvaccherosse\"]}]}<\/script>\n<!-- \/ Yoast SEO Premium plugin. -->","yoast_head_json":{"title":"Parmigiano Reggiano Vacche Rosse plus de 24 mois 250g - Consorzio Vacche Rosse","description":"Produit uniquement \u00e0 base de lait de race Reggiana: Parmigiano Reggiano Vacche Rosse a une saveur unique. M\u00fbri pendant 24 mois.","robots":{"index":"noindex","follow":"follow","max-snippet":"max-snippet:-1","max-image-preview":"max-image-preview:large","max-video-preview":"max-video-preview:-1"},"og_locale":"fr_FR","og_type":"article","og_title":"Parmigiano Reggiano Vacche Rosse plus de 24 mois 250g","og_description":"Produit uniquement \u00e0 base de lait de race Reggiana: Parmigiano Reggiano Vacche Rosse a une saveur unique. M\u00fbri pendant 24 mois.","og_url":"https:\/\/staging.consorziovaccherosse.blacksolutions.net\/fr\/shop\/parmigiano-reggiano-vaches-rouges\/parmigianoreggiano-vachesrouges-24mois\/parmigiano-reggiano-de-vaches-rouges-24-mois-250gr\/","og_site_name":"Consorzio Vacche Rosse","article_publisher":"https:\/\/www.facebook.com\/consorziovaccherosse","article_modified_time":"2025-11-25T14:59:58+00:00","og_image":[{"width":900,"height":900,"url":"https:\/\/staging.consorziovaccherosse.blacksolutions.net\/wp-content\/uploads\/parmigiano-reggiano-24-mesi-250gr.png","type":"image\/png"}],"twitter_misc":{"Dur\u00e9e de lecture estim\u00e9e":"1 minute"},"schema":{"@context":"https:\/\/schema.org","@graph":[{"@type":"WebPage","@id":"https:\/\/staging.consorziovaccherosse.blacksolutions.net\/fr\/shop\/parmigiano-reggiano-vaches-rouges\/parmigianoreggiano-vachesrouges-24mois\/parmigiano-reggiano-de-vaches-rouges-24-mois-250gr\/","url":"https:\/\/staging.consorziovaccherosse.blacksolutions.net\/fr\/shop\/parmigiano-reggiano-vaches-rouges\/parmigianoreggiano-vachesrouges-24mois\/parmigiano-reggiano-de-vaches-rouges-24-mois-250gr\/","name":"Parmigiano Reggiano Vacche Rosse plus de 24 mois 250g - Consorzio Vacche Rosse","isPartOf":{"@id":"https:\/\/staging.consorziovaccherosse.blacksolutions.net\/fr\/#website"},"primaryImageOfPage":{"@id":"https:\/\/staging.consorziovaccherosse.blacksolutions.net\/fr\/shop\/parmigiano-reggiano-vaches-rouges\/parmigianoreggiano-vachesrouges-24mois\/parmigiano-reggiano-de-vaches-rouges-24-mois-250gr\/#primaryimage"},"image":{"@id":"https:\/\/staging.consorziovaccherosse.blacksolutions.net\/fr\/shop\/parmigiano-reggiano-vaches-rouges\/parmigianoreggiano-vachesrouges-24mois\/parmigiano-reggiano-de-vaches-rouges-24-mois-250gr\/#primaryimage"},"thumbnailUrl":"https:\/\/staging.consorziovaccherosse.blacksolutions.net\/wp-content\/uploads\/parmigiano-reggiano-24-mesi-250gr.png","datePublished":"2014-10-29T11:21:35+00:00","dateModified":"2025-11-25T14:59:58+00:00","description":"Produit uniquement \u00e0 base de lait de race Reggiana: Parmigiano Reggiano Vacche Rosse a une saveur unique. M\u00fbri pendant 24 mois.","breadcrumb":{"@id":"https:\/\/staging.consorziovaccherosse.blacksolutions.net\/fr\/shop\/parmigiano-reggiano-vaches-rouges\/parmigianoreggiano-vachesrouges-24mois\/parmigiano-reggiano-de-vaches-rouges-24-mois-250gr\/#breadcrumb"},"inLanguage":"fr-FR","potentialAction":[{"@type":"ReadAction","target":["https:\/\/staging.consorziovaccherosse.blacksolutions.net\/fr\/shop\/parmigiano-reggiano-vaches-rouges\/parmigianoreggiano-vachesrouges-24mois\/parmigiano-reggiano-de-vaches-rouges-24-mois-250gr\/"]}]},{"@type":"ImageObject","inLanguage":"fr-FR","@id":"https:\/\/staging.consorziovaccherosse.blacksolutions.net\/fr\/shop\/parmigiano-reggiano-vaches-rouges\/parmigianoreggiano-vachesrouges-24mois\/parmigiano-reggiano-de-vaches-rouges-24-mois-250gr\/#primaryimage","url":"https:\/\/staging.consorziovaccherosse.blacksolutions.net\/wp-content\/uploads\/parmigiano-reggiano-24-mesi-250gr.png","contentUrl":"https:\/\/staging.consorziovaccherosse.blacksolutions.net\/wp-content\/uploads\/parmigiano-reggiano-24-mesi-250gr.png","width":900,"height":900},{"@type":"BreadcrumbList","@id":"https:\/\/staging.consorziovaccherosse.blacksolutions.net\/fr\/shop\/parmigiano-reggiano-vaches-rouges\/parmigianoreggiano-vachesrouges-24mois\/parmigiano-reggiano-de-vaches-rouges-24-mois-250gr\/#breadcrumb","itemListElement":[{"@type":"ListItem","position":1,"name":"Home","item":"https:\/\/staging.consorziovaccherosse.blacksolutions.net\/fr\/"},{"@type":"ListItem","position":2,"name":"Boutique","item":"https:\/\/staging.consorziovaccherosse.blacksolutions.net\/fr\/shop\/"},{"@type":"ListItem","position":3,"name":"Parmigiano Reggiano Vacche Rosse plus de 24 mois 250g"}]},{"@type":"WebSite","@id":"https:\/\/staging.consorziovaccherosse.blacksolutions.net\/fr\/#website","url":"https:\/\/staging.consorziovaccherosse.blacksolutions.net\/fr\/","name":"Consorzio Vacche Rosse","description":"Parmigiano Reggiano Vacche Rosse di Razza Reggiana","publisher":{"@id":"https:\/\/staging.consorziovaccherosse.blacksolutions.net\/fr\/#organization"},"potentialAction":[{"@type":"SearchAction","target":{"@type":"EntryPoint","urlTemplate":"https:\/\/staging.consorziovaccherosse.blacksolutions.net\/fr\/?s={search_term_string}"},"query-input":{"@type":"PropertyValueSpecification","valueRequired":true,"valueName":"search_term_string"}}],"inLanguage":"fr-FR"},{"@type":"Organization","@id":"https:\/\/staging.consorziovaccherosse.blacksolutions.net\/fr\/#organization","name":"Consorzio Vacche Rosse","url":"https:\/\/staging.consorziovaccherosse.blacksolutions.net\/fr\/","logo":{"@type":"ImageObject","inLanguage":"fr-FR","@id":"https:\/\/staging.consorziovaccherosse.blacksolutions.net\/fr\/#\/schema\/logo\/image\/","url":"https:\/\/staging.consorziovaccherosse.blacksolutions.net\/wp-content\/uploads\/logo-consorzio-vacche-rosse-rgb.jpg","contentUrl":"https:\/\/staging.consorziovaccherosse.blacksolutions.net\/wp-content\/uploads\/logo-consorzio-vacche-rosse-rgb.jpg","width":1920,"height":1920,"caption":"Consorzio Vacche Rosse"},"image":{"@id":"https:\/\/staging.consorziovaccherosse.blacksolutions.net\/fr\/#\/schema\/logo\/image\/"},"sameAs":["https:\/\/www.facebook.com\/consorziovaccherosse","https:\/\/x.com\/consvaccherosse"]}]}},"_links":{"self":[{"href":"https:\/\/staging.consorziovaccherosse.blacksolutions.net\/fr\/wp-json\/wp\/v2\/product\/124115","targetHints":{"allow":["GET"]}}],"collection":[{"href":"https:\/\/staging.consorziovaccherosse.blacksolutions.net\/fr\/wp-json\/wp\/v2\/product"}],"about":[{"href":"https:\/\/staging.consorziovaccherosse.blacksolutions.net\/fr\/wp-json\/wp\/v2\/types\/product"}],"wp:featuredmedia":[{"embeddable":true,"href":"https:\/\/staging.consorziovaccherosse.blacksolutions.net\/fr\/wp-json\/wp\/v2\/media\/146146"}],"wp:attachment":[{"href":"https:\/\/staging.consorziovaccherosse.blacksolutions.net\/fr\/wp-json\/wp\/v2\/media?parent=124115"}],"wp:term":[{"taxonomy":"product_brand","embeddable":true,"href":"https:\/\/staging.consorziovaccherosse.blacksolutions.net\/fr\/wp-json\/wp\/v2\/product_brand?post=124115"},{"taxonomy":"product_cat","embeddable":true,"href":"https:\/\/staging.consorziovaccherosse.blacksolutions.net\/fr\/wp-json\/wp\/v2\/product_cat?post=124115"},{"taxonomy":"product_tag","embeddable":true,"href":"https:\/\/staging.consorziovaccherosse.blacksolutions.net\/fr\/wp-json\/wp\/v2\/product_tag?post=124115"}],"curies":[{"name":"wp","href":"https:\/\/api.w.org\/{rel}","templated":true}]}}