{"id":137129,"date":"2020-04-16T18:10:49","date_gmt":"2020-04-16T16:36:37","guid":{"rendered":"https:\/\/staging.consorziovaccherosse.blacksolutions.net\/?post_type=product&#038;p=137129"},"modified":"2025-07-07T23:48:34","modified_gmt":"2025-07-07T21:48:34","slug":"parmigiano-reggiano-de-vaches-rouges-plus-de-60-mois","status":"publish","type":"product","link":"https:\/\/staging.consorziovaccherosse.blacksolutions.net\/fr\/shop\/non class\u00e9\/parmigiano-reggiano-de-vaches-rouges-plus-de-60-mois\/","title":{"rendered":"Parmigiano Reggiano de Vaches Rouges plus de 60 mois"},"content":{"rendered":"<p>Fabriqu\u00e9 \u00e0 partir de lait de Vaches Rouges de race Reggiana aliment\u00e9es exclusivement avec de l\u2019herbe, du foin et des aliments certifi\u00e9s sans OGM et avec l&rsquo;interdiction absolue de toute technique alimentaire servant \u00e0 forcer la production, pour une attention maximale port\u00e9e au bien-\u00eatre animal.<\/p>\n","protected":false},"excerpt":{"rendered":"<p>Fabriqu\u00e9 \u00e0 partir de lait de Vaches Rouges de race Reggiana aliment\u00e9es exclusivement avec de l\u2019herbe, du foin et des aliments certifi\u00e9s sans OGM<\/p>\n","protected":false},"featured_media":148908,"template":"","meta":{"_acf_changed":false,"inline_featured_image":false,"_genesis_hide_title":false,"_genesis_hide_breadcrumbs":false,"_genesis_hide_singular_image":false,"_genesis_hide_footer_widgets":false,"_genesis_custom_body_class":"","_genesis_custom_post_class":"","_genesis_layout":"","_links_to":"","_links_to_target":""},"product_brand":[],"product_cat":[],"product_tag":[],"class_list":{"0":"post-137129","1":"product","2":"type-product","3":"status-publish","4":"has-post-thumbnail","6":"entry","8":"first","9":"instock","10":"featured","11":"taxable","12":"shipping-taxable","13":"purchasable","14":"product-type-simple"},"acf":[],"yoast_head":"<!-- This site is optimized with the Yoast SEO Premium plugin v24.3 (Yoast SEO v27.2) - https:\/\/yoast.com\/product\/yoast-seo-premium-wordpress\/ -->\n<title>Parmigiano Reggiano de Vaches Rouges plus de 60 mois - Consorzio Vacche Rosse<\/title>\n<meta name=\"description\" content=\"Parmigiano Reggiano de Vaches Rouges plus de 60 mois : achetez en ligne maintenant, produit uniquement avec du lait de la race Reggiana : unique et authentique !\" \/>\n<meta name=\"robots\" content=\"noindex, follow, max-snippet:-1, max-image-preview:large, max-video-preview:-1\" \/>\n<meta property=\"og:locale\" content=\"fr_FR\" \/>\n<meta property=\"og:type\" content=\"article\" \/>\n<meta property=\"og:title\" content=\"Parmigiano Reggiano de Vaches Rouges plus de 60 mois\" \/>\n<meta property=\"og:description\" content=\"Parmigiano Reggiano de Vaches Rouges plus de 60 mois : achetez en ligne maintenant, produit uniquement avec du lait de la race Reggiana : unique et authentique !\" \/>\n<meta property=\"og:url\" content=\"https:\/\/staging.consorziovaccherosse.blacksolutions.net\/fr\/shop\/non class\u00e9\/parmigiano-reggiano-de-vaches-rouges-plus-de-60-mois\/\" \/>\n<meta property=\"og:site_name\" content=\"Consorzio Vacche Rosse\" \/>\n<meta property=\"article:publisher\" content=\"https:\/\/www.facebook.com\/consorziovaccherosse\" \/>\n<meta property=\"article:modified_time\" content=\"2025-07-07T21:48:34+00:00\" \/>\n<meta property=\"og:image\" content=\"https:\/\/staging.consorziovaccherosse.blacksolutions.net\/wp-content\/uploads\/Parmigiano-Reggiano-60-mesi-2022.jpg\" \/>\n\t<meta property=\"og:image:width\" content=\"1350\" \/>\n\t<meta property=\"og:image:height\" content=\"1351\" \/>\n\t<meta property=\"og:image:type\" content=\"image\/jpeg\" \/>\n<script type=\"application\/ld+json\" class=\"yoast-schema-graph\">{\"@context\":\"https:\/\/schema.org\",\"@graph\":[{\"@type\":\"WebPage\",\"@id\":\"https:\/\/staging.consorziovaccherosse.blacksolutions.net\/fr\/shop\/non class\u00e9\/parmigiano-reggiano-de-vaches-rouges-plus-de-60-mois\/\",\"url\":\"https:\/\/staging.consorziovaccherosse.blacksolutions.net\/fr\/shop\/non class\u00e9\/parmigiano-reggiano-de-vaches-rouges-plus-de-60-mois\/\",\"name\":\"Parmigiano Reggiano de Vaches Rouges plus de 60 mois - Consorzio Vacche Rosse\",\"isPartOf\":{\"@id\":\"https:\/\/staging.consorziovaccherosse.blacksolutions.net\/fr\/#website\"},\"primaryImageOfPage\":{\"@id\":\"https:\/\/staging.consorziovaccherosse.blacksolutions.net\/fr\/shop\/non class\u00e9\/parmigiano-reggiano-de-vaches-rouges-plus-de-60-mois\/#primaryimage\"},\"image\":{\"@id\":\"https:\/\/staging.consorziovaccherosse.blacksolutions.net\/fr\/shop\/non class\u00e9\/parmigiano-reggiano-de-vaches-rouges-plus-de-60-mois\/#primaryimage\"},\"thumbnailUrl\":\"https:\/\/staging.consorziovaccherosse.blacksolutions.net\/wp-content\/uploads\/Parmigiano-Reggiano-60-mesi-2022.jpg\",\"datePublished\":\"2020-04-16T16:36:37+00:00\",\"dateModified\":\"2025-07-07T21:48:34+00:00\",\"description\":\"Parmigiano Reggiano de Vaches Rouges plus de 60 mois : achetez en ligne maintenant, produit uniquement avec du lait de la race Reggiana : unique et authentique !\",\"breadcrumb\":{\"@id\":\"https:\/\/staging.consorziovaccherosse.blacksolutions.net\/fr\/shop\/non class\u00e9\/parmigiano-reggiano-de-vaches-rouges-plus-de-60-mois\/#breadcrumb\"},\"inLanguage\":\"fr-FR\",\"potentialAction\":[{\"@type\":\"ReadAction\",\"target\":[\"https:\/\/staging.consorziovaccherosse.blacksolutions.net\/fr\/shop\/non class\u00e9\/parmigiano-reggiano-de-vaches-rouges-plus-de-60-mois\/\"]}]},{\"@type\":\"ImageObject\",\"inLanguage\":\"fr-FR\",\"@id\":\"https:\/\/staging.consorziovaccherosse.blacksolutions.net\/fr\/shop\/non class\u00e9\/parmigiano-reggiano-de-vaches-rouges-plus-de-60-mois\/#primaryimage\",\"url\":\"https:\/\/staging.consorziovaccherosse.blacksolutions.net\/wp-content\/uploads\/Parmigiano-Reggiano-60-mesi-2022.jpg\",\"contentUrl\":\"https:\/\/staging.consorziovaccherosse.blacksolutions.net\/wp-content\/uploads\/Parmigiano-Reggiano-60-mesi-2022.jpg\",\"width\":1350,\"height\":1351},{\"@type\":\"BreadcrumbList\",\"@id\":\"https:\/\/staging.consorziovaccherosse.blacksolutions.net\/fr\/shop\/non class\u00e9\/parmigiano-reggiano-de-vaches-rouges-plus-de-60-mois\/#breadcrumb\",\"itemListElement\":[{\"@type\":\"ListItem\",\"position\":1,\"name\":\"Home\",\"item\":\"https:\/\/staging.consorziovaccherosse.blacksolutions.net\/fr\/\"},{\"@type\":\"ListItem\",\"position\":2,\"name\":\"Boutique\",\"item\":\"https:\/\/staging.consorziovaccherosse.blacksolutions.net\/fr\/shop\/\"},{\"@type\":\"ListItem\",\"position\":3,\"name\":\"Parmigiano Reggiano de Vaches Rouges plus de 60 mois\"}]},{\"@type\":\"WebSite\",\"@id\":\"https:\/\/staging.consorziovaccherosse.blacksolutions.net\/fr\/#website\",\"url\":\"https:\/\/staging.consorziovaccherosse.blacksolutions.net\/fr\/\",\"name\":\"Consorzio Vacche Rosse\",\"description\":\"Parmigiano Reggiano Vacche Rosse di Razza Reggiana\",\"publisher\":{\"@id\":\"https:\/\/staging.consorziovaccherosse.blacksolutions.net\/fr\/#organization\"},\"potentialAction\":[{\"@type\":\"SearchAction\",\"target\":{\"@type\":\"EntryPoint\",\"urlTemplate\":\"https:\/\/staging.consorziovaccherosse.blacksolutions.net\/fr\/?s={search_term_string}\"},\"query-input\":{\"@type\":\"PropertyValueSpecification\",\"valueRequired\":true,\"valueName\":\"search_term_string\"}}],\"inLanguage\":\"fr-FR\"},{\"@type\":\"Organization\",\"@id\":\"https:\/\/staging.consorziovaccherosse.blacksolutions.net\/fr\/#organization\",\"name\":\"Consorzio Vacche Rosse\",\"url\":\"https:\/\/staging.consorziovaccherosse.blacksolutions.net\/fr\/\",\"logo\":{\"@type\":\"ImageObject\",\"inLanguage\":\"fr-FR\",\"@id\":\"https:\/\/staging.consorziovaccherosse.blacksolutions.net\/fr\/#\/schema\/logo\/image\/\",\"url\":\"https:\/\/staging.consorziovaccherosse.blacksolutions.net\/wp-content\/uploads\/logo-consorzio-vacche-rosse-rgb.jpg\",\"contentUrl\":\"https:\/\/staging.consorziovaccherosse.blacksolutions.net\/wp-content\/uploads\/logo-consorzio-vacche-rosse-rgb.jpg\",\"width\":1920,\"height\":1920,\"caption\":\"Consorzio Vacche Rosse\"},\"image\":{\"@id\":\"https:\/\/staging.consorziovaccherosse.blacksolutions.net\/fr\/#\/schema\/logo\/image\/\"},\"sameAs\":[\"https:\/\/www.facebook.com\/consorziovaccherosse\",\"https:\/\/x.com\/consvaccherosse\"]}]}<\/script>\n<!-- \/ Yoast SEO Premium plugin. -->","yoast_head_json":{"title":"Parmigiano Reggiano de Vaches Rouges plus de 60 mois - Consorzio Vacche Rosse","description":"Parmigiano Reggiano de Vaches Rouges plus de 60 mois : achetez en ligne maintenant, produit uniquement avec du lait de la race Reggiana : unique et authentique !","robots":{"index":"noindex","follow":"follow","max-snippet":"max-snippet:-1","max-image-preview":"max-image-preview:large","max-video-preview":"max-video-preview:-1"},"og_locale":"fr_FR","og_type":"article","og_title":"Parmigiano Reggiano de Vaches Rouges plus de 60 mois","og_description":"Parmigiano Reggiano de Vaches Rouges plus de 60 mois : achetez en ligne maintenant, produit uniquement avec du lait de la race Reggiana : unique et authentique !","og_url":"https:\/\/staging.consorziovaccherosse.blacksolutions.net\/fr\/shop\/non class\u00e9\/parmigiano-reggiano-de-vaches-rouges-plus-de-60-mois\/","og_site_name":"Consorzio Vacche Rosse","article_publisher":"https:\/\/www.facebook.com\/consorziovaccherosse","article_modified_time":"2025-07-07T21:48:34+00:00","og_image":[{"width":1350,"height":1351,"url":"https:\/\/staging.consorziovaccherosse.blacksolutions.net\/wp-content\/uploads\/Parmigiano-Reggiano-60-mesi-2022.jpg","type":"image\/jpeg"}],"schema":{"@context":"https:\/\/schema.org","@graph":[{"@type":"WebPage","@id":"https:\/\/staging.consorziovaccherosse.blacksolutions.net\/fr\/shop\/non class\u00e9\/parmigiano-reggiano-de-vaches-rouges-plus-de-60-mois\/","url":"https:\/\/staging.consorziovaccherosse.blacksolutions.net\/fr\/shop\/non class\u00e9\/parmigiano-reggiano-de-vaches-rouges-plus-de-60-mois\/","name":"Parmigiano Reggiano de Vaches Rouges plus de 60 mois - Consorzio Vacche Rosse","isPartOf":{"@id":"https:\/\/staging.consorziovaccherosse.blacksolutions.net\/fr\/#website"},"primaryImageOfPage":{"@id":"https:\/\/staging.consorziovaccherosse.blacksolutions.net\/fr\/shop\/non class\u00e9\/parmigiano-reggiano-de-vaches-rouges-plus-de-60-mois\/#primaryimage"},"image":{"@id":"https:\/\/staging.consorziovaccherosse.blacksolutions.net\/fr\/shop\/non class\u00e9\/parmigiano-reggiano-de-vaches-rouges-plus-de-60-mois\/#primaryimage"},"thumbnailUrl":"https:\/\/staging.consorziovaccherosse.blacksolutions.net\/wp-content\/uploads\/Parmigiano-Reggiano-60-mesi-2022.jpg","datePublished":"2020-04-16T16:36:37+00:00","dateModified":"2025-07-07T21:48:34+00:00","description":"Parmigiano Reggiano de Vaches Rouges plus de 60 mois : achetez en ligne maintenant, produit uniquement avec du lait de la race Reggiana : unique et authentique !","breadcrumb":{"@id":"https:\/\/staging.consorziovaccherosse.blacksolutions.net\/fr\/shop\/non class\u00e9\/parmigiano-reggiano-de-vaches-rouges-plus-de-60-mois\/#breadcrumb"},"inLanguage":"fr-FR","potentialAction":[{"@type":"ReadAction","target":["https:\/\/staging.consorziovaccherosse.blacksolutions.net\/fr\/shop\/non class\u00e9\/parmigiano-reggiano-de-vaches-rouges-plus-de-60-mois\/"]}]},{"@type":"ImageObject","inLanguage":"fr-FR","@id":"https:\/\/staging.consorziovaccherosse.blacksolutions.net\/fr\/shop\/non class\u00e9\/parmigiano-reggiano-de-vaches-rouges-plus-de-60-mois\/#primaryimage","url":"https:\/\/staging.consorziovaccherosse.blacksolutions.net\/wp-content\/uploads\/Parmigiano-Reggiano-60-mesi-2022.jpg","contentUrl":"https:\/\/staging.consorziovaccherosse.blacksolutions.net\/wp-content\/uploads\/Parmigiano-Reggiano-60-mesi-2022.jpg","width":1350,"height":1351},{"@type":"BreadcrumbList","@id":"https:\/\/staging.consorziovaccherosse.blacksolutions.net\/fr\/shop\/non class\u00e9\/parmigiano-reggiano-de-vaches-rouges-plus-de-60-mois\/#breadcrumb","itemListElement":[{"@type":"ListItem","position":1,"name":"Home","item":"https:\/\/staging.consorziovaccherosse.blacksolutions.net\/fr\/"},{"@type":"ListItem","position":2,"name":"Boutique","item":"https:\/\/staging.consorziovaccherosse.blacksolutions.net\/fr\/shop\/"},{"@type":"ListItem","position":3,"name":"Parmigiano Reggiano de Vaches Rouges plus de 60 mois"}]},{"@type":"WebSite","@id":"https:\/\/staging.consorziovaccherosse.blacksolutions.net\/fr\/#website","url":"https:\/\/staging.consorziovaccherosse.blacksolutions.net\/fr\/","name":"Consorzio Vacche Rosse","description":"Parmigiano Reggiano Vacche Rosse di Razza Reggiana","publisher":{"@id":"https:\/\/staging.consorziovaccherosse.blacksolutions.net\/fr\/#organization"},"potentialAction":[{"@type":"SearchAction","target":{"@type":"EntryPoint","urlTemplate":"https:\/\/staging.consorziovaccherosse.blacksolutions.net\/fr\/?s={search_term_string}"},"query-input":{"@type":"PropertyValueSpecification","valueRequired":true,"valueName":"search_term_string"}}],"inLanguage":"fr-FR"},{"@type":"Organization","@id":"https:\/\/staging.consorziovaccherosse.blacksolutions.net\/fr\/#organization","name":"Consorzio Vacche Rosse","url":"https:\/\/staging.consorziovaccherosse.blacksolutions.net\/fr\/","logo":{"@type":"ImageObject","inLanguage":"fr-FR","@id":"https:\/\/staging.consorziovaccherosse.blacksolutions.net\/fr\/#\/schema\/logo\/image\/","url":"https:\/\/staging.consorziovaccherosse.blacksolutions.net\/wp-content\/uploads\/logo-consorzio-vacche-rosse-rgb.jpg","contentUrl":"https:\/\/staging.consorziovaccherosse.blacksolutions.net\/wp-content\/uploads\/logo-consorzio-vacche-rosse-rgb.jpg","width":1920,"height":1920,"caption":"Consorzio Vacche Rosse"},"image":{"@id":"https:\/\/staging.consorziovaccherosse.blacksolutions.net\/fr\/#\/schema\/logo\/image\/"},"sameAs":["https:\/\/www.facebook.com\/consorziovaccherosse","https:\/\/x.com\/consvaccherosse"]}]}},"_links":{"self":[{"href":"https:\/\/staging.consorziovaccherosse.blacksolutions.net\/fr\/wp-json\/wp\/v2\/product\/137129","targetHints":{"allow":["GET"]}}],"collection":[{"href":"https:\/\/staging.consorziovaccherosse.blacksolutions.net\/fr\/wp-json\/wp\/v2\/product"}],"about":[{"href":"https:\/\/staging.consorziovaccherosse.blacksolutions.net\/fr\/wp-json\/wp\/v2\/types\/product"}],"wp:featuredmedia":[{"embeddable":true,"href":"https:\/\/staging.consorziovaccherosse.blacksolutions.net\/fr\/wp-json\/wp\/v2\/media\/148908"}],"wp:attachment":[{"href":"https:\/\/staging.consorziovaccherosse.blacksolutions.net\/fr\/wp-json\/wp\/v2\/media?parent=137129"}],"wp:term":[{"taxonomy":"product_brand","embeddable":true,"href":"https:\/\/staging.consorziovaccherosse.blacksolutions.net\/fr\/wp-json\/wp\/v2\/product_brand?post=137129"},{"taxonomy":"product_cat","embeddable":true,"href":"https:\/\/staging.consorziovaccherosse.blacksolutions.net\/fr\/wp-json\/wp\/v2\/product_cat?post=137129"},{"taxonomy":"product_tag","embeddable":true,"href":"https:\/\/staging.consorziovaccherosse.blacksolutions.net\/fr\/wp-json\/wp\/v2\/product_tag?post=137129"}],"curies":[{"name":"wp","href":"https:\/\/api.w.org\/{rel}","templated":true}]}}