{"id":146128,"date":"2021-10-01T16:25:20","date_gmt":"2021-10-01T14:26:59","guid":{"rendered":"https:\/\/staging.consorziovaccherosse.blacksolutions.net\/?post_type=product&#038;p=146128"},"modified":"2025-11-25T15:59:28","modified_gmt":"2025-11-25T14:59:28","slug":"parmigiano-reggiano-vaches-rouges-plus-de-40-mois-250gr","status":"publish","type":"product","link":"https:\/\/staging.consorziovaccherosse.blacksolutions.net\/fr\/shop\/parmigiano-reggiano-vaches-rouges\/parmigianoreggiano-vachesrouges-40mois\/parmigiano-reggiano-vaches-rouges-plus-de-40-mois-250gr\/","title":{"rendered":"Parmigiano Reggiano Vacche Rosse plus de 40 mois 250g"},"content":{"rendered":"<p>Produit avec du lait de Vaches Rouges de race Reggiana nourries exclusivement avec de l&rsquo;herbe, du foin et des aliments certifi\u00e9s sans OGM et avec l&rsquo;interdiction absolue de toute technique alimentaire servant \u00e0 forcer la production, pour la plus grande attention au bien-\u00eatre animal. Le Parmigiano Reggiano de cet assaisonnement peut \u00eatre accompagn\u00e9 d&rsquo;un Franciacorta Blanc de Blancs ou d&rsquo;un Ripasso della Valpolicella structur\u00e9. Indispensable en combinaison avec le Vinaigre Balsamique Traditionnel de Reggio Emilia Label Or, le miel de fleurs sauvages ou dans les salades aux c\u00e8pes frais.<\/p>\n","protected":false},"excerpt":{"rendered":"<p>Produit avec du lait de Vaches Rouges de race Reggiana nourries exclusivement avec de l&rsquo;herbe, du foin et des aliments certifi\u00e9s sans OGM et avec l&rsquo;interdiction absolue de toute technique alimentaire servant \u00e0 forcer la production, pour la plus grande attention au bien-\u00eatre animal. Le Parmigiano Reggiano de cet assaisonnement peut \u00eatre accompagn\u00e9 d&rsquo;un Franciacorta [&hellip;]<\/p>\n","protected":false},"featured_media":146154,"template":"","meta":{"_acf_changed":false,"inline_featured_image":false,"_genesis_hide_title":false,"_genesis_hide_breadcrumbs":false,"_genesis_hide_singular_image":false,"_genesis_hide_footer_widgets":false,"_genesis_custom_body_class":"","_genesis_custom_post_class":"","_genesis_layout":"","_links_to":"","_links_to_target":""},"product_brand":[],"product_cat":[3563,3575],"product_tag":[],"class_list":{"0":"post-146128","1":"product","2":"type-product","3":"status-publish","4":"has-post-thumbnail","6":"product_cat-parmigiano-reggiano-vaches-rouges","7":"product_cat-parmigianoreggiano-vachesrouges-40mois","8":"product_shipping_class-worldwide-fr","9":"entry","11":"first","12":"instock","13":"taxable","14":"shipping-taxable","15":"purchasable","16":"product-type-simple"},"acf":[],"yoast_head":"<!-- This site is optimized with the Yoast SEO Premium plugin v24.3 (Yoast SEO v27.2) - https:\/\/yoast.com\/product\/yoast-seo-premium-wordpress\/ -->\n<title>Parmigiano Reggiano Vacche Rosse plus de 40 mois 250g - Consorzio Vacche Rosse<\/title>\n<meta name=\"description\" content=\"Parmigiano Reggiano Vacche Rosse plus de 40 mois 250g : achetez en ligne maintenant, produit uniquement avec du lait de la race Reggiana : unique et authentique !\" \/>\n<meta name=\"robots\" content=\"noindex, follow, max-snippet:-1, max-image-preview:large, max-video-preview:-1\" \/>\n<meta property=\"og:locale\" content=\"fr_FR\" \/>\n<meta property=\"og:type\" content=\"article\" \/>\n<meta property=\"og:title\" content=\"Parmigiano Reggiano Vacche Rosse plus de 40 mois 250g\" \/>\n<meta property=\"og:description\" content=\"Parmigiano Reggiano Vacche Rosse plus de 40 mois 250g : achetez en ligne maintenant, produit uniquement avec du lait de la race Reggiana : unique et authentique !\" \/>\n<meta property=\"og:url\" content=\"https:\/\/staging.consorziovaccherosse.blacksolutions.net\/fr\/shop\/parmigiano-reggiano-vaches-rouges\/parmigianoreggiano-vachesrouges-40mois\/parmigiano-reggiano-vaches-rouges-plus-de-40-mois-250gr\/\" \/>\n<meta property=\"og:site_name\" content=\"Consorzio Vacche Rosse\" \/>\n<meta property=\"article:publisher\" content=\"https:\/\/www.facebook.com\/consorziovaccherosse\" \/>\n<meta property=\"article:modified_time\" content=\"2025-11-25T14:59:28+00:00\" \/>\n<meta property=\"og:image\" content=\"https:\/\/staging.consorziovaccherosse.blacksolutions.net\/wp-content\/uploads\/parmigiano-reggiano-40-mesi-250gr.jpg\" \/>\n\t<meta property=\"og:image:width\" content=\"900\" \/>\n\t<meta property=\"og:image:height\" content=\"900\" \/>\n\t<meta property=\"og:image:type\" content=\"image\/jpeg\" \/>\n<script type=\"application\/ld+json\" class=\"yoast-schema-graph\">{\"@context\":\"https:\/\/schema.org\",\"@graph\":[{\"@type\":\"WebPage\",\"@id\":\"https:\/\/staging.consorziovaccherosse.blacksolutions.net\/fr\/shop\/parmigiano-reggiano-vaches-rouges\/parmigianoreggiano-vachesrouges-40mois\/parmigiano-reggiano-vaches-rouges-plus-de-40-mois-250gr\/\",\"url\":\"https:\/\/staging.consorziovaccherosse.blacksolutions.net\/fr\/shop\/parmigiano-reggiano-vaches-rouges\/parmigianoreggiano-vachesrouges-40mois\/parmigiano-reggiano-vaches-rouges-plus-de-40-mois-250gr\/\",\"name\":\"Parmigiano Reggiano Vacche Rosse plus de 40 mois 250g - Consorzio Vacche Rosse\",\"isPartOf\":{\"@id\":\"https:\/\/staging.consorziovaccherosse.blacksolutions.net\/fr\/#website\"},\"primaryImageOfPage\":{\"@id\":\"https:\/\/staging.consorziovaccherosse.blacksolutions.net\/fr\/shop\/parmigiano-reggiano-vaches-rouges\/parmigianoreggiano-vachesrouges-40mois\/parmigiano-reggiano-vaches-rouges-plus-de-40-mois-250gr\/#primaryimage\"},\"image\":{\"@id\":\"https:\/\/staging.consorziovaccherosse.blacksolutions.net\/fr\/shop\/parmigiano-reggiano-vaches-rouges\/parmigianoreggiano-vachesrouges-40mois\/parmigiano-reggiano-vaches-rouges-plus-de-40-mois-250gr\/#primaryimage\"},\"thumbnailUrl\":\"https:\/\/staging.consorziovaccherosse.blacksolutions.net\/wp-content\/uploads\/parmigiano-reggiano-40-mesi-250gr.jpg\",\"datePublished\":\"2021-10-01T14:26:59+00:00\",\"dateModified\":\"2025-11-25T14:59:28+00:00\",\"description\":\"Parmigiano Reggiano Vacche Rosse plus de 40 mois 250g : achetez en ligne maintenant, produit uniquement avec du lait de la race Reggiana : unique et authentique !\",\"breadcrumb\":{\"@id\":\"https:\/\/staging.consorziovaccherosse.blacksolutions.net\/fr\/shop\/parmigiano-reggiano-vaches-rouges\/parmigianoreggiano-vachesrouges-40mois\/parmigiano-reggiano-vaches-rouges-plus-de-40-mois-250gr\/#breadcrumb\"},\"inLanguage\":\"fr-FR\",\"potentialAction\":[{\"@type\":\"ReadAction\",\"target\":[\"https:\/\/staging.consorziovaccherosse.blacksolutions.net\/fr\/shop\/parmigiano-reggiano-vaches-rouges\/parmigianoreggiano-vachesrouges-40mois\/parmigiano-reggiano-vaches-rouges-plus-de-40-mois-250gr\/\"]}]},{\"@type\":\"ImageObject\",\"inLanguage\":\"fr-FR\",\"@id\":\"https:\/\/staging.consorziovaccherosse.blacksolutions.net\/fr\/shop\/parmigiano-reggiano-vaches-rouges\/parmigianoreggiano-vachesrouges-40mois\/parmigiano-reggiano-vaches-rouges-plus-de-40-mois-250gr\/#primaryimage\",\"url\":\"https:\/\/staging.consorziovaccherosse.blacksolutions.net\/wp-content\/uploads\/parmigiano-reggiano-40-mesi-250gr.jpg\",\"contentUrl\":\"https:\/\/staging.consorziovaccherosse.blacksolutions.net\/wp-content\/uploads\/parmigiano-reggiano-40-mesi-250gr.jpg\",\"width\":900,\"height\":900},{\"@type\":\"BreadcrumbList\",\"@id\":\"https:\/\/staging.consorziovaccherosse.blacksolutions.net\/fr\/shop\/parmigiano-reggiano-vaches-rouges\/parmigianoreggiano-vachesrouges-40mois\/parmigiano-reggiano-vaches-rouges-plus-de-40-mois-250gr\/#breadcrumb\",\"itemListElement\":[{\"@type\":\"ListItem\",\"position\":1,\"name\":\"Home\",\"item\":\"https:\/\/staging.consorziovaccherosse.blacksolutions.net\/fr\/\"},{\"@type\":\"ListItem\",\"position\":2,\"name\":\"Boutique\",\"item\":\"https:\/\/staging.consorziovaccherosse.blacksolutions.net\/fr\/shop\/\"},{\"@type\":\"ListItem\",\"position\":3,\"name\":\"Parmigiano Reggiano Vacche Rosse plus de 40 mois 250g\"}]},{\"@type\":\"WebSite\",\"@id\":\"https:\/\/staging.consorziovaccherosse.blacksolutions.net\/fr\/#website\",\"url\":\"https:\/\/staging.consorziovaccherosse.blacksolutions.net\/fr\/\",\"name\":\"Consorzio Vacche Rosse\",\"description\":\"Parmigiano Reggiano Vacche Rosse di Razza Reggiana\",\"publisher\":{\"@id\":\"https:\/\/staging.consorziovaccherosse.blacksolutions.net\/fr\/#organization\"},\"potentialAction\":[{\"@type\":\"SearchAction\",\"target\":{\"@type\":\"EntryPoint\",\"urlTemplate\":\"https:\/\/staging.consorziovaccherosse.blacksolutions.net\/fr\/?s={search_term_string}\"},\"query-input\":{\"@type\":\"PropertyValueSpecification\",\"valueRequired\":true,\"valueName\":\"search_term_string\"}}],\"inLanguage\":\"fr-FR\"},{\"@type\":\"Organization\",\"@id\":\"https:\/\/staging.consorziovaccherosse.blacksolutions.net\/fr\/#organization\",\"name\":\"Consorzio Vacche Rosse\",\"url\":\"https:\/\/staging.consorziovaccherosse.blacksolutions.net\/fr\/\",\"logo\":{\"@type\":\"ImageObject\",\"inLanguage\":\"fr-FR\",\"@id\":\"https:\/\/staging.consorziovaccherosse.blacksolutions.net\/fr\/#\/schema\/logo\/image\/\",\"url\":\"https:\/\/staging.consorziovaccherosse.blacksolutions.net\/wp-content\/uploads\/logo-consorzio-vacche-rosse-rgb.jpg\",\"contentUrl\":\"https:\/\/staging.consorziovaccherosse.blacksolutions.net\/wp-content\/uploads\/logo-consorzio-vacche-rosse-rgb.jpg\",\"width\":1920,\"height\":1920,\"caption\":\"Consorzio Vacche Rosse\"},\"image\":{\"@id\":\"https:\/\/staging.consorziovaccherosse.blacksolutions.net\/fr\/#\/schema\/logo\/image\/\"},\"sameAs\":[\"https:\/\/www.facebook.com\/consorziovaccherosse\",\"https:\/\/x.com\/consvaccherosse\"]}]}<\/script>\n<!-- \/ Yoast SEO Premium plugin. -->","yoast_head_json":{"title":"Parmigiano Reggiano Vacche Rosse plus de 40 mois 250g - Consorzio Vacche Rosse","description":"Parmigiano Reggiano Vacche Rosse plus de 40 mois 250g : achetez en ligne maintenant, produit uniquement avec du lait de la race Reggiana : unique et authentique !","robots":{"index":"noindex","follow":"follow","max-snippet":"max-snippet:-1","max-image-preview":"max-image-preview:large","max-video-preview":"max-video-preview:-1"},"og_locale":"fr_FR","og_type":"article","og_title":"Parmigiano Reggiano Vacche Rosse plus de 40 mois 250g","og_description":"Parmigiano Reggiano Vacche Rosse plus de 40 mois 250g : achetez en ligne maintenant, produit uniquement avec du lait de la race Reggiana : unique et authentique !","og_url":"https:\/\/staging.consorziovaccherosse.blacksolutions.net\/fr\/shop\/parmigiano-reggiano-vaches-rouges\/parmigianoreggiano-vachesrouges-40mois\/parmigiano-reggiano-vaches-rouges-plus-de-40-mois-250gr\/","og_site_name":"Consorzio Vacche Rosse","article_publisher":"https:\/\/www.facebook.com\/consorziovaccherosse","article_modified_time":"2025-11-25T14:59:28+00:00","og_image":[{"width":900,"height":900,"url":"https:\/\/staging.consorziovaccherosse.blacksolutions.net\/wp-content\/uploads\/parmigiano-reggiano-40-mesi-250gr.jpg","type":"image\/jpeg"}],"schema":{"@context":"https:\/\/schema.org","@graph":[{"@type":"WebPage","@id":"https:\/\/staging.consorziovaccherosse.blacksolutions.net\/fr\/shop\/parmigiano-reggiano-vaches-rouges\/parmigianoreggiano-vachesrouges-40mois\/parmigiano-reggiano-vaches-rouges-plus-de-40-mois-250gr\/","url":"https:\/\/staging.consorziovaccherosse.blacksolutions.net\/fr\/shop\/parmigiano-reggiano-vaches-rouges\/parmigianoreggiano-vachesrouges-40mois\/parmigiano-reggiano-vaches-rouges-plus-de-40-mois-250gr\/","name":"Parmigiano Reggiano Vacche Rosse plus de 40 mois 250g - Consorzio Vacche Rosse","isPartOf":{"@id":"https:\/\/staging.consorziovaccherosse.blacksolutions.net\/fr\/#website"},"primaryImageOfPage":{"@id":"https:\/\/staging.consorziovaccherosse.blacksolutions.net\/fr\/shop\/parmigiano-reggiano-vaches-rouges\/parmigianoreggiano-vachesrouges-40mois\/parmigiano-reggiano-vaches-rouges-plus-de-40-mois-250gr\/#primaryimage"},"image":{"@id":"https:\/\/staging.consorziovaccherosse.blacksolutions.net\/fr\/shop\/parmigiano-reggiano-vaches-rouges\/parmigianoreggiano-vachesrouges-40mois\/parmigiano-reggiano-vaches-rouges-plus-de-40-mois-250gr\/#primaryimage"},"thumbnailUrl":"https:\/\/staging.consorziovaccherosse.blacksolutions.net\/wp-content\/uploads\/parmigiano-reggiano-40-mesi-250gr.jpg","datePublished":"2021-10-01T14:26:59+00:00","dateModified":"2025-11-25T14:59:28+00:00","description":"Parmigiano Reggiano Vacche Rosse plus de 40 mois 250g : achetez en ligne maintenant, produit uniquement avec du lait de la race Reggiana : unique et authentique !","breadcrumb":{"@id":"https:\/\/staging.consorziovaccherosse.blacksolutions.net\/fr\/shop\/parmigiano-reggiano-vaches-rouges\/parmigianoreggiano-vachesrouges-40mois\/parmigiano-reggiano-vaches-rouges-plus-de-40-mois-250gr\/#breadcrumb"},"inLanguage":"fr-FR","potentialAction":[{"@type":"ReadAction","target":["https:\/\/staging.consorziovaccherosse.blacksolutions.net\/fr\/shop\/parmigiano-reggiano-vaches-rouges\/parmigianoreggiano-vachesrouges-40mois\/parmigiano-reggiano-vaches-rouges-plus-de-40-mois-250gr\/"]}]},{"@type":"ImageObject","inLanguage":"fr-FR","@id":"https:\/\/staging.consorziovaccherosse.blacksolutions.net\/fr\/shop\/parmigiano-reggiano-vaches-rouges\/parmigianoreggiano-vachesrouges-40mois\/parmigiano-reggiano-vaches-rouges-plus-de-40-mois-250gr\/#primaryimage","url":"https:\/\/staging.consorziovaccherosse.blacksolutions.net\/wp-content\/uploads\/parmigiano-reggiano-40-mesi-250gr.jpg","contentUrl":"https:\/\/staging.consorziovaccherosse.blacksolutions.net\/wp-content\/uploads\/parmigiano-reggiano-40-mesi-250gr.jpg","width":900,"height":900},{"@type":"BreadcrumbList","@id":"https:\/\/staging.consorziovaccherosse.blacksolutions.net\/fr\/shop\/parmigiano-reggiano-vaches-rouges\/parmigianoreggiano-vachesrouges-40mois\/parmigiano-reggiano-vaches-rouges-plus-de-40-mois-250gr\/#breadcrumb","itemListElement":[{"@type":"ListItem","position":1,"name":"Home","item":"https:\/\/staging.consorziovaccherosse.blacksolutions.net\/fr\/"},{"@type":"ListItem","position":2,"name":"Boutique","item":"https:\/\/staging.consorziovaccherosse.blacksolutions.net\/fr\/shop\/"},{"@type":"ListItem","position":3,"name":"Parmigiano Reggiano Vacche Rosse plus de 40 mois 250g"}]},{"@type":"WebSite","@id":"https:\/\/staging.consorziovaccherosse.blacksolutions.net\/fr\/#website","url":"https:\/\/staging.consorziovaccherosse.blacksolutions.net\/fr\/","name":"Consorzio Vacche Rosse","description":"Parmigiano Reggiano Vacche Rosse di Razza Reggiana","publisher":{"@id":"https:\/\/staging.consorziovaccherosse.blacksolutions.net\/fr\/#organization"},"potentialAction":[{"@type":"SearchAction","target":{"@type":"EntryPoint","urlTemplate":"https:\/\/staging.consorziovaccherosse.blacksolutions.net\/fr\/?s={search_term_string}"},"query-input":{"@type":"PropertyValueSpecification","valueRequired":true,"valueName":"search_term_string"}}],"inLanguage":"fr-FR"},{"@type":"Organization","@id":"https:\/\/staging.consorziovaccherosse.blacksolutions.net\/fr\/#organization","name":"Consorzio Vacche Rosse","url":"https:\/\/staging.consorziovaccherosse.blacksolutions.net\/fr\/","logo":{"@type":"ImageObject","inLanguage":"fr-FR","@id":"https:\/\/staging.consorziovaccherosse.blacksolutions.net\/fr\/#\/schema\/logo\/image\/","url":"https:\/\/staging.consorziovaccherosse.blacksolutions.net\/wp-content\/uploads\/logo-consorzio-vacche-rosse-rgb.jpg","contentUrl":"https:\/\/staging.consorziovaccherosse.blacksolutions.net\/wp-content\/uploads\/logo-consorzio-vacche-rosse-rgb.jpg","width":1920,"height":1920,"caption":"Consorzio Vacche Rosse"},"image":{"@id":"https:\/\/staging.consorziovaccherosse.blacksolutions.net\/fr\/#\/schema\/logo\/image\/"},"sameAs":["https:\/\/www.facebook.com\/consorziovaccherosse","https:\/\/x.com\/consvaccherosse"]}]}},"_links":{"self":[{"href":"https:\/\/staging.consorziovaccherosse.blacksolutions.net\/fr\/wp-json\/wp\/v2\/product\/146128","targetHints":{"allow":["GET"]}}],"collection":[{"href":"https:\/\/staging.consorziovaccherosse.blacksolutions.net\/fr\/wp-json\/wp\/v2\/product"}],"about":[{"href":"https:\/\/staging.consorziovaccherosse.blacksolutions.net\/fr\/wp-json\/wp\/v2\/types\/product"}],"wp:featuredmedia":[{"embeddable":true,"href":"https:\/\/staging.consorziovaccherosse.blacksolutions.net\/fr\/wp-json\/wp\/v2\/media\/146154"}],"wp:attachment":[{"href":"https:\/\/staging.consorziovaccherosse.blacksolutions.net\/fr\/wp-json\/wp\/v2\/media?parent=146128"}],"wp:term":[{"taxonomy":"product_brand","embeddable":true,"href":"https:\/\/staging.consorziovaccherosse.blacksolutions.net\/fr\/wp-json\/wp\/v2\/product_brand?post=146128"},{"taxonomy":"product_cat","embeddable":true,"href":"https:\/\/staging.consorziovaccherosse.blacksolutions.net\/fr\/wp-json\/wp\/v2\/product_cat?post=146128"},{"taxonomy":"product_tag","embeddable":true,"href":"https:\/\/staging.consorziovaccherosse.blacksolutions.net\/fr\/wp-json\/wp\/v2\/product_tag?post=146128"}],"curies":[{"name":"wp","href":"https:\/\/api.w.org\/{rel}","templated":true}]}}