{"id":150450,"date":"2022-07-06T15:16:30","date_gmt":"2022-07-06T13:19:14","guid":{"rendered":"https:\/\/staging.consorziovaccherosse.blacksolutions.net\/?post_type=product&#038;p=150450"},"modified":"2025-11-25T15:59:22","modified_gmt":"2025-11-25T14:59:22","slug":"kit-de-degustation-vaches-rouges-pr-de-250-gr","status":"publish","type":"product","link":"https:\/\/staging.consorziovaccherosse.blacksolutions.net\/fr\/shop\/parmigiano-reggiano-vaches-rouges\/kit-parmigianoreggiano-vachesrouges\/kit-de-degustation-vaches-rouges-pr-de-250-gr\/","title":{"rendered":"Les trois tr\u00e9sors de la Rossa"},"content":{"rendered":"<p>\u00c9l\u00e9gant bo\u00eete personnalis\u00e9e. \u00c0 l&rsquo;int\u00e9rieur trois affinages de Parmigiano Reggiano Vacche Rosse: un morceau de 250 grammes affin\u00e9 plus 24 mois, un morceau affin\u00e9 plus de 30 mois et un morceau affin\u00e9 plus de 40 mois combin\u00e9s avec notre couteau \u00e0 lame grav\u00e9e Vacche Rosse. 13x10x21,5 cm.<\/p>\n","protected":false},"excerpt":{"rendered":"<p>\u00c9l\u00e9gant bo\u00eete personnalis\u00e9e. \u00c0 l&rsquo;int\u00e9rieur trois affinages de Parmigiano Reggiano Vacche Rosse: un morceau de 250 grammes affin\u00e9 plus 24 mois, un morceau affin\u00e9 plus de 30 mois et un morceau affin\u00e9 plus de 40 mois combin\u00e9s avec notre couteau \u00e0 lame grav\u00e9e Vacche Rosse. 13x10x21,5 cm.<\/p>\n","protected":false},"featured_media":162083,"template":"","meta":{"_acf_changed":false,"inline_featured_image":false,"_genesis_hide_title":false,"_genesis_hide_breadcrumbs":false,"_genesis_hide_singular_image":false,"_genesis_hide_footer_widgets":false,"_genesis_custom_body_class":"","_genesis_custom_post_class":"","_genesis_layout":"","_links_to":"","_links_to_target":""},"product_brand":[],"product_cat":[3563,5370],"product_tag":[],"class_list":{"0":"post-150450","1":"product","2":"type-product","3":"status-publish","4":"has-post-thumbnail","6":"product_cat-parmigiano-reggiano-vaches-rouges","7":"product_cat-kit-parmigianoreggiano-vachesrouges","8":"product_shipping_class-worldwide-fr","9":"entry","11":"first","12":"instock","13":"featured","14":"taxable","15":"shipping-taxable","16":"purchasable","17":"product-type-simple"},"acf":[],"yoast_head":"<!-- This site is optimized with the Yoast SEO Premium plugin v24.3 (Yoast SEO v27.2) - https:\/\/yoast.com\/product\/yoast-seo-premium-wordpress\/ -->\n<title>Les trois tr\u00e9sors de la Rossa - Consorzio Vacche Rosse<\/title>\n<meta name=\"description\" content=\"Les trois tr\u00e9sors de la Rossa : achetez en ligne maintenant, produit uniquement avec du lait de la race Reggiana : unique et authentique !\" \/>\n<meta name=\"robots\" content=\"noindex, follow, max-snippet:-1, max-image-preview:large, max-video-preview:-1\" \/>\n<meta property=\"og:locale\" content=\"fr_FR\" \/>\n<meta property=\"og:type\" content=\"article\" \/>\n<meta property=\"og:title\" content=\"Les trois tr\u00e9sors de la Rossa\" \/>\n<meta property=\"og:description\" content=\"Les trois tr\u00e9sors de la Rossa : achetez en ligne maintenant, produit uniquement avec du lait de la race Reggiana : unique et authentique !\" \/>\n<meta property=\"og:url\" content=\"https:\/\/staging.consorziovaccherosse.blacksolutions.net\/fr\/shop\/parmigiano-reggiano-vaches-rouges\/kit-parmigianoreggiano-vachesrouges\/kit-de-degustation-vaches-rouges-pr-de-250-gr\/\" \/>\n<meta property=\"og:site_name\" content=\"Consorzio Vacche Rosse\" \/>\n<meta property=\"article:publisher\" content=\"https:\/\/www.facebook.com\/consorziovaccherosse\" \/>\n<meta property=\"article:modified_time\" content=\"2025-11-25T14:59:22+00:00\" \/>\n<meta property=\"og:image\" content=\"https:\/\/staging.consorziovaccherosse.blacksolutions.net\/wp-content\/uploads\/scatola-tris-singola2.jpg\" \/>\n\t<meta property=\"og:image:width\" content=\"2000\" \/>\n\t<meta property=\"og:image:height\" content=\"2000\" \/>\n\t<meta property=\"og:image:type\" content=\"image\/jpeg\" \/>\n<meta name=\"twitter:label1\" content=\"Dur\u00e9e de lecture estim\u00e9e\" \/>\n\t<meta name=\"twitter:data1\" content=\"1 minute\" \/>\n<script type=\"application\/ld+json\" class=\"yoast-schema-graph\">{\"@context\":\"https:\/\/schema.org\",\"@graph\":[{\"@type\":\"WebPage\",\"@id\":\"https:\/\/staging.consorziovaccherosse.blacksolutions.net\/fr\/shop\/parmigiano-reggiano-vaches-rouges\/kit-parmigianoreggiano-vachesrouges\/kit-de-degustation-vaches-rouges-pr-de-250-gr\/\",\"url\":\"https:\/\/staging.consorziovaccherosse.blacksolutions.net\/fr\/shop\/parmigiano-reggiano-vaches-rouges\/kit-parmigianoreggiano-vachesrouges\/kit-de-degustation-vaches-rouges-pr-de-250-gr\/\",\"name\":\"Les trois tr\u00e9sors de la Rossa - Consorzio Vacche Rosse\",\"isPartOf\":{\"@id\":\"https:\/\/staging.consorziovaccherosse.blacksolutions.net\/fr\/#website\"},\"primaryImageOfPage\":{\"@id\":\"https:\/\/staging.consorziovaccherosse.blacksolutions.net\/fr\/shop\/parmigiano-reggiano-vaches-rouges\/kit-parmigianoreggiano-vachesrouges\/kit-de-degustation-vaches-rouges-pr-de-250-gr\/#primaryimage\"},\"image\":{\"@id\":\"https:\/\/staging.consorziovaccherosse.blacksolutions.net\/fr\/shop\/parmigiano-reggiano-vaches-rouges\/kit-parmigianoreggiano-vachesrouges\/kit-de-degustation-vaches-rouges-pr-de-250-gr\/#primaryimage\"},\"thumbnailUrl\":\"https:\/\/staging.consorziovaccherosse.blacksolutions.net\/wp-content\/uploads\/scatola-tris-singola2.jpg\",\"datePublished\":\"2022-07-06T13:19:14+00:00\",\"dateModified\":\"2025-11-25T14:59:22+00:00\",\"description\":\"Les trois tr\u00e9sors de la Rossa : achetez en ligne maintenant, produit uniquement avec du lait de la race Reggiana : unique et authentique !\",\"breadcrumb\":{\"@id\":\"https:\/\/staging.consorziovaccherosse.blacksolutions.net\/fr\/shop\/parmigiano-reggiano-vaches-rouges\/kit-parmigianoreggiano-vachesrouges\/kit-de-degustation-vaches-rouges-pr-de-250-gr\/#breadcrumb\"},\"inLanguage\":\"fr-FR\",\"potentialAction\":[{\"@type\":\"ReadAction\",\"target\":[\"https:\/\/staging.consorziovaccherosse.blacksolutions.net\/fr\/shop\/parmigiano-reggiano-vaches-rouges\/kit-parmigianoreggiano-vachesrouges\/kit-de-degustation-vaches-rouges-pr-de-250-gr\/\"]}]},{\"@type\":\"ImageObject\",\"inLanguage\":\"fr-FR\",\"@id\":\"https:\/\/staging.consorziovaccherosse.blacksolutions.net\/fr\/shop\/parmigiano-reggiano-vaches-rouges\/kit-parmigianoreggiano-vachesrouges\/kit-de-degustation-vaches-rouges-pr-de-250-gr\/#primaryimage\",\"url\":\"https:\/\/staging.consorziovaccherosse.blacksolutions.net\/wp-content\/uploads\/scatola-tris-singola2.jpg\",\"contentUrl\":\"https:\/\/staging.consorziovaccherosse.blacksolutions.net\/wp-content\/uploads\/scatola-tris-singola2.jpg\",\"width\":2000,\"height\":2000},{\"@type\":\"BreadcrumbList\",\"@id\":\"https:\/\/staging.consorziovaccherosse.blacksolutions.net\/fr\/shop\/parmigiano-reggiano-vaches-rouges\/kit-parmigianoreggiano-vachesrouges\/kit-de-degustation-vaches-rouges-pr-de-250-gr\/#breadcrumb\",\"itemListElement\":[{\"@type\":\"ListItem\",\"position\":1,\"name\":\"Home\",\"item\":\"https:\/\/staging.consorziovaccherosse.blacksolutions.net\/fr\/\"},{\"@type\":\"ListItem\",\"position\":2,\"name\":\"Boutique\",\"item\":\"https:\/\/staging.consorziovaccherosse.blacksolutions.net\/fr\/shop\/\"},{\"@type\":\"ListItem\",\"position\":3,\"name\":\"Les trois tr\u00e9sors de la Rossa\"}]},{\"@type\":\"WebSite\",\"@id\":\"https:\/\/staging.consorziovaccherosse.blacksolutions.net\/fr\/#website\",\"url\":\"https:\/\/staging.consorziovaccherosse.blacksolutions.net\/fr\/\",\"name\":\"Consorzio Vacche Rosse\",\"description\":\"Parmigiano Reggiano Vacche Rosse di Razza Reggiana\",\"publisher\":{\"@id\":\"https:\/\/staging.consorziovaccherosse.blacksolutions.net\/fr\/#organization\"},\"potentialAction\":[{\"@type\":\"SearchAction\",\"target\":{\"@type\":\"EntryPoint\",\"urlTemplate\":\"https:\/\/staging.consorziovaccherosse.blacksolutions.net\/fr\/?s={search_term_string}\"},\"query-input\":{\"@type\":\"PropertyValueSpecification\",\"valueRequired\":true,\"valueName\":\"search_term_string\"}}],\"inLanguage\":\"fr-FR\"},{\"@type\":\"Organization\",\"@id\":\"https:\/\/staging.consorziovaccherosse.blacksolutions.net\/fr\/#organization\",\"name\":\"Consorzio Vacche Rosse\",\"url\":\"https:\/\/staging.consorziovaccherosse.blacksolutions.net\/fr\/\",\"logo\":{\"@type\":\"ImageObject\",\"inLanguage\":\"fr-FR\",\"@id\":\"https:\/\/staging.consorziovaccherosse.blacksolutions.net\/fr\/#\/schema\/logo\/image\/\",\"url\":\"https:\/\/staging.consorziovaccherosse.blacksolutions.net\/wp-content\/uploads\/logo-consorzio-vacche-rosse-rgb.jpg\",\"contentUrl\":\"https:\/\/staging.consorziovaccherosse.blacksolutions.net\/wp-content\/uploads\/logo-consorzio-vacche-rosse-rgb.jpg\",\"width\":1920,\"height\":1920,\"caption\":\"Consorzio Vacche Rosse\"},\"image\":{\"@id\":\"https:\/\/staging.consorziovaccherosse.blacksolutions.net\/fr\/#\/schema\/logo\/image\/\"},\"sameAs\":[\"https:\/\/www.facebook.com\/consorziovaccherosse\",\"https:\/\/x.com\/consvaccherosse\"]}]}<\/script>\n<!-- \/ Yoast SEO Premium plugin. -->","yoast_head_json":{"title":"Les trois tr\u00e9sors de la Rossa - Consorzio Vacche Rosse","description":"Les trois tr\u00e9sors de la Rossa : achetez en ligne maintenant, produit uniquement avec du lait de la race Reggiana : unique et authentique !","robots":{"index":"noindex","follow":"follow","max-snippet":"max-snippet:-1","max-image-preview":"max-image-preview:large","max-video-preview":"max-video-preview:-1"},"og_locale":"fr_FR","og_type":"article","og_title":"Les trois tr\u00e9sors de la Rossa","og_description":"Les trois tr\u00e9sors de la Rossa : achetez en ligne maintenant, produit uniquement avec du lait de la race Reggiana : unique et authentique !","og_url":"https:\/\/staging.consorziovaccherosse.blacksolutions.net\/fr\/shop\/parmigiano-reggiano-vaches-rouges\/kit-parmigianoreggiano-vachesrouges\/kit-de-degustation-vaches-rouges-pr-de-250-gr\/","og_site_name":"Consorzio Vacche Rosse","article_publisher":"https:\/\/www.facebook.com\/consorziovaccherosse","article_modified_time":"2025-11-25T14:59:22+00:00","og_image":[{"width":2000,"height":2000,"url":"https:\/\/staging.consorziovaccherosse.blacksolutions.net\/wp-content\/uploads\/scatola-tris-singola2.jpg","type":"image\/jpeg"}],"twitter_misc":{"Dur\u00e9e de lecture estim\u00e9e":"1 minute"},"schema":{"@context":"https:\/\/schema.org","@graph":[{"@type":"WebPage","@id":"https:\/\/staging.consorziovaccherosse.blacksolutions.net\/fr\/shop\/parmigiano-reggiano-vaches-rouges\/kit-parmigianoreggiano-vachesrouges\/kit-de-degustation-vaches-rouges-pr-de-250-gr\/","url":"https:\/\/staging.consorziovaccherosse.blacksolutions.net\/fr\/shop\/parmigiano-reggiano-vaches-rouges\/kit-parmigianoreggiano-vachesrouges\/kit-de-degustation-vaches-rouges-pr-de-250-gr\/","name":"Les trois tr\u00e9sors de la Rossa - Consorzio Vacche Rosse","isPartOf":{"@id":"https:\/\/staging.consorziovaccherosse.blacksolutions.net\/fr\/#website"},"primaryImageOfPage":{"@id":"https:\/\/staging.consorziovaccherosse.blacksolutions.net\/fr\/shop\/parmigiano-reggiano-vaches-rouges\/kit-parmigianoreggiano-vachesrouges\/kit-de-degustation-vaches-rouges-pr-de-250-gr\/#primaryimage"},"image":{"@id":"https:\/\/staging.consorziovaccherosse.blacksolutions.net\/fr\/shop\/parmigiano-reggiano-vaches-rouges\/kit-parmigianoreggiano-vachesrouges\/kit-de-degustation-vaches-rouges-pr-de-250-gr\/#primaryimage"},"thumbnailUrl":"https:\/\/staging.consorziovaccherosse.blacksolutions.net\/wp-content\/uploads\/scatola-tris-singola2.jpg","datePublished":"2022-07-06T13:19:14+00:00","dateModified":"2025-11-25T14:59:22+00:00","description":"Les trois tr\u00e9sors de la Rossa : achetez en ligne maintenant, produit uniquement avec du lait de la race Reggiana : unique et authentique !","breadcrumb":{"@id":"https:\/\/staging.consorziovaccherosse.blacksolutions.net\/fr\/shop\/parmigiano-reggiano-vaches-rouges\/kit-parmigianoreggiano-vachesrouges\/kit-de-degustation-vaches-rouges-pr-de-250-gr\/#breadcrumb"},"inLanguage":"fr-FR","potentialAction":[{"@type":"ReadAction","target":["https:\/\/staging.consorziovaccherosse.blacksolutions.net\/fr\/shop\/parmigiano-reggiano-vaches-rouges\/kit-parmigianoreggiano-vachesrouges\/kit-de-degustation-vaches-rouges-pr-de-250-gr\/"]}]},{"@type":"ImageObject","inLanguage":"fr-FR","@id":"https:\/\/staging.consorziovaccherosse.blacksolutions.net\/fr\/shop\/parmigiano-reggiano-vaches-rouges\/kit-parmigianoreggiano-vachesrouges\/kit-de-degustation-vaches-rouges-pr-de-250-gr\/#primaryimage","url":"https:\/\/staging.consorziovaccherosse.blacksolutions.net\/wp-content\/uploads\/scatola-tris-singola2.jpg","contentUrl":"https:\/\/staging.consorziovaccherosse.blacksolutions.net\/wp-content\/uploads\/scatola-tris-singola2.jpg","width":2000,"height":2000},{"@type":"BreadcrumbList","@id":"https:\/\/staging.consorziovaccherosse.blacksolutions.net\/fr\/shop\/parmigiano-reggiano-vaches-rouges\/kit-parmigianoreggiano-vachesrouges\/kit-de-degustation-vaches-rouges-pr-de-250-gr\/#breadcrumb","itemListElement":[{"@type":"ListItem","position":1,"name":"Home","item":"https:\/\/staging.consorziovaccherosse.blacksolutions.net\/fr\/"},{"@type":"ListItem","position":2,"name":"Boutique","item":"https:\/\/staging.consorziovaccherosse.blacksolutions.net\/fr\/shop\/"},{"@type":"ListItem","position":3,"name":"Les trois tr\u00e9sors de la Rossa"}]},{"@type":"WebSite","@id":"https:\/\/staging.consorziovaccherosse.blacksolutions.net\/fr\/#website","url":"https:\/\/staging.consorziovaccherosse.blacksolutions.net\/fr\/","name":"Consorzio Vacche Rosse","description":"Parmigiano Reggiano Vacche Rosse di Razza Reggiana","publisher":{"@id":"https:\/\/staging.consorziovaccherosse.blacksolutions.net\/fr\/#organization"},"potentialAction":[{"@type":"SearchAction","target":{"@type":"EntryPoint","urlTemplate":"https:\/\/staging.consorziovaccherosse.blacksolutions.net\/fr\/?s={search_term_string}"},"query-input":{"@type":"PropertyValueSpecification","valueRequired":true,"valueName":"search_term_string"}}],"inLanguage":"fr-FR"},{"@type":"Organization","@id":"https:\/\/staging.consorziovaccherosse.blacksolutions.net\/fr\/#organization","name":"Consorzio Vacche Rosse","url":"https:\/\/staging.consorziovaccherosse.blacksolutions.net\/fr\/","logo":{"@type":"ImageObject","inLanguage":"fr-FR","@id":"https:\/\/staging.consorziovaccherosse.blacksolutions.net\/fr\/#\/schema\/logo\/image\/","url":"https:\/\/staging.consorziovaccherosse.blacksolutions.net\/wp-content\/uploads\/logo-consorzio-vacche-rosse-rgb.jpg","contentUrl":"https:\/\/staging.consorziovaccherosse.blacksolutions.net\/wp-content\/uploads\/logo-consorzio-vacche-rosse-rgb.jpg","width":1920,"height":1920,"caption":"Consorzio Vacche Rosse"},"image":{"@id":"https:\/\/staging.consorziovaccherosse.blacksolutions.net\/fr\/#\/schema\/logo\/image\/"},"sameAs":["https:\/\/www.facebook.com\/consorziovaccherosse","https:\/\/x.com\/consvaccherosse"]}]}},"_links":{"self":[{"href":"https:\/\/staging.consorziovaccherosse.blacksolutions.net\/fr\/wp-json\/wp\/v2\/product\/150450","targetHints":{"allow":["GET"]}}],"collection":[{"href":"https:\/\/staging.consorziovaccherosse.blacksolutions.net\/fr\/wp-json\/wp\/v2\/product"}],"about":[{"href":"https:\/\/staging.consorziovaccherosse.blacksolutions.net\/fr\/wp-json\/wp\/v2\/types\/product"}],"wp:featuredmedia":[{"embeddable":true,"href":"https:\/\/staging.consorziovaccherosse.blacksolutions.net\/fr\/wp-json\/wp\/v2\/media\/162083"}],"wp:attachment":[{"href":"https:\/\/staging.consorziovaccherosse.blacksolutions.net\/fr\/wp-json\/wp\/v2\/media?parent=150450"}],"wp:term":[{"taxonomy":"product_brand","embeddable":true,"href":"https:\/\/staging.consorziovaccherosse.blacksolutions.net\/fr\/wp-json\/wp\/v2\/product_brand?post=150450"},{"taxonomy":"product_cat","embeddable":true,"href":"https:\/\/staging.consorziovaccherosse.blacksolutions.net\/fr\/wp-json\/wp\/v2\/product_cat?post=150450"},{"taxonomy":"product_tag","embeddable":true,"href":"https:\/\/staging.consorziovaccherosse.blacksolutions.net\/fr\/wp-json\/wp\/v2\/product_tag?post=150450"}],"curies":[{"name":"wp","href":"https:\/\/api.w.org\/{rel}","templated":true}]}}