{"id":155382,"date":"2022-10-24T14:32:19","date_gmt":"2022-10-24T13:25:18","guid":{"rendered":"https:\/\/staging.consorziovaccherosse.blacksolutions.net\/?post_type=product&#038;p=155382"},"modified":"2025-11-25T15:59:18","modified_gmt":"2025-11-25T14:59:18","slug":"biscuits-au-beurre-et-noir-fonce-gr-250","status":"publish","type":"product","link":"https:\/\/staging.consorziovaccherosse.blacksolutions.net\/fr\/shop\/produits-typiques\/produits-de-boulangerie\/biscuits-au-beurre-et-noir-fonce-gr-250\/","title":{"rendered":"Biscuits au beurre et noir fonc\u00e9 gr 250"},"content":{"rendered":"<p>Fabriqu\u00e9 \u00e0 la main avec de la farine moulue sur pierre, du beurre de Vaches Rouges, des \u0153ufs frais et des gouttes de chocolat noir. Les Vaches Rouges de la race Reggiana sont \u00e0 l&rsquo;origine d&rsquo;une sage tradition, dont nous, du Consortium des Vaches Rouges, continuons l&rsquo;histoire mill\u00e9naire. Et nous le faisons chaque jour avec amour, transformant leur lait authentique en aliments \u00e0 haute valeur nutritive et au go\u00fbt excitant.<\/p>\n","protected":false},"excerpt":{"rendered":"<p>Fabriqu\u00e9 \u00e0 la main avec de la farine moulue sur pierre, du beurre de Vaches Rouges, des \u0153ufs frais et des gouttes de chocolat noir. Les Vaches Rouges de la race Reggiana sont \u00e0 l&rsquo;origine d&rsquo;une sage tradition, dont nous, du Consortium des Vaches Rouges, continuons l&rsquo;histoire mill\u00e9naire. Et nous le faisons chaque jour avec [&hellip;]<\/p>\n","protected":false},"featured_media":148645,"template":"","meta":{"_acf_changed":false,"inline_featured_image":false,"_genesis_hide_title":false,"_genesis_hide_breadcrumbs":false,"_genesis_hide_singular_image":false,"_genesis_hide_footer_widgets":false,"_genesis_custom_body_class":"","_genesis_custom_post_class":"","_genesis_layout":"","_links_to":"","_links_to_target":""},"product_brand":[],"product_cat":[3623,3611],"product_tag":[],"class_list":{"0":"post-155382","1":"product","2":"type-product","3":"status-publish","4":"has-post-thumbnail","6":"product_cat-produits-de-boulangerie","7":"product_cat-produits-typiques","8":"product_shipping_class-worldwide-fr","9":"entry","11":"first","12":"instock","13":"taxable","14":"shipping-taxable","15":"purchasable","16":"product-type-simple"},"acf":[],"yoast_head":"<!-- This site is optimized with the Yoast SEO Premium plugin v24.3 (Yoast SEO v27.2) - https:\/\/yoast.com\/product\/yoast-seo-premium-wordpress\/ -->\n<title>Biscuits au beurre et noir fonc\u00e9 gr 250 - Consorzio Vacche Rosse<\/title>\n<meta name=\"description\" content=\"Biscuits au beurre et noir fonc\u00e9 gr 250 : achetez en ligne maintenant, produit uniquement avec du lait de la race Reggiana : unique et authentique !\" \/>\n<meta name=\"robots\" content=\"noindex, follow, max-snippet:-1, max-image-preview:large, max-video-preview:-1\" \/>\n<meta property=\"og:locale\" content=\"fr_FR\" \/>\n<meta property=\"og:type\" content=\"article\" \/>\n<meta property=\"og:title\" content=\"Biscuits au beurre et noir fonc\u00e9 gr 250\" \/>\n<meta property=\"og:description\" content=\"Biscuits au beurre et noir fonc\u00e9 gr 250 : achetez en ligne maintenant, produit uniquement avec du lait de la race Reggiana : unique et authentique !\" \/>\n<meta property=\"og:url\" content=\"https:\/\/staging.consorziovaccherosse.blacksolutions.net\/fr\/shop\/produits-typiques\/produits-de-boulangerie\/biscuits-au-beurre-et-noir-fonce-gr-250\/\" \/>\n<meta property=\"og:site_name\" content=\"Consorzio Vacche Rosse\" \/>\n<meta property=\"article:publisher\" content=\"https:\/\/www.facebook.com\/consorziovaccherosse\" \/>\n<meta property=\"article:modified_time\" content=\"2025-11-25T14:59:18+00:00\" \/>\n<meta property=\"og:image\" content=\"https:\/\/staging.consorziovaccherosse.blacksolutions.net\/wp-content\/uploads\/biscotti-al-burro-e-nero-fondente.png\" \/>\n\t<meta property=\"og:image:width\" content=\"900\" \/>\n\t<meta property=\"og:image:height\" content=\"900\" \/>\n\t<meta property=\"og:image:type\" content=\"image\/png\" \/>\n<meta name=\"twitter:label1\" content=\"Dur\u00e9e de lecture estim\u00e9e\" \/>\n\t<meta name=\"twitter:data1\" content=\"1 minute\" \/>\n<script type=\"application\/ld+json\" class=\"yoast-schema-graph\">{\"@context\":\"https:\/\/schema.org\",\"@graph\":[{\"@type\":\"WebPage\",\"@id\":\"https:\/\/staging.consorziovaccherosse.blacksolutions.net\/fr\/shop\/produits-typiques\/produits-de-boulangerie\/biscuits-au-beurre-et-noir-fonce-gr-250\/\",\"url\":\"https:\/\/staging.consorziovaccherosse.blacksolutions.net\/fr\/shop\/produits-typiques\/produits-de-boulangerie\/biscuits-au-beurre-et-noir-fonce-gr-250\/\",\"name\":\"Biscuits au beurre et noir fonc\u00e9 gr 250 - Consorzio Vacche Rosse\",\"isPartOf\":{\"@id\":\"https:\/\/staging.consorziovaccherosse.blacksolutions.net\/fr\/#website\"},\"primaryImageOfPage\":{\"@id\":\"https:\/\/staging.consorziovaccherosse.blacksolutions.net\/fr\/shop\/produits-typiques\/produits-de-boulangerie\/biscuits-au-beurre-et-noir-fonce-gr-250\/#primaryimage\"},\"image\":{\"@id\":\"https:\/\/staging.consorziovaccherosse.blacksolutions.net\/fr\/shop\/produits-typiques\/produits-de-boulangerie\/biscuits-au-beurre-et-noir-fonce-gr-250\/#primaryimage\"},\"thumbnailUrl\":\"https:\/\/staging.consorziovaccherosse.blacksolutions.net\/wp-content\/uploads\/biscotti-al-burro-e-nero-fondente.png\",\"datePublished\":\"2022-10-24T13:25:18+00:00\",\"dateModified\":\"2025-11-25T14:59:18+00:00\",\"description\":\"Biscuits au beurre et noir fonc\u00e9 gr 250 : achetez en ligne maintenant, produit uniquement avec du lait de la race Reggiana : unique et authentique !\",\"breadcrumb\":{\"@id\":\"https:\/\/staging.consorziovaccherosse.blacksolutions.net\/fr\/shop\/produits-typiques\/produits-de-boulangerie\/biscuits-au-beurre-et-noir-fonce-gr-250\/#breadcrumb\"},\"inLanguage\":\"fr-FR\",\"potentialAction\":[{\"@type\":\"ReadAction\",\"target\":[\"https:\/\/staging.consorziovaccherosse.blacksolutions.net\/fr\/shop\/produits-typiques\/produits-de-boulangerie\/biscuits-au-beurre-et-noir-fonce-gr-250\/\"]}]},{\"@type\":\"ImageObject\",\"inLanguage\":\"fr-FR\",\"@id\":\"https:\/\/staging.consorziovaccherosse.blacksolutions.net\/fr\/shop\/produits-typiques\/produits-de-boulangerie\/biscuits-au-beurre-et-noir-fonce-gr-250\/#primaryimage\",\"url\":\"https:\/\/staging.consorziovaccherosse.blacksolutions.net\/wp-content\/uploads\/biscotti-al-burro-e-nero-fondente.png\",\"contentUrl\":\"https:\/\/staging.consorziovaccherosse.blacksolutions.net\/wp-content\/uploads\/biscotti-al-burro-e-nero-fondente.png\",\"width\":900,\"height\":900},{\"@type\":\"BreadcrumbList\",\"@id\":\"https:\/\/staging.consorziovaccherosse.blacksolutions.net\/fr\/shop\/produits-typiques\/produits-de-boulangerie\/biscuits-au-beurre-et-noir-fonce-gr-250\/#breadcrumb\",\"itemListElement\":[{\"@type\":\"ListItem\",\"position\":1,\"name\":\"Home\",\"item\":\"https:\/\/staging.consorziovaccherosse.blacksolutions.net\/fr\/\"},{\"@type\":\"ListItem\",\"position\":2,\"name\":\"Boutique\",\"item\":\"https:\/\/staging.consorziovaccherosse.blacksolutions.net\/fr\/shop\/\"},{\"@type\":\"ListItem\",\"position\":3,\"name\":\"Biscuits au beurre et noir fonc\u00e9 gr 250\"}]},{\"@type\":\"WebSite\",\"@id\":\"https:\/\/staging.consorziovaccherosse.blacksolutions.net\/fr\/#website\",\"url\":\"https:\/\/staging.consorziovaccherosse.blacksolutions.net\/fr\/\",\"name\":\"Consorzio Vacche Rosse\",\"description\":\"Parmigiano Reggiano Vacche Rosse di Razza Reggiana\",\"publisher\":{\"@id\":\"https:\/\/staging.consorziovaccherosse.blacksolutions.net\/fr\/#organization\"},\"potentialAction\":[{\"@type\":\"SearchAction\",\"target\":{\"@type\":\"EntryPoint\",\"urlTemplate\":\"https:\/\/staging.consorziovaccherosse.blacksolutions.net\/fr\/?s={search_term_string}\"},\"query-input\":{\"@type\":\"PropertyValueSpecification\",\"valueRequired\":true,\"valueName\":\"search_term_string\"}}],\"inLanguage\":\"fr-FR\"},{\"@type\":\"Organization\",\"@id\":\"https:\/\/staging.consorziovaccherosse.blacksolutions.net\/fr\/#organization\",\"name\":\"Consorzio Vacche Rosse\",\"url\":\"https:\/\/staging.consorziovaccherosse.blacksolutions.net\/fr\/\",\"logo\":{\"@type\":\"ImageObject\",\"inLanguage\":\"fr-FR\",\"@id\":\"https:\/\/staging.consorziovaccherosse.blacksolutions.net\/fr\/#\/schema\/logo\/image\/\",\"url\":\"https:\/\/staging.consorziovaccherosse.blacksolutions.net\/wp-content\/uploads\/logo-consorzio-vacche-rosse-rgb.jpg\",\"contentUrl\":\"https:\/\/staging.consorziovaccherosse.blacksolutions.net\/wp-content\/uploads\/logo-consorzio-vacche-rosse-rgb.jpg\",\"width\":1920,\"height\":1920,\"caption\":\"Consorzio Vacche Rosse\"},\"image\":{\"@id\":\"https:\/\/staging.consorziovaccherosse.blacksolutions.net\/fr\/#\/schema\/logo\/image\/\"},\"sameAs\":[\"https:\/\/www.facebook.com\/consorziovaccherosse\",\"https:\/\/x.com\/consvaccherosse\"]}]}<\/script>\n<!-- \/ Yoast SEO Premium plugin. -->","yoast_head_json":{"title":"Biscuits au beurre et noir fonc\u00e9 gr 250 - Consorzio Vacche Rosse","description":"Biscuits au beurre et noir fonc\u00e9 gr 250 : achetez en ligne maintenant, produit uniquement avec du lait de la race Reggiana : unique et authentique !","robots":{"index":"noindex","follow":"follow","max-snippet":"max-snippet:-1","max-image-preview":"max-image-preview:large","max-video-preview":"max-video-preview:-1"},"og_locale":"fr_FR","og_type":"article","og_title":"Biscuits au beurre et noir fonc\u00e9 gr 250","og_description":"Biscuits au beurre et noir fonc\u00e9 gr 250 : achetez en ligne maintenant, produit uniquement avec du lait de la race Reggiana : unique et authentique !","og_url":"https:\/\/staging.consorziovaccherosse.blacksolutions.net\/fr\/shop\/produits-typiques\/produits-de-boulangerie\/biscuits-au-beurre-et-noir-fonce-gr-250\/","og_site_name":"Consorzio Vacche Rosse","article_publisher":"https:\/\/www.facebook.com\/consorziovaccherosse","article_modified_time":"2025-11-25T14:59:18+00:00","og_image":[{"width":900,"height":900,"url":"https:\/\/staging.consorziovaccherosse.blacksolutions.net\/wp-content\/uploads\/biscotti-al-burro-e-nero-fondente.png","type":"image\/png"}],"twitter_misc":{"Dur\u00e9e de lecture estim\u00e9e":"1 minute"},"schema":{"@context":"https:\/\/schema.org","@graph":[{"@type":"WebPage","@id":"https:\/\/staging.consorziovaccherosse.blacksolutions.net\/fr\/shop\/produits-typiques\/produits-de-boulangerie\/biscuits-au-beurre-et-noir-fonce-gr-250\/","url":"https:\/\/staging.consorziovaccherosse.blacksolutions.net\/fr\/shop\/produits-typiques\/produits-de-boulangerie\/biscuits-au-beurre-et-noir-fonce-gr-250\/","name":"Biscuits au beurre et noir fonc\u00e9 gr 250 - Consorzio Vacche Rosse","isPartOf":{"@id":"https:\/\/staging.consorziovaccherosse.blacksolutions.net\/fr\/#website"},"primaryImageOfPage":{"@id":"https:\/\/staging.consorziovaccherosse.blacksolutions.net\/fr\/shop\/produits-typiques\/produits-de-boulangerie\/biscuits-au-beurre-et-noir-fonce-gr-250\/#primaryimage"},"image":{"@id":"https:\/\/staging.consorziovaccherosse.blacksolutions.net\/fr\/shop\/produits-typiques\/produits-de-boulangerie\/biscuits-au-beurre-et-noir-fonce-gr-250\/#primaryimage"},"thumbnailUrl":"https:\/\/staging.consorziovaccherosse.blacksolutions.net\/wp-content\/uploads\/biscotti-al-burro-e-nero-fondente.png","datePublished":"2022-10-24T13:25:18+00:00","dateModified":"2025-11-25T14:59:18+00:00","description":"Biscuits au beurre et noir fonc\u00e9 gr 250 : achetez en ligne maintenant, produit uniquement avec du lait de la race Reggiana : unique et authentique !","breadcrumb":{"@id":"https:\/\/staging.consorziovaccherosse.blacksolutions.net\/fr\/shop\/produits-typiques\/produits-de-boulangerie\/biscuits-au-beurre-et-noir-fonce-gr-250\/#breadcrumb"},"inLanguage":"fr-FR","potentialAction":[{"@type":"ReadAction","target":["https:\/\/staging.consorziovaccherosse.blacksolutions.net\/fr\/shop\/produits-typiques\/produits-de-boulangerie\/biscuits-au-beurre-et-noir-fonce-gr-250\/"]}]},{"@type":"ImageObject","inLanguage":"fr-FR","@id":"https:\/\/staging.consorziovaccherosse.blacksolutions.net\/fr\/shop\/produits-typiques\/produits-de-boulangerie\/biscuits-au-beurre-et-noir-fonce-gr-250\/#primaryimage","url":"https:\/\/staging.consorziovaccherosse.blacksolutions.net\/wp-content\/uploads\/biscotti-al-burro-e-nero-fondente.png","contentUrl":"https:\/\/staging.consorziovaccherosse.blacksolutions.net\/wp-content\/uploads\/biscotti-al-burro-e-nero-fondente.png","width":900,"height":900},{"@type":"BreadcrumbList","@id":"https:\/\/staging.consorziovaccherosse.blacksolutions.net\/fr\/shop\/produits-typiques\/produits-de-boulangerie\/biscuits-au-beurre-et-noir-fonce-gr-250\/#breadcrumb","itemListElement":[{"@type":"ListItem","position":1,"name":"Home","item":"https:\/\/staging.consorziovaccherosse.blacksolutions.net\/fr\/"},{"@type":"ListItem","position":2,"name":"Boutique","item":"https:\/\/staging.consorziovaccherosse.blacksolutions.net\/fr\/shop\/"},{"@type":"ListItem","position":3,"name":"Biscuits au beurre et noir fonc\u00e9 gr 250"}]},{"@type":"WebSite","@id":"https:\/\/staging.consorziovaccherosse.blacksolutions.net\/fr\/#website","url":"https:\/\/staging.consorziovaccherosse.blacksolutions.net\/fr\/","name":"Consorzio Vacche Rosse","description":"Parmigiano Reggiano Vacche Rosse di Razza Reggiana","publisher":{"@id":"https:\/\/staging.consorziovaccherosse.blacksolutions.net\/fr\/#organization"},"potentialAction":[{"@type":"SearchAction","target":{"@type":"EntryPoint","urlTemplate":"https:\/\/staging.consorziovaccherosse.blacksolutions.net\/fr\/?s={search_term_string}"},"query-input":{"@type":"PropertyValueSpecification","valueRequired":true,"valueName":"search_term_string"}}],"inLanguage":"fr-FR"},{"@type":"Organization","@id":"https:\/\/staging.consorziovaccherosse.blacksolutions.net\/fr\/#organization","name":"Consorzio Vacche Rosse","url":"https:\/\/staging.consorziovaccherosse.blacksolutions.net\/fr\/","logo":{"@type":"ImageObject","inLanguage":"fr-FR","@id":"https:\/\/staging.consorziovaccherosse.blacksolutions.net\/fr\/#\/schema\/logo\/image\/","url":"https:\/\/staging.consorziovaccherosse.blacksolutions.net\/wp-content\/uploads\/logo-consorzio-vacche-rosse-rgb.jpg","contentUrl":"https:\/\/staging.consorziovaccherosse.blacksolutions.net\/wp-content\/uploads\/logo-consorzio-vacche-rosse-rgb.jpg","width":1920,"height":1920,"caption":"Consorzio Vacche Rosse"},"image":{"@id":"https:\/\/staging.consorziovaccherosse.blacksolutions.net\/fr\/#\/schema\/logo\/image\/"},"sameAs":["https:\/\/www.facebook.com\/consorziovaccherosse","https:\/\/x.com\/consvaccherosse"]}]}},"_links":{"self":[{"href":"https:\/\/staging.consorziovaccherosse.blacksolutions.net\/fr\/wp-json\/wp\/v2\/product\/155382","targetHints":{"allow":["GET"]}}],"collection":[{"href":"https:\/\/staging.consorziovaccherosse.blacksolutions.net\/fr\/wp-json\/wp\/v2\/product"}],"about":[{"href":"https:\/\/staging.consorziovaccherosse.blacksolutions.net\/fr\/wp-json\/wp\/v2\/types\/product"}],"wp:featuredmedia":[{"embeddable":true,"href":"https:\/\/staging.consorziovaccherosse.blacksolutions.net\/fr\/wp-json\/wp\/v2\/media\/148645"}],"wp:attachment":[{"href":"https:\/\/staging.consorziovaccherosse.blacksolutions.net\/fr\/wp-json\/wp\/v2\/media?parent=155382"}],"wp:term":[{"taxonomy":"product_brand","embeddable":true,"href":"https:\/\/staging.consorziovaccherosse.blacksolutions.net\/fr\/wp-json\/wp\/v2\/product_brand?post=155382"},{"taxonomy":"product_cat","embeddable":true,"href":"https:\/\/staging.consorziovaccherosse.blacksolutions.net\/fr\/wp-json\/wp\/v2\/product_cat?post=155382"},{"taxonomy":"product_tag","embeddable":true,"href":"https:\/\/staging.consorziovaccherosse.blacksolutions.net\/fr\/wp-json\/wp\/v2\/product_tag?post=155382"}],"curies":[{"name":"wp","href":"https:\/\/api.w.org\/{rel}","templated":true}]}}