{"id":161942,"date":"2023-10-23T16:20:07","date_gmt":"2023-10-23T14:20:07","guid":{"rendered":"https:\/\/staging.consorziovaccherosse.blacksolutions.net\/?post_type=product&#038;p=161942"},"modified":"2025-11-25T15:58:53","modified_gmt":"2025-11-25T14:58:53","slug":"jolie-boite-vacche-rosse-24-mois-800g","status":"publish","type":"product","link":"https:\/\/staging.consorziovaccherosse.blacksolutions.net\/fr\/shop\/parmigiano-reggiano-vaches-rouges\/kit-parmigianoreggiano-vachesrouges\/jolie-boite-vacche-rosse-24-mois-800g\/","title":{"rendered":"Jolie bo\u00eete Vacche Rosse plus de 24 mois 800g"},"content":{"rendered":"<p>Jolie bo\u00eete rectangulaire avec un \u00e9tui coulissant personnalis\u00e9. Il contient un morceau de 800 grammes de Parmigiano Reggiano Vacche Rosse vieilli pendant plus de 24 mois. Pour compl\u00e9ter le coffret, notre petit couteau avec une lame grav\u00e9e Vacche Rosse. 27x18x7,5cm<\/p>\n","protected":false},"excerpt":{"rendered":"<p>Jolie bo\u00eete rectangulaire avec un \u00e9tui coulissant personnalis\u00e9. Il contient un morceau de 800 grammes de Parmigiano Reggiano Vacche Rosse vieilli pendant plus de 24 mois. Pour compl\u00e9ter le coffret, notre petit couteau avec une lame grav\u00e9e Vacche Rosse. 27x18x7,5cm<\/p>\n","protected":false},"featured_media":161953,"template":"","meta":{"_acf_changed":false,"inline_featured_image":false,"_genesis_hide_title":false,"_genesis_hide_breadcrumbs":false,"_genesis_hide_singular_image":false,"_genesis_hide_footer_widgets":false,"_genesis_custom_body_class":"","_genesis_custom_post_class":"","_genesis_layout":"","_links_to":"","_links_to_target":""},"product_brand":[],"product_cat":[3563,5370],"product_tag":[],"class_list":{"0":"post-161942","1":"product","2":"type-product","3":"status-publish","4":"has-post-thumbnail","6":"product_cat-parmigiano-reggiano-vaches-rouges","7":"product_cat-kit-parmigianoreggiano-vachesrouges","8":"product_shipping_class-worldwide-fr","9":"entry","11":"first","12":"instock","13":"featured","14":"taxable","15":"shipping-taxable","16":"purchasable","17":"product-type-simple"},"acf":[],"yoast_head":"<!-- This site is optimized with the Yoast SEO Premium plugin v24.3 (Yoast SEO v27.2) - https:\/\/yoast.com\/product\/yoast-seo-premium-wordpress\/ -->\n<title>Jolie bo\u00eete Vacche Rosse plus de 24 mois 800g - Consorzio Vacche Rosse<\/title>\n<meta name=\"description\" content=\"Jolie bo\u00eete Vacche Rosse plus de 24 mois 800g : achetez en ligne maintenant, produit uniquement avec du lait de la race Reggiana : unique et authentique !\" \/>\n<meta name=\"robots\" content=\"noindex, follow, max-snippet:-1, max-image-preview:large, max-video-preview:-1\" \/>\n<meta property=\"og:locale\" content=\"fr_FR\" \/>\n<meta property=\"og:type\" content=\"article\" \/>\n<meta property=\"og:title\" content=\"Jolie bo\u00eete Vacche Rosse plus de 24 mois 800g\" \/>\n<meta property=\"og:description\" content=\"Jolie bo\u00eete Vacche Rosse plus de 24 mois 800g : achetez en ligne maintenant, produit uniquement avec du lait de la race Reggiana : unique et authentique !\" \/>\n<meta property=\"og:url\" content=\"https:\/\/staging.consorziovaccherosse.blacksolutions.net\/fr\/shop\/parmigiano-reggiano-vaches-rouges\/kit-parmigianoreggiano-vachesrouges\/jolie-boite-vacche-rosse-24-mois-800g\/\" \/>\n<meta property=\"og:site_name\" content=\"Consorzio Vacche Rosse\" \/>\n<meta property=\"article:publisher\" content=\"https:\/\/www.facebook.com\/consorziovaccherosse\" \/>\n<meta property=\"article:modified_time\" content=\"2025-11-25T14:58:53+00:00\" \/>\n<meta property=\"og:image\" content=\"https:\/\/staging.consorziovaccherosse.blacksolutions.net\/wp-content\/uploads\/cofanetto-prodotti-24mesi.jpg\" \/>\n\t<meta property=\"og:image:width\" content=\"2440\" \/>\n\t<meta property=\"og:image:height\" content=\"2440\" \/>\n\t<meta property=\"og:image:type\" content=\"image\/jpeg\" \/>\n<script type=\"application\/ld+json\" class=\"yoast-schema-graph\">{\"@context\":\"https:\/\/schema.org\",\"@graph\":[{\"@type\":\"WebPage\",\"@id\":\"https:\/\/staging.consorziovaccherosse.blacksolutions.net\/fr\/shop\/parmigiano-reggiano-vaches-rouges\/kit-parmigianoreggiano-vachesrouges\/jolie-boite-vacche-rosse-24-mois-800g\/\",\"url\":\"https:\/\/staging.consorziovaccherosse.blacksolutions.net\/fr\/shop\/parmigiano-reggiano-vaches-rouges\/kit-parmigianoreggiano-vachesrouges\/jolie-boite-vacche-rosse-24-mois-800g\/\",\"name\":\"Jolie bo\u00eete Vacche Rosse plus de 24 mois 800g - Consorzio Vacche Rosse\",\"isPartOf\":{\"@id\":\"https:\/\/staging.consorziovaccherosse.blacksolutions.net\/fr\/#website\"},\"primaryImageOfPage\":{\"@id\":\"https:\/\/staging.consorziovaccherosse.blacksolutions.net\/fr\/shop\/parmigiano-reggiano-vaches-rouges\/kit-parmigianoreggiano-vachesrouges\/jolie-boite-vacche-rosse-24-mois-800g\/#primaryimage\"},\"image\":{\"@id\":\"https:\/\/staging.consorziovaccherosse.blacksolutions.net\/fr\/shop\/parmigiano-reggiano-vaches-rouges\/kit-parmigianoreggiano-vachesrouges\/jolie-boite-vacche-rosse-24-mois-800g\/#primaryimage\"},\"thumbnailUrl\":\"https:\/\/staging.consorziovaccherosse.blacksolutions.net\/wp-content\/uploads\/cofanetto-prodotti-24mesi.jpg\",\"datePublished\":\"2023-10-23T14:20:07+00:00\",\"dateModified\":\"2025-11-25T14:58:53+00:00\",\"description\":\"Jolie bo\u00eete Vacche Rosse plus de 24 mois 800g : achetez en ligne maintenant, produit uniquement avec du lait de la race Reggiana : unique et authentique !\",\"breadcrumb\":{\"@id\":\"https:\/\/staging.consorziovaccherosse.blacksolutions.net\/fr\/shop\/parmigiano-reggiano-vaches-rouges\/kit-parmigianoreggiano-vachesrouges\/jolie-boite-vacche-rosse-24-mois-800g\/#breadcrumb\"},\"inLanguage\":\"fr-FR\",\"potentialAction\":[{\"@type\":\"ReadAction\",\"target\":[\"https:\/\/staging.consorziovaccherosse.blacksolutions.net\/fr\/shop\/parmigiano-reggiano-vaches-rouges\/kit-parmigianoreggiano-vachesrouges\/jolie-boite-vacche-rosse-24-mois-800g\/\"]}]},{\"@type\":\"ImageObject\",\"inLanguage\":\"fr-FR\",\"@id\":\"https:\/\/staging.consorziovaccherosse.blacksolutions.net\/fr\/shop\/parmigiano-reggiano-vaches-rouges\/kit-parmigianoreggiano-vachesrouges\/jolie-boite-vacche-rosse-24-mois-800g\/#primaryimage\",\"url\":\"https:\/\/staging.consorziovaccherosse.blacksolutions.net\/wp-content\/uploads\/cofanetto-prodotti-24mesi.jpg\",\"contentUrl\":\"https:\/\/staging.consorziovaccherosse.blacksolutions.net\/wp-content\/uploads\/cofanetto-prodotti-24mesi.jpg\",\"width\":2440,\"height\":2440},{\"@type\":\"BreadcrumbList\",\"@id\":\"https:\/\/staging.consorziovaccherosse.blacksolutions.net\/fr\/shop\/parmigiano-reggiano-vaches-rouges\/kit-parmigianoreggiano-vachesrouges\/jolie-boite-vacche-rosse-24-mois-800g\/#breadcrumb\",\"itemListElement\":[{\"@type\":\"ListItem\",\"position\":1,\"name\":\"Home\",\"item\":\"https:\/\/staging.consorziovaccherosse.blacksolutions.net\/fr\/\"},{\"@type\":\"ListItem\",\"position\":2,\"name\":\"Boutique\",\"item\":\"https:\/\/staging.consorziovaccherosse.blacksolutions.net\/fr\/shop\/\"},{\"@type\":\"ListItem\",\"position\":3,\"name\":\"Jolie bo\u00eete Vacche Rosse plus de 24 mois 800g\"}]},{\"@type\":\"WebSite\",\"@id\":\"https:\/\/staging.consorziovaccherosse.blacksolutions.net\/fr\/#website\",\"url\":\"https:\/\/staging.consorziovaccherosse.blacksolutions.net\/fr\/\",\"name\":\"Consorzio Vacche Rosse\",\"description\":\"Parmigiano Reggiano Vacche Rosse di Razza Reggiana\",\"publisher\":{\"@id\":\"https:\/\/staging.consorziovaccherosse.blacksolutions.net\/fr\/#organization\"},\"potentialAction\":[{\"@type\":\"SearchAction\",\"target\":{\"@type\":\"EntryPoint\",\"urlTemplate\":\"https:\/\/staging.consorziovaccherosse.blacksolutions.net\/fr\/?s={search_term_string}\"},\"query-input\":{\"@type\":\"PropertyValueSpecification\",\"valueRequired\":true,\"valueName\":\"search_term_string\"}}],\"inLanguage\":\"fr-FR\"},{\"@type\":\"Organization\",\"@id\":\"https:\/\/staging.consorziovaccherosse.blacksolutions.net\/fr\/#organization\",\"name\":\"Consorzio Vacche Rosse\",\"url\":\"https:\/\/staging.consorziovaccherosse.blacksolutions.net\/fr\/\",\"logo\":{\"@type\":\"ImageObject\",\"inLanguage\":\"fr-FR\",\"@id\":\"https:\/\/staging.consorziovaccherosse.blacksolutions.net\/fr\/#\/schema\/logo\/image\/\",\"url\":\"https:\/\/staging.consorziovaccherosse.blacksolutions.net\/wp-content\/uploads\/logo-consorzio-vacche-rosse-rgb.jpg\",\"contentUrl\":\"https:\/\/staging.consorziovaccherosse.blacksolutions.net\/wp-content\/uploads\/logo-consorzio-vacche-rosse-rgb.jpg\",\"width\":1920,\"height\":1920,\"caption\":\"Consorzio Vacche Rosse\"},\"image\":{\"@id\":\"https:\/\/staging.consorziovaccherosse.blacksolutions.net\/fr\/#\/schema\/logo\/image\/\"},\"sameAs\":[\"https:\/\/www.facebook.com\/consorziovaccherosse\",\"https:\/\/x.com\/consvaccherosse\"]}]}<\/script>\n<!-- \/ Yoast SEO Premium plugin. -->","yoast_head_json":{"title":"Jolie bo\u00eete Vacche Rosse plus de 24 mois 800g - Consorzio Vacche Rosse","description":"Jolie bo\u00eete Vacche Rosse plus de 24 mois 800g : achetez en ligne maintenant, produit uniquement avec du lait de la race Reggiana : unique et authentique !","robots":{"index":"noindex","follow":"follow","max-snippet":"max-snippet:-1","max-image-preview":"max-image-preview:large","max-video-preview":"max-video-preview:-1"},"og_locale":"fr_FR","og_type":"article","og_title":"Jolie bo\u00eete Vacche Rosse plus de 24 mois 800g","og_description":"Jolie bo\u00eete Vacche Rosse plus de 24 mois 800g : achetez en ligne maintenant, produit uniquement avec du lait de la race Reggiana : unique et authentique !","og_url":"https:\/\/staging.consorziovaccherosse.blacksolutions.net\/fr\/shop\/parmigiano-reggiano-vaches-rouges\/kit-parmigianoreggiano-vachesrouges\/jolie-boite-vacche-rosse-24-mois-800g\/","og_site_name":"Consorzio Vacche Rosse","article_publisher":"https:\/\/www.facebook.com\/consorziovaccherosse","article_modified_time":"2025-11-25T14:58:53+00:00","og_image":[{"width":2440,"height":2440,"url":"https:\/\/staging.consorziovaccherosse.blacksolutions.net\/wp-content\/uploads\/cofanetto-prodotti-24mesi.jpg","type":"image\/jpeg"}],"schema":{"@context":"https:\/\/schema.org","@graph":[{"@type":"WebPage","@id":"https:\/\/staging.consorziovaccherosse.blacksolutions.net\/fr\/shop\/parmigiano-reggiano-vaches-rouges\/kit-parmigianoreggiano-vachesrouges\/jolie-boite-vacche-rosse-24-mois-800g\/","url":"https:\/\/staging.consorziovaccherosse.blacksolutions.net\/fr\/shop\/parmigiano-reggiano-vaches-rouges\/kit-parmigianoreggiano-vachesrouges\/jolie-boite-vacche-rosse-24-mois-800g\/","name":"Jolie bo\u00eete Vacche Rosse plus de 24 mois 800g - Consorzio Vacche Rosse","isPartOf":{"@id":"https:\/\/staging.consorziovaccherosse.blacksolutions.net\/fr\/#website"},"primaryImageOfPage":{"@id":"https:\/\/staging.consorziovaccherosse.blacksolutions.net\/fr\/shop\/parmigiano-reggiano-vaches-rouges\/kit-parmigianoreggiano-vachesrouges\/jolie-boite-vacche-rosse-24-mois-800g\/#primaryimage"},"image":{"@id":"https:\/\/staging.consorziovaccherosse.blacksolutions.net\/fr\/shop\/parmigiano-reggiano-vaches-rouges\/kit-parmigianoreggiano-vachesrouges\/jolie-boite-vacche-rosse-24-mois-800g\/#primaryimage"},"thumbnailUrl":"https:\/\/staging.consorziovaccherosse.blacksolutions.net\/wp-content\/uploads\/cofanetto-prodotti-24mesi.jpg","datePublished":"2023-10-23T14:20:07+00:00","dateModified":"2025-11-25T14:58:53+00:00","description":"Jolie bo\u00eete Vacche Rosse plus de 24 mois 800g : achetez en ligne maintenant, produit uniquement avec du lait de la race Reggiana : unique et authentique !","breadcrumb":{"@id":"https:\/\/staging.consorziovaccherosse.blacksolutions.net\/fr\/shop\/parmigiano-reggiano-vaches-rouges\/kit-parmigianoreggiano-vachesrouges\/jolie-boite-vacche-rosse-24-mois-800g\/#breadcrumb"},"inLanguage":"fr-FR","potentialAction":[{"@type":"ReadAction","target":["https:\/\/staging.consorziovaccherosse.blacksolutions.net\/fr\/shop\/parmigiano-reggiano-vaches-rouges\/kit-parmigianoreggiano-vachesrouges\/jolie-boite-vacche-rosse-24-mois-800g\/"]}]},{"@type":"ImageObject","inLanguage":"fr-FR","@id":"https:\/\/staging.consorziovaccherosse.blacksolutions.net\/fr\/shop\/parmigiano-reggiano-vaches-rouges\/kit-parmigianoreggiano-vachesrouges\/jolie-boite-vacche-rosse-24-mois-800g\/#primaryimage","url":"https:\/\/staging.consorziovaccherosse.blacksolutions.net\/wp-content\/uploads\/cofanetto-prodotti-24mesi.jpg","contentUrl":"https:\/\/staging.consorziovaccherosse.blacksolutions.net\/wp-content\/uploads\/cofanetto-prodotti-24mesi.jpg","width":2440,"height":2440},{"@type":"BreadcrumbList","@id":"https:\/\/staging.consorziovaccherosse.blacksolutions.net\/fr\/shop\/parmigiano-reggiano-vaches-rouges\/kit-parmigianoreggiano-vachesrouges\/jolie-boite-vacche-rosse-24-mois-800g\/#breadcrumb","itemListElement":[{"@type":"ListItem","position":1,"name":"Home","item":"https:\/\/staging.consorziovaccherosse.blacksolutions.net\/fr\/"},{"@type":"ListItem","position":2,"name":"Boutique","item":"https:\/\/staging.consorziovaccherosse.blacksolutions.net\/fr\/shop\/"},{"@type":"ListItem","position":3,"name":"Jolie bo\u00eete Vacche Rosse plus de 24 mois 800g"}]},{"@type":"WebSite","@id":"https:\/\/staging.consorziovaccherosse.blacksolutions.net\/fr\/#website","url":"https:\/\/staging.consorziovaccherosse.blacksolutions.net\/fr\/","name":"Consorzio Vacche Rosse","description":"Parmigiano Reggiano Vacche Rosse di Razza Reggiana","publisher":{"@id":"https:\/\/staging.consorziovaccherosse.blacksolutions.net\/fr\/#organization"},"potentialAction":[{"@type":"SearchAction","target":{"@type":"EntryPoint","urlTemplate":"https:\/\/staging.consorziovaccherosse.blacksolutions.net\/fr\/?s={search_term_string}"},"query-input":{"@type":"PropertyValueSpecification","valueRequired":true,"valueName":"search_term_string"}}],"inLanguage":"fr-FR"},{"@type":"Organization","@id":"https:\/\/staging.consorziovaccherosse.blacksolutions.net\/fr\/#organization","name":"Consorzio Vacche Rosse","url":"https:\/\/staging.consorziovaccherosse.blacksolutions.net\/fr\/","logo":{"@type":"ImageObject","inLanguage":"fr-FR","@id":"https:\/\/staging.consorziovaccherosse.blacksolutions.net\/fr\/#\/schema\/logo\/image\/","url":"https:\/\/staging.consorziovaccherosse.blacksolutions.net\/wp-content\/uploads\/logo-consorzio-vacche-rosse-rgb.jpg","contentUrl":"https:\/\/staging.consorziovaccherosse.blacksolutions.net\/wp-content\/uploads\/logo-consorzio-vacche-rosse-rgb.jpg","width":1920,"height":1920,"caption":"Consorzio Vacche Rosse"},"image":{"@id":"https:\/\/staging.consorziovaccherosse.blacksolutions.net\/fr\/#\/schema\/logo\/image\/"},"sameAs":["https:\/\/www.facebook.com\/consorziovaccherosse","https:\/\/x.com\/consvaccherosse"]}]}},"_links":{"self":[{"href":"https:\/\/staging.consorziovaccherosse.blacksolutions.net\/fr\/wp-json\/wp\/v2\/product\/161942","targetHints":{"allow":["GET"]}}],"collection":[{"href":"https:\/\/staging.consorziovaccherosse.blacksolutions.net\/fr\/wp-json\/wp\/v2\/product"}],"about":[{"href":"https:\/\/staging.consorziovaccherosse.blacksolutions.net\/fr\/wp-json\/wp\/v2\/types\/product"}],"wp:featuredmedia":[{"embeddable":true,"href":"https:\/\/staging.consorziovaccherosse.blacksolutions.net\/fr\/wp-json\/wp\/v2\/media\/161953"}],"wp:attachment":[{"href":"https:\/\/staging.consorziovaccherosse.blacksolutions.net\/fr\/wp-json\/wp\/v2\/media?parent=161942"}],"wp:term":[{"taxonomy":"product_brand","embeddable":true,"href":"https:\/\/staging.consorziovaccherosse.blacksolutions.net\/fr\/wp-json\/wp\/v2\/product_brand?post=161942"},{"taxonomy":"product_cat","embeddable":true,"href":"https:\/\/staging.consorziovaccherosse.blacksolutions.net\/fr\/wp-json\/wp\/v2\/product_cat?post=161942"},{"taxonomy":"product_tag","embeddable":true,"href":"https:\/\/staging.consorziovaccherosse.blacksolutions.net\/fr\/wp-json\/wp\/v2\/product_tag?post=161942"}],"curies":[{"name":"wp","href":"https:\/\/api.w.org\/{rel}","templated":true}]}}