{"id":162005,"date":"2023-10-25T03:50:09","date_gmt":"2023-10-25T01:50:09","guid":{"rendered":"https:\/\/staging.consorziovaccherosse.blacksolutions.net\/?post_type=product&#038;p=162005"},"modified":"2025-11-25T15:58:49","modified_gmt":"2025-11-25T14:58:49","slug":"cabas-tote-bag","status":"publish","type":"product","link":"https:\/\/staging.consorziovaccherosse.blacksolutions.net\/fr\/shop\/gadgets-et-cadeaux\/coffrets-cadeaux\/cabas-tote-bag\/","title":{"rendered":"Cabas Tote Bag"},"content":{"rendered":"<p>Sac de cadeau \u00e0 base carr\u00e9e en corky, de style vestimentaire, mat\u00e9riau 100% recyclable, cousu avec du fil de coton, sans colle et imprim\u00e9 \u00e0 l&rsquo;encre \u00e9cologique. Avec un go\u00fbt simple et en m\u00eame temps raffin\u00e9, parfait pour toutes vos id\u00e9es cadeaux. Il peut contenir jusqu&rsquo;\u00e0 4kg de produits. 30x30x30 cm<\/p>\n","protected":false},"excerpt":{"rendered":"<p>Sac de cadeau \u00e0 base carr\u00e9e en corky, de style vestimentaire, mat\u00e9riau 100% recyclable, cousu avec du fil de coton, sans colle et imprim\u00e9 \u00e0 l&rsquo;encre \u00e9cologique. Avec un go\u00fbt simple et en m\u00eame temps raffin\u00e9, parfait pour toutes vos id\u00e9es cadeaux. Il peut contenir jusqu&rsquo;\u00e0 4kg de produits. 30x30x30 cm<\/p>\n","protected":false},"featured_media":162016,"template":"","meta":{"_acf_changed":false,"inline_featured_image":false,"_genesis_hide_title":false,"_genesis_hide_breadcrumbs":false,"_genesis_hide_singular_image":false,"_genesis_hide_footer_widgets":false,"_genesis_custom_body_class":"","_genesis_custom_post_class":"","_genesis_layout":"","_links_to":"","_links_to_target":""},"product_brand":[],"product_cat":[3552,3546],"product_tag":[],"class_list":{"0":"post-162005","1":"product","2":"type-product","3":"status-publish","4":"has-post-thumbnail","6":"product_cat-coffrets-cadeaux","7":"product_cat-gadgets-et-cadeaux","8":"product_shipping_class-worldwide-fr","9":"entry","11":"first","12":"instock","13":"taxable","14":"shipping-taxable","15":"purchasable","16":"product-type-simple"},"acf":[],"yoast_head":"<!-- This site is optimized with the Yoast SEO Premium plugin v24.3 (Yoast SEO v27.2) - https:\/\/yoast.com\/product\/yoast-seo-premium-wordpress\/ -->\n<title>Cabas Tote Bag - Consorzio Vacche Rosse<\/title>\n<meta name=\"description\" content=\"Cabas Tote Bag : achetez en ligne maintenant, produit uniquement avec du lait de la race Reggiana : unique et authentique !\" \/>\n<meta name=\"robots\" content=\"noindex, follow, max-snippet:-1, max-image-preview:large, max-video-preview:-1\" \/>\n<meta property=\"og:locale\" content=\"fr_FR\" \/>\n<meta property=\"og:type\" content=\"article\" \/>\n<meta property=\"og:title\" content=\"Cabas Tote Bag\" \/>\n<meta property=\"og:description\" content=\"Cabas Tote Bag : achetez en ligne maintenant, produit uniquement avec du lait de la race Reggiana : unique et authentique !\" \/>\n<meta property=\"og:url\" content=\"https:\/\/staging.consorziovaccherosse.blacksolutions.net\/fr\/shop\/gadgets-et-cadeaux\/coffrets-cadeaux\/cabas-tote-bag\/\" \/>\n<meta property=\"og:site_name\" content=\"Consorzio Vacche Rosse\" \/>\n<meta property=\"article:publisher\" content=\"https:\/\/www.facebook.com\/consorziovaccherosse\" \/>\n<meta property=\"article:modified_time\" content=\"2025-11-25T14:58:49+00:00\" \/>\n<meta property=\"og:image\" content=\"https:\/\/staging.consorziovaccherosse.blacksolutions.net\/wp-content\/uploads\/shopper-quadrata-singola-scaled.jpg\" \/>\n\t<meta property=\"og:image:width\" content=\"2560\" \/>\n\t<meta property=\"og:image:height\" content=\"2560\" \/>\n\t<meta property=\"og:image:type\" content=\"image\/jpeg\" \/>\n<script type=\"application\/ld+json\" class=\"yoast-schema-graph\">{\"@context\":\"https:\/\/schema.org\",\"@graph\":[{\"@type\":\"WebPage\",\"@id\":\"https:\/\/staging.consorziovaccherosse.blacksolutions.net\/fr\/shop\/gadgets-et-cadeaux\/coffrets-cadeaux\/cabas-tote-bag\/\",\"url\":\"https:\/\/staging.consorziovaccherosse.blacksolutions.net\/fr\/shop\/gadgets-et-cadeaux\/coffrets-cadeaux\/cabas-tote-bag\/\",\"name\":\"Cabas Tote Bag - Consorzio Vacche Rosse\",\"isPartOf\":{\"@id\":\"https:\/\/staging.consorziovaccherosse.blacksolutions.net\/fr\/#website\"},\"primaryImageOfPage\":{\"@id\":\"https:\/\/staging.consorziovaccherosse.blacksolutions.net\/fr\/shop\/gadgets-et-cadeaux\/coffrets-cadeaux\/cabas-tote-bag\/#primaryimage\"},\"image\":{\"@id\":\"https:\/\/staging.consorziovaccherosse.blacksolutions.net\/fr\/shop\/gadgets-et-cadeaux\/coffrets-cadeaux\/cabas-tote-bag\/#primaryimage\"},\"thumbnailUrl\":\"https:\/\/staging.consorziovaccherosse.blacksolutions.net\/wp-content\/uploads\/shopper-quadrata-singola-scaled.jpg\",\"datePublished\":\"2023-10-25T01:50:09+00:00\",\"dateModified\":\"2025-11-25T14:58:49+00:00\",\"description\":\"Cabas Tote Bag : achetez en ligne maintenant, produit uniquement avec du lait de la race Reggiana : unique et authentique !\",\"breadcrumb\":{\"@id\":\"https:\/\/staging.consorziovaccherosse.blacksolutions.net\/fr\/shop\/gadgets-et-cadeaux\/coffrets-cadeaux\/cabas-tote-bag\/#breadcrumb\"},\"inLanguage\":\"fr-FR\",\"potentialAction\":[{\"@type\":\"ReadAction\",\"target\":[\"https:\/\/staging.consorziovaccherosse.blacksolutions.net\/fr\/shop\/gadgets-et-cadeaux\/coffrets-cadeaux\/cabas-tote-bag\/\"]}]},{\"@type\":\"ImageObject\",\"inLanguage\":\"fr-FR\",\"@id\":\"https:\/\/staging.consorziovaccherosse.blacksolutions.net\/fr\/shop\/gadgets-et-cadeaux\/coffrets-cadeaux\/cabas-tote-bag\/#primaryimage\",\"url\":\"https:\/\/staging.consorziovaccherosse.blacksolutions.net\/wp-content\/uploads\/shopper-quadrata-singola-scaled.jpg\",\"contentUrl\":\"https:\/\/staging.consorziovaccherosse.blacksolutions.net\/wp-content\/uploads\/shopper-quadrata-singola-scaled.jpg\",\"width\":2560,\"height\":2560},{\"@type\":\"BreadcrumbList\",\"@id\":\"https:\/\/staging.consorziovaccherosse.blacksolutions.net\/fr\/shop\/gadgets-et-cadeaux\/coffrets-cadeaux\/cabas-tote-bag\/#breadcrumb\",\"itemListElement\":[{\"@type\":\"ListItem\",\"position\":1,\"name\":\"Home\",\"item\":\"https:\/\/staging.consorziovaccherosse.blacksolutions.net\/fr\/\"},{\"@type\":\"ListItem\",\"position\":2,\"name\":\"Boutique\",\"item\":\"https:\/\/staging.consorziovaccherosse.blacksolutions.net\/fr\/shop\/\"},{\"@type\":\"ListItem\",\"position\":3,\"name\":\"Cabas Tote Bag\"}]},{\"@type\":\"WebSite\",\"@id\":\"https:\/\/staging.consorziovaccherosse.blacksolutions.net\/fr\/#website\",\"url\":\"https:\/\/staging.consorziovaccherosse.blacksolutions.net\/fr\/\",\"name\":\"Consorzio Vacche Rosse\",\"description\":\"Parmigiano Reggiano Vacche Rosse di Razza Reggiana\",\"publisher\":{\"@id\":\"https:\/\/staging.consorziovaccherosse.blacksolutions.net\/fr\/#organization\"},\"potentialAction\":[{\"@type\":\"SearchAction\",\"target\":{\"@type\":\"EntryPoint\",\"urlTemplate\":\"https:\/\/staging.consorziovaccherosse.blacksolutions.net\/fr\/?s={search_term_string}\"},\"query-input\":{\"@type\":\"PropertyValueSpecification\",\"valueRequired\":true,\"valueName\":\"search_term_string\"}}],\"inLanguage\":\"fr-FR\"},{\"@type\":\"Organization\",\"@id\":\"https:\/\/staging.consorziovaccherosse.blacksolutions.net\/fr\/#organization\",\"name\":\"Consorzio Vacche Rosse\",\"url\":\"https:\/\/staging.consorziovaccherosse.blacksolutions.net\/fr\/\",\"logo\":{\"@type\":\"ImageObject\",\"inLanguage\":\"fr-FR\",\"@id\":\"https:\/\/staging.consorziovaccherosse.blacksolutions.net\/fr\/#\/schema\/logo\/image\/\",\"url\":\"https:\/\/staging.consorziovaccherosse.blacksolutions.net\/wp-content\/uploads\/logo-consorzio-vacche-rosse-rgb.jpg\",\"contentUrl\":\"https:\/\/staging.consorziovaccherosse.blacksolutions.net\/wp-content\/uploads\/logo-consorzio-vacche-rosse-rgb.jpg\",\"width\":1920,\"height\":1920,\"caption\":\"Consorzio Vacche Rosse\"},\"image\":{\"@id\":\"https:\/\/staging.consorziovaccherosse.blacksolutions.net\/fr\/#\/schema\/logo\/image\/\"},\"sameAs\":[\"https:\/\/www.facebook.com\/consorziovaccherosse\",\"https:\/\/x.com\/consvaccherosse\"]}]}<\/script>\n<!-- \/ Yoast SEO Premium plugin. -->","yoast_head_json":{"title":"Cabas Tote Bag - Consorzio Vacche Rosse","description":"Cabas Tote Bag : achetez en ligne maintenant, produit uniquement avec du lait de la race Reggiana : unique et authentique !","robots":{"index":"noindex","follow":"follow","max-snippet":"max-snippet:-1","max-image-preview":"max-image-preview:large","max-video-preview":"max-video-preview:-1"},"og_locale":"fr_FR","og_type":"article","og_title":"Cabas Tote Bag","og_description":"Cabas Tote Bag : achetez en ligne maintenant, produit uniquement avec du lait de la race Reggiana : unique et authentique !","og_url":"https:\/\/staging.consorziovaccherosse.blacksolutions.net\/fr\/shop\/gadgets-et-cadeaux\/coffrets-cadeaux\/cabas-tote-bag\/","og_site_name":"Consorzio Vacche Rosse","article_publisher":"https:\/\/www.facebook.com\/consorziovaccherosse","article_modified_time":"2025-11-25T14:58:49+00:00","og_image":[{"width":2560,"height":2560,"url":"https:\/\/staging.consorziovaccherosse.blacksolutions.net\/wp-content\/uploads\/shopper-quadrata-singola-scaled.jpg","type":"image\/jpeg"}],"schema":{"@context":"https:\/\/schema.org","@graph":[{"@type":"WebPage","@id":"https:\/\/staging.consorziovaccherosse.blacksolutions.net\/fr\/shop\/gadgets-et-cadeaux\/coffrets-cadeaux\/cabas-tote-bag\/","url":"https:\/\/staging.consorziovaccherosse.blacksolutions.net\/fr\/shop\/gadgets-et-cadeaux\/coffrets-cadeaux\/cabas-tote-bag\/","name":"Cabas Tote Bag - Consorzio Vacche Rosse","isPartOf":{"@id":"https:\/\/staging.consorziovaccherosse.blacksolutions.net\/fr\/#website"},"primaryImageOfPage":{"@id":"https:\/\/staging.consorziovaccherosse.blacksolutions.net\/fr\/shop\/gadgets-et-cadeaux\/coffrets-cadeaux\/cabas-tote-bag\/#primaryimage"},"image":{"@id":"https:\/\/staging.consorziovaccherosse.blacksolutions.net\/fr\/shop\/gadgets-et-cadeaux\/coffrets-cadeaux\/cabas-tote-bag\/#primaryimage"},"thumbnailUrl":"https:\/\/staging.consorziovaccherosse.blacksolutions.net\/wp-content\/uploads\/shopper-quadrata-singola-scaled.jpg","datePublished":"2023-10-25T01:50:09+00:00","dateModified":"2025-11-25T14:58:49+00:00","description":"Cabas Tote Bag : achetez en ligne maintenant, produit uniquement avec du lait de la race Reggiana : unique et authentique !","breadcrumb":{"@id":"https:\/\/staging.consorziovaccherosse.blacksolutions.net\/fr\/shop\/gadgets-et-cadeaux\/coffrets-cadeaux\/cabas-tote-bag\/#breadcrumb"},"inLanguage":"fr-FR","potentialAction":[{"@type":"ReadAction","target":["https:\/\/staging.consorziovaccherosse.blacksolutions.net\/fr\/shop\/gadgets-et-cadeaux\/coffrets-cadeaux\/cabas-tote-bag\/"]}]},{"@type":"ImageObject","inLanguage":"fr-FR","@id":"https:\/\/staging.consorziovaccherosse.blacksolutions.net\/fr\/shop\/gadgets-et-cadeaux\/coffrets-cadeaux\/cabas-tote-bag\/#primaryimage","url":"https:\/\/staging.consorziovaccherosse.blacksolutions.net\/wp-content\/uploads\/shopper-quadrata-singola-scaled.jpg","contentUrl":"https:\/\/staging.consorziovaccherosse.blacksolutions.net\/wp-content\/uploads\/shopper-quadrata-singola-scaled.jpg","width":2560,"height":2560},{"@type":"BreadcrumbList","@id":"https:\/\/staging.consorziovaccherosse.blacksolutions.net\/fr\/shop\/gadgets-et-cadeaux\/coffrets-cadeaux\/cabas-tote-bag\/#breadcrumb","itemListElement":[{"@type":"ListItem","position":1,"name":"Home","item":"https:\/\/staging.consorziovaccherosse.blacksolutions.net\/fr\/"},{"@type":"ListItem","position":2,"name":"Boutique","item":"https:\/\/staging.consorziovaccherosse.blacksolutions.net\/fr\/shop\/"},{"@type":"ListItem","position":3,"name":"Cabas Tote Bag"}]},{"@type":"WebSite","@id":"https:\/\/staging.consorziovaccherosse.blacksolutions.net\/fr\/#website","url":"https:\/\/staging.consorziovaccherosse.blacksolutions.net\/fr\/","name":"Consorzio Vacche Rosse","description":"Parmigiano Reggiano Vacche Rosse di Razza Reggiana","publisher":{"@id":"https:\/\/staging.consorziovaccherosse.blacksolutions.net\/fr\/#organization"},"potentialAction":[{"@type":"SearchAction","target":{"@type":"EntryPoint","urlTemplate":"https:\/\/staging.consorziovaccherosse.blacksolutions.net\/fr\/?s={search_term_string}"},"query-input":{"@type":"PropertyValueSpecification","valueRequired":true,"valueName":"search_term_string"}}],"inLanguage":"fr-FR"},{"@type":"Organization","@id":"https:\/\/staging.consorziovaccherosse.blacksolutions.net\/fr\/#organization","name":"Consorzio Vacche Rosse","url":"https:\/\/staging.consorziovaccherosse.blacksolutions.net\/fr\/","logo":{"@type":"ImageObject","inLanguage":"fr-FR","@id":"https:\/\/staging.consorziovaccherosse.blacksolutions.net\/fr\/#\/schema\/logo\/image\/","url":"https:\/\/staging.consorziovaccherosse.blacksolutions.net\/wp-content\/uploads\/logo-consorzio-vacche-rosse-rgb.jpg","contentUrl":"https:\/\/staging.consorziovaccherosse.blacksolutions.net\/wp-content\/uploads\/logo-consorzio-vacche-rosse-rgb.jpg","width":1920,"height":1920,"caption":"Consorzio Vacche Rosse"},"image":{"@id":"https:\/\/staging.consorziovaccherosse.blacksolutions.net\/fr\/#\/schema\/logo\/image\/"},"sameAs":["https:\/\/www.facebook.com\/consorziovaccherosse","https:\/\/x.com\/consvaccherosse"]}]}},"_links":{"self":[{"href":"https:\/\/staging.consorziovaccherosse.blacksolutions.net\/fr\/wp-json\/wp\/v2\/product\/162005","targetHints":{"allow":["GET"]}}],"collection":[{"href":"https:\/\/staging.consorziovaccherosse.blacksolutions.net\/fr\/wp-json\/wp\/v2\/product"}],"about":[{"href":"https:\/\/staging.consorziovaccherosse.blacksolutions.net\/fr\/wp-json\/wp\/v2\/types\/product"}],"wp:featuredmedia":[{"embeddable":true,"href":"https:\/\/staging.consorziovaccherosse.blacksolutions.net\/fr\/wp-json\/wp\/v2\/media\/162016"}],"wp:attachment":[{"href":"https:\/\/staging.consorziovaccherosse.blacksolutions.net\/fr\/wp-json\/wp\/v2\/media?parent=162005"}],"wp:term":[{"taxonomy":"product_brand","embeddable":true,"href":"https:\/\/staging.consorziovaccherosse.blacksolutions.net\/fr\/wp-json\/wp\/v2\/product_brand?post=162005"},{"taxonomy":"product_cat","embeddable":true,"href":"https:\/\/staging.consorziovaccherosse.blacksolutions.net\/fr\/wp-json\/wp\/v2\/product_cat?post=162005"},{"taxonomy":"product_tag","embeddable":true,"href":"https:\/\/staging.consorziovaccherosse.blacksolutions.net\/fr\/wp-json\/wp\/v2\/product_tag?post=162005"}],"curies":[{"name":"wp","href":"https:\/\/api.w.org\/{rel}","templated":true}]}}