{"id":167597,"date":"2024-05-17T11:00:43","date_gmt":"2024-05-17T09:29:46","guid":{"rendered":"https:\/\/staging.consorziovaccherosse.blacksolutions.net\/?post_type=product&#038;p=167597"},"modified":"2025-11-25T15:58:43","modified_gmt":"2025-11-25T14:58:43","slug":"feuilletes-croustillants-au-parmigiano-reggiano-vacche-rosse","status":"publish","type":"product","link":"https:\/\/staging.consorziovaccherosse.blacksolutions.net\/fr\/shop\/produits-typiques\/produits-de-boulangerie\/feuilletes-croustillants-au-parmigiano-reggiano-vacche-rosse\/","title":{"rendered":"Feuillet\u00e9s croustillants au Parmigiano Reggiano Vacche Rosse"},"content":{"rendered":"<p>D\u00e9licieuses et croustillantes feuillet\u00e9s au Parmigiano Reggiano Vacche Rosse, une gourmandise \u00e0 servir \u00e0 l&rsquo;ap\u00e9ritif ou \u00e0 utiliser dans des recettes imaginatives. Il s&rsquo;agit d&rsquo;une collation sal\u00e9e innovante et originale, r\u00e9alis\u00e9e avec l&rsquo;inimitable Parmigiano Reggiano Vacche Rosse et des ingr\u00e9dients naturels s\u00e9lectionn\u00e9s, travaill\u00e9e artisanalement et cuite au four. Le r\u00e9sultat est une p\u00e2te feuillet\u00e9e de forme circulaire irr\u00e9guli\u00e8re, croustillante et savoureuse. Multipack de 72g (contenant 4 sachets de 5 feuillet\u00e9s chacun)<\/p>\n","protected":false},"excerpt":{"rendered":"<p>D\u00e9licieuses et croustillantes feuillet\u00e9s au Parmigiano Reggiano Vacche Rosse, une gourmandise \u00e0 servir \u00e0 l&rsquo;ap\u00e9ritif ou \u00e0 utiliser dans des recettes imaginatives. Il s&rsquo;agit d&rsquo;une collation sal\u00e9e innovante et originale, r\u00e9alis\u00e9e avec l&rsquo;inimitable Parmigiano Reggiano Vacche Rosse et des ingr\u00e9dients naturels s\u00e9lectionn\u00e9s, travaill\u00e9e artisanalement et cuite au four. Le r\u00e9sultat est une p\u00e2te feuillet\u00e9e de [&hellip;]<\/p>\n","protected":false},"featured_media":167622,"template":"","meta":{"_acf_changed":false,"inline_featured_image":false,"_genesis_hide_title":false,"_genesis_hide_breadcrumbs":false,"_genesis_hide_singular_image":false,"_genesis_hide_footer_widgets":false,"_genesis_custom_body_class":"","_genesis_custom_post_class":"","_genesis_layout":"","_links_to":"","_links_to_target":""},"product_brand":[],"product_cat":[3623,3611],"product_tag":[],"class_list":{"0":"post-167597","1":"product","2":"type-product","3":"status-publish","4":"has-post-thumbnail","6":"product_cat-produits-de-boulangerie","7":"product_cat-produits-typiques","8":"product_shipping_class-worldwide-fr","9":"entry","11":"first","12":"instock","13":"taxable","14":"shipping-taxable","15":"purchasable","16":"product-type-simple"},"acf":[],"yoast_head":"<!-- This site is optimized with the Yoast SEO Premium plugin v24.3 (Yoast SEO v27.2) - https:\/\/yoast.com\/product\/yoast-seo-premium-wordpress\/ -->\n<title>Feuillet\u00e9s croustillants au Parmigiano Reggiano Vacche Rosse - Consorzio Vacche Rosse<\/title>\n<meta name=\"description\" content=\"Feuillet\u00e9s croustillants au Parmigiano Reggiano Vacche Rosse : achetez en ligne maintenant, produit uniquement avec du lait de la race Reggiana : unique et authentique !\" \/>\n<meta name=\"robots\" content=\"noindex, follow, max-snippet:-1, max-image-preview:large, max-video-preview:-1\" \/>\n<meta property=\"og:locale\" content=\"fr_FR\" \/>\n<meta property=\"og:type\" content=\"article\" \/>\n<meta property=\"og:title\" content=\"Feuillet\u00e9s croustillants au Parmigiano Reggiano Vacche Rosse\" \/>\n<meta property=\"og:description\" content=\"Feuillet\u00e9s croustillants au Parmigiano Reggiano Vacche Rosse : achetez en ligne maintenant, produit uniquement avec du lait de la race Reggiana : unique et authentique !\" \/>\n<meta property=\"og:url\" content=\"https:\/\/staging.consorziovaccherosse.blacksolutions.net\/fr\/shop\/produits-typiques\/produits-de-boulangerie\/feuilletes-croustillants-au-parmigiano-reggiano-vacche-rosse\/\" \/>\n<meta property=\"og:site_name\" content=\"Consorzio Vacche Rosse\" \/>\n<meta property=\"article:publisher\" content=\"https:\/\/www.facebook.com\/consorziovaccherosse\" \/>\n<meta property=\"article:modified_time\" content=\"2025-11-25T14:58:43+00:00\" \/>\n<meta property=\"og:image\" content=\"https:\/\/staging.consorziovaccherosse.blacksolutions.net\/wp-content\/uploads\/PARE-sfogliatina-vaschetta-Vacche-Rosse1.jpg\" \/>\n\t<meta property=\"og:image:width\" content=\"2048\" \/>\n\t<meta property=\"og:image:height\" content=\"1365\" \/>\n\t<meta property=\"og:image:type\" content=\"image\/jpeg\" \/>\n<meta name=\"twitter:label1\" content=\"Dur\u00e9e de lecture estim\u00e9e\" \/>\n\t<meta name=\"twitter:data1\" content=\"1 minute\" \/>\n<script type=\"application\/ld+json\" class=\"yoast-schema-graph\">{\"@context\":\"https:\/\/schema.org\",\"@graph\":[{\"@type\":\"WebPage\",\"@id\":\"https:\/\/staging.consorziovaccherosse.blacksolutions.net\/fr\/shop\/produits-typiques\/produits-de-boulangerie\/feuilletes-croustillants-au-parmigiano-reggiano-vacche-rosse\/\",\"url\":\"https:\/\/staging.consorziovaccherosse.blacksolutions.net\/fr\/shop\/produits-typiques\/produits-de-boulangerie\/feuilletes-croustillants-au-parmigiano-reggiano-vacche-rosse\/\",\"name\":\"Feuillet\u00e9s croustillants au Parmigiano Reggiano Vacche Rosse - Consorzio Vacche Rosse\",\"isPartOf\":{\"@id\":\"https:\/\/staging.consorziovaccherosse.blacksolutions.net\/fr\/#website\"},\"primaryImageOfPage\":{\"@id\":\"https:\/\/staging.consorziovaccherosse.blacksolutions.net\/fr\/shop\/produits-typiques\/produits-de-boulangerie\/feuilletes-croustillants-au-parmigiano-reggiano-vacche-rosse\/#primaryimage\"},\"image\":{\"@id\":\"https:\/\/staging.consorziovaccherosse.blacksolutions.net\/fr\/shop\/produits-typiques\/produits-de-boulangerie\/feuilletes-croustillants-au-parmigiano-reggiano-vacche-rosse\/#primaryimage\"},\"thumbnailUrl\":\"https:\/\/staging.consorziovaccherosse.blacksolutions.net\/wp-content\/uploads\/PARE-sfogliatina-vaschetta-Vacche-Rosse1.jpg\",\"datePublished\":\"2024-05-17T09:29:46+00:00\",\"dateModified\":\"2025-11-25T14:58:43+00:00\",\"description\":\"Feuillet\u00e9s croustillants au Parmigiano Reggiano Vacche Rosse : achetez en ligne maintenant, produit uniquement avec du lait de la race Reggiana : unique et authentique !\",\"breadcrumb\":{\"@id\":\"https:\/\/staging.consorziovaccherosse.blacksolutions.net\/fr\/shop\/produits-typiques\/produits-de-boulangerie\/feuilletes-croustillants-au-parmigiano-reggiano-vacche-rosse\/#breadcrumb\"},\"inLanguage\":\"fr-FR\",\"potentialAction\":[{\"@type\":\"ReadAction\",\"target\":[\"https:\/\/staging.consorziovaccherosse.blacksolutions.net\/fr\/shop\/produits-typiques\/produits-de-boulangerie\/feuilletes-croustillants-au-parmigiano-reggiano-vacche-rosse\/\"]}]},{\"@type\":\"ImageObject\",\"inLanguage\":\"fr-FR\",\"@id\":\"https:\/\/staging.consorziovaccherosse.blacksolutions.net\/fr\/shop\/produits-typiques\/produits-de-boulangerie\/feuilletes-croustillants-au-parmigiano-reggiano-vacche-rosse\/#primaryimage\",\"url\":\"https:\/\/staging.consorziovaccherosse.blacksolutions.net\/wp-content\/uploads\/PARE-sfogliatina-vaschetta-Vacche-Rosse1.jpg\",\"contentUrl\":\"https:\/\/staging.consorziovaccherosse.blacksolutions.net\/wp-content\/uploads\/PARE-sfogliatina-vaschetta-Vacche-Rosse1.jpg\",\"width\":2048,\"height\":1365},{\"@type\":\"BreadcrumbList\",\"@id\":\"https:\/\/staging.consorziovaccherosse.blacksolutions.net\/fr\/shop\/produits-typiques\/produits-de-boulangerie\/feuilletes-croustillants-au-parmigiano-reggiano-vacche-rosse\/#breadcrumb\",\"itemListElement\":[{\"@type\":\"ListItem\",\"position\":1,\"name\":\"Home\",\"item\":\"https:\/\/staging.consorziovaccherosse.blacksolutions.net\/fr\/\"},{\"@type\":\"ListItem\",\"position\":2,\"name\":\"Boutique\",\"item\":\"https:\/\/staging.consorziovaccherosse.blacksolutions.net\/fr\/shop\/\"},{\"@type\":\"ListItem\",\"position\":3,\"name\":\"Feuillet\u00e9s croustillants au Parmigiano Reggiano Vacche Rosse\"}]},{\"@type\":\"WebSite\",\"@id\":\"https:\/\/staging.consorziovaccherosse.blacksolutions.net\/fr\/#website\",\"url\":\"https:\/\/staging.consorziovaccherosse.blacksolutions.net\/fr\/\",\"name\":\"Consorzio Vacche Rosse\",\"description\":\"Parmigiano Reggiano Vacche Rosse di Razza Reggiana\",\"publisher\":{\"@id\":\"https:\/\/staging.consorziovaccherosse.blacksolutions.net\/fr\/#organization\"},\"potentialAction\":[{\"@type\":\"SearchAction\",\"target\":{\"@type\":\"EntryPoint\",\"urlTemplate\":\"https:\/\/staging.consorziovaccherosse.blacksolutions.net\/fr\/?s={search_term_string}\"},\"query-input\":{\"@type\":\"PropertyValueSpecification\",\"valueRequired\":true,\"valueName\":\"search_term_string\"}}],\"inLanguage\":\"fr-FR\"},{\"@type\":\"Organization\",\"@id\":\"https:\/\/staging.consorziovaccherosse.blacksolutions.net\/fr\/#organization\",\"name\":\"Consorzio Vacche Rosse\",\"url\":\"https:\/\/staging.consorziovaccherosse.blacksolutions.net\/fr\/\",\"logo\":{\"@type\":\"ImageObject\",\"inLanguage\":\"fr-FR\",\"@id\":\"https:\/\/staging.consorziovaccherosse.blacksolutions.net\/fr\/#\/schema\/logo\/image\/\",\"url\":\"https:\/\/staging.consorziovaccherosse.blacksolutions.net\/wp-content\/uploads\/logo-consorzio-vacche-rosse-rgb.jpg\",\"contentUrl\":\"https:\/\/staging.consorziovaccherosse.blacksolutions.net\/wp-content\/uploads\/logo-consorzio-vacche-rosse-rgb.jpg\",\"width\":1920,\"height\":1920,\"caption\":\"Consorzio Vacche Rosse\"},\"image\":{\"@id\":\"https:\/\/staging.consorziovaccherosse.blacksolutions.net\/fr\/#\/schema\/logo\/image\/\"},\"sameAs\":[\"https:\/\/www.facebook.com\/consorziovaccherosse\",\"https:\/\/x.com\/consvaccherosse\"]}]}<\/script>\n<!-- \/ Yoast SEO Premium plugin. -->","yoast_head_json":{"title":"Feuillet\u00e9s croustillants au Parmigiano Reggiano Vacche Rosse - Consorzio Vacche Rosse","description":"Feuillet\u00e9s croustillants au Parmigiano Reggiano Vacche Rosse : achetez en ligne maintenant, produit uniquement avec du lait de la race Reggiana : unique et authentique !","robots":{"index":"noindex","follow":"follow","max-snippet":"max-snippet:-1","max-image-preview":"max-image-preview:large","max-video-preview":"max-video-preview:-1"},"og_locale":"fr_FR","og_type":"article","og_title":"Feuillet\u00e9s croustillants au Parmigiano Reggiano Vacche Rosse","og_description":"Feuillet\u00e9s croustillants au Parmigiano Reggiano Vacche Rosse : achetez en ligne maintenant, produit uniquement avec du lait de la race Reggiana : unique et authentique !","og_url":"https:\/\/staging.consorziovaccherosse.blacksolutions.net\/fr\/shop\/produits-typiques\/produits-de-boulangerie\/feuilletes-croustillants-au-parmigiano-reggiano-vacche-rosse\/","og_site_name":"Consorzio Vacche Rosse","article_publisher":"https:\/\/www.facebook.com\/consorziovaccherosse","article_modified_time":"2025-11-25T14:58:43+00:00","og_image":[{"width":2048,"height":1365,"url":"https:\/\/staging.consorziovaccherosse.blacksolutions.net\/wp-content\/uploads\/PARE-sfogliatina-vaschetta-Vacche-Rosse1.jpg","type":"image\/jpeg"}],"twitter_misc":{"Dur\u00e9e de lecture estim\u00e9e":"1 minute"},"schema":{"@context":"https:\/\/schema.org","@graph":[{"@type":"WebPage","@id":"https:\/\/staging.consorziovaccherosse.blacksolutions.net\/fr\/shop\/produits-typiques\/produits-de-boulangerie\/feuilletes-croustillants-au-parmigiano-reggiano-vacche-rosse\/","url":"https:\/\/staging.consorziovaccherosse.blacksolutions.net\/fr\/shop\/produits-typiques\/produits-de-boulangerie\/feuilletes-croustillants-au-parmigiano-reggiano-vacche-rosse\/","name":"Feuillet\u00e9s croustillants au Parmigiano Reggiano Vacche Rosse - Consorzio Vacche Rosse","isPartOf":{"@id":"https:\/\/staging.consorziovaccherosse.blacksolutions.net\/fr\/#website"},"primaryImageOfPage":{"@id":"https:\/\/staging.consorziovaccherosse.blacksolutions.net\/fr\/shop\/produits-typiques\/produits-de-boulangerie\/feuilletes-croustillants-au-parmigiano-reggiano-vacche-rosse\/#primaryimage"},"image":{"@id":"https:\/\/staging.consorziovaccherosse.blacksolutions.net\/fr\/shop\/produits-typiques\/produits-de-boulangerie\/feuilletes-croustillants-au-parmigiano-reggiano-vacche-rosse\/#primaryimage"},"thumbnailUrl":"https:\/\/staging.consorziovaccherosse.blacksolutions.net\/wp-content\/uploads\/PARE-sfogliatina-vaschetta-Vacche-Rosse1.jpg","datePublished":"2024-05-17T09:29:46+00:00","dateModified":"2025-11-25T14:58:43+00:00","description":"Feuillet\u00e9s croustillants au Parmigiano Reggiano Vacche Rosse : achetez en ligne maintenant, produit uniquement avec du lait de la race Reggiana : unique et authentique !","breadcrumb":{"@id":"https:\/\/staging.consorziovaccherosse.blacksolutions.net\/fr\/shop\/produits-typiques\/produits-de-boulangerie\/feuilletes-croustillants-au-parmigiano-reggiano-vacche-rosse\/#breadcrumb"},"inLanguage":"fr-FR","potentialAction":[{"@type":"ReadAction","target":["https:\/\/staging.consorziovaccherosse.blacksolutions.net\/fr\/shop\/produits-typiques\/produits-de-boulangerie\/feuilletes-croustillants-au-parmigiano-reggiano-vacche-rosse\/"]}]},{"@type":"ImageObject","inLanguage":"fr-FR","@id":"https:\/\/staging.consorziovaccherosse.blacksolutions.net\/fr\/shop\/produits-typiques\/produits-de-boulangerie\/feuilletes-croustillants-au-parmigiano-reggiano-vacche-rosse\/#primaryimage","url":"https:\/\/staging.consorziovaccherosse.blacksolutions.net\/wp-content\/uploads\/PARE-sfogliatina-vaschetta-Vacche-Rosse1.jpg","contentUrl":"https:\/\/staging.consorziovaccherosse.blacksolutions.net\/wp-content\/uploads\/PARE-sfogliatina-vaschetta-Vacche-Rosse1.jpg","width":2048,"height":1365},{"@type":"BreadcrumbList","@id":"https:\/\/staging.consorziovaccherosse.blacksolutions.net\/fr\/shop\/produits-typiques\/produits-de-boulangerie\/feuilletes-croustillants-au-parmigiano-reggiano-vacche-rosse\/#breadcrumb","itemListElement":[{"@type":"ListItem","position":1,"name":"Home","item":"https:\/\/staging.consorziovaccherosse.blacksolutions.net\/fr\/"},{"@type":"ListItem","position":2,"name":"Boutique","item":"https:\/\/staging.consorziovaccherosse.blacksolutions.net\/fr\/shop\/"},{"@type":"ListItem","position":3,"name":"Feuillet\u00e9s croustillants au Parmigiano Reggiano Vacche Rosse"}]},{"@type":"WebSite","@id":"https:\/\/staging.consorziovaccherosse.blacksolutions.net\/fr\/#website","url":"https:\/\/staging.consorziovaccherosse.blacksolutions.net\/fr\/","name":"Consorzio Vacche Rosse","description":"Parmigiano Reggiano Vacche Rosse di Razza Reggiana","publisher":{"@id":"https:\/\/staging.consorziovaccherosse.blacksolutions.net\/fr\/#organization"},"potentialAction":[{"@type":"SearchAction","target":{"@type":"EntryPoint","urlTemplate":"https:\/\/staging.consorziovaccherosse.blacksolutions.net\/fr\/?s={search_term_string}"},"query-input":{"@type":"PropertyValueSpecification","valueRequired":true,"valueName":"search_term_string"}}],"inLanguage":"fr-FR"},{"@type":"Organization","@id":"https:\/\/staging.consorziovaccherosse.blacksolutions.net\/fr\/#organization","name":"Consorzio Vacche Rosse","url":"https:\/\/staging.consorziovaccherosse.blacksolutions.net\/fr\/","logo":{"@type":"ImageObject","inLanguage":"fr-FR","@id":"https:\/\/staging.consorziovaccherosse.blacksolutions.net\/fr\/#\/schema\/logo\/image\/","url":"https:\/\/staging.consorziovaccherosse.blacksolutions.net\/wp-content\/uploads\/logo-consorzio-vacche-rosse-rgb.jpg","contentUrl":"https:\/\/staging.consorziovaccherosse.blacksolutions.net\/wp-content\/uploads\/logo-consorzio-vacche-rosse-rgb.jpg","width":1920,"height":1920,"caption":"Consorzio Vacche Rosse"},"image":{"@id":"https:\/\/staging.consorziovaccherosse.blacksolutions.net\/fr\/#\/schema\/logo\/image\/"},"sameAs":["https:\/\/www.facebook.com\/consorziovaccherosse","https:\/\/x.com\/consvaccherosse"]}]}},"_links":{"self":[{"href":"https:\/\/staging.consorziovaccherosse.blacksolutions.net\/fr\/wp-json\/wp\/v2\/product\/167597","targetHints":{"allow":["GET"]}}],"collection":[{"href":"https:\/\/staging.consorziovaccherosse.blacksolutions.net\/fr\/wp-json\/wp\/v2\/product"}],"about":[{"href":"https:\/\/staging.consorziovaccherosse.blacksolutions.net\/fr\/wp-json\/wp\/v2\/types\/product"}],"wp:featuredmedia":[{"embeddable":true,"href":"https:\/\/staging.consorziovaccherosse.blacksolutions.net\/fr\/wp-json\/wp\/v2\/media\/167622"}],"wp:attachment":[{"href":"https:\/\/staging.consorziovaccherosse.blacksolutions.net\/fr\/wp-json\/wp\/v2\/media?parent=167597"}],"wp:term":[{"taxonomy":"product_brand","embeddable":true,"href":"https:\/\/staging.consorziovaccherosse.blacksolutions.net\/fr\/wp-json\/wp\/v2\/product_brand?post=167597"},{"taxonomy":"product_cat","embeddable":true,"href":"https:\/\/staging.consorziovaccherosse.blacksolutions.net\/fr\/wp-json\/wp\/v2\/product_cat?post=167597"},{"taxonomy":"product_tag","embeddable":true,"href":"https:\/\/staging.consorziovaccherosse.blacksolutions.net\/fr\/wp-json\/wp\/v2\/product_tag?post=167597"}],"curies":[{"name":"wp","href":"https:\/\/api.w.org\/{rel}","templated":true}]}}