{"id":175488,"date":"2025-02-09T13:05:20","date_gmt":"2025-02-09T12:06:36","guid":{"rendered":"https:\/\/staging.consorziovaccherosse.blacksolutions.net\/?post_type=product&#038;p=175488"},"modified":"2025-11-25T15:58:34","modified_gmt":"2025-11-25T14:58:34","slug":"parmigiano-reggiano-vacche-rosse-monodose-20g","status":"publish","type":"product","link":"https:\/\/staging.consorziovaccherosse.blacksolutions.net\/fr\/shop\/parmigiano-reggiano-vaches-rouges\/parmigianoreggiano-vachesrouges-24mois\/parmigiano-reggiano-vacche-rosse-monodose-20g\/","title":{"rendered":"Parmigiano Reggiano Vacche Rosse Monodose 20g"},"content":{"rendered":"<p>Parfait pour ceux qui sont toujours en mouvement, notre Parmigiano Reggiano Vacche Rosse en portions individuelles pratiques de 20g est le snack id\u00e9al pour les sportifs et les amateurs de bien-\u00eatre. Riche en prot\u00e9ines et naturellement sans lactose, il apporte \u00e9nergie et nutriments \u00e0 tout moment de la journ\u00e9e. Emball\u00e9 individuellement pour garantir sa fra\u00eecheur, c&rsquo;est le choix parfait pour une pause savoureuse et saine, \u00e0 la maison, au bureau ou apr\u00e8s l&rsquo;entra\u00eenement.<\/p>\n","protected":false},"excerpt":{"rendered":"<p>Parfait pour ceux qui sont toujours en mouvement, notre Parmigiano Reggiano Vacche Rosse en portions individuelles pratiques de 20g est le snack id\u00e9al pour les sportifs et les amateurs de bien-\u00eatre. Riche en prot\u00e9ines et naturellement sans lactose, il apporte \u00e9nergie et nutriments \u00e0 tout moment de la journ\u00e9e. Emball\u00e9 individuellement pour garantir sa fra\u00eecheur, [&hellip;]<\/p>\n","protected":false},"featured_media":175673,"template":"","meta":{"_acf_changed":false,"inline_featured_image":false,"_genesis_hide_title":false,"_genesis_hide_breadcrumbs":false,"_genesis_hide_singular_image":false,"_genesis_hide_footer_widgets":false,"_genesis_custom_body_class":"","_genesis_custom_post_class":"","_genesis_layout":"","_links_to":"","_links_to_target":""},"product_brand":[],"product_cat":[3563,3567],"product_tag":[],"class_list":{"0":"post-175488","1":"product","2":"type-product","3":"status-publish","4":"has-post-thumbnail","6":"product_cat-parmigiano-reggiano-vaches-rouges","7":"product_cat-parmigianoreggiano-vachesrouges-24mois","8":"product_shipping_class-worldwide-fr","9":"entry","11":"first","12":"instock","13":"featured","14":"taxable","15":"shipping-taxable","16":"purchasable","17":"product-type-simple"},"acf":[],"yoast_head":"<!-- This site is optimized with the Yoast SEO Premium plugin v24.3 (Yoast SEO v27.2) - https:\/\/yoast.com\/product\/yoast-seo-premium-wordpress\/ -->\n<title>Parmigiano Reggiano Vacche Rosse Monodose 20g - Consorzio Vacche Rosse<\/title>\n<meta name=\"description\" content=\"Parmigiano Reggiano Vacche Rosse Monodose 20g : achetez en ligne maintenant, produit uniquement avec du lait de la race Reggiana : unique et authentique !\" \/>\n<meta name=\"robots\" content=\"noindex, follow, max-snippet:-1, max-image-preview:large, max-video-preview:-1\" \/>\n<meta property=\"og:locale\" content=\"fr_FR\" \/>\n<meta property=\"og:type\" content=\"article\" \/>\n<meta property=\"og:title\" content=\"Parmigiano Reggiano Vacche Rosse Monodose 20g\" \/>\n<meta property=\"og:description\" content=\"Parmigiano Reggiano Vacche Rosse Monodose 20g : achetez en ligne maintenant, produit uniquement avec du lait de la race Reggiana : unique et authentique !\" \/>\n<meta property=\"og:url\" content=\"https:\/\/staging.consorziovaccherosse.blacksolutions.net\/fr\/shop\/parmigiano-reggiano-vaches-rouges\/parmigianoreggiano-vachesrouges-24mois\/parmigiano-reggiano-vacche-rosse-monodose-20g\/\" \/>\n<meta property=\"og:site_name\" content=\"Consorzio Vacche Rosse\" \/>\n<meta property=\"article:publisher\" content=\"https:\/\/www.facebook.com\/consorziovaccherosse\" \/>\n<meta property=\"article:modified_time\" content=\"2025-11-25T14:58:34+00:00\" \/>\n<meta property=\"og:image\" content=\"https:\/\/staging.consorziovaccherosse.blacksolutions.net\/wp-content\/uploads\/Parmigiano-Reggiano-Vacche-Rosse-Monoporzione-1.jpg\" \/>\n\t<meta property=\"og:image:width\" content=\"900\" \/>\n\t<meta property=\"og:image:height\" content=\"901\" \/>\n\t<meta property=\"og:image:type\" content=\"image\/jpeg\" \/>\n<meta name=\"twitter:label1\" content=\"Dur\u00e9e de lecture estim\u00e9e\" \/>\n\t<meta name=\"twitter:data1\" content=\"1 minute\" \/>\n<script type=\"application\/ld+json\" class=\"yoast-schema-graph\">{\"@context\":\"https:\/\/schema.org\",\"@graph\":[{\"@type\":\"WebPage\",\"@id\":\"https:\/\/staging.consorziovaccherosse.blacksolutions.net\/fr\/shop\/parmigiano-reggiano-vaches-rouges\/parmigianoreggiano-vachesrouges-24mois\/parmigiano-reggiano-vacche-rosse-monodose-20g\/\",\"url\":\"https:\/\/staging.consorziovaccherosse.blacksolutions.net\/fr\/shop\/parmigiano-reggiano-vaches-rouges\/parmigianoreggiano-vachesrouges-24mois\/parmigiano-reggiano-vacche-rosse-monodose-20g\/\",\"name\":\"Parmigiano Reggiano Vacche Rosse Monodose 20g - Consorzio Vacche Rosse\",\"isPartOf\":{\"@id\":\"https:\/\/staging.consorziovaccherosse.blacksolutions.net\/fr\/#website\"},\"primaryImageOfPage\":{\"@id\":\"https:\/\/staging.consorziovaccherosse.blacksolutions.net\/fr\/shop\/parmigiano-reggiano-vaches-rouges\/parmigianoreggiano-vachesrouges-24mois\/parmigiano-reggiano-vacche-rosse-monodose-20g\/#primaryimage\"},\"image\":{\"@id\":\"https:\/\/staging.consorziovaccherosse.blacksolutions.net\/fr\/shop\/parmigiano-reggiano-vaches-rouges\/parmigianoreggiano-vachesrouges-24mois\/parmigiano-reggiano-vacche-rosse-monodose-20g\/#primaryimage\"},\"thumbnailUrl\":\"https:\/\/staging.consorziovaccherosse.blacksolutions.net\/wp-content\/uploads\/Parmigiano-Reggiano-Vacche-Rosse-Monoporzione-1.jpg\",\"datePublished\":\"2025-02-09T12:06:36+00:00\",\"dateModified\":\"2025-11-25T14:58:34+00:00\",\"description\":\"Parmigiano Reggiano Vacche Rosse Monodose 20g : achetez en ligne maintenant, produit uniquement avec du lait de la race Reggiana : unique et authentique !\",\"breadcrumb\":{\"@id\":\"https:\/\/staging.consorziovaccherosse.blacksolutions.net\/fr\/shop\/parmigiano-reggiano-vaches-rouges\/parmigianoreggiano-vachesrouges-24mois\/parmigiano-reggiano-vacche-rosse-monodose-20g\/#breadcrumb\"},\"inLanguage\":\"fr-FR\",\"potentialAction\":[{\"@type\":\"ReadAction\",\"target\":[\"https:\/\/staging.consorziovaccherosse.blacksolutions.net\/fr\/shop\/parmigiano-reggiano-vaches-rouges\/parmigianoreggiano-vachesrouges-24mois\/parmigiano-reggiano-vacche-rosse-monodose-20g\/\"]}]},{\"@type\":\"ImageObject\",\"inLanguage\":\"fr-FR\",\"@id\":\"https:\/\/staging.consorziovaccherosse.blacksolutions.net\/fr\/shop\/parmigiano-reggiano-vaches-rouges\/parmigianoreggiano-vachesrouges-24mois\/parmigiano-reggiano-vacche-rosse-monodose-20g\/#primaryimage\",\"url\":\"https:\/\/staging.consorziovaccherosse.blacksolutions.net\/wp-content\/uploads\/Parmigiano-Reggiano-Vacche-Rosse-Monoporzione-1.jpg\",\"contentUrl\":\"https:\/\/staging.consorziovaccherosse.blacksolutions.net\/wp-content\/uploads\/Parmigiano-Reggiano-Vacche-Rosse-Monoporzione-1.jpg\",\"width\":900,\"height\":901},{\"@type\":\"BreadcrumbList\",\"@id\":\"https:\/\/staging.consorziovaccherosse.blacksolutions.net\/fr\/shop\/parmigiano-reggiano-vaches-rouges\/parmigianoreggiano-vachesrouges-24mois\/parmigiano-reggiano-vacche-rosse-monodose-20g\/#breadcrumb\",\"itemListElement\":[{\"@type\":\"ListItem\",\"position\":1,\"name\":\"Home\",\"item\":\"https:\/\/staging.consorziovaccherosse.blacksolutions.net\/fr\/\"},{\"@type\":\"ListItem\",\"position\":2,\"name\":\"Boutique\",\"item\":\"https:\/\/staging.consorziovaccherosse.blacksolutions.net\/fr\/shop\/\"},{\"@type\":\"ListItem\",\"position\":3,\"name\":\"Parmigiano Reggiano Vacche Rosse Monodose 20g\"}]},{\"@type\":\"WebSite\",\"@id\":\"https:\/\/staging.consorziovaccherosse.blacksolutions.net\/fr\/#website\",\"url\":\"https:\/\/staging.consorziovaccherosse.blacksolutions.net\/fr\/\",\"name\":\"Consorzio Vacche Rosse\",\"description\":\"Parmigiano Reggiano Vacche Rosse di Razza Reggiana\",\"publisher\":{\"@id\":\"https:\/\/staging.consorziovaccherosse.blacksolutions.net\/fr\/#organization\"},\"potentialAction\":[{\"@type\":\"SearchAction\",\"target\":{\"@type\":\"EntryPoint\",\"urlTemplate\":\"https:\/\/staging.consorziovaccherosse.blacksolutions.net\/fr\/?s={search_term_string}\"},\"query-input\":{\"@type\":\"PropertyValueSpecification\",\"valueRequired\":true,\"valueName\":\"search_term_string\"}}],\"inLanguage\":\"fr-FR\"},{\"@type\":\"Organization\",\"@id\":\"https:\/\/staging.consorziovaccherosse.blacksolutions.net\/fr\/#organization\",\"name\":\"Consorzio Vacche Rosse\",\"url\":\"https:\/\/staging.consorziovaccherosse.blacksolutions.net\/fr\/\",\"logo\":{\"@type\":\"ImageObject\",\"inLanguage\":\"fr-FR\",\"@id\":\"https:\/\/staging.consorziovaccherosse.blacksolutions.net\/fr\/#\/schema\/logo\/image\/\",\"url\":\"https:\/\/staging.consorziovaccherosse.blacksolutions.net\/wp-content\/uploads\/logo-consorzio-vacche-rosse-rgb.jpg\",\"contentUrl\":\"https:\/\/staging.consorziovaccherosse.blacksolutions.net\/wp-content\/uploads\/logo-consorzio-vacche-rosse-rgb.jpg\",\"width\":1920,\"height\":1920,\"caption\":\"Consorzio Vacche Rosse\"},\"image\":{\"@id\":\"https:\/\/staging.consorziovaccherosse.blacksolutions.net\/fr\/#\/schema\/logo\/image\/\"},\"sameAs\":[\"https:\/\/www.facebook.com\/consorziovaccherosse\",\"https:\/\/x.com\/consvaccherosse\"]}]}<\/script>\n<!-- \/ Yoast SEO Premium plugin. -->","yoast_head_json":{"title":"Parmigiano Reggiano Vacche Rosse Monodose 20g - Consorzio Vacche Rosse","description":"Parmigiano Reggiano Vacche Rosse Monodose 20g : achetez en ligne maintenant, produit uniquement avec du lait de la race Reggiana : unique et authentique !","robots":{"index":"noindex","follow":"follow","max-snippet":"max-snippet:-1","max-image-preview":"max-image-preview:large","max-video-preview":"max-video-preview:-1"},"og_locale":"fr_FR","og_type":"article","og_title":"Parmigiano Reggiano Vacche Rosse Monodose 20g","og_description":"Parmigiano Reggiano Vacche Rosse Monodose 20g : achetez en ligne maintenant, produit uniquement avec du lait de la race Reggiana : unique et authentique !","og_url":"https:\/\/staging.consorziovaccherosse.blacksolutions.net\/fr\/shop\/parmigiano-reggiano-vaches-rouges\/parmigianoreggiano-vachesrouges-24mois\/parmigiano-reggiano-vacche-rosse-monodose-20g\/","og_site_name":"Consorzio Vacche Rosse","article_publisher":"https:\/\/www.facebook.com\/consorziovaccherosse","article_modified_time":"2025-11-25T14:58:34+00:00","og_image":[{"width":900,"height":901,"url":"https:\/\/staging.consorziovaccherosse.blacksolutions.net\/wp-content\/uploads\/Parmigiano-Reggiano-Vacche-Rosse-Monoporzione-1.jpg","type":"image\/jpeg"}],"twitter_misc":{"Dur\u00e9e de lecture estim\u00e9e":"1 minute"},"schema":{"@context":"https:\/\/schema.org","@graph":[{"@type":"WebPage","@id":"https:\/\/staging.consorziovaccherosse.blacksolutions.net\/fr\/shop\/parmigiano-reggiano-vaches-rouges\/parmigianoreggiano-vachesrouges-24mois\/parmigiano-reggiano-vacche-rosse-monodose-20g\/","url":"https:\/\/staging.consorziovaccherosse.blacksolutions.net\/fr\/shop\/parmigiano-reggiano-vaches-rouges\/parmigianoreggiano-vachesrouges-24mois\/parmigiano-reggiano-vacche-rosse-monodose-20g\/","name":"Parmigiano Reggiano Vacche Rosse Monodose 20g - Consorzio Vacche Rosse","isPartOf":{"@id":"https:\/\/staging.consorziovaccherosse.blacksolutions.net\/fr\/#website"},"primaryImageOfPage":{"@id":"https:\/\/staging.consorziovaccherosse.blacksolutions.net\/fr\/shop\/parmigiano-reggiano-vaches-rouges\/parmigianoreggiano-vachesrouges-24mois\/parmigiano-reggiano-vacche-rosse-monodose-20g\/#primaryimage"},"image":{"@id":"https:\/\/staging.consorziovaccherosse.blacksolutions.net\/fr\/shop\/parmigiano-reggiano-vaches-rouges\/parmigianoreggiano-vachesrouges-24mois\/parmigiano-reggiano-vacche-rosse-monodose-20g\/#primaryimage"},"thumbnailUrl":"https:\/\/staging.consorziovaccherosse.blacksolutions.net\/wp-content\/uploads\/Parmigiano-Reggiano-Vacche-Rosse-Monoporzione-1.jpg","datePublished":"2025-02-09T12:06:36+00:00","dateModified":"2025-11-25T14:58:34+00:00","description":"Parmigiano Reggiano Vacche Rosse Monodose 20g : achetez en ligne maintenant, produit uniquement avec du lait de la race Reggiana : unique et authentique !","breadcrumb":{"@id":"https:\/\/staging.consorziovaccherosse.blacksolutions.net\/fr\/shop\/parmigiano-reggiano-vaches-rouges\/parmigianoreggiano-vachesrouges-24mois\/parmigiano-reggiano-vacche-rosse-monodose-20g\/#breadcrumb"},"inLanguage":"fr-FR","potentialAction":[{"@type":"ReadAction","target":["https:\/\/staging.consorziovaccherosse.blacksolutions.net\/fr\/shop\/parmigiano-reggiano-vaches-rouges\/parmigianoreggiano-vachesrouges-24mois\/parmigiano-reggiano-vacche-rosse-monodose-20g\/"]}]},{"@type":"ImageObject","inLanguage":"fr-FR","@id":"https:\/\/staging.consorziovaccherosse.blacksolutions.net\/fr\/shop\/parmigiano-reggiano-vaches-rouges\/parmigianoreggiano-vachesrouges-24mois\/parmigiano-reggiano-vacche-rosse-monodose-20g\/#primaryimage","url":"https:\/\/staging.consorziovaccherosse.blacksolutions.net\/wp-content\/uploads\/Parmigiano-Reggiano-Vacche-Rosse-Monoporzione-1.jpg","contentUrl":"https:\/\/staging.consorziovaccherosse.blacksolutions.net\/wp-content\/uploads\/Parmigiano-Reggiano-Vacche-Rosse-Monoporzione-1.jpg","width":900,"height":901},{"@type":"BreadcrumbList","@id":"https:\/\/staging.consorziovaccherosse.blacksolutions.net\/fr\/shop\/parmigiano-reggiano-vaches-rouges\/parmigianoreggiano-vachesrouges-24mois\/parmigiano-reggiano-vacche-rosse-monodose-20g\/#breadcrumb","itemListElement":[{"@type":"ListItem","position":1,"name":"Home","item":"https:\/\/staging.consorziovaccherosse.blacksolutions.net\/fr\/"},{"@type":"ListItem","position":2,"name":"Boutique","item":"https:\/\/staging.consorziovaccherosse.blacksolutions.net\/fr\/shop\/"},{"@type":"ListItem","position":3,"name":"Parmigiano Reggiano Vacche Rosse Monodose 20g"}]},{"@type":"WebSite","@id":"https:\/\/staging.consorziovaccherosse.blacksolutions.net\/fr\/#website","url":"https:\/\/staging.consorziovaccherosse.blacksolutions.net\/fr\/","name":"Consorzio Vacche Rosse","description":"Parmigiano Reggiano Vacche Rosse di Razza Reggiana","publisher":{"@id":"https:\/\/staging.consorziovaccherosse.blacksolutions.net\/fr\/#organization"},"potentialAction":[{"@type":"SearchAction","target":{"@type":"EntryPoint","urlTemplate":"https:\/\/staging.consorziovaccherosse.blacksolutions.net\/fr\/?s={search_term_string}"},"query-input":{"@type":"PropertyValueSpecification","valueRequired":true,"valueName":"search_term_string"}}],"inLanguage":"fr-FR"},{"@type":"Organization","@id":"https:\/\/staging.consorziovaccherosse.blacksolutions.net\/fr\/#organization","name":"Consorzio Vacche Rosse","url":"https:\/\/staging.consorziovaccherosse.blacksolutions.net\/fr\/","logo":{"@type":"ImageObject","inLanguage":"fr-FR","@id":"https:\/\/staging.consorziovaccherosse.blacksolutions.net\/fr\/#\/schema\/logo\/image\/","url":"https:\/\/staging.consorziovaccherosse.blacksolutions.net\/wp-content\/uploads\/logo-consorzio-vacche-rosse-rgb.jpg","contentUrl":"https:\/\/staging.consorziovaccherosse.blacksolutions.net\/wp-content\/uploads\/logo-consorzio-vacche-rosse-rgb.jpg","width":1920,"height":1920,"caption":"Consorzio Vacche Rosse"},"image":{"@id":"https:\/\/staging.consorziovaccherosse.blacksolutions.net\/fr\/#\/schema\/logo\/image\/"},"sameAs":["https:\/\/www.facebook.com\/consorziovaccherosse","https:\/\/x.com\/consvaccherosse"]}]}},"_links":{"self":[{"href":"https:\/\/staging.consorziovaccherosse.blacksolutions.net\/fr\/wp-json\/wp\/v2\/product\/175488","targetHints":{"allow":["GET"]}}],"collection":[{"href":"https:\/\/staging.consorziovaccherosse.blacksolutions.net\/fr\/wp-json\/wp\/v2\/product"}],"about":[{"href":"https:\/\/staging.consorziovaccherosse.blacksolutions.net\/fr\/wp-json\/wp\/v2\/types\/product"}],"wp:featuredmedia":[{"embeddable":true,"href":"https:\/\/staging.consorziovaccherosse.blacksolutions.net\/fr\/wp-json\/wp\/v2\/media\/175673"}],"wp:attachment":[{"href":"https:\/\/staging.consorziovaccherosse.blacksolutions.net\/fr\/wp-json\/wp\/v2\/media?parent=175488"}],"wp:term":[{"taxonomy":"product_brand","embeddable":true,"href":"https:\/\/staging.consorziovaccherosse.blacksolutions.net\/fr\/wp-json\/wp\/v2\/product_brand?post=175488"},{"taxonomy":"product_cat","embeddable":true,"href":"https:\/\/staging.consorziovaccherosse.blacksolutions.net\/fr\/wp-json\/wp\/v2\/product_cat?post=175488"},{"taxonomy":"product_tag","embeddable":true,"href":"https:\/\/staging.consorziovaccherosse.blacksolutions.net\/fr\/wp-json\/wp\/v2\/product_tag?post=175488"}],"curies":[{"name":"wp","href":"https:\/\/api.w.org\/{rel}","templated":true}]}}